{"id":13057,"date":"2023-11-10T09:00:42","date_gmt":"2023-11-10T09:00:42","guid":{"rendered":"https:\/\/stivel.net\/?post_type=product&#038;p=13057"},"modified":"2023-12-09T15:58:54","modified_gmt":"2023-12-09T15:58:54","slug":"jacquard-clematite","status":"publish","type":"product","link":"https:\/\/stivel.net\/fr\/product\/jacquard-clematite\/","title":{"rendered":"JACQUARD CLEMATITE"},"content":{"rendered":"<p>[vc_row][vc_column][vc_column_text] Le tissu jacquard CLEMATITE rappela avec \u00e9l\u00e9gance les tr\u00e9sors artistiques des r\u00e9gions orientales. Les couleurs, de l\u2019ivoire au brun dor\u00e9, offrent des nuances chatoyantes qui \u00e9voquent visuellement et sensoriellement les tr\u00e9sors artistiques de ces r\u00e9gions magiques.<\/p>\n<p>Les d\u00e9tails floraux et les arabesques complexes refl\u00e8tent tout le savoir-faire des \u00e9quipes CAO de Stivel\u00a0: ce tissu incarne le travail cr\u00e9atif remarquable suivi d\u2019un tissage impeccable, r\u00e9sultat d\u2019une manipulation parfaitement maitris\u00e9e par les techniciens des ateliers de l\u2019entreprise. Le contr\u00f4le qualit\u00e9 m\u00e9ticuleux \u00e0 chaque \u00e9tape de conception garantit l\u2019excellence de ce produit.<\/p>\n<p>Utilis\u00e9 pour habiller les assises, le tissu jacquard CLEMATITE r\u00e9v\u00e8lera avec \u00e9l\u00e9gance et luxe toute les d\u00e9corations int\u00e9rieures, professionnelles comme r\u00e9sidentielles, La trame jacquard se distingue ici particuli\u00e8rement par la pr\u00e9cision impressionnante de ses motifs et offre un rendu visuel et tactile soign\u00e9 et d\u00e9licat.<\/p>\n<p>La qualit\u00e9 exceptionnelle des fils utilis\u00e9s et de la trame fait de ce tissu un produit ultra r\u00e9sistant pour une durabilit\u00e9 exceptionnelle.<\/p>\n<p>Ce somptueux tissu prend vie au sein de nos ateliers, o\u00f9 chaque \u00e9tape du processus, de la conception \u00e0 la production, est marqu\u00e9e par l&rsquo;engagement envers l&rsquo;excellence et les valeurs sociales et environnementales par l\u2019ensemble de nos \u00e9quipes. <a href=\"https:\/\/stivel.net\/fr\/product-category\/jacquard-fr\/\" target=\"_blank\" rel=\"noopener\">D\u00e9couvrez l&rsquo;ensemble de notre collection de tissus jacquard sur notre site web<\/a>[\/vc_column_text][\/vc_column][\/vc_row]<\/p>\n","protected":false},"excerpt":{"rendered":"<p style=\"background: white;vertical-align: baseline\"><span style=\"font-size: 10.5pt;font-family: Poppins;color: #666666;background: white\">La composition inspir\u00e9e de l\u2019Orient de notre tissu jacquard CLEMATITE propose des d\u00e9tails floraux complexes et parfaitement ma\u00eetris\u00e9s interpr\u00e9tera avec richesse les projets de d\u00e9coration int\u00e9rieure. <\/span><\/p>\n<ul>\n<li>Motif oriental<\/li>\n<li>Tissu Jacquard<\/li>\n<li>D\u00e9coration int\u00e9rieure<\/li>\n<\/ul>\n","protected":false},"featured_media":13061,"template":"","meta":[],"product_brand":[],"product_cat":[187],"product_tag":[194,193],"class_list":{"0":"post-13057","1":"product","2":"type-product","3":"status-publish","4":"has-post-thumbnail","6":"product_cat-jacquard-fr","7":"product_tag-gamme-areca-fr","8":"product_tag-jacquard-fr","10":"first","11":"instock","12":"shipping-taxable","13":"purchasable","14":"product-type-simple"},"yoast_head":"<!-- This site is optimized with the Yoast SEO plugin v27.3 - https:\/\/yoast.com\/product\/yoast-seo-wordpress\/ -->\n<title>Jacquard Clematite - Stivel<\/title>\n<meta name=\"description\" content=\"La composition inspir\u00e9e de l\u2019Orient de notre tissu jacquard CLEMATITE interpr\u00e8te avec richesse les projets de d\u00e9coration int\u00e9rieure.\" \/>\n<meta name=\"robots\" content=\"index, follow, max-snippet:-1, max-image-preview:large, max-video-preview:-1\" \/>\n<link rel=\"canonical\" href=\"https:\/\/stivel.net\/fr\/product\/jacquard-clematite\/\" \/>\n<meta property=\"og:locale\" content=\"fr_FR\" \/>\n<meta property=\"og:type\" content=\"article\" \/>\n<meta property=\"og:title\" content=\"Jacquard Clematite - Stivel\" \/>\n<meta property=\"og:description\" content=\"La composition inspir\u00e9e de l\u2019Orient de notre tissu jacquard CLEMATITE interpr\u00e8te avec richesse les projets de d\u00e9coration int\u00e9rieure.\" \/>\n<meta property=\"og:url\" content=\"https:\/\/stivel.net\/fr\/product\/jacquard-clematite\/\" \/>\n<meta property=\"og:site_name\" content=\"Stivel\" \/>\n<meta property=\"article:publisher\" content=\"https:\/\/www.facebook.com\/profile.php?id=100063564997749\" \/>\n<meta property=\"article:modified_time\" content=\"2023-12-09T15:58:54+00:00\" \/>\n<meta property=\"og:image\" content=\"https:\/\/stivel.net\/wp-content\/uploads\/2023\/11\/Clematite-1-scaled.webp\" \/>\n\t<meta property=\"og:image:width\" content=\"2560\" \/>\n\t<meta property=\"og:image:height\" content=\"1707\" \/>\n\t<meta property=\"og:image:type\" content=\"image\/webp\" \/>\n<script type=\"application\/ld+json\" class=\"yoast-schema-graph\">{\"@context\":\"https:\\\/\\\/schema.org\",\"@graph\":[{\"@type\":\"WebPage\",\"@id\":\"https:\\\/\\\/stivel.net\\\/fr\\\/product\\\/jacquard-clematite\\\/\",\"url\":\"https:\\\/\\\/stivel.net\\\/fr\\\/product\\\/jacquard-clematite\\\/\",\"name\":\"Jacquard Clematite - Stivel\",\"isPartOf\":{\"@id\":\"https:\\\/\\\/stivel.net\\\/fr\\\/#website\"},\"primaryImageOfPage\":{\"@id\":\"https:\\\/\\\/stivel.net\\\/fr\\\/product\\\/jacquard-clematite\\\/#primaryimage\"},\"image\":{\"@id\":\"https:\\\/\\\/stivel.net\\\/fr\\\/product\\\/jacquard-clematite\\\/#primaryimage\"},\"thumbnailUrl\":\"https:\\\/\\\/stivel.net\\\/wp-content\\\/uploads\\\/2023\\\/11\\\/Clematite-1-scaled.webp\",\"datePublished\":\"2023-11-10T09:00:42+00:00\",\"dateModified\":\"2023-12-09T15:58:54+00:00\",\"description\":\"La composition inspir\u00e9e de l\u2019Orient de notre tissu jacquard CLEMATITE interpr\u00e8te avec richesse les projets de d\u00e9coration int\u00e9rieure.\",\"breadcrumb\":{\"@id\":\"https:\\\/\\\/stivel.net\\\/fr\\\/product\\\/jacquard-clematite\\\/#breadcrumb\"},\"inLanguage\":\"fr-FR\",\"potentialAction\":[{\"@type\":\"ReadAction\",\"target\":[\"https:\\\/\\\/stivel.net\\\/fr\\\/product\\\/jacquard-clematite\\\/\"]}]},{\"@type\":\"ImageObject\",\"inLanguage\":\"fr-FR\",\"@id\":\"https:\\\/\\\/stivel.net\\\/fr\\\/product\\\/jacquard-clematite\\\/#primaryimage\",\"url\":\"https:\\\/\\\/stivel.net\\\/wp-content\\\/uploads\\\/2023\\\/11\\\/Clematite-1-scaled.webp\",\"contentUrl\":\"https:\\\/\\\/stivel.net\\\/wp-content\\\/uploads\\\/2023\\\/11\\\/Clematite-1-scaled.webp\",\"width\":2560,\"height\":1707,\"caption\":\"Jacquard CLEMATITE\"},{\"@type\":\"BreadcrumbList\",\"@id\":\"https:\\\/\\\/stivel.net\\\/fr\\\/product\\\/jacquard-clematite\\\/#breadcrumb\",\"itemListElement\":[{\"@type\":\"ListItem\",\"position\":1,\"name\":\"Home\",\"item\":\"https:\\\/\\\/stivel.net\\\/fr\\\/\"},{\"@type\":\"ListItem\",\"position\":2,\"name\":\"Produits\",\"item\":\"https:\\\/\\\/stivel.net\\\/fr\\\/shop\\\/\"},{\"@type\":\"ListItem\",\"position\":3,\"name\":\"JACQUARD CLEMATITE\"}]},{\"@type\":\"WebSite\",\"@id\":\"https:\\\/\\\/stivel.net\\\/fr\\\/#website\",\"url\":\"https:\\\/\\\/stivel.net\\\/fr\\\/\",\"name\":\"Stivel\",\"description\":\"Interior decoration\",\"publisher\":{\"@id\":\"https:\\\/\\\/stivel.net\\\/fr\\\/#organization\"},\"alternateName\":\"Stivel decoration\",\"potentialAction\":[{\"@type\":\"SearchAction\",\"target\":{\"@type\":\"EntryPoint\",\"urlTemplate\":\"https:\\\/\\\/stivel.net\\\/fr\\\/?s={search_term_string}\"},\"query-input\":{\"@type\":\"PropertyValueSpecification\",\"valueRequired\":true,\"valueName\":\"search_term_string\"}}],\"inLanguage\":\"fr-FR\"},{\"@type\":\"Organization\",\"@id\":\"https:\\\/\\\/stivel.net\\\/fr\\\/#organization\",\"name\":\"STIVEL\",\"url\":\"https:\\\/\\\/stivel.net\\\/fr\\\/\",\"logo\":{\"@type\":\"ImageObject\",\"inLanguage\":\"fr-FR\",\"@id\":\"https:\\\/\\\/stivel.net\\\/fr\\\/#\\\/schema\\\/logo\\\/image\\\/\",\"url\":\"https:\\\/\\\/stivel.net\\\/wp-content\\\/uploads\\\/2023\\\/01\\\/logo-stivel-black.png\",\"contentUrl\":\"https:\\\/\\\/stivel.net\\\/wp-content\\\/uploads\\\/2023\\\/01\\\/logo-stivel-black.png\",\"width\":1932,\"height\":431,\"caption\":\"STIVEL\"},\"image\":{\"@id\":\"https:\\\/\\\/stivel.net\\\/fr\\\/#\\\/schema\\\/logo\\\/image\\\/\"},\"sameAs\":[\"https:\\\/\\\/www.facebook.com\\\/profile.php?id=100063564997749\",\"https:\\\/\\\/www.instagram.com\\\/stiveltunisie\\\/?hl=en\"]}]}<\/script>\n<!-- \/ Yoast SEO plugin. -->","yoast_head_json":{"title":"Jacquard Clematite - Stivel","description":"La composition inspir\u00e9e de l\u2019Orient de notre tissu jacquard CLEMATITE interpr\u00e8te avec richesse les projets de d\u00e9coration int\u00e9rieure.","robots":{"index":"index","follow":"follow","max-snippet":"max-snippet:-1","max-image-preview":"max-image-preview:large","max-video-preview":"max-video-preview:-1"},"canonical":"https:\/\/stivel.net\/fr\/product\/jacquard-clematite\/","og_locale":"fr_FR","og_type":"article","og_title":"Jacquard Clematite - Stivel","og_description":"La composition inspir\u00e9e de l\u2019Orient de notre tissu jacquard CLEMATITE interpr\u00e8te avec richesse les projets de d\u00e9coration int\u00e9rieure.","og_url":"https:\/\/stivel.net\/fr\/product\/jacquard-clematite\/","og_site_name":"Stivel","article_publisher":"https:\/\/www.facebook.com\/profile.php?id=100063564997749","article_modified_time":"2023-12-09T15:58:54+00:00","og_image":[{"width":2560,"height":1707,"url":"https:\/\/stivel.net\/wp-content\/uploads\/2023\/11\/Clematite-1-scaled.webp","type":"image\/webp"}],"schema":{"@context":"https:\/\/schema.org","@graph":[{"@type":"WebPage","@id":"https:\/\/stivel.net\/fr\/product\/jacquard-clematite\/","url":"https:\/\/stivel.net\/fr\/product\/jacquard-clematite\/","name":"Jacquard Clematite - Stivel","isPartOf":{"@id":"https:\/\/stivel.net\/fr\/#website"},"primaryImageOfPage":{"@id":"https:\/\/stivel.net\/fr\/product\/jacquard-clematite\/#primaryimage"},"image":{"@id":"https:\/\/stivel.net\/fr\/product\/jacquard-clematite\/#primaryimage"},"thumbnailUrl":"https:\/\/stivel.net\/wp-content\/uploads\/2023\/11\/Clematite-1-scaled.webp","datePublished":"2023-11-10T09:00:42+00:00","dateModified":"2023-12-09T15:58:54+00:00","description":"La composition inspir\u00e9e de l\u2019Orient de notre tissu jacquard CLEMATITE interpr\u00e8te avec richesse les projets de d\u00e9coration int\u00e9rieure.","breadcrumb":{"@id":"https:\/\/stivel.net\/fr\/product\/jacquard-clematite\/#breadcrumb"},"inLanguage":"fr-FR","potentialAction":[{"@type":"ReadAction","target":["https:\/\/stivel.net\/fr\/product\/jacquard-clematite\/"]}]},{"@type":"ImageObject","inLanguage":"fr-FR","@id":"https:\/\/stivel.net\/fr\/product\/jacquard-clematite\/#primaryimage","url":"https:\/\/stivel.net\/wp-content\/uploads\/2023\/11\/Clematite-1-scaled.webp","contentUrl":"https:\/\/stivel.net\/wp-content\/uploads\/2023\/11\/Clematite-1-scaled.webp","width":2560,"height":1707,"caption":"Jacquard CLEMATITE"},{"@type":"BreadcrumbList","@id":"https:\/\/stivel.net\/fr\/product\/jacquard-clematite\/#breadcrumb","itemListElement":[{"@type":"ListItem","position":1,"name":"Home","item":"https:\/\/stivel.net\/fr\/"},{"@type":"ListItem","position":2,"name":"Produits","item":"https:\/\/stivel.net\/fr\/shop\/"},{"@type":"ListItem","position":3,"name":"JACQUARD CLEMATITE"}]},{"@type":"WebSite","@id":"https:\/\/stivel.net\/fr\/#website","url":"https:\/\/stivel.net\/fr\/","name":"Stivel","description":"Interior decoration","publisher":{"@id":"https:\/\/stivel.net\/fr\/#organization"},"alternateName":"Stivel decoration","potentialAction":[{"@type":"SearchAction","target":{"@type":"EntryPoint","urlTemplate":"https:\/\/stivel.net\/fr\/?s={search_term_string}"},"query-input":{"@type":"PropertyValueSpecification","valueRequired":true,"valueName":"search_term_string"}}],"inLanguage":"fr-FR"},{"@type":"Organization","@id":"https:\/\/stivel.net\/fr\/#organization","name":"STIVEL","url":"https:\/\/stivel.net\/fr\/","logo":{"@type":"ImageObject","inLanguage":"fr-FR","@id":"https:\/\/stivel.net\/fr\/#\/schema\/logo\/image\/","url":"https:\/\/stivel.net\/wp-content\/uploads\/2023\/01\/logo-stivel-black.png","contentUrl":"https:\/\/stivel.net\/wp-content\/uploads\/2023\/01\/logo-stivel-black.png","width":1932,"height":431,"caption":"STIVEL"},"image":{"@id":"https:\/\/stivel.net\/fr\/#\/schema\/logo\/image\/"},"sameAs":["https:\/\/www.facebook.com\/profile.php?id=100063564997749","https:\/\/www.instagram.com\/stiveltunisie\/?hl=en"]}]}},"_links":{"self":[{"href":"https:\/\/stivel.net\/fr\/wp-json\/wp\/v2\/product\/13057","targetHints":{"allow":["GET"]}}],"collection":[{"href":"https:\/\/stivel.net\/fr\/wp-json\/wp\/v2\/product"}],"about":[{"href":"https:\/\/stivel.net\/fr\/wp-json\/wp\/v2\/types\/product"}],"wp:featuredmedia":[{"embeddable":true,"href":"https:\/\/stivel.net\/fr\/wp-json\/wp\/v2\/media\/13061"}],"wp:attachment":[{"href":"https:\/\/stivel.net\/fr\/wp-json\/wp\/v2\/media?parent=13057"}],"wp:term":[{"taxonomy":"product_brand","embeddable":true,"href":"https:\/\/stivel.net\/fr\/wp-json\/wp\/v2\/product_brand?post=13057"},{"taxonomy":"product_cat","embeddable":true,"href":"https:\/\/stivel.net\/fr\/wp-json\/wp\/v2\/product_cat?post=13057"},{"taxonomy":"product_tag","embeddable":true,"href":"https:\/\/stivel.net\/fr\/wp-json\/wp\/v2\/product_tag?post=13057"}],"curies":[{"name":"wp","href":"https:\/\/api.w.org\/{rel}","templated":true}]}}