{"id":13048,"date":"2023-11-10T08:56:27","date_gmt":"2023-11-10T08:56:27","guid":{"rendered":"https:\/\/stivel.net\/?post_type=product&#038;p=13048"},"modified":"2023-12-09T16:06:03","modified_gmt":"2023-12-09T16:06:03","slug":"jacquard-rouhia","status":"publish","type":"product","link":"https:\/\/stivel.net\/fr\/product\/jacquard-rouhia\/","title":{"rendered":"JACQUARD ROUHIA"},"content":{"rendered":"<p>[vc_row][vc_column][vc_column_text]Le tissu jacquard ROUHIA est une v\u00e9ritable \u0153uvre d&rsquo;art textile. Il puise en effet son inspiration dans le mouvement expressionniste de Paul Klee et les cr\u00e9ations audacieuses de patchwork de Kaffe Fassett. Cette fusion d&rsquo;influences artistiques se traduit par un design hautement qualitatif, o\u00f9 l&rsquo;\u00e9clat des couleurs vives et la pr\u00e9cision des formes g\u00e9om\u00e9triques stylis\u00e9es cr\u00e9ent une esth\u00e9tique distinctive.<\/p>\n<p>Ce beau tissu \u00e0 la texture riche est une jolie combinaison de formes g\u00e9om\u00e9triques stylis\u00e9es et de couleurs vives et luxuriantes. Il refl\u00e8te en tout point un sens du design haut de gamme.<\/p>\n<p>Il est id\u00e9al en tapis ou m\u00eame en marchettes d\u2019escalier pour dynamiser une architecture classique tout en prot\u00e9geant les marches. Au-del\u00e0 de son utilisation sur le sol, le tissu jacquard ROUHIA peut \u00eatre employ\u00e9 pour habiller divers types d&rsquo;ameublement, afin de cr\u00e9er une d\u00e9coration chic et sophistiqu\u00e9e. En couvrant des si\u00e8ges, des coussins ou m\u00eame des murs, il insuffle une atmosph\u00e8re chic et chaleureuse \u00e0 tout espace int\u00e9rieur.<\/p>\n<p>Chaque fil qui compose ce tissu a \u00e9t\u00e9 s\u00e9lectionn\u00e9 pour assurer \u00e0 l\u2019ensemble durabilit\u00e9 en termes de couleur et de r\u00e9sistance. Les \u00e9quipes STIVEL, engag\u00e9es dans une approche responsable, effectuent un contr\u00f4le qualit\u00e9 minutieux \u00e0 chaque \u00e9tape, depuis la conception jusqu&rsquo;\u00e0 la livraison, assurant ainsi la satisfaction des clients et la r\u00e9duction de l&rsquo;impact environnemental. <a href=\"https:\/\/stivel.net\/fr\/product-category\/jacquard-fr\/\" target=\"_blank\" rel=\"noopener\">D\u00e9couvrez toute la gamme des tissus jacquard<\/a>.[\/vc_column_text][\/vc_column][\/vc_row]<\/p>\n","protected":false},"excerpt":{"rendered":"<p>Notre tissu jacquard ROUHIA se dote d\u2019un motif graphique compos\u00e9 de plusieurs formes g\u00e9om\u00e9triques formant un patchwork multicolore. Ce design abouti lui conf\u00e8re un caract\u00e8re vintage et artistique, avec des couleurs toniques qui ravivent tout espace de vie<\/p>\n<ul>\n<li>Graphisme g\u00e9om\u00e9trique<\/li>\n<li>Tissu Jacquard<\/li>\n<li>D\u00e9coration int\u00e9rieure<\/li>\n<\/ul>\n","protected":false},"featured_media":13052,"template":"","meta":[],"product_brand":[],"product_cat":[187],"product_tag":[194,193],"class_list":{"0":"post-13048","1":"product","2":"type-product","3":"status-publish","4":"has-post-thumbnail","6":"product_cat-jacquard-fr","7":"product_tag-gamme-areca-fr","8":"product_tag-jacquard-fr","10":"first","11":"instock","12":"shipping-taxable","13":"purchasable","14":"product-type-simple"},"yoast_head":"<!-- This site is optimized with the Yoast SEO plugin v27.3 - https:\/\/yoast.com\/product\/yoast-seo-wordpress\/ -->\n<title>Jacquard Rouhia<\/title>\n<meta name=\"description\" content=\"Notre tissu jacquard ROUHIA propose un motif graphique dont les formes g\u00e9om\u00e9triques forment un patchwork multicolore, pour un design vintage et artistique.\" \/>\n<meta name=\"robots\" content=\"index, follow, max-snippet:-1, max-image-preview:large, max-video-preview:-1\" \/>\n<link rel=\"canonical\" href=\"https:\/\/stivel.net\/fr\/product\/jacquard-rouhia\/\" \/>\n<meta property=\"og:locale\" content=\"fr_FR\" \/>\n<meta property=\"og:type\" content=\"article\" \/>\n<meta property=\"og:title\" content=\"Jacquard Rouhia\" \/>\n<meta property=\"og:description\" content=\"Notre tissu jacquard ROUHIA propose un motif graphique dont les formes g\u00e9om\u00e9triques forment un patchwork multicolore, pour un design vintage et artistique.\" \/>\n<meta property=\"og:url\" content=\"https:\/\/stivel.net\/fr\/product\/jacquard-rouhia\/\" \/>\n<meta property=\"og:site_name\" content=\"Stivel\" \/>\n<meta property=\"article:publisher\" content=\"https:\/\/www.facebook.com\/profile.php?id=100063564997749\" \/>\n<meta property=\"article:modified_time\" content=\"2023-12-09T16:06:03+00:00\" \/>\n<meta property=\"og:image\" content=\"https:\/\/stivel.net\/wp-content\/uploads\/2023\/11\/Rouhia-1-scaled.webp\" \/>\n\t<meta property=\"og:image:width\" content=\"2560\" \/>\n\t<meta property=\"og:image:height\" content=\"1707\" \/>\n\t<meta property=\"og:image:type\" content=\"image\/webp\" \/>\n<script type=\"application\/ld+json\" class=\"yoast-schema-graph\">{\"@context\":\"https:\\\/\\\/schema.org\",\"@graph\":[{\"@type\":\"WebPage\",\"@id\":\"https:\\\/\\\/stivel.net\\\/fr\\\/product\\\/jacquard-rouhia\\\/\",\"url\":\"https:\\\/\\\/stivel.net\\\/fr\\\/product\\\/jacquard-rouhia\\\/\",\"name\":\"Jacquard Rouhia\",\"isPartOf\":{\"@id\":\"https:\\\/\\\/stivel.net\\\/fr\\\/#website\"},\"primaryImageOfPage\":{\"@id\":\"https:\\\/\\\/stivel.net\\\/fr\\\/product\\\/jacquard-rouhia\\\/#primaryimage\"},\"image\":{\"@id\":\"https:\\\/\\\/stivel.net\\\/fr\\\/product\\\/jacquard-rouhia\\\/#primaryimage\"},\"thumbnailUrl\":\"https:\\\/\\\/stivel.net\\\/wp-content\\\/uploads\\\/2023\\\/11\\\/Rouhia-1-scaled.webp\",\"datePublished\":\"2023-11-10T08:56:27+00:00\",\"dateModified\":\"2023-12-09T16:06:03+00:00\",\"description\":\"Notre tissu jacquard ROUHIA propose un motif graphique dont les formes g\u00e9om\u00e9triques forment un patchwork multicolore, pour un design vintage et artistique.\",\"breadcrumb\":{\"@id\":\"https:\\\/\\\/stivel.net\\\/fr\\\/product\\\/jacquard-rouhia\\\/#breadcrumb\"},\"inLanguage\":\"fr-FR\",\"potentialAction\":[{\"@type\":\"ReadAction\",\"target\":[\"https:\\\/\\\/stivel.net\\\/fr\\\/product\\\/jacquard-rouhia\\\/\"]}]},{\"@type\":\"ImageObject\",\"inLanguage\":\"fr-FR\",\"@id\":\"https:\\\/\\\/stivel.net\\\/fr\\\/product\\\/jacquard-rouhia\\\/#primaryimage\",\"url\":\"https:\\\/\\\/stivel.net\\\/wp-content\\\/uploads\\\/2023\\\/11\\\/Rouhia-1-scaled.webp\",\"contentUrl\":\"https:\\\/\\\/stivel.net\\\/wp-content\\\/uploads\\\/2023\\\/11\\\/Rouhia-1-scaled.webp\",\"width\":2560,\"height\":1707,\"caption\":\"Jacquard Rouhia\"},{\"@type\":\"BreadcrumbList\",\"@id\":\"https:\\\/\\\/stivel.net\\\/fr\\\/product\\\/jacquard-rouhia\\\/#breadcrumb\",\"itemListElement\":[{\"@type\":\"ListItem\",\"position\":1,\"name\":\"Home\",\"item\":\"https:\\\/\\\/stivel.net\\\/fr\\\/\"},{\"@type\":\"ListItem\",\"position\":2,\"name\":\"Produits\",\"item\":\"https:\\\/\\\/stivel.net\\\/fr\\\/shop\\\/\"},{\"@type\":\"ListItem\",\"position\":3,\"name\":\"JACQUARD ROUHIA\"}]},{\"@type\":\"WebSite\",\"@id\":\"https:\\\/\\\/stivel.net\\\/fr\\\/#website\",\"url\":\"https:\\\/\\\/stivel.net\\\/fr\\\/\",\"name\":\"Stivel\",\"description\":\"Interior decoration\",\"publisher\":{\"@id\":\"https:\\\/\\\/stivel.net\\\/fr\\\/#organization\"},\"alternateName\":\"Stivel decoration\",\"potentialAction\":[{\"@type\":\"SearchAction\",\"target\":{\"@type\":\"EntryPoint\",\"urlTemplate\":\"https:\\\/\\\/stivel.net\\\/fr\\\/?s={search_term_string}\"},\"query-input\":{\"@type\":\"PropertyValueSpecification\",\"valueRequired\":true,\"valueName\":\"search_term_string\"}}],\"inLanguage\":\"fr-FR\"},{\"@type\":\"Organization\",\"@id\":\"https:\\\/\\\/stivel.net\\\/fr\\\/#organization\",\"name\":\"STIVEL\",\"url\":\"https:\\\/\\\/stivel.net\\\/fr\\\/\",\"logo\":{\"@type\":\"ImageObject\",\"inLanguage\":\"fr-FR\",\"@id\":\"https:\\\/\\\/stivel.net\\\/fr\\\/#\\\/schema\\\/logo\\\/image\\\/\",\"url\":\"https:\\\/\\\/stivel.net\\\/wp-content\\\/uploads\\\/2023\\\/01\\\/logo-stivel-black.png\",\"contentUrl\":\"https:\\\/\\\/stivel.net\\\/wp-content\\\/uploads\\\/2023\\\/01\\\/logo-stivel-black.png\",\"width\":1932,\"height\":431,\"caption\":\"STIVEL\"},\"image\":{\"@id\":\"https:\\\/\\\/stivel.net\\\/fr\\\/#\\\/schema\\\/logo\\\/image\\\/\"},\"sameAs\":[\"https:\\\/\\\/www.facebook.com\\\/profile.php?id=100063564997749\",\"https:\\\/\\\/www.instagram.com\\\/stiveltunisie\\\/?hl=en\"]}]}<\/script>\n<!-- \/ Yoast SEO plugin. -->","yoast_head_json":{"title":"Jacquard Rouhia","description":"Notre tissu jacquard ROUHIA propose un motif graphique dont les formes g\u00e9om\u00e9triques forment un patchwork multicolore, pour un design vintage et artistique.","robots":{"index":"index","follow":"follow","max-snippet":"max-snippet:-1","max-image-preview":"max-image-preview:large","max-video-preview":"max-video-preview:-1"},"canonical":"https:\/\/stivel.net\/fr\/product\/jacquard-rouhia\/","og_locale":"fr_FR","og_type":"article","og_title":"Jacquard Rouhia","og_description":"Notre tissu jacquard ROUHIA propose un motif graphique dont les formes g\u00e9om\u00e9triques forment un patchwork multicolore, pour un design vintage et artistique.","og_url":"https:\/\/stivel.net\/fr\/product\/jacquard-rouhia\/","og_site_name":"Stivel","article_publisher":"https:\/\/www.facebook.com\/profile.php?id=100063564997749","article_modified_time":"2023-12-09T16:06:03+00:00","og_image":[{"width":2560,"height":1707,"url":"https:\/\/stivel.net\/wp-content\/uploads\/2023\/11\/Rouhia-1-scaled.webp","type":"image\/webp"}],"schema":{"@context":"https:\/\/schema.org","@graph":[{"@type":"WebPage","@id":"https:\/\/stivel.net\/fr\/product\/jacquard-rouhia\/","url":"https:\/\/stivel.net\/fr\/product\/jacquard-rouhia\/","name":"Jacquard Rouhia","isPartOf":{"@id":"https:\/\/stivel.net\/fr\/#website"},"primaryImageOfPage":{"@id":"https:\/\/stivel.net\/fr\/product\/jacquard-rouhia\/#primaryimage"},"image":{"@id":"https:\/\/stivel.net\/fr\/product\/jacquard-rouhia\/#primaryimage"},"thumbnailUrl":"https:\/\/stivel.net\/wp-content\/uploads\/2023\/11\/Rouhia-1-scaled.webp","datePublished":"2023-11-10T08:56:27+00:00","dateModified":"2023-12-09T16:06:03+00:00","description":"Notre tissu jacquard ROUHIA propose un motif graphique dont les formes g\u00e9om\u00e9triques forment un patchwork multicolore, pour un design vintage et artistique.","breadcrumb":{"@id":"https:\/\/stivel.net\/fr\/product\/jacquard-rouhia\/#breadcrumb"},"inLanguage":"fr-FR","potentialAction":[{"@type":"ReadAction","target":["https:\/\/stivel.net\/fr\/product\/jacquard-rouhia\/"]}]},{"@type":"ImageObject","inLanguage":"fr-FR","@id":"https:\/\/stivel.net\/fr\/product\/jacquard-rouhia\/#primaryimage","url":"https:\/\/stivel.net\/wp-content\/uploads\/2023\/11\/Rouhia-1-scaled.webp","contentUrl":"https:\/\/stivel.net\/wp-content\/uploads\/2023\/11\/Rouhia-1-scaled.webp","width":2560,"height":1707,"caption":"Jacquard Rouhia"},{"@type":"BreadcrumbList","@id":"https:\/\/stivel.net\/fr\/product\/jacquard-rouhia\/#breadcrumb","itemListElement":[{"@type":"ListItem","position":1,"name":"Home","item":"https:\/\/stivel.net\/fr\/"},{"@type":"ListItem","position":2,"name":"Produits","item":"https:\/\/stivel.net\/fr\/shop\/"},{"@type":"ListItem","position":3,"name":"JACQUARD ROUHIA"}]},{"@type":"WebSite","@id":"https:\/\/stivel.net\/fr\/#website","url":"https:\/\/stivel.net\/fr\/","name":"Stivel","description":"Interior decoration","publisher":{"@id":"https:\/\/stivel.net\/fr\/#organization"},"alternateName":"Stivel decoration","potentialAction":[{"@type":"SearchAction","target":{"@type":"EntryPoint","urlTemplate":"https:\/\/stivel.net\/fr\/?s={search_term_string}"},"query-input":{"@type":"PropertyValueSpecification","valueRequired":true,"valueName":"search_term_string"}}],"inLanguage":"fr-FR"},{"@type":"Organization","@id":"https:\/\/stivel.net\/fr\/#organization","name":"STIVEL","url":"https:\/\/stivel.net\/fr\/","logo":{"@type":"ImageObject","inLanguage":"fr-FR","@id":"https:\/\/stivel.net\/fr\/#\/schema\/logo\/image\/","url":"https:\/\/stivel.net\/wp-content\/uploads\/2023\/01\/logo-stivel-black.png","contentUrl":"https:\/\/stivel.net\/wp-content\/uploads\/2023\/01\/logo-stivel-black.png","width":1932,"height":431,"caption":"STIVEL"},"image":{"@id":"https:\/\/stivel.net\/fr\/#\/schema\/logo\/image\/"},"sameAs":["https:\/\/www.facebook.com\/profile.php?id=100063564997749","https:\/\/www.instagram.com\/stiveltunisie\/?hl=en"]}]}},"_links":{"self":[{"href":"https:\/\/stivel.net\/fr\/wp-json\/wp\/v2\/product\/13048","targetHints":{"allow":["GET"]}}],"collection":[{"href":"https:\/\/stivel.net\/fr\/wp-json\/wp\/v2\/product"}],"about":[{"href":"https:\/\/stivel.net\/fr\/wp-json\/wp\/v2\/types\/product"}],"wp:featuredmedia":[{"embeddable":true,"href":"https:\/\/stivel.net\/fr\/wp-json\/wp\/v2\/media\/13052"}],"wp:attachment":[{"href":"https:\/\/stivel.net\/fr\/wp-json\/wp\/v2\/media?parent=13048"}],"wp:term":[{"taxonomy":"product_brand","embeddable":true,"href":"https:\/\/stivel.net\/fr\/wp-json\/wp\/v2\/product_brand?post=13048"},{"taxonomy":"product_cat","embeddable":true,"href":"https:\/\/stivel.net\/fr\/wp-json\/wp\/v2\/product_cat?post=13048"},{"taxonomy":"product_tag","embeddable":true,"href":"https:\/\/stivel.net\/fr\/wp-json\/wp\/v2\/product_tag?post=13048"}],"curies":[{"name":"wp","href":"https:\/\/api.w.org\/{rel}","templated":true}]}}