{"id":13042,"date":"2023-11-10T08:53:02","date_gmt":"2023-11-10T08:53:02","guid":{"rendered":"https:\/\/stivel.net\/?post_type=product&#038;p=13042"},"modified":"2023-12-09T16:12:03","modified_gmt":"2023-12-09T16:12:03","slug":"jacquard-josh","status":"publish","type":"product","link":"https:\/\/stivel.net\/fr\/product\/jacquard-josh\/","title":{"rendered":"JACQUARD JOSH"},"content":{"rendered":"<p>[vc_row][vc_column][vc_column_text]Notre tissu jacquard JOSH offre un effet min\u00e9ral unique. Ses teintes douces et nuanc\u00e9es cr\u00e9ent une atmosph\u00e8re propice \u00e0 la r\u00eaverie, et offre ainsi un univers o\u00f9 la nature et l&rsquo;art se conjuguent de fa\u00e7on esth\u00e9tique. Les subtilit\u00e9s de sa texture et de son motif rappellent en effet l&rsquo;abstraction artistique voire une touche du cubisme.<\/p>\n<p>Ses reflets min\u00e9raux et son toucher d\u00e9licat conf\u00e8rent \u00e0 ce tissu une personnalit\u00e9 distincte. Il se pr\u00eate magnifiquement \u00e0 l&rsquo;habillage de tout mobilier int\u00e9rieur sans exception\u00a0: canap\u00e9s, sofas, fauteuils. Le design unique de ce tissu apportera une belle sophistication aux accessoires tels que les jet\u00e9es de lit, les coussins, les rideaux, ou pourquoi pas des abat-jours pour un effet vintage chic des plus r\u00e9ussis.<\/p>\n<p>Le tramage complexe sur une cha\u00eene multicolore du tissu jacquard JOSH s\u2019inspire de l\u2019esprit de tapisserie traditionnelle et n\u00e9cessite une habilet\u00e9 et une rigueur dans l\u2019ex\u00e9cution de sa fabrication. La rigueur des \u00e9quipes qualit\u00e9 dans le choix des fils jusqu\u2019aux m\u00e9thodes de finition permet de proposer un tissu avec une r\u00e9sistance durable en termes d\u2019usage et de couleurs.<br \/>\nLa qualit\u00e9 de ce tissu s\u2019appr\u00e9cie \u00e9galement par le toucher, d\u00e9licat et soyeux, qui \u00e9voque confort et raffinement, et propose une exp\u00e9rience sensorielle aboutie.<\/p>\n<p>Le savoir-faire exceptionnel de STIVEL impr\u00e8gne chaque centim\u00e8tre de ce tissu jacquard, enti\u00e8rement con\u00e7u et confectionn\u00e9 dans nos ateliers, refl\u00e9tant notre engagement envers l&rsquo;excellence et le respect des normes sociales et environnementales. Explorez l&rsquo;univers captivant de nos tissus jacquard, o\u00f9 la nature et l&rsquo;art fusionnent pour cr\u00e9er des pi\u00e8ces uniques.<\/p>\n<p>Toutes les \u00e9quipes STIVEL portent l\u2019engagement de l\u2019entreprise en termes d\u2019excellence et de respect des valeurs sociales et environnementales. <a href=\"https:\/\/stivel.net\/fr\/product-category\/jacquard-fr\/\" target=\"_blank\" rel=\"noopener\">D\u00e9couvrez tout la gamme de nos tissus jacquard<\/a>.[\/vc_column_text][\/vc_column][\/vc_row]<\/p>\n","protected":false},"excerpt":{"rendered":"<p>Notre tissu jacquard JOSH est certainement un des tissus les plus cr\u00e9atifs et spectaculaires de la collection. Il \u00e9voque de l\u2019art abstrait avec une palette de couleurs savamment \u00e9tudi\u00e9s. Ce tissu d\u2019exception est parfait pour tout projet de d\u00e9coration.<\/p>\n<ul>\n<li>Dessin nature et min\u00e9rale d\u2019art<\/li>\n<li>Tissu Jacquard<\/li>\n<li>D\u00e9coration int\u00e9rieure<\/li>\n<\/ul>\n","protected":false},"featured_media":13047,"template":"","meta":[],"product_brand":[],"product_cat":[187],"product_tag":[194,193],"class_list":{"0":"post-13042","1":"product","2":"type-product","3":"status-publish","4":"has-post-thumbnail","6":"product_cat-jacquard-fr","7":"product_tag-gamme-areca-fr","8":"product_tag-jacquard-fr","10":"first","11":"instock","12":"shipping-taxable","13":"purchasable","14":"product-type-simple"},"yoast_head":"<!-- This site is optimized with the Yoast SEO plugin v27.3 - https:\/\/yoast.com\/product\/yoast-seo-wordpress\/ -->\n<title>Jacquard Josh- Stivel<\/title>\n<meta name=\"description\" content=\"Notre tissu jacquard JOSH est un des tissus les plus cr\u00e9atifs de la collection, avec une palette de couleurs savamment \u00e9tudi\u00e9s.\" \/>\n<meta name=\"robots\" content=\"index, follow, max-snippet:-1, max-image-preview:large, max-video-preview:-1\" \/>\n<link rel=\"canonical\" href=\"https:\/\/stivel.net\/fr\/product\/jacquard-josh\/\" \/>\n<meta property=\"og:locale\" content=\"fr_FR\" \/>\n<meta property=\"og:type\" content=\"article\" \/>\n<meta property=\"og:title\" content=\"Jacquard Josh- Stivel\" \/>\n<meta property=\"og:description\" content=\"Notre tissu jacquard JOSH est un des tissus les plus cr\u00e9atifs de la collection, avec une palette de couleurs savamment \u00e9tudi\u00e9s.\" \/>\n<meta property=\"og:url\" content=\"https:\/\/stivel.net\/fr\/product\/jacquard-josh\/\" \/>\n<meta property=\"og:site_name\" content=\"Stivel\" \/>\n<meta property=\"article:publisher\" content=\"https:\/\/www.facebook.com\/profile.php?id=100063564997749\" \/>\n<meta property=\"article:modified_time\" content=\"2023-12-09T16:12:03+00:00\" \/>\n<meta property=\"og:image\" content=\"https:\/\/stivel.net\/wp-content\/uploads\/2023\/11\/josh-1-scaled.webp\" \/>\n\t<meta property=\"og:image:width\" content=\"2560\" \/>\n\t<meta property=\"og:image:height\" content=\"1663\" \/>\n\t<meta property=\"og:image:type\" content=\"image\/webp\" \/>\n<script type=\"application\/ld+json\" class=\"yoast-schema-graph\">{\"@context\":\"https:\\\/\\\/schema.org\",\"@graph\":[{\"@type\":\"WebPage\",\"@id\":\"https:\\\/\\\/stivel.net\\\/fr\\\/product\\\/jacquard-josh\\\/\",\"url\":\"https:\\\/\\\/stivel.net\\\/fr\\\/product\\\/jacquard-josh\\\/\",\"name\":\"Jacquard Josh- Stivel\",\"isPartOf\":{\"@id\":\"https:\\\/\\\/stivel.net\\\/fr\\\/#website\"},\"primaryImageOfPage\":{\"@id\":\"https:\\\/\\\/stivel.net\\\/fr\\\/product\\\/jacquard-josh\\\/#primaryimage\"},\"image\":{\"@id\":\"https:\\\/\\\/stivel.net\\\/fr\\\/product\\\/jacquard-josh\\\/#primaryimage\"},\"thumbnailUrl\":\"https:\\\/\\\/stivel.net\\\/wp-content\\\/uploads\\\/2023\\\/11\\\/josh-1-scaled.webp\",\"datePublished\":\"2023-11-10T08:53:02+00:00\",\"dateModified\":\"2023-12-09T16:12:03+00:00\",\"description\":\"Notre tissu jacquard JOSH est un des tissus les plus cr\u00e9atifs de la collection, avec une palette de couleurs savamment \u00e9tudi\u00e9s.\",\"breadcrumb\":{\"@id\":\"https:\\\/\\\/stivel.net\\\/fr\\\/product\\\/jacquard-josh\\\/#breadcrumb\"},\"inLanguage\":\"fr-FR\",\"potentialAction\":[{\"@type\":\"ReadAction\",\"target\":[\"https:\\\/\\\/stivel.net\\\/fr\\\/product\\\/jacquard-josh\\\/\"]}]},{\"@type\":\"ImageObject\",\"inLanguage\":\"fr-FR\",\"@id\":\"https:\\\/\\\/stivel.net\\\/fr\\\/product\\\/jacquard-josh\\\/#primaryimage\",\"url\":\"https:\\\/\\\/stivel.net\\\/wp-content\\\/uploads\\\/2023\\\/11\\\/josh-1-scaled.webp\",\"contentUrl\":\"https:\\\/\\\/stivel.net\\\/wp-content\\\/uploads\\\/2023\\\/11\\\/josh-1-scaled.webp\",\"width\":2560,\"height\":1663,\"caption\":\"JACQUARD JOSH\"},{\"@type\":\"BreadcrumbList\",\"@id\":\"https:\\\/\\\/stivel.net\\\/fr\\\/product\\\/jacquard-josh\\\/#breadcrumb\",\"itemListElement\":[{\"@type\":\"ListItem\",\"position\":1,\"name\":\"Home\",\"item\":\"https:\\\/\\\/stivel.net\\\/fr\\\/\"},{\"@type\":\"ListItem\",\"position\":2,\"name\":\"Produits\",\"item\":\"https:\\\/\\\/stivel.net\\\/fr\\\/shop\\\/\"},{\"@type\":\"ListItem\",\"position\":3,\"name\":\"JACQUARD JOSH\"}]},{\"@type\":\"WebSite\",\"@id\":\"https:\\\/\\\/stivel.net\\\/fr\\\/#website\",\"url\":\"https:\\\/\\\/stivel.net\\\/fr\\\/\",\"name\":\"Stivel\",\"description\":\"Interior decoration\",\"publisher\":{\"@id\":\"https:\\\/\\\/stivel.net\\\/fr\\\/#organization\"},\"alternateName\":\"Stivel decoration\",\"potentialAction\":[{\"@type\":\"SearchAction\",\"target\":{\"@type\":\"EntryPoint\",\"urlTemplate\":\"https:\\\/\\\/stivel.net\\\/fr\\\/?s={search_term_string}\"},\"query-input\":{\"@type\":\"PropertyValueSpecification\",\"valueRequired\":true,\"valueName\":\"search_term_string\"}}],\"inLanguage\":\"fr-FR\"},{\"@type\":\"Organization\",\"@id\":\"https:\\\/\\\/stivel.net\\\/fr\\\/#organization\",\"name\":\"STIVEL\",\"url\":\"https:\\\/\\\/stivel.net\\\/fr\\\/\",\"logo\":{\"@type\":\"ImageObject\",\"inLanguage\":\"fr-FR\",\"@id\":\"https:\\\/\\\/stivel.net\\\/fr\\\/#\\\/schema\\\/logo\\\/image\\\/\",\"url\":\"https:\\\/\\\/stivel.net\\\/wp-content\\\/uploads\\\/2023\\\/01\\\/logo-stivel-black.png\",\"contentUrl\":\"https:\\\/\\\/stivel.net\\\/wp-content\\\/uploads\\\/2023\\\/01\\\/logo-stivel-black.png\",\"width\":1932,\"height\":431,\"caption\":\"STIVEL\"},\"image\":{\"@id\":\"https:\\\/\\\/stivel.net\\\/fr\\\/#\\\/schema\\\/logo\\\/image\\\/\"},\"sameAs\":[\"https:\\\/\\\/www.facebook.com\\\/profile.php?id=100063564997749\",\"https:\\\/\\\/www.instagram.com\\\/stiveltunisie\\\/?hl=en\"]}]}<\/script>\n<!-- \/ Yoast SEO plugin. -->","yoast_head_json":{"title":"Jacquard Josh- Stivel","description":"Notre tissu jacquard JOSH est un des tissus les plus cr\u00e9atifs de la collection, avec une palette de couleurs savamment \u00e9tudi\u00e9s.","robots":{"index":"index","follow":"follow","max-snippet":"max-snippet:-1","max-image-preview":"max-image-preview:large","max-video-preview":"max-video-preview:-1"},"canonical":"https:\/\/stivel.net\/fr\/product\/jacquard-josh\/","og_locale":"fr_FR","og_type":"article","og_title":"Jacquard Josh- Stivel","og_description":"Notre tissu jacquard JOSH est un des tissus les plus cr\u00e9atifs de la collection, avec une palette de couleurs savamment \u00e9tudi\u00e9s.","og_url":"https:\/\/stivel.net\/fr\/product\/jacquard-josh\/","og_site_name":"Stivel","article_publisher":"https:\/\/www.facebook.com\/profile.php?id=100063564997749","article_modified_time":"2023-12-09T16:12:03+00:00","og_image":[{"width":2560,"height":1663,"url":"https:\/\/stivel.net\/wp-content\/uploads\/2023\/11\/josh-1-scaled.webp","type":"image\/webp"}],"schema":{"@context":"https:\/\/schema.org","@graph":[{"@type":"WebPage","@id":"https:\/\/stivel.net\/fr\/product\/jacquard-josh\/","url":"https:\/\/stivel.net\/fr\/product\/jacquard-josh\/","name":"Jacquard Josh- Stivel","isPartOf":{"@id":"https:\/\/stivel.net\/fr\/#website"},"primaryImageOfPage":{"@id":"https:\/\/stivel.net\/fr\/product\/jacquard-josh\/#primaryimage"},"image":{"@id":"https:\/\/stivel.net\/fr\/product\/jacquard-josh\/#primaryimage"},"thumbnailUrl":"https:\/\/stivel.net\/wp-content\/uploads\/2023\/11\/josh-1-scaled.webp","datePublished":"2023-11-10T08:53:02+00:00","dateModified":"2023-12-09T16:12:03+00:00","description":"Notre tissu jacquard JOSH est un des tissus les plus cr\u00e9atifs de la collection, avec une palette de couleurs savamment \u00e9tudi\u00e9s.","breadcrumb":{"@id":"https:\/\/stivel.net\/fr\/product\/jacquard-josh\/#breadcrumb"},"inLanguage":"fr-FR","potentialAction":[{"@type":"ReadAction","target":["https:\/\/stivel.net\/fr\/product\/jacquard-josh\/"]}]},{"@type":"ImageObject","inLanguage":"fr-FR","@id":"https:\/\/stivel.net\/fr\/product\/jacquard-josh\/#primaryimage","url":"https:\/\/stivel.net\/wp-content\/uploads\/2023\/11\/josh-1-scaled.webp","contentUrl":"https:\/\/stivel.net\/wp-content\/uploads\/2023\/11\/josh-1-scaled.webp","width":2560,"height":1663,"caption":"JACQUARD JOSH"},{"@type":"BreadcrumbList","@id":"https:\/\/stivel.net\/fr\/product\/jacquard-josh\/#breadcrumb","itemListElement":[{"@type":"ListItem","position":1,"name":"Home","item":"https:\/\/stivel.net\/fr\/"},{"@type":"ListItem","position":2,"name":"Produits","item":"https:\/\/stivel.net\/fr\/shop\/"},{"@type":"ListItem","position":3,"name":"JACQUARD JOSH"}]},{"@type":"WebSite","@id":"https:\/\/stivel.net\/fr\/#website","url":"https:\/\/stivel.net\/fr\/","name":"Stivel","description":"Interior decoration","publisher":{"@id":"https:\/\/stivel.net\/fr\/#organization"},"alternateName":"Stivel decoration","potentialAction":[{"@type":"SearchAction","target":{"@type":"EntryPoint","urlTemplate":"https:\/\/stivel.net\/fr\/?s={search_term_string}"},"query-input":{"@type":"PropertyValueSpecification","valueRequired":true,"valueName":"search_term_string"}}],"inLanguage":"fr-FR"},{"@type":"Organization","@id":"https:\/\/stivel.net\/fr\/#organization","name":"STIVEL","url":"https:\/\/stivel.net\/fr\/","logo":{"@type":"ImageObject","inLanguage":"fr-FR","@id":"https:\/\/stivel.net\/fr\/#\/schema\/logo\/image\/","url":"https:\/\/stivel.net\/wp-content\/uploads\/2023\/01\/logo-stivel-black.png","contentUrl":"https:\/\/stivel.net\/wp-content\/uploads\/2023\/01\/logo-stivel-black.png","width":1932,"height":431,"caption":"STIVEL"},"image":{"@id":"https:\/\/stivel.net\/fr\/#\/schema\/logo\/image\/"},"sameAs":["https:\/\/www.facebook.com\/profile.php?id=100063564997749","https:\/\/www.instagram.com\/stiveltunisie\/?hl=en"]}]}},"_links":{"self":[{"href":"https:\/\/stivel.net\/fr\/wp-json\/wp\/v2\/product\/13042","targetHints":{"allow":["GET"]}}],"collection":[{"href":"https:\/\/stivel.net\/fr\/wp-json\/wp\/v2\/product"}],"about":[{"href":"https:\/\/stivel.net\/fr\/wp-json\/wp\/v2\/types\/product"}],"wp:featuredmedia":[{"embeddable":true,"href":"https:\/\/stivel.net\/fr\/wp-json\/wp\/v2\/media\/13047"}],"wp:attachment":[{"href":"https:\/\/stivel.net\/fr\/wp-json\/wp\/v2\/media?parent=13042"}],"wp:term":[{"taxonomy":"product_brand","embeddable":true,"href":"https:\/\/stivel.net\/fr\/wp-json\/wp\/v2\/product_brand?post=13042"},{"taxonomy":"product_cat","embeddable":true,"href":"https:\/\/stivel.net\/fr\/wp-json\/wp\/v2\/product_cat?post=13042"},{"taxonomy":"product_tag","embeddable":true,"href":"https:\/\/stivel.net\/fr\/wp-json\/wp\/v2\/product_tag?post=13042"}],"curies":[{"name":"wp","href":"https:\/\/api.w.org\/{rel}","templated":true}]}}