{"id":13038,"date":"2023-11-10T08:49:16","date_gmt":"2023-11-10T08:49:16","guid":{"rendered":"https:\/\/stivel.net\/?post_type=product&#038;p=13038"},"modified":"2023-11-27T11:26:16","modified_gmt":"2023-11-27T11:26:16","slug":"velours-italien-new-amir","status":"publish","type":"product","link":"https:\/\/stivel.net\/fr\/product\/velours-italien-new-amir\/","title":{"rendered":"VELOURS ITALIEN NEW-AMIR"},"content":{"rendered":"<p>[vc_row][vc_column][vc_column_text]Chaque fibre de ce magnifique velours incarne l&rsquo;histoire d&rsquo;une tradition italienne s\u00e9culaire et le savoir-faire exclusif des \u00e9quipes STIVEL. Il apporte une belle note d&rsquo;authenticit\u00e9. Le mariage subtil des motifs floraux \u00e9l\u00e9gants conf\u00e8re \u00e0 notre velours italien NEW-AMIR une esth\u00e9tique vintage revisit\u00e9. Ces motifs ex\u00e9cut\u00e9s selon le savoir-faire exclusif de STIVEL \u00e9voquent une sophistication intemporelle. Chaque d\u00e9tail est une d\u00e9claration artistique et offre une touche r\u00e9tro et raffin\u00e9e \u00e0 tout espace.<\/p>\n<p>Pour rev\u00eatir des si\u00e8ges de bureaux, des fauteuils, des canap\u00e9s, le velours italien NEW-AMIR red\u00e9finit l\u2019ambiance intimiste de tout projet de d\u00e9coration int\u00e9rieure.<br \/>\nFa\u00e7onn\u00e9 pour des coussins, des tapis ou des rideaux, ce velours cr\u00e9\u00e9 une exp\u00e9rience sensorielle harmonieuse, parfaitement coordonnable avec des \u00e9l\u00e9ments d\u2019ameublements contemporains.<\/p>\n<p>Le design de notre velours italien propose, comme tous les velours de la gamme, une durabilit\u00e9 exceptionnelle. Pour tous vos espaces professionnels, ce velours est une v\u00e9ritable d\u00e9claration d&rsquo;\u00e9l\u00e9gance qui r\u00e9siste \u00e0 l&rsquo;\u00e9preuve du temps.<\/p>\n<p>Con\u00e7u et tis\u00e9 dans notre parc de production \u00e0 Monastir, ce velours italien respecte nos engagements durables, en termes d\u2019inclusion et de diminution de notre empreinte environnemental. <a href=\"https:\/\/stivel.net\/fr\/product-category\/velours-italien\/\" target=\"_blank\" rel=\"noopener\">D\u00e9couvrez l&rsquo;ensemble de nos velours italien<\/a>.[\/vc_column_text][\/vc_column][\/vc_row]<\/p>\n","protected":false},"excerpt":{"rendered":"<p>Le jeu d\u2019armures complexes de notre velours italien NEW-AMIR associ\u00e9 \u00e0 la grande finition de ces motifs floraux \u00e9l\u00e9gants de notre velours italien NEW-AMIR cr\u00e9\u00e9 une atmosph\u00e8re unique, authentique, \u00e9l\u00e9gante et chaleureuse.<\/p>\n<ul>\n<li>Tissu luxueux<\/li>\n<li>Design graphique floral<\/li>\n<li>D\u00e9coration int\u00e9rieure<\/li>\n<\/ul>\n","protected":false},"featured_media":13041,"template":"","meta":[],"product_brand":[],"product_cat":[186],"product_tag":[190],"class_list":{"0":"post-13038","1":"product","2":"type-product","3":"status-publish","4":"has-post-thumbnail","6":"product_cat-velours-italien","7":"product_tag-velours-italien","9":"first","10":"instock","11":"shipping-taxable","12":"purchasable","13":"product-type-simple"},"yoast_head":"<!-- This site is optimized with the Yoast SEO plugin v27.3 - https:\/\/yoast.com\/product\/yoast-seo-wordpress\/ -->\n<title>VELOURS ITALIEN NEW-AMIR - Stivel<\/title>\n<meta name=\"description\" content=\"Le velours italien NEW-AMIR associa la qualit\u00e9 de la finition aux motifs floraux \u00e9l\u00e9gants pour cr\u00e9er une atmosph\u00e8re authentique, \u00e9l\u00e9gante et chaleureuse.\" \/>\n<meta name=\"robots\" content=\"index, follow, max-snippet:-1, max-image-preview:large, max-video-preview:-1\" \/>\n<link rel=\"canonical\" href=\"https:\/\/stivel.net\/fr\/product\/velours-italien-new-amir\/\" \/>\n<meta property=\"og:locale\" content=\"fr_FR\" \/>\n<meta property=\"og:type\" content=\"article\" \/>\n<meta property=\"og:title\" content=\"VELOURS ITALIEN NEW-AMIR - Stivel\" \/>\n<meta property=\"og:description\" content=\"Le velours italien NEW-AMIR associa la qualit\u00e9 de la finition aux motifs floraux \u00e9l\u00e9gants pour cr\u00e9er une atmosph\u00e8re authentique, \u00e9l\u00e9gante et chaleureuse.\" \/>\n<meta property=\"og:url\" content=\"https:\/\/stivel.net\/fr\/product\/velours-italien-new-amir\/\" \/>\n<meta property=\"og:site_name\" content=\"Stivel\" \/>\n<meta property=\"article:publisher\" content=\"https:\/\/www.facebook.com\/profile.php?id=100063564997749\" \/>\n<meta property=\"article:modified_time\" content=\"2023-11-27T11:26:16+00:00\" \/>\n<meta property=\"og:image\" content=\"https:\/\/stivel.net\/wp-content\/uploads\/2023\/11\/new-amir-scaled.webp\" \/>\n\t<meta property=\"og:image:width\" content=\"2560\" \/>\n\t<meta property=\"og:image:height\" content=\"1707\" \/>\n\t<meta property=\"og:image:type\" content=\"image\/webp\" \/>\n<script type=\"application\/ld+json\" class=\"yoast-schema-graph\">{\"@context\":\"https:\\\/\\\/schema.org\",\"@graph\":[{\"@type\":\"WebPage\",\"@id\":\"https:\\\/\\\/stivel.net\\\/fr\\\/product\\\/velours-italien-new-amir\\\/\",\"url\":\"https:\\\/\\\/stivel.net\\\/fr\\\/product\\\/velours-italien-new-amir\\\/\",\"name\":\"VELOURS ITALIEN NEW-AMIR - Stivel\",\"isPartOf\":{\"@id\":\"https:\\\/\\\/stivel.net\\\/fr\\\/#website\"},\"primaryImageOfPage\":{\"@id\":\"https:\\\/\\\/stivel.net\\\/fr\\\/product\\\/velours-italien-new-amir\\\/#primaryimage\"},\"image\":{\"@id\":\"https:\\\/\\\/stivel.net\\\/fr\\\/product\\\/velours-italien-new-amir\\\/#primaryimage\"},\"thumbnailUrl\":\"https:\\\/\\\/stivel.net\\\/wp-content\\\/uploads\\\/2023\\\/11\\\/new-amir-scaled.webp\",\"datePublished\":\"2023-11-10T08:49:16+00:00\",\"dateModified\":\"2023-11-27T11:26:16+00:00\",\"description\":\"Le velours italien NEW-AMIR associa la qualit\u00e9 de la finition aux motifs floraux \u00e9l\u00e9gants pour cr\u00e9er une atmosph\u00e8re authentique, \u00e9l\u00e9gante et chaleureuse.\",\"breadcrumb\":{\"@id\":\"https:\\\/\\\/stivel.net\\\/fr\\\/product\\\/velours-italien-new-amir\\\/#breadcrumb\"},\"inLanguage\":\"fr-FR\",\"potentialAction\":[{\"@type\":\"ReadAction\",\"target\":[\"https:\\\/\\\/stivel.net\\\/fr\\\/product\\\/velours-italien-new-amir\\\/\"]}]},{\"@type\":\"ImageObject\",\"inLanguage\":\"fr-FR\",\"@id\":\"https:\\\/\\\/stivel.net\\\/fr\\\/product\\\/velours-italien-new-amir\\\/#primaryimage\",\"url\":\"https:\\\/\\\/stivel.net\\\/wp-content\\\/uploads\\\/2023\\\/11\\\/new-amir-scaled.webp\",\"contentUrl\":\"https:\\\/\\\/stivel.net\\\/wp-content\\\/uploads\\\/2023\\\/11\\\/new-amir-scaled.webp\",\"width\":2560,\"height\":1707,\"caption\":\"VELOURS ITALIEN NEW-AMIR\"},{\"@type\":\"BreadcrumbList\",\"@id\":\"https:\\\/\\\/stivel.net\\\/fr\\\/product\\\/velours-italien-new-amir\\\/#breadcrumb\",\"itemListElement\":[{\"@type\":\"ListItem\",\"position\":1,\"name\":\"Home\",\"item\":\"https:\\\/\\\/stivel.net\\\/fr\\\/\"},{\"@type\":\"ListItem\",\"position\":2,\"name\":\"Produits\",\"item\":\"https:\\\/\\\/stivel.net\\\/fr\\\/shop\\\/\"},{\"@type\":\"ListItem\",\"position\":3,\"name\":\"VELOURS ITALIEN NEW-AMIR\"}]},{\"@type\":\"WebSite\",\"@id\":\"https:\\\/\\\/stivel.net\\\/fr\\\/#website\",\"url\":\"https:\\\/\\\/stivel.net\\\/fr\\\/\",\"name\":\"Stivel\",\"description\":\"Interior decoration\",\"publisher\":{\"@id\":\"https:\\\/\\\/stivel.net\\\/fr\\\/#organization\"},\"alternateName\":\"Stivel decoration\",\"potentialAction\":[{\"@type\":\"SearchAction\",\"target\":{\"@type\":\"EntryPoint\",\"urlTemplate\":\"https:\\\/\\\/stivel.net\\\/fr\\\/?s={search_term_string}\"},\"query-input\":{\"@type\":\"PropertyValueSpecification\",\"valueRequired\":true,\"valueName\":\"search_term_string\"}}],\"inLanguage\":\"fr-FR\"},{\"@type\":\"Organization\",\"@id\":\"https:\\\/\\\/stivel.net\\\/fr\\\/#organization\",\"name\":\"STIVEL\",\"url\":\"https:\\\/\\\/stivel.net\\\/fr\\\/\",\"logo\":{\"@type\":\"ImageObject\",\"inLanguage\":\"fr-FR\",\"@id\":\"https:\\\/\\\/stivel.net\\\/fr\\\/#\\\/schema\\\/logo\\\/image\\\/\",\"url\":\"https:\\\/\\\/stivel.net\\\/wp-content\\\/uploads\\\/2023\\\/01\\\/logo-stivel-black.png\",\"contentUrl\":\"https:\\\/\\\/stivel.net\\\/wp-content\\\/uploads\\\/2023\\\/01\\\/logo-stivel-black.png\",\"width\":1932,\"height\":431,\"caption\":\"STIVEL\"},\"image\":{\"@id\":\"https:\\\/\\\/stivel.net\\\/fr\\\/#\\\/schema\\\/logo\\\/image\\\/\"},\"sameAs\":[\"https:\\\/\\\/www.facebook.com\\\/profile.php?id=100063564997749\",\"https:\\\/\\\/www.instagram.com\\\/stiveltunisie\\\/?hl=en\"]}]}<\/script>\n<!-- \/ Yoast SEO plugin. -->","yoast_head_json":{"title":"VELOURS ITALIEN NEW-AMIR - Stivel","description":"Le velours italien NEW-AMIR associa la qualit\u00e9 de la finition aux motifs floraux \u00e9l\u00e9gants pour cr\u00e9er une atmosph\u00e8re authentique, \u00e9l\u00e9gante et chaleureuse.","robots":{"index":"index","follow":"follow","max-snippet":"max-snippet:-1","max-image-preview":"max-image-preview:large","max-video-preview":"max-video-preview:-1"},"canonical":"https:\/\/stivel.net\/fr\/product\/velours-italien-new-amir\/","og_locale":"fr_FR","og_type":"article","og_title":"VELOURS ITALIEN NEW-AMIR - Stivel","og_description":"Le velours italien NEW-AMIR associa la qualit\u00e9 de la finition aux motifs floraux \u00e9l\u00e9gants pour cr\u00e9er une atmosph\u00e8re authentique, \u00e9l\u00e9gante et chaleureuse.","og_url":"https:\/\/stivel.net\/fr\/product\/velours-italien-new-amir\/","og_site_name":"Stivel","article_publisher":"https:\/\/www.facebook.com\/profile.php?id=100063564997749","article_modified_time":"2023-11-27T11:26:16+00:00","og_image":[{"width":2560,"height":1707,"url":"https:\/\/stivel.net\/wp-content\/uploads\/2023\/11\/new-amir-scaled.webp","type":"image\/webp"}],"schema":{"@context":"https:\/\/schema.org","@graph":[{"@type":"WebPage","@id":"https:\/\/stivel.net\/fr\/product\/velours-italien-new-amir\/","url":"https:\/\/stivel.net\/fr\/product\/velours-italien-new-amir\/","name":"VELOURS ITALIEN NEW-AMIR - Stivel","isPartOf":{"@id":"https:\/\/stivel.net\/fr\/#website"},"primaryImageOfPage":{"@id":"https:\/\/stivel.net\/fr\/product\/velours-italien-new-amir\/#primaryimage"},"image":{"@id":"https:\/\/stivel.net\/fr\/product\/velours-italien-new-amir\/#primaryimage"},"thumbnailUrl":"https:\/\/stivel.net\/wp-content\/uploads\/2023\/11\/new-amir-scaled.webp","datePublished":"2023-11-10T08:49:16+00:00","dateModified":"2023-11-27T11:26:16+00:00","description":"Le velours italien NEW-AMIR associa la qualit\u00e9 de la finition aux motifs floraux \u00e9l\u00e9gants pour cr\u00e9er une atmosph\u00e8re authentique, \u00e9l\u00e9gante et chaleureuse.","breadcrumb":{"@id":"https:\/\/stivel.net\/fr\/product\/velours-italien-new-amir\/#breadcrumb"},"inLanguage":"fr-FR","potentialAction":[{"@type":"ReadAction","target":["https:\/\/stivel.net\/fr\/product\/velours-italien-new-amir\/"]}]},{"@type":"ImageObject","inLanguage":"fr-FR","@id":"https:\/\/stivel.net\/fr\/product\/velours-italien-new-amir\/#primaryimage","url":"https:\/\/stivel.net\/wp-content\/uploads\/2023\/11\/new-amir-scaled.webp","contentUrl":"https:\/\/stivel.net\/wp-content\/uploads\/2023\/11\/new-amir-scaled.webp","width":2560,"height":1707,"caption":"VELOURS ITALIEN NEW-AMIR"},{"@type":"BreadcrumbList","@id":"https:\/\/stivel.net\/fr\/product\/velours-italien-new-amir\/#breadcrumb","itemListElement":[{"@type":"ListItem","position":1,"name":"Home","item":"https:\/\/stivel.net\/fr\/"},{"@type":"ListItem","position":2,"name":"Produits","item":"https:\/\/stivel.net\/fr\/shop\/"},{"@type":"ListItem","position":3,"name":"VELOURS ITALIEN NEW-AMIR"}]},{"@type":"WebSite","@id":"https:\/\/stivel.net\/fr\/#website","url":"https:\/\/stivel.net\/fr\/","name":"Stivel","description":"Interior decoration","publisher":{"@id":"https:\/\/stivel.net\/fr\/#organization"},"alternateName":"Stivel decoration","potentialAction":[{"@type":"SearchAction","target":{"@type":"EntryPoint","urlTemplate":"https:\/\/stivel.net\/fr\/?s={search_term_string}"},"query-input":{"@type":"PropertyValueSpecification","valueRequired":true,"valueName":"search_term_string"}}],"inLanguage":"fr-FR"},{"@type":"Organization","@id":"https:\/\/stivel.net\/fr\/#organization","name":"STIVEL","url":"https:\/\/stivel.net\/fr\/","logo":{"@type":"ImageObject","inLanguage":"fr-FR","@id":"https:\/\/stivel.net\/fr\/#\/schema\/logo\/image\/","url":"https:\/\/stivel.net\/wp-content\/uploads\/2023\/01\/logo-stivel-black.png","contentUrl":"https:\/\/stivel.net\/wp-content\/uploads\/2023\/01\/logo-stivel-black.png","width":1932,"height":431,"caption":"STIVEL"},"image":{"@id":"https:\/\/stivel.net\/fr\/#\/schema\/logo\/image\/"},"sameAs":["https:\/\/www.facebook.com\/profile.php?id=100063564997749","https:\/\/www.instagram.com\/stiveltunisie\/?hl=en"]}]}},"_links":{"self":[{"href":"https:\/\/stivel.net\/fr\/wp-json\/wp\/v2\/product\/13038","targetHints":{"allow":["GET"]}}],"collection":[{"href":"https:\/\/stivel.net\/fr\/wp-json\/wp\/v2\/product"}],"about":[{"href":"https:\/\/stivel.net\/fr\/wp-json\/wp\/v2\/types\/product"}],"wp:featuredmedia":[{"embeddable":true,"href":"https:\/\/stivel.net\/fr\/wp-json\/wp\/v2\/media\/13041"}],"wp:attachment":[{"href":"https:\/\/stivel.net\/fr\/wp-json\/wp\/v2\/media?parent=13038"}],"wp:term":[{"taxonomy":"product_brand","embeddable":true,"href":"https:\/\/stivel.net\/fr\/wp-json\/wp\/v2\/product_brand?post=13038"},{"taxonomy":"product_cat","embeddable":true,"href":"https:\/\/stivel.net\/fr\/wp-json\/wp\/v2\/product_cat?post=13038"},{"taxonomy":"product_tag","embeddable":true,"href":"https:\/\/stivel.net\/fr\/wp-json\/wp\/v2\/product_tag?post=13038"}],"curies":[{"name":"wp","href":"https:\/\/api.w.org\/{rel}","templated":true}]}}