{"id":13034,"date":"2023-11-10T08:46:46","date_gmt":"2023-11-10T08:46:46","guid":{"rendered":"https:\/\/stivel.net\/?post_type=product&#038;p=13034"},"modified":"2023-11-27T10:26:03","modified_gmt":"2023-11-27T10:26:03","slug":"velours-italien-leopard","status":"publish","type":"product","link":"https:\/\/stivel.net\/fr\/product\/velours-italien-leopard\/","title":{"rendered":"VELOURS ITALIEN LEOPARD"},"content":{"rendered":"<p>[vc_row][vc_column][vc_column_text] Le velours italien LEOPARD a \u00e9t\u00e9 savamment \u00e9tudi\u00e9 pour permettre une immersion dans le monde animal. Le processus m\u00e9ticuleux allie tradition, savoir-faire et haute technologie pour concevoir ce tissu de qualit\u00e9 qui reproduit intelligemment la robe tachet\u00e9e du l\u00e9opard. Ce motif distinctif \u00e0 la texture ultra soyeuse et r\u00e9sistante ajoute une touche de glamour et d\u2019exotisme \u00e0 tout projet : ameublement, d\u00e9coration&#8230;<\/p>\n<p>Pour recouvrir quelques coussins, quelques plaids, ou m\u00eame pour rehausser le rev\u00eatement de meubles tels que des fauteuils ou des canap\u00e9s, le tissu LEOPARD apporte une belle note d&rsquo;excentricit\u00e9 et de sophistication \u00e0 tout espace.<\/p>\n<p>En effet, ce velours italien offre une atmosph\u00e8re sauvage tout en \u00e9tant tr\u00e8s styl\u00e9 \u00e0 la fois. Utiliser ce tissu de fa\u00e7on discr\u00e8te et pertinente permet de conjuguer l\u2019\u00e9l\u00e9gance sophistiqu\u00e9e de sa texture et le c\u00f4t\u00e9 naturel et animal de son motif.<br \/>\nCe tissu d\u2019ameublement provoque des vibrations positives et conf\u00e8re un go\u00fbt prononc\u00e9 pour l\u2019audace. Il permet de d\u00e9fier les conventions en mati\u00e8re de design int\u00e9rieur sans jamais compromettre son \u00e9l\u00e9gance haut de gamme.<\/p>\n<p>Le velours italien LEOPARD est, tout comme l\u2019ensemble de la gamme STIVEL, r\u00e9alis\u00e9 selon les engagements durables de l\u2019entreprise, en terme social comme environnemental. <a href=\"https:\/\/stivel.net\/fr\/product-category\/velours-italien\/\" target=\"_blank\" rel=\"noopener\">D\u00e9couvrez l&rsquo;ensemble de nos velours italien<\/a>.[\/vc_column_text][\/vc_column][\/vc_row]<\/p>\n","protected":false},"excerpt":{"rendered":"<p style=\"background: white;vertical-align: baseline;margin: 7.5pt 0cm 7.5pt 0cm\"><span style=\"font-size: 10.5pt;font-family: Poppins;color: #666666\">Avec le savoir-faire unique et propre \u00e0 l\u2019entreprise STIVEL, les \u00e9quipes ont con\u00e7u le velours italien LEOPARD au graphisme tr\u00e8s abouti. Ce tissu d&rsquo;exception permet toutes les cr\u00e9ations possibles en termes de d\u00e9coration et d&rsquo;ameublement pour un style ethnique sophistiqu\u00e9 .<\/span><\/p>\n<ul>\n<li>Tissu luxueux<\/li>\n<li>Design animal<\/li>\n<li>D\u00e9coration int\u00e9rieure<\/li>\n<\/ul>\n","protected":false},"featured_media":13037,"template":"","meta":[],"product_brand":[],"product_cat":[186],"product_tag":[190],"class_list":{"0":"post-13034","1":"product","2":"type-product","3":"status-publish","4":"has-post-thumbnail","6":"product_cat-velours-italien","7":"product_tag-velours-italien","9":"first","10":"instock","11":"shipping-taxable","12":"purchasable","13":"product-type-simple"},"yoast_head":"<!-- This site is optimized with the Yoast SEO plugin v27.4 - https:\/\/yoast.com\/product\/yoast-seo-wordpress\/ -->\n<title>VELOURS ITALIEN LEOPARD - Stivel<\/title>\n<meta name=\"description\" content=\"Le velours italien LEOPARD apporte une note d&#039;excentricit\u00e9 et de sophistication \u00e0 tout espace. Id\u00e9al pour l&#039;ameublement et accessoires de d\u00e9coration.\" \/>\n<meta name=\"robots\" content=\"index, follow, max-snippet:-1, max-image-preview:large, max-video-preview:-1\" \/>\n<link rel=\"canonical\" href=\"https:\/\/stivel.net\/fr\/product\/velours-italien-leopard\/\" \/>\n<meta property=\"og:locale\" content=\"fr_FR\" \/>\n<meta property=\"og:type\" content=\"article\" \/>\n<meta property=\"og:title\" content=\"VELOURS ITALIEN LEOPARD - Stivel\" \/>\n<meta property=\"og:description\" content=\"Le velours italien LEOPARD apporte une note d&#039;excentricit\u00e9 et de sophistication \u00e0 tout espace. Id\u00e9al pour l&#039;ameublement et accessoires de d\u00e9coration.\" \/>\n<meta property=\"og:url\" content=\"https:\/\/stivel.net\/fr\/product\/velours-italien-leopard\/\" \/>\n<meta property=\"og:site_name\" content=\"Stivel\" \/>\n<meta property=\"article:publisher\" content=\"https:\/\/www.facebook.com\/profile.php?id=100063564997749\" \/>\n<meta property=\"article:modified_time\" content=\"2023-11-27T10:26:03+00:00\" \/>\n<meta property=\"og:image\" content=\"https:\/\/stivel.net\/wp-content\/uploads\/2023\/11\/leopard-scaled.webp\" \/>\n\t<meta property=\"og:image:width\" content=\"2560\" \/>\n\t<meta property=\"og:image:height\" content=\"1707\" \/>\n\t<meta property=\"og:image:type\" content=\"image\/webp\" \/>\n<script type=\"application\/ld+json\" class=\"yoast-schema-graph\">{\"@context\":\"https:\\\/\\\/schema.org\",\"@graph\":[{\"@type\":\"WebPage\",\"@id\":\"https:\\\/\\\/stivel.net\\\/fr\\\/product\\\/velours-italien-leopard\\\/\",\"url\":\"https:\\\/\\\/stivel.net\\\/fr\\\/product\\\/velours-italien-leopard\\\/\",\"name\":\"VELOURS ITALIEN LEOPARD - Stivel\",\"isPartOf\":{\"@id\":\"https:\\\/\\\/stivel.net\\\/fr\\\/#website\"},\"primaryImageOfPage\":{\"@id\":\"https:\\\/\\\/stivel.net\\\/fr\\\/product\\\/velours-italien-leopard\\\/#primaryimage\"},\"image\":{\"@id\":\"https:\\\/\\\/stivel.net\\\/fr\\\/product\\\/velours-italien-leopard\\\/#primaryimage\"},\"thumbnailUrl\":\"https:\\\/\\\/stivel.net\\\/wp-content\\\/uploads\\\/2023\\\/11\\\/leopard-scaled.webp\",\"datePublished\":\"2023-11-10T08:46:46+00:00\",\"dateModified\":\"2023-11-27T10:26:03+00:00\",\"description\":\"Le velours italien LEOPARD apporte une note d'excentricit\u00e9 et de sophistication \u00e0 tout espace. Id\u00e9al pour l'ameublement et accessoires de d\u00e9coration.\",\"breadcrumb\":{\"@id\":\"https:\\\/\\\/stivel.net\\\/fr\\\/product\\\/velours-italien-leopard\\\/#breadcrumb\"},\"inLanguage\":\"fr-FR\",\"potentialAction\":[{\"@type\":\"ReadAction\",\"target\":[\"https:\\\/\\\/stivel.net\\\/fr\\\/product\\\/velours-italien-leopard\\\/\"]}]},{\"@type\":\"ImageObject\",\"inLanguage\":\"fr-FR\",\"@id\":\"https:\\\/\\\/stivel.net\\\/fr\\\/product\\\/velours-italien-leopard\\\/#primaryimage\",\"url\":\"https:\\\/\\\/stivel.net\\\/wp-content\\\/uploads\\\/2023\\\/11\\\/leopard-scaled.webp\",\"contentUrl\":\"https:\\\/\\\/stivel.net\\\/wp-content\\\/uploads\\\/2023\\\/11\\\/leopard-scaled.webp\",\"width\":2560,\"height\":1707,\"caption\":\"Italian Velvelt Leopard\"},{\"@type\":\"BreadcrumbList\",\"@id\":\"https:\\\/\\\/stivel.net\\\/fr\\\/product\\\/velours-italien-leopard\\\/#breadcrumb\",\"itemListElement\":[{\"@type\":\"ListItem\",\"position\":1,\"name\":\"Home\",\"item\":\"https:\\\/\\\/stivel.net\\\/fr\\\/\"},{\"@type\":\"ListItem\",\"position\":2,\"name\":\"Produits\",\"item\":\"https:\\\/\\\/stivel.net\\\/fr\\\/shop\\\/\"},{\"@type\":\"ListItem\",\"position\":3,\"name\":\"VELOURS ITALIEN LEOPARD\"}]},{\"@type\":\"WebSite\",\"@id\":\"https:\\\/\\\/stivel.net\\\/fr\\\/#website\",\"url\":\"https:\\\/\\\/stivel.net\\\/fr\\\/\",\"name\":\"Stivel\",\"description\":\"Interior decoration\",\"publisher\":{\"@id\":\"https:\\\/\\\/stivel.net\\\/fr\\\/#organization\"},\"alternateName\":\"Stivel decoration\",\"potentialAction\":[{\"@type\":\"SearchAction\",\"target\":{\"@type\":\"EntryPoint\",\"urlTemplate\":\"https:\\\/\\\/stivel.net\\\/fr\\\/?s={search_term_string}\"},\"query-input\":{\"@type\":\"PropertyValueSpecification\",\"valueRequired\":true,\"valueName\":\"search_term_string\"}}],\"inLanguage\":\"fr-FR\"},{\"@type\":\"Organization\",\"@id\":\"https:\\\/\\\/stivel.net\\\/fr\\\/#organization\",\"name\":\"STIVEL\",\"url\":\"https:\\\/\\\/stivel.net\\\/fr\\\/\",\"logo\":{\"@type\":\"ImageObject\",\"inLanguage\":\"fr-FR\",\"@id\":\"https:\\\/\\\/stivel.net\\\/fr\\\/#\\\/schema\\\/logo\\\/image\\\/\",\"url\":\"https:\\\/\\\/stivel.net\\\/wp-content\\\/uploads\\\/2023\\\/01\\\/logo-stivel-black.png\",\"contentUrl\":\"https:\\\/\\\/stivel.net\\\/wp-content\\\/uploads\\\/2023\\\/01\\\/logo-stivel-black.png\",\"width\":1932,\"height\":431,\"caption\":\"STIVEL\"},\"image\":{\"@id\":\"https:\\\/\\\/stivel.net\\\/fr\\\/#\\\/schema\\\/logo\\\/image\\\/\"},\"sameAs\":[\"https:\\\/\\\/www.facebook.com\\\/profile.php?id=100063564997749\",\"https:\\\/\\\/www.instagram.com\\\/stiveltunisie\\\/?hl=en\"]}]}<\/script>\n<!-- \/ Yoast SEO plugin. -->","yoast_head_json":{"title":"VELOURS ITALIEN LEOPARD - Stivel","description":"Le velours italien LEOPARD apporte une note d'excentricit\u00e9 et de sophistication \u00e0 tout espace. Id\u00e9al pour l'ameublement et accessoires de d\u00e9coration.","robots":{"index":"index","follow":"follow","max-snippet":"max-snippet:-1","max-image-preview":"max-image-preview:large","max-video-preview":"max-video-preview:-1"},"canonical":"https:\/\/stivel.net\/fr\/product\/velours-italien-leopard\/","og_locale":"fr_FR","og_type":"article","og_title":"VELOURS ITALIEN LEOPARD - Stivel","og_description":"Le velours italien LEOPARD apporte une note d'excentricit\u00e9 et de sophistication \u00e0 tout espace. Id\u00e9al pour l'ameublement et accessoires de d\u00e9coration.","og_url":"https:\/\/stivel.net\/fr\/product\/velours-italien-leopard\/","og_site_name":"Stivel","article_publisher":"https:\/\/www.facebook.com\/profile.php?id=100063564997749","article_modified_time":"2023-11-27T10:26:03+00:00","og_image":[{"width":2560,"height":1707,"url":"https:\/\/stivel.net\/wp-content\/uploads\/2023\/11\/leopard-scaled.webp","type":"image\/webp"}],"schema":{"@context":"https:\/\/schema.org","@graph":[{"@type":"WebPage","@id":"https:\/\/stivel.net\/fr\/product\/velours-italien-leopard\/","url":"https:\/\/stivel.net\/fr\/product\/velours-italien-leopard\/","name":"VELOURS ITALIEN LEOPARD - Stivel","isPartOf":{"@id":"https:\/\/stivel.net\/fr\/#website"},"primaryImageOfPage":{"@id":"https:\/\/stivel.net\/fr\/product\/velours-italien-leopard\/#primaryimage"},"image":{"@id":"https:\/\/stivel.net\/fr\/product\/velours-italien-leopard\/#primaryimage"},"thumbnailUrl":"https:\/\/stivel.net\/wp-content\/uploads\/2023\/11\/leopard-scaled.webp","datePublished":"2023-11-10T08:46:46+00:00","dateModified":"2023-11-27T10:26:03+00:00","description":"Le velours italien LEOPARD apporte une note d'excentricit\u00e9 et de sophistication \u00e0 tout espace. Id\u00e9al pour l'ameublement et accessoires de d\u00e9coration.","breadcrumb":{"@id":"https:\/\/stivel.net\/fr\/product\/velours-italien-leopard\/#breadcrumb"},"inLanguage":"fr-FR","potentialAction":[{"@type":"ReadAction","target":["https:\/\/stivel.net\/fr\/product\/velours-italien-leopard\/"]}]},{"@type":"ImageObject","inLanguage":"fr-FR","@id":"https:\/\/stivel.net\/fr\/product\/velours-italien-leopard\/#primaryimage","url":"https:\/\/stivel.net\/wp-content\/uploads\/2023\/11\/leopard-scaled.webp","contentUrl":"https:\/\/stivel.net\/wp-content\/uploads\/2023\/11\/leopard-scaled.webp","width":2560,"height":1707,"caption":"Italian Velvelt Leopard"},{"@type":"BreadcrumbList","@id":"https:\/\/stivel.net\/fr\/product\/velours-italien-leopard\/#breadcrumb","itemListElement":[{"@type":"ListItem","position":1,"name":"Home","item":"https:\/\/stivel.net\/fr\/"},{"@type":"ListItem","position":2,"name":"Produits","item":"https:\/\/stivel.net\/fr\/shop\/"},{"@type":"ListItem","position":3,"name":"VELOURS ITALIEN LEOPARD"}]},{"@type":"WebSite","@id":"https:\/\/stivel.net\/fr\/#website","url":"https:\/\/stivel.net\/fr\/","name":"Stivel","description":"Interior decoration","publisher":{"@id":"https:\/\/stivel.net\/fr\/#organization"},"alternateName":"Stivel decoration","potentialAction":[{"@type":"SearchAction","target":{"@type":"EntryPoint","urlTemplate":"https:\/\/stivel.net\/fr\/?s={search_term_string}"},"query-input":{"@type":"PropertyValueSpecification","valueRequired":true,"valueName":"search_term_string"}}],"inLanguage":"fr-FR"},{"@type":"Organization","@id":"https:\/\/stivel.net\/fr\/#organization","name":"STIVEL","url":"https:\/\/stivel.net\/fr\/","logo":{"@type":"ImageObject","inLanguage":"fr-FR","@id":"https:\/\/stivel.net\/fr\/#\/schema\/logo\/image\/","url":"https:\/\/stivel.net\/wp-content\/uploads\/2023\/01\/logo-stivel-black.png","contentUrl":"https:\/\/stivel.net\/wp-content\/uploads\/2023\/01\/logo-stivel-black.png","width":1932,"height":431,"caption":"STIVEL"},"image":{"@id":"https:\/\/stivel.net\/fr\/#\/schema\/logo\/image\/"},"sameAs":["https:\/\/www.facebook.com\/profile.php?id=100063564997749","https:\/\/www.instagram.com\/stiveltunisie\/?hl=en"]}]}},"_links":{"self":[{"href":"https:\/\/stivel.net\/fr\/wp-json\/wp\/v2\/product\/13034","targetHints":{"allow":["GET"]}}],"collection":[{"href":"https:\/\/stivel.net\/fr\/wp-json\/wp\/v2\/product"}],"about":[{"href":"https:\/\/stivel.net\/fr\/wp-json\/wp\/v2\/types\/product"}],"wp:featuredmedia":[{"embeddable":true,"href":"https:\/\/stivel.net\/fr\/wp-json\/wp\/v2\/media\/13037"}],"wp:attachment":[{"href":"https:\/\/stivel.net\/fr\/wp-json\/wp\/v2\/media?parent=13034"}],"wp:term":[{"taxonomy":"product_brand","embeddable":true,"href":"https:\/\/stivel.net\/fr\/wp-json\/wp\/v2\/product_brand?post=13034"},{"taxonomy":"product_cat","embeddable":true,"href":"https:\/\/stivel.net\/fr\/wp-json\/wp\/v2\/product_cat?post=13034"},{"taxonomy":"product_tag","embeddable":true,"href":"https:\/\/stivel.net\/fr\/wp-json\/wp\/v2\/product_tag?post=13034"}],"curies":[{"name":"wp","href":"https:\/\/api.w.org\/{rel}","templated":true}]}}