{"id":13030,"date":"2023-11-10T08:43:19","date_gmt":"2023-11-10T08:43:19","guid":{"rendered":"https:\/\/stivel.net\/?post_type=product&#038;p=13030"},"modified":"2023-11-27T10:35:15","modified_gmt":"2023-11-27T10:35:15","slug":"velours-italien-dilara","status":"publish","type":"product","link":"https:\/\/stivel.net\/fr\/product\/velours-italien-dilara\/","title":{"rendered":"VELOURS ITALIEN DILARA"},"content":{"rendered":"<p>[vc_row][vc_column][vc_column_text]Le velours italien DILARA comme toute notre collection de velours italien incarne l&rsquo;excellence du tissage complexe de ce tissu haut de gamme \u00e0 la durabilit\u00e9 exceptionnelle.<\/p>\n<p>La gamme DILARA est un choix \u00e9l\u00e9gant et raffin\u00e9 pour cr\u00e9er une ambiance chaleureuse et accueillante. Polyvalent, ce motif ajoute la sophistication qui sublimera tout espace int\u00e9rieur, quel que soit le style recherch\u00e9.<br \/>\nLe velours italien DILARA apporte le romantisme recherch\u00e9 au travers des rideaux, des coussins et couvre-lit d\u2019une chambre.<br \/>\nIl apporte \u00e9galement la touche vintage et \u00e9l\u00e9gante d\u2019un espace commercial ou d\u2019un petit salon d\u2019un h\u00f4tel \u00e0 la recherche d\u2019originalit\u00e9 et de sophistication.<\/p>\n<p>Nos tissus DILARA sont fabriqu\u00e9s \u00e0 partir de fils rigoureusement s\u00e9lectionn\u00e9s pour leur qualit\u00e9 et durabilit\u00e9. Ils offrent une texture riche et velout\u00e9e, un toucher soyeux \u00e9voquant imm\u00e9diatement un univers chaleureux et chic et une grande polyvalence en termes de cr\u00e9ation. Un tissu qui associe le confort et la qualit\u00e9 de sa texture \u00e0 la richesse artistique de ses motifs.<\/p>\n<p>Notre velours italien DILARA r\u00e9pond \u00e9galement aux engagements en faveur d&rsquo;une politique durable, tant sur le plan social qu&rsquo;environnemental, d\u00e9finit par STIVEL. <a href=\"https:\/\/stivel.net\/fr\/product-category\/velours-italien\/\" target=\"_blank\" rel=\"noopener\">D\u00e9couvrez l&rsquo;ensemble de nos velours italien<\/a>.\/vc_column_text][\/vc_column][\/vc_row]<\/p>\n","protected":false},"excerpt":{"rendered":"<p>D\u00e9couvrez l\u2019\u00e9l\u00e9gance intemporelle de notre luxueux tissu en velours italien floral, DILARA, parfait pour la d\u00e9coration int\u00e9rieure, et tous les projets d\u2019ameublement d\u2019inspiration vintage chic.<\/p>\n<ul>\n<li>Tissu luxueux<\/li>\n<li>Design floral<\/li>\n<li>D\u00e9coration int\u00e9rieure<\/li>\n<\/ul>\n","protected":false},"featured_media":13033,"template":"","meta":[],"product_brand":[],"product_cat":[186],"product_tag":[190],"class_list":{"0":"post-13030","1":"product","2":"type-product","3":"status-publish","4":"has-post-thumbnail","6":"product_cat-velours-italien","7":"product_tag-velours-italien","9":"first","10":"instock","11":"shipping-taxable","12":"purchasable","13":"product-type-simple"},"yoast_head":"<!-- This site is optimized with the Yoast SEO plugin v27.3 - https:\/\/yoast.com\/product\/yoast-seo-wordpress\/ -->\n<title>VELOURS ITALIEN DILARA - Stivel<\/title>\n<meta name=\"description\" content=\"Le velours italien DILARA apporte une note vintage chic \u00e0 tout espace. Id\u00e9al pour l&#039;ameublement et accessoires de d\u00e9coration.\" \/>\n<meta name=\"robots\" content=\"index, follow, max-snippet:-1, max-image-preview:large, max-video-preview:-1\" \/>\n<link rel=\"canonical\" href=\"https:\/\/stivel.net\/fr\/product\/velours-italien-dilara\/\" \/>\n<meta property=\"og:locale\" content=\"fr_FR\" \/>\n<meta property=\"og:type\" content=\"article\" \/>\n<meta property=\"og:title\" content=\"VELOURS ITALIEN DILARA - Stivel\" \/>\n<meta property=\"og:description\" content=\"Le velours italien DILARA apporte une note vintage chic \u00e0 tout espace. Id\u00e9al pour l&#039;ameublement et accessoires de d\u00e9coration.\" \/>\n<meta property=\"og:url\" content=\"https:\/\/stivel.net\/fr\/product\/velours-italien-dilara\/\" \/>\n<meta property=\"og:site_name\" content=\"Stivel\" \/>\n<meta property=\"article:publisher\" content=\"https:\/\/www.facebook.com\/profile.php?id=100063564997749\" \/>\n<meta property=\"article:modified_time\" content=\"2023-11-27T10:35:15+00:00\" \/>\n<meta property=\"og:image\" content=\"https:\/\/stivel.net\/wp-content\/uploads\/2023\/11\/dilara-scaled.webp\" \/>\n\t<meta property=\"og:image:width\" content=\"2560\" \/>\n\t<meta property=\"og:image:height\" content=\"1733\" \/>\n\t<meta property=\"og:image:type\" content=\"image\/webp\" \/>\n<script type=\"application\/ld+json\" class=\"yoast-schema-graph\">{\"@context\":\"https:\\\/\\\/schema.org\",\"@graph\":[{\"@type\":\"WebPage\",\"@id\":\"https:\\\/\\\/stivel.net\\\/fr\\\/product\\\/velours-italien-dilara\\\/\",\"url\":\"https:\\\/\\\/stivel.net\\\/fr\\\/product\\\/velours-italien-dilara\\\/\",\"name\":\"VELOURS ITALIEN DILARA - Stivel\",\"isPartOf\":{\"@id\":\"https:\\\/\\\/stivel.net\\\/fr\\\/#website\"},\"primaryImageOfPage\":{\"@id\":\"https:\\\/\\\/stivel.net\\\/fr\\\/product\\\/velours-italien-dilara\\\/#primaryimage\"},\"image\":{\"@id\":\"https:\\\/\\\/stivel.net\\\/fr\\\/product\\\/velours-italien-dilara\\\/#primaryimage\"},\"thumbnailUrl\":\"https:\\\/\\\/stivel.net\\\/wp-content\\\/uploads\\\/2023\\\/11\\\/dilara-scaled.webp\",\"datePublished\":\"2023-11-10T08:43:19+00:00\",\"dateModified\":\"2023-11-27T10:35:15+00:00\",\"description\":\"Le velours italien DILARA apporte une note vintage chic \u00e0 tout espace. Id\u00e9al pour l'ameublement et accessoires de d\u00e9coration.\",\"breadcrumb\":{\"@id\":\"https:\\\/\\\/stivel.net\\\/fr\\\/product\\\/velours-italien-dilara\\\/#breadcrumb\"},\"inLanguage\":\"fr-FR\",\"potentialAction\":[{\"@type\":\"ReadAction\",\"target\":[\"https:\\\/\\\/stivel.net\\\/fr\\\/product\\\/velours-italien-dilara\\\/\"]}]},{\"@type\":\"ImageObject\",\"inLanguage\":\"fr-FR\",\"@id\":\"https:\\\/\\\/stivel.net\\\/fr\\\/product\\\/velours-italien-dilara\\\/#primaryimage\",\"url\":\"https:\\\/\\\/stivel.net\\\/wp-content\\\/uploads\\\/2023\\\/11\\\/dilara-scaled.webp\",\"contentUrl\":\"https:\\\/\\\/stivel.net\\\/wp-content\\\/uploads\\\/2023\\\/11\\\/dilara-scaled.webp\",\"width\":2560,\"height\":1733,\"caption\":\"Italian Velvet Dilara\"},{\"@type\":\"BreadcrumbList\",\"@id\":\"https:\\\/\\\/stivel.net\\\/fr\\\/product\\\/velours-italien-dilara\\\/#breadcrumb\",\"itemListElement\":[{\"@type\":\"ListItem\",\"position\":1,\"name\":\"Home\",\"item\":\"https:\\\/\\\/stivel.net\\\/fr\\\/\"},{\"@type\":\"ListItem\",\"position\":2,\"name\":\"Produits\",\"item\":\"https:\\\/\\\/stivel.net\\\/fr\\\/shop\\\/\"},{\"@type\":\"ListItem\",\"position\":3,\"name\":\"VELOURS ITALIEN DILARA\"}]},{\"@type\":\"WebSite\",\"@id\":\"https:\\\/\\\/stivel.net\\\/fr\\\/#website\",\"url\":\"https:\\\/\\\/stivel.net\\\/fr\\\/\",\"name\":\"Stivel\",\"description\":\"Interior decoration\",\"publisher\":{\"@id\":\"https:\\\/\\\/stivel.net\\\/fr\\\/#organization\"},\"alternateName\":\"Stivel decoration\",\"potentialAction\":[{\"@type\":\"SearchAction\",\"target\":{\"@type\":\"EntryPoint\",\"urlTemplate\":\"https:\\\/\\\/stivel.net\\\/fr\\\/?s={search_term_string}\"},\"query-input\":{\"@type\":\"PropertyValueSpecification\",\"valueRequired\":true,\"valueName\":\"search_term_string\"}}],\"inLanguage\":\"fr-FR\"},{\"@type\":\"Organization\",\"@id\":\"https:\\\/\\\/stivel.net\\\/fr\\\/#organization\",\"name\":\"STIVEL\",\"url\":\"https:\\\/\\\/stivel.net\\\/fr\\\/\",\"logo\":{\"@type\":\"ImageObject\",\"inLanguage\":\"fr-FR\",\"@id\":\"https:\\\/\\\/stivel.net\\\/fr\\\/#\\\/schema\\\/logo\\\/image\\\/\",\"url\":\"https:\\\/\\\/stivel.net\\\/wp-content\\\/uploads\\\/2023\\\/01\\\/logo-stivel-black.png\",\"contentUrl\":\"https:\\\/\\\/stivel.net\\\/wp-content\\\/uploads\\\/2023\\\/01\\\/logo-stivel-black.png\",\"width\":1932,\"height\":431,\"caption\":\"STIVEL\"},\"image\":{\"@id\":\"https:\\\/\\\/stivel.net\\\/fr\\\/#\\\/schema\\\/logo\\\/image\\\/\"},\"sameAs\":[\"https:\\\/\\\/www.facebook.com\\\/profile.php?id=100063564997749\",\"https:\\\/\\\/www.instagram.com\\\/stiveltunisie\\\/?hl=en\"]}]}<\/script>\n<!-- \/ Yoast SEO plugin. -->","yoast_head_json":{"title":"VELOURS ITALIEN DILARA - Stivel","description":"Le velours italien DILARA apporte une note vintage chic \u00e0 tout espace. Id\u00e9al pour l'ameublement et accessoires de d\u00e9coration.","robots":{"index":"index","follow":"follow","max-snippet":"max-snippet:-1","max-image-preview":"max-image-preview:large","max-video-preview":"max-video-preview:-1"},"canonical":"https:\/\/stivel.net\/fr\/product\/velours-italien-dilara\/","og_locale":"fr_FR","og_type":"article","og_title":"VELOURS ITALIEN DILARA - Stivel","og_description":"Le velours italien DILARA apporte une note vintage chic \u00e0 tout espace. Id\u00e9al pour l'ameublement et accessoires de d\u00e9coration.","og_url":"https:\/\/stivel.net\/fr\/product\/velours-italien-dilara\/","og_site_name":"Stivel","article_publisher":"https:\/\/www.facebook.com\/profile.php?id=100063564997749","article_modified_time":"2023-11-27T10:35:15+00:00","og_image":[{"width":2560,"height":1733,"url":"https:\/\/stivel.net\/wp-content\/uploads\/2023\/11\/dilara-scaled.webp","type":"image\/webp"}],"schema":{"@context":"https:\/\/schema.org","@graph":[{"@type":"WebPage","@id":"https:\/\/stivel.net\/fr\/product\/velours-italien-dilara\/","url":"https:\/\/stivel.net\/fr\/product\/velours-italien-dilara\/","name":"VELOURS ITALIEN DILARA - Stivel","isPartOf":{"@id":"https:\/\/stivel.net\/fr\/#website"},"primaryImageOfPage":{"@id":"https:\/\/stivel.net\/fr\/product\/velours-italien-dilara\/#primaryimage"},"image":{"@id":"https:\/\/stivel.net\/fr\/product\/velours-italien-dilara\/#primaryimage"},"thumbnailUrl":"https:\/\/stivel.net\/wp-content\/uploads\/2023\/11\/dilara-scaled.webp","datePublished":"2023-11-10T08:43:19+00:00","dateModified":"2023-11-27T10:35:15+00:00","description":"Le velours italien DILARA apporte une note vintage chic \u00e0 tout espace. Id\u00e9al pour l'ameublement et accessoires de d\u00e9coration.","breadcrumb":{"@id":"https:\/\/stivel.net\/fr\/product\/velours-italien-dilara\/#breadcrumb"},"inLanguage":"fr-FR","potentialAction":[{"@type":"ReadAction","target":["https:\/\/stivel.net\/fr\/product\/velours-italien-dilara\/"]}]},{"@type":"ImageObject","inLanguage":"fr-FR","@id":"https:\/\/stivel.net\/fr\/product\/velours-italien-dilara\/#primaryimage","url":"https:\/\/stivel.net\/wp-content\/uploads\/2023\/11\/dilara-scaled.webp","contentUrl":"https:\/\/stivel.net\/wp-content\/uploads\/2023\/11\/dilara-scaled.webp","width":2560,"height":1733,"caption":"Italian Velvet Dilara"},{"@type":"BreadcrumbList","@id":"https:\/\/stivel.net\/fr\/product\/velours-italien-dilara\/#breadcrumb","itemListElement":[{"@type":"ListItem","position":1,"name":"Home","item":"https:\/\/stivel.net\/fr\/"},{"@type":"ListItem","position":2,"name":"Produits","item":"https:\/\/stivel.net\/fr\/shop\/"},{"@type":"ListItem","position":3,"name":"VELOURS ITALIEN DILARA"}]},{"@type":"WebSite","@id":"https:\/\/stivel.net\/fr\/#website","url":"https:\/\/stivel.net\/fr\/","name":"Stivel","description":"Interior decoration","publisher":{"@id":"https:\/\/stivel.net\/fr\/#organization"},"alternateName":"Stivel decoration","potentialAction":[{"@type":"SearchAction","target":{"@type":"EntryPoint","urlTemplate":"https:\/\/stivel.net\/fr\/?s={search_term_string}"},"query-input":{"@type":"PropertyValueSpecification","valueRequired":true,"valueName":"search_term_string"}}],"inLanguage":"fr-FR"},{"@type":"Organization","@id":"https:\/\/stivel.net\/fr\/#organization","name":"STIVEL","url":"https:\/\/stivel.net\/fr\/","logo":{"@type":"ImageObject","inLanguage":"fr-FR","@id":"https:\/\/stivel.net\/fr\/#\/schema\/logo\/image\/","url":"https:\/\/stivel.net\/wp-content\/uploads\/2023\/01\/logo-stivel-black.png","contentUrl":"https:\/\/stivel.net\/wp-content\/uploads\/2023\/01\/logo-stivel-black.png","width":1932,"height":431,"caption":"STIVEL"},"image":{"@id":"https:\/\/stivel.net\/fr\/#\/schema\/logo\/image\/"},"sameAs":["https:\/\/www.facebook.com\/profile.php?id=100063564997749","https:\/\/www.instagram.com\/stiveltunisie\/?hl=en"]}]}},"_links":{"self":[{"href":"https:\/\/stivel.net\/fr\/wp-json\/wp\/v2\/product\/13030","targetHints":{"allow":["GET"]}}],"collection":[{"href":"https:\/\/stivel.net\/fr\/wp-json\/wp\/v2\/product"}],"about":[{"href":"https:\/\/stivel.net\/fr\/wp-json\/wp\/v2\/types\/product"}],"wp:featuredmedia":[{"embeddable":true,"href":"https:\/\/stivel.net\/fr\/wp-json\/wp\/v2\/media\/13033"}],"wp:attachment":[{"href":"https:\/\/stivel.net\/fr\/wp-json\/wp\/v2\/media?parent=13030"}],"wp:term":[{"taxonomy":"product_brand","embeddable":true,"href":"https:\/\/stivel.net\/fr\/wp-json\/wp\/v2\/product_brand?post=13030"},{"taxonomy":"product_cat","embeddable":true,"href":"https:\/\/stivel.net\/fr\/wp-json\/wp\/v2\/product_cat?post=13030"},{"taxonomy":"product_tag","embeddable":true,"href":"https:\/\/stivel.net\/fr\/wp-json\/wp\/v2\/product_tag?post=13030"}],"curies":[{"name":"wp","href":"https:\/\/api.w.org\/{rel}","templated":true}]}}