{"id":13023,"date":"2023-11-09T09:37:08","date_gmt":"2023-11-09T09:37:08","guid":{"rendered":"https:\/\/stivel.net\/?post_type=product&#038;p=13023"},"modified":"2024-02-06T16:03:12","modified_gmt":"2024-02-06T16:03:12","slug":"velours-italien-salonga","status":"publish","type":"product","link":"https:\/\/stivel.net\/fr\/product\/velours-italien-salonga\/","title":{"rendered":"VELOURS ITALIEN SALONGA"},"content":{"rendered":"<p>[vc_row][vc_column][vc_column_text]<\/p>\n<p>Le velours italien SALONGA repr\u00e9sente l&rsquo;expertise distinctive de STIVEL dans la conception et la r\u00e9alisation de tissus \u00e0 trame complexe, pour r\u00e9pondre particuli\u00e8rement aux attentes des fabricants de meubles, \u00e9diteurs de tissus et h\u00f4tels en qu\u00eate d&rsquo;excellence.<\/p>\n<p>La couleur unie d&rsquo;une luminosit\u00e9 exceptionnelle offre une polyvalence remarquable, s&rsquo;adaptant avec \u00e9l\u00e9gance \u00e0 tous les projets de d\u00e9coration et d&rsquo;ameublement. Utilis\u00e9 comme rev\u00eatement d&rsquo;assise pour si\u00e8ges ou fauteuils, ce velours italien offre un effet haut de gamme r\u00e9solument contemporain, garantissant un confort optimal tout en ajoutant une touche de sophistication. Ce tissu offre en effet une exp\u00e9rience de confort et de douceur, o\u00f9 chaque fibre est une invitation au bien-\u00eatre.<\/p>\n<p>En tant qu&rsquo;\u00e9l\u00e9ment d&rsquo;accessoires tels que coussins et rideaux, ce velours italien illumine instantan\u00e9ment les espaces de vie, ajoutant une note de raffinement et de modernit\u00e9. Chaque d\u00e9tail du processus de tissage est r\u00e9alis\u00e9 avec une m\u00e9ticulosit\u00e9 in\u00e9gal\u00e9e, garantissant une finition parfaite \u00e0 chaque \u00e9tape de la fabrication. Ce souci du d\u00e9tail fait de ce velours italien un choix privil\u00e9gi\u00e9 pour tous types de projets, assurant une qualit\u00e9 exceptionnelle et une esth\u00e9tique impeccable.<\/p>\n<p>Ce velours italien s&rsquo;impose comme l&rsquo;un des tissus embl\u00e9matiques de STIVEL. Sa fabrication respecte scrupuleusement les valeurs sociales et environnementales de STIVEL. Pour les professionnels exigeants qui cherchent \u00e0 cr\u00e9er des espaces \u00e9l\u00e9gants et durables, le velours italien SALONGA offre une solution in\u00e9gal\u00e9e. <a href=\"https:\/\/stivel.net\/fr\/product-category\/velours-italien\/\" target=\"_blank\" rel=\"noopener\">D\u00e9couvrez l\u2019ensemble de la gamme des velours italien<\/a>.[\/vc_column_text][\/vc_column][\/vc_row]<\/p>\n","protected":false},"excerpt":{"rendered":"<p>Le velours italien SALONGA offre une polyvalence exceptionnelle en termes d\u2019utilisation. Sa couleur lumineuse, faussement unie et le tramage complexe de son tissage en font un tissu remarquable \u00e0 plus d\u2019un titre.<\/p>\n<ul>\n<li>Tramage multi-dimensionnel<\/li>\n<li>Velours italien<\/li>\n<li>D\u00e9coration int\u00e9rieure<\/li>\n<\/ul>\n","protected":false},"featured_media":13202,"template":"","meta":[],"product_brand":[],"product_cat":[186],"product_tag":[194,193,190],"class_list":{"0":"post-13023","1":"product","2":"type-product","3":"status-publish","4":"has-post-thumbnail","6":"product_cat-velours-italien","7":"product_tag-gamme-areca-fr","8":"product_tag-jacquard-fr","9":"product_tag-velours-italien","11":"first","12":"instock","13":"shipping-taxable","14":"purchasable","15":"product-type-simple"},"yoast_head":"<!-- This site is optimized with the Yoast SEO plugin v27.3 - https:\/\/yoast.com\/product\/yoast-seo-wordpress\/ -->\n<title>Velours italien Salonga<\/title>\n<meta name=\"description\" content=\"Le velours italien SALONGA offre une polyvalence exceptionnelle en termes d\u2019utilisation, avec sa couleur lumineuse et son tramage complexe remarquable.\" \/>\n<meta name=\"robots\" content=\"index, follow, max-snippet:-1, max-image-preview:large, max-video-preview:-1\" \/>\n<link rel=\"canonical\" href=\"https:\/\/stivel.net\/fr\/product\/velours-italien-salonga\/\" \/>\n<meta property=\"og:locale\" content=\"fr_FR\" \/>\n<meta property=\"og:type\" content=\"article\" \/>\n<meta property=\"og:title\" content=\"Velours italien Salonga\" \/>\n<meta property=\"og:description\" content=\"Le velours italien SALONGA offre une polyvalence exceptionnelle en termes d\u2019utilisation, avec sa couleur lumineuse et son tramage complexe remarquable.\" \/>\n<meta property=\"og:url\" content=\"https:\/\/stivel.net\/fr\/product\/velours-italien-salonga\/\" \/>\n<meta property=\"og:site_name\" content=\"Stivel\" \/>\n<meta property=\"article:publisher\" content=\"https:\/\/www.facebook.com\/profile.php?id=100063564997749\" \/>\n<meta property=\"article:modified_time\" content=\"2024-02-06T16:03:12+00:00\" \/>\n<meta property=\"og:image\" content=\"https:\/\/stivel.net\/wp-content\/uploads\/2023\/11\/salonga-scaled.webp\" \/>\n\t<meta property=\"og:image:width\" content=\"2560\" \/>\n\t<meta property=\"og:image:height\" content=\"1708\" \/>\n\t<meta property=\"og:image:type\" content=\"image\/webp\" \/>\n<script type=\"application\/ld+json\" class=\"yoast-schema-graph\">{\"@context\":\"https:\\\/\\\/schema.org\",\"@graph\":[{\"@type\":\"WebPage\",\"@id\":\"https:\\\/\\\/stivel.net\\\/fr\\\/product\\\/velours-italien-salonga\\\/\",\"url\":\"https:\\\/\\\/stivel.net\\\/fr\\\/product\\\/velours-italien-salonga\\\/\",\"name\":\"Velours italien Salonga\",\"isPartOf\":{\"@id\":\"https:\\\/\\\/stivel.net\\\/fr\\\/#website\"},\"primaryImageOfPage\":{\"@id\":\"https:\\\/\\\/stivel.net\\\/fr\\\/product\\\/velours-italien-salonga\\\/#primaryimage\"},\"image\":{\"@id\":\"https:\\\/\\\/stivel.net\\\/fr\\\/product\\\/velours-italien-salonga\\\/#primaryimage\"},\"thumbnailUrl\":\"https:\\\/\\\/stivel.net\\\/wp-content\\\/uploads\\\/2023\\\/11\\\/salonga-scaled.webp\",\"datePublished\":\"2023-11-09T09:37:08+00:00\",\"dateModified\":\"2024-02-06T16:03:12+00:00\",\"description\":\"Le velours italien SALONGA offre une polyvalence exceptionnelle en termes d\u2019utilisation, avec sa couleur lumineuse et son tramage complexe remarquable.\",\"breadcrumb\":{\"@id\":\"https:\\\/\\\/stivel.net\\\/fr\\\/product\\\/velours-italien-salonga\\\/#breadcrumb\"},\"inLanguage\":\"fr-FR\",\"potentialAction\":[{\"@type\":\"ReadAction\",\"target\":[\"https:\\\/\\\/stivel.net\\\/fr\\\/product\\\/velours-italien-salonga\\\/\"]}]},{\"@type\":\"ImageObject\",\"inLanguage\":\"fr-FR\",\"@id\":\"https:\\\/\\\/stivel.net\\\/fr\\\/product\\\/velours-italien-salonga\\\/#primaryimage\",\"url\":\"https:\\\/\\\/stivel.net\\\/wp-content\\\/uploads\\\/2023\\\/11\\\/salonga-scaled.webp\",\"contentUrl\":\"https:\\\/\\\/stivel.net\\\/wp-content\\\/uploads\\\/2023\\\/11\\\/salonga-scaled.webp\",\"width\":2560,\"height\":1708},{\"@type\":\"BreadcrumbList\",\"@id\":\"https:\\\/\\\/stivel.net\\\/fr\\\/product\\\/velours-italien-salonga\\\/#breadcrumb\",\"itemListElement\":[{\"@type\":\"ListItem\",\"position\":1,\"name\":\"Home\",\"item\":\"https:\\\/\\\/stivel.net\\\/fr\\\/\"},{\"@type\":\"ListItem\",\"position\":2,\"name\":\"Produits\",\"item\":\"https:\\\/\\\/stivel.net\\\/fr\\\/shop\\\/\"},{\"@type\":\"ListItem\",\"position\":3,\"name\":\"VELOURS ITALIEN SALONGA\"}]},{\"@type\":\"WebSite\",\"@id\":\"https:\\\/\\\/stivel.net\\\/fr\\\/#website\",\"url\":\"https:\\\/\\\/stivel.net\\\/fr\\\/\",\"name\":\"Stivel\",\"description\":\"Interior decoration\",\"publisher\":{\"@id\":\"https:\\\/\\\/stivel.net\\\/fr\\\/#organization\"},\"alternateName\":\"Stivel decoration\",\"potentialAction\":[{\"@type\":\"SearchAction\",\"target\":{\"@type\":\"EntryPoint\",\"urlTemplate\":\"https:\\\/\\\/stivel.net\\\/fr\\\/?s={search_term_string}\"},\"query-input\":{\"@type\":\"PropertyValueSpecification\",\"valueRequired\":true,\"valueName\":\"search_term_string\"}}],\"inLanguage\":\"fr-FR\"},{\"@type\":\"Organization\",\"@id\":\"https:\\\/\\\/stivel.net\\\/fr\\\/#organization\",\"name\":\"STIVEL\",\"url\":\"https:\\\/\\\/stivel.net\\\/fr\\\/\",\"logo\":{\"@type\":\"ImageObject\",\"inLanguage\":\"fr-FR\",\"@id\":\"https:\\\/\\\/stivel.net\\\/fr\\\/#\\\/schema\\\/logo\\\/image\\\/\",\"url\":\"https:\\\/\\\/stivel.net\\\/wp-content\\\/uploads\\\/2023\\\/01\\\/logo-stivel-black.png\",\"contentUrl\":\"https:\\\/\\\/stivel.net\\\/wp-content\\\/uploads\\\/2023\\\/01\\\/logo-stivel-black.png\",\"width\":1932,\"height\":431,\"caption\":\"STIVEL\"},\"image\":{\"@id\":\"https:\\\/\\\/stivel.net\\\/fr\\\/#\\\/schema\\\/logo\\\/image\\\/\"},\"sameAs\":[\"https:\\\/\\\/www.facebook.com\\\/profile.php?id=100063564997749\",\"https:\\\/\\\/www.instagram.com\\\/stiveltunisie\\\/?hl=en\"]}]}<\/script>\n<!-- \/ Yoast SEO plugin. -->","yoast_head_json":{"title":"Velours italien Salonga","description":"Le velours italien SALONGA offre une polyvalence exceptionnelle en termes d\u2019utilisation, avec sa couleur lumineuse et son tramage complexe remarquable.","robots":{"index":"index","follow":"follow","max-snippet":"max-snippet:-1","max-image-preview":"max-image-preview:large","max-video-preview":"max-video-preview:-1"},"canonical":"https:\/\/stivel.net\/fr\/product\/velours-italien-salonga\/","og_locale":"fr_FR","og_type":"article","og_title":"Velours italien Salonga","og_description":"Le velours italien SALONGA offre une polyvalence exceptionnelle en termes d\u2019utilisation, avec sa couleur lumineuse et son tramage complexe remarquable.","og_url":"https:\/\/stivel.net\/fr\/product\/velours-italien-salonga\/","og_site_name":"Stivel","article_publisher":"https:\/\/www.facebook.com\/profile.php?id=100063564997749","article_modified_time":"2024-02-06T16:03:12+00:00","og_image":[{"width":2560,"height":1708,"url":"https:\/\/stivel.net\/wp-content\/uploads\/2023\/11\/salonga-scaled.webp","type":"image\/webp"}],"schema":{"@context":"https:\/\/schema.org","@graph":[{"@type":"WebPage","@id":"https:\/\/stivel.net\/fr\/product\/velours-italien-salonga\/","url":"https:\/\/stivel.net\/fr\/product\/velours-italien-salonga\/","name":"Velours italien Salonga","isPartOf":{"@id":"https:\/\/stivel.net\/fr\/#website"},"primaryImageOfPage":{"@id":"https:\/\/stivel.net\/fr\/product\/velours-italien-salonga\/#primaryimage"},"image":{"@id":"https:\/\/stivel.net\/fr\/product\/velours-italien-salonga\/#primaryimage"},"thumbnailUrl":"https:\/\/stivel.net\/wp-content\/uploads\/2023\/11\/salonga-scaled.webp","datePublished":"2023-11-09T09:37:08+00:00","dateModified":"2024-02-06T16:03:12+00:00","description":"Le velours italien SALONGA offre une polyvalence exceptionnelle en termes d\u2019utilisation, avec sa couleur lumineuse et son tramage complexe remarquable.","breadcrumb":{"@id":"https:\/\/stivel.net\/fr\/product\/velours-italien-salonga\/#breadcrumb"},"inLanguage":"fr-FR","potentialAction":[{"@type":"ReadAction","target":["https:\/\/stivel.net\/fr\/product\/velours-italien-salonga\/"]}]},{"@type":"ImageObject","inLanguage":"fr-FR","@id":"https:\/\/stivel.net\/fr\/product\/velours-italien-salonga\/#primaryimage","url":"https:\/\/stivel.net\/wp-content\/uploads\/2023\/11\/salonga-scaled.webp","contentUrl":"https:\/\/stivel.net\/wp-content\/uploads\/2023\/11\/salonga-scaled.webp","width":2560,"height":1708},{"@type":"BreadcrumbList","@id":"https:\/\/stivel.net\/fr\/product\/velours-italien-salonga\/#breadcrumb","itemListElement":[{"@type":"ListItem","position":1,"name":"Home","item":"https:\/\/stivel.net\/fr\/"},{"@type":"ListItem","position":2,"name":"Produits","item":"https:\/\/stivel.net\/fr\/shop\/"},{"@type":"ListItem","position":3,"name":"VELOURS ITALIEN SALONGA"}]},{"@type":"WebSite","@id":"https:\/\/stivel.net\/fr\/#website","url":"https:\/\/stivel.net\/fr\/","name":"Stivel","description":"Interior decoration","publisher":{"@id":"https:\/\/stivel.net\/fr\/#organization"},"alternateName":"Stivel decoration","potentialAction":[{"@type":"SearchAction","target":{"@type":"EntryPoint","urlTemplate":"https:\/\/stivel.net\/fr\/?s={search_term_string}"},"query-input":{"@type":"PropertyValueSpecification","valueRequired":true,"valueName":"search_term_string"}}],"inLanguage":"fr-FR"},{"@type":"Organization","@id":"https:\/\/stivel.net\/fr\/#organization","name":"STIVEL","url":"https:\/\/stivel.net\/fr\/","logo":{"@type":"ImageObject","inLanguage":"fr-FR","@id":"https:\/\/stivel.net\/fr\/#\/schema\/logo\/image\/","url":"https:\/\/stivel.net\/wp-content\/uploads\/2023\/01\/logo-stivel-black.png","contentUrl":"https:\/\/stivel.net\/wp-content\/uploads\/2023\/01\/logo-stivel-black.png","width":1932,"height":431,"caption":"STIVEL"},"image":{"@id":"https:\/\/stivel.net\/fr\/#\/schema\/logo\/image\/"},"sameAs":["https:\/\/www.facebook.com\/profile.php?id=100063564997749","https:\/\/www.instagram.com\/stiveltunisie\/?hl=en"]}]}},"_links":{"self":[{"href":"https:\/\/stivel.net\/fr\/wp-json\/wp\/v2\/product\/13023","targetHints":{"allow":["GET"]}}],"collection":[{"href":"https:\/\/stivel.net\/fr\/wp-json\/wp\/v2\/product"}],"about":[{"href":"https:\/\/stivel.net\/fr\/wp-json\/wp\/v2\/types\/product"}],"wp:featuredmedia":[{"embeddable":true,"href":"https:\/\/stivel.net\/fr\/wp-json\/wp\/v2\/media\/13202"}],"wp:attachment":[{"href":"https:\/\/stivel.net\/fr\/wp-json\/wp\/v2\/media?parent=13023"}],"wp:term":[{"taxonomy":"product_brand","embeddable":true,"href":"https:\/\/stivel.net\/fr\/wp-json\/wp\/v2\/product_brand?post=13023"},{"taxonomy":"product_cat","embeddable":true,"href":"https:\/\/stivel.net\/fr\/wp-json\/wp\/v2\/product_cat?post=13023"},{"taxonomy":"product_tag","embeddable":true,"href":"https:\/\/stivel.net\/fr\/wp-json\/wp\/v2\/product_tag?post=13023"}],"curies":[{"name":"wp","href":"https:\/\/api.w.org\/{rel}","templated":true}]}}