{"id":13019,"date":"2023-11-08T11:22:09","date_gmt":"2023-11-08T11:22:09","guid":{"rendered":"https:\/\/stivel.net\/?post_type=product&#038;p=13019"},"modified":"2023-12-09T16:23:57","modified_gmt":"2023-12-09T16:23:57","slug":"jacquard-badji","status":"publish","type":"product","link":"https:\/\/stivel.net\/fr\/product\/jacquard-badji\/","title":{"rendered":"JACQUARD BADJI"},"content":{"rendered":"<p>[vc_row][vc_column][vc_column_text]Ce beau tissu jacquard BADJI tr\u00e8s graphique rend hommage avec \u00e9l\u00e9gance aux symboles g\u00e9om\u00e9triques, avec un jeu de lignes et de formes parfaitement coordonn\u00e9es. Les couleurs ont \u00e9t\u00e9 subtilement associ\u00e9es pour cr\u00e9er une ambiance aussi saisissante qu\u2019attractive.<\/p>\n<p>Tonique et dynamique, notre jacquard BADJI se pr\u00eate id\u00e9alement pour habiller toutes les assises mais aussi toutes les tentures int\u00e9rieures. Il \u00e9voque un graphisme des ann\u00e9es 1970 revisit\u00e9 avec \u00e9l\u00e9gance et dynamisera tous les espaces contemporains.<\/p>\n<p>De pr\u00e8s, ce tissage aux reflets et motifs diff\u00e9rentes offrent une impression de richesse et de complexit\u00e9. Avec une certaine distance, l\u2019effet graphique et architectur\u00e9 est pleinement abouti, et conf\u00e9re une allure distinctive \u00e0 tout int\u00e9rieur. La finesse du jacquard BADJI pr\u00e9sente une r\u00e9sistance exceptionnelle et un toucher aussi d\u00e9licat que soyeux. Les qualit\u00e9s de ce tissu d&rsquo;exception en font un choix id\u00e9al pour les assises et les double-rideaux.<\/p>\n<p>Le savoir-faire de STIVEL se refl\u00e8te une nouvelle fois ici dans la qualit\u00e9 exceptionnelle de ce tissu jacquard. Con\u00e7u et confectionn\u00e9 int\u00e9gralement dans nos ateliers, ce jacquard incarne les valeurs fondamentales de notre entreprise port\u00e9es par nos \u00e9quipes : l&rsquo;excellence, le respect des engagements sociaux et environnementaux. <a href=\"https:\/\/stivel.net\/fr\/product-category\/jacquard-fr\/\" target=\"_blank\" rel=\"noopener\">D\u00e9couvrez l&rsquo;ensemble de notre collection de tissus jacquard.<\/a>[\/vc_column_text][\/vc_column][\/vc_row]<\/p>\n","protected":false},"excerpt":{"rendered":"<p>Notre tissu jacquard BADJI r\u00e9pond \u00e0 tous les amoureux de figures g\u00e9om\u00e9triques, avec le souci du d\u00e9tail et la perfection du tissage. Un motif et une trame qui s\u2019adapte avec \u00e9l\u00e9gance et modernit\u00e9 aux diff\u00e9rents habillements de d\u00e9coration int\u00e9rieure.<\/p>\n<ul>\n<li>Motif g\u00e9om\u00e9trique<\/li>\n<li>Tissu Jacquard<\/li>\n<li>D\u00e9coration int\u00e9rieure<\/li>\n<\/ul>\n","protected":false},"featured_media":13021,"template":"","meta":[],"product_brand":[],"product_cat":[187],"product_tag":[194,193],"class_list":{"0":"post-13019","1":"product","2":"type-product","3":"status-publish","4":"has-post-thumbnail","6":"product_cat-jacquard-fr","7":"product_tag-gamme-areca-fr","8":"product_tag-jacquard-fr","10":"first","11":"instock","12":"shipping-taxable","13":"purchasable","14":"product-type-simple"},"yoast_head":"<!-- This site is optimized with the Yoast SEO plugin v27.3 - https:\/\/yoast.com\/product\/yoast-seo-wordpress\/ -->\n<title>Jacquard BADJI<\/title>\n<meta name=\"description\" content=\"Notre tissu jacquard BADJI r\u00e9pond \u00e0 tous les amoureux de figures g\u00e9om\u00e9triques, avec le souci du d\u00e9tail et la perfection du tissage.\" \/>\n<meta name=\"robots\" content=\"index, follow, max-snippet:-1, max-image-preview:large, max-video-preview:-1\" \/>\n<link rel=\"canonical\" href=\"https:\/\/stivel.net\/fr\/product\/jacquard-badji\/\" \/>\n<meta property=\"og:locale\" content=\"fr_FR\" \/>\n<meta property=\"og:type\" content=\"article\" \/>\n<meta property=\"og:title\" content=\"Jacquard BADJI\" \/>\n<meta property=\"og:description\" content=\"Notre tissu jacquard BADJI r\u00e9pond \u00e0 tous les amoureux de figures g\u00e9om\u00e9triques, avec le souci du d\u00e9tail et la perfection du tissage.\" \/>\n<meta property=\"og:url\" content=\"https:\/\/stivel.net\/fr\/product\/jacquard-badji\/\" \/>\n<meta property=\"og:site_name\" content=\"Stivel\" \/>\n<meta property=\"article:publisher\" content=\"https:\/\/www.facebook.com\/profile.php?id=100063564997749\" \/>\n<meta property=\"article:modified_time\" content=\"2023-12-09T16:23:57+00:00\" \/>\n<meta property=\"og:image\" content=\"https:\/\/stivel.net\/wp-content\/uploads\/2023\/11\/badji-scaled.webp\" \/>\n\t<meta property=\"og:image:width\" content=\"2560\" \/>\n\t<meta property=\"og:image:height\" content=\"1659\" \/>\n\t<meta property=\"og:image:type\" content=\"image\/webp\" \/>\n<script type=\"application\/ld+json\" class=\"yoast-schema-graph\">{\"@context\":\"https:\\\/\\\/schema.org\",\"@graph\":[{\"@type\":\"WebPage\",\"@id\":\"https:\\\/\\\/stivel.net\\\/fr\\\/product\\\/jacquard-badji\\\/\",\"url\":\"https:\\\/\\\/stivel.net\\\/fr\\\/product\\\/jacquard-badji\\\/\",\"name\":\"Jacquard BADJI\",\"isPartOf\":{\"@id\":\"https:\\\/\\\/stivel.net\\\/fr\\\/#website\"},\"primaryImageOfPage\":{\"@id\":\"https:\\\/\\\/stivel.net\\\/fr\\\/product\\\/jacquard-badji\\\/#primaryimage\"},\"image\":{\"@id\":\"https:\\\/\\\/stivel.net\\\/fr\\\/product\\\/jacquard-badji\\\/#primaryimage\"},\"thumbnailUrl\":\"https:\\\/\\\/stivel.net\\\/wp-content\\\/uploads\\\/2023\\\/11\\\/badji-scaled.webp\",\"datePublished\":\"2023-11-08T11:22:09+00:00\",\"dateModified\":\"2023-12-09T16:23:57+00:00\",\"description\":\"Notre tissu jacquard BADJI r\u00e9pond \u00e0 tous les amoureux de figures g\u00e9om\u00e9triques, avec le souci du d\u00e9tail et la perfection du tissage.\",\"breadcrumb\":{\"@id\":\"https:\\\/\\\/stivel.net\\\/fr\\\/product\\\/jacquard-badji\\\/#breadcrumb\"},\"inLanguage\":\"fr-FR\",\"potentialAction\":[{\"@type\":\"ReadAction\",\"target\":[\"https:\\\/\\\/stivel.net\\\/fr\\\/product\\\/jacquard-badji\\\/\"]}]},{\"@type\":\"ImageObject\",\"inLanguage\":\"fr-FR\",\"@id\":\"https:\\\/\\\/stivel.net\\\/fr\\\/product\\\/jacquard-badji\\\/#primaryimage\",\"url\":\"https:\\\/\\\/stivel.net\\\/wp-content\\\/uploads\\\/2023\\\/11\\\/badji-scaled.webp\",\"contentUrl\":\"https:\\\/\\\/stivel.net\\\/wp-content\\\/uploads\\\/2023\\\/11\\\/badji-scaled.webp\",\"width\":2560,\"height\":1659,\"caption\":\"JACQUARD BADJI\"},{\"@type\":\"BreadcrumbList\",\"@id\":\"https:\\\/\\\/stivel.net\\\/fr\\\/product\\\/jacquard-badji\\\/#breadcrumb\",\"itemListElement\":[{\"@type\":\"ListItem\",\"position\":1,\"name\":\"Home\",\"item\":\"https:\\\/\\\/stivel.net\\\/fr\\\/\"},{\"@type\":\"ListItem\",\"position\":2,\"name\":\"Produits\",\"item\":\"https:\\\/\\\/stivel.net\\\/fr\\\/shop\\\/\"},{\"@type\":\"ListItem\",\"position\":3,\"name\":\"JACQUARD BADJI\"}]},{\"@type\":\"WebSite\",\"@id\":\"https:\\\/\\\/stivel.net\\\/fr\\\/#website\",\"url\":\"https:\\\/\\\/stivel.net\\\/fr\\\/\",\"name\":\"Stivel\",\"description\":\"Interior decoration\",\"publisher\":{\"@id\":\"https:\\\/\\\/stivel.net\\\/fr\\\/#organization\"},\"alternateName\":\"Stivel decoration\",\"potentialAction\":[{\"@type\":\"SearchAction\",\"target\":{\"@type\":\"EntryPoint\",\"urlTemplate\":\"https:\\\/\\\/stivel.net\\\/fr\\\/?s={search_term_string}\"},\"query-input\":{\"@type\":\"PropertyValueSpecification\",\"valueRequired\":true,\"valueName\":\"search_term_string\"}}],\"inLanguage\":\"fr-FR\"},{\"@type\":\"Organization\",\"@id\":\"https:\\\/\\\/stivel.net\\\/fr\\\/#organization\",\"name\":\"STIVEL\",\"url\":\"https:\\\/\\\/stivel.net\\\/fr\\\/\",\"logo\":{\"@type\":\"ImageObject\",\"inLanguage\":\"fr-FR\",\"@id\":\"https:\\\/\\\/stivel.net\\\/fr\\\/#\\\/schema\\\/logo\\\/image\\\/\",\"url\":\"https:\\\/\\\/stivel.net\\\/wp-content\\\/uploads\\\/2023\\\/01\\\/logo-stivel-black.png\",\"contentUrl\":\"https:\\\/\\\/stivel.net\\\/wp-content\\\/uploads\\\/2023\\\/01\\\/logo-stivel-black.png\",\"width\":1932,\"height\":431,\"caption\":\"STIVEL\"},\"image\":{\"@id\":\"https:\\\/\\\/stivel.net\\\/fr\\\/#\\\/schema\\\/logo\\\/image\\\/\"},\"sameAs\":[\"https:\\\/\\\/www.facebook.com\\\/profile.php?id=100063564997749\",\"https:\\\/\\\/www.instagram.com\\\/stiveltunisie\\\/?hl=en\"]}]}<\/script>\n<!-- \/ Yoast SEO plugin. -->","yoast_head_json":{"title":"Jacquard BADJI","description":"Notre tissu jacquard BADJI r\u00e9pond \u00e0 tous les amoureux de figures g\u00e9om\u00e9triques, avec le souci du d\u00e9tail et la perfection du tissage.","robots":{"index":"index","follow":"follow","max-snippet":"max-snippet:-1","max-image-preview":"max-image-preview:large","max-video-preview":"max-video-preview:-1"},"canonical":"https:\/\/stivel.net\/fr\/product\/jacquard-badji\/","og_locale":"fr_FR","og_type":"article","og_title":"Jacquard BADJI","og_description":"Notre tissu jacquard BADJI r\u00e9pond \u00e0 tous les amoureux de figures g\u00e9om\u00e9triques, avec le souci du d\u00e9tail et la perfection du tissage.","og_url":"https:\/\/stivel.net\/fr\/product\/jacquard-badji\/","og_site_name":"Stivel","article_publisher":"https:\/\/www.facebook.com\/profile.php?id=100063564997749","article_modified_time":"2023-12-09T16:23:57+00:00","og_image":[{"width":2560,"height":1659,"url":"https:\/\/stivel.net\/wp-content\/uploads\/2023\/11\/badji-scaled.webp","type":"image\/webp"}],"schema":{"@context":"https:\/\/schema.org","@graph":[{"@type":"WebPage","@id":"https:\/\/stivel.net\/fr\/product\/jacquard-badji\/","url":"https:\/\/stivel.net\/fr\/product\/jacquard-badji\/","name":"Jacquard BADJI","isPartOf":{"@id":"https:\/\/stivel.net\/fr\/#website"},"primaryImageOfPage":{"@id":"https:\/\/stivel.net\/fr\/product\/jacquard-badji\/#primaryimage"},"image":{"@id":"https:\/\/stivel.net\/fr\/product\/jacquard-badji\/#primaryimage"},"thumbnailUrl":"https:\/\/stivel.net\/wp-content\/uploads\/2023\/11\/badji-scaled.webp","datePublished":"2023-11-08T11:22:09+00:00","dateModified":"2023-12-09T16:23:57+00:00","description":"Notre tissu jacquard BADJI r\u00e9pond \u00e0 tous les amoureux de figures g\u00e9om\u00e9triques, avec le souci du d\u00e9tail et la perfection du tissage.","breadcrumb":{"@id":"https:\/\/stivel.net\/fr\/product\/jacquard-badji\/#breadcrumb"},"inLanguage":"fr-FR","potentialAction":[{"@type":"ReadAction","target":["https:\/\/stivel.net\/fr\/product\/jacquard-badji\/"]}]},{"@type":"ImageObject","inLanguage":"fr-FR","@id":"https:\/\/stivel.net\/fr\/product\/jacquard-badji\/#primaryimage","url":"https:\/\/stivel.net\/wp-content\/uploads\/2023\/11\/badji-scaled.webp","contentUrl":"https:\/\/stivel.net\/wp-content\/uploads\/2023\/11\/badji-scaled.webp","width":2560,"height":1659,"caption":"JACQUARD BADJI"},{"@type":"BreadcrumbList","@id":"https:\/\/stivel.net\/fr\/product\/jacquard-badji\/#breadcrumb","itemListElement":[{"@type":"ListItem","position":1,"name":"Home","item":"https:\/\/stivel.net\/fr\/"},{"@type":"ListItem","position":2,"name":"Produits","item":"https:\/\/stivel.net\/fr\/shop\/"},{"@type":"ListItem","position":3,"name":"JACQUARD BADJI"}]},{"@type":"WebSite","@id":"https:\/\/stivel.net\/fr\/#website","url":"https:\/\/stivel.net\/fr\/","name":"Stivel","description":"Interior decoration","publisher":{"@id":"https:\/\/stivel.net\/fr\/#organization"},"alternateName":"Stivel decoration","potentialAction":[{"@type":"SearchAction","target":{"@type":"EntryPoint","urlTemplate":"https:\/\/stivel.net\/fr\/?s={search_term_string}"},"query-input":{"@type":"PropertyValueSpecification","valueRequired":true,"valueName":"search_term_string"}}],"inLanguage":"fr-FR"},{"@type":"Organization","@id":"https:\/\/stivel.net\/fr\/#organization","name":"STIVEL","url":"https:\/\/stivel.net\/fr\/","logo":{"@type":"ImageObject","inLanguage":"fr-FR","@id":"https:\/\/stivel.net\/fr\/#\/schema\/logo\/image\/","url":"https:\/\/stivel.net\/wp-content\/uploads\/2023\/01\/logo-stivel-black.png","contentUrl":"https:\/\/stivel.net\/wp-content\/uploads\/2023\/01\/logo-stivel-black.png","width":1932,"height":431,"caption":"STIVEL"},"image":{"@id":"https:\/\/stivel.net\/fr\/#\/schema\/logo\/image\/"},"sameAs":["https:\/\/www.facebook.com\/profile.php?id=100063564997749","https:\/\/www.instagram.com\/stiveltunisie\/?hl=en"]}]}},"_links":{"self":[{"href":"https:\/\/stivel.net\/fr\/wp-json\/wp\/v2\/product\/13019","targetHints":{"allow":["GET"]}}],"collection":[{"href":"https:\/\/stivel.net\/fr\/wp-json\/wp\/v2\/product"}],"about":[{"href":"https:\/\/stivel.net\/fr\/wp-json\/wp\/v2\/types\/product"}],"wp:featuredmedia":[{"embeddable":true,"href":"https:\/\/stivel.net\/fr\/wp-json\/wp\/v2\/media\/13021"}],"wp:attachment":[{"href":"https:\/\/stivel.net\/fr\/wp-json\/wp\/v2\/media?parent=13019"}],"wp:term":[{"taxonomy":"product_brand","embeddable":true,"href":"https:\/\/stivel.net\/fr\/wp-json\/wp\/v2\/product_brand?post=13019"},{"taxonomy":"product_cat","embeddable":true,"href":"https:\/\/stivel.net\/fr\/wp-json\/wp\/v2\/product_cat?post=13019"},{"taxonomy":"product_tag","embeddable":true,"href":"https:\/\/stivel.net\/fr\/wp-json\/wp\/v2\/product_tag?post=13019"}],"curies":[{"name":"wp","href":"https:\/\/api.w.org\/{rel}","templated":true}]}}