{"id":12983,"date":"2023-09-29T14:25:22","date_gmt":"2023-09-29T14:25:22","guid":{"rendered":"https:\/\/stivel.net\/?post_type=product&#038;p=12983"},"modified":"2023-12-09T16:28:00","modified_gmt":"2023-12-09T16:28:00","slug":"jacquard-edea","status":"publish","type":"product","link":"https:\/\/stivel.net\/fr\/product\/jacquard-edea\/","title":{"rendered":"JACQUARD EDEA"},"content":{"rendered":"<p>[vc_row][vc_column][vc_column_text]Arborant des visages stylis\u00e9s, le tissu jacquard EDEA r\u00e9v\u00e8le une teinte en noir et blanc, assimilable \u00e0 une v\u00e9ritable \u0153uvre d&rsquo;art textile. Sa conception le pr\u00e9destine \u00e0 sublimer tout mobilier int\u00e9rieur, qu&rsquo;il s&rsquo;agisse de canap\u00e9s, de sofas ou de fauteuils. Il s\u2019harmonise dans l&rsquo;univers de la d\u00e9coration en se pr\u00eatant \u00e0 des accessoires tels que des rideaux, des tentures murales, des plaids, ou des housses de coussins, ajoutant une touche d&rsquo;\u00e9l\u00e9gance et de raffinement \u00e0 tous les espaces int\u00e9rieurs.<\/p>\n<p>En premi\u00e8re intention, ce magnifique tissu propose autant de douceur que de confort. La deuxi\u00e8me intention s\u2019exprime par le contraste monochrome qui offre une belle note artistique qui ind\u00e9niablement apportera sophistication et raffinement \u00e0 tout projet de d\u00e9coration.<\/p>\n<p>Le tissu Jacquard EDEA est fa\u00e7onn\u00e9 \u00e0 partir de fils d&rsquo;une qualit\u00e9 exceptionnelle, garantissant une r\u00e9sistance parfaite dans les domaines professionnels les plus exigeants. En effet, comme l&rsquo;ensemble de la collection \u00e9labor\u00e9e par STIVEL, il se distingue par sa durabilit\u00e9 face \u00e0 l&rsquo;\u00e9preuve du temps et aux passages fr\u00e9quents.<\/p>\n<p>Le savoir-faire exceptionnel de STIVEL s\u2019exprime dans le tissage premium de ce tissu au sein des ateliers de l\u2019entreprise. Il t\u00e9moigne de l\u2019engagement des \u00e9quipes STIVEL envers l&rsquo;excellence et le respect des normes sociales et environnementales. <a href=\"https:\/\/stivel.net\/fr\/product-category\/jacquard-fr\/\" target=\"_blank\" rel=\"noopener\">D\u00e9couvrez la diversit\u00e9 de nos cr\u00e9ations en tissus jacquard.<\/a>\/vc_column_text][\/vc_column][\/vc_row]<\/p>\n","protected":false},"excerpt":{"rendered":"<p>Notre tissu jacquard EDEA est notre tissu ultra tendance, parfait pour une ambiance contemporaine, aux allures artistiques incomparables. Cet \u00e9l\u00e9gant tissu trouve sa place dans tout projet d\u2019am\u00e9nagement.<\/p>\n<ul>\n<li>Dessin visages artistiques<\/li>\n<li>Tissu Jacquard<\/li>\n<li>D\u00e9coration int\u00e9rieure<\/li>\n<\/ul>\n","protected":false},"featured_media":12985,"template":"","meta":[],"product_brand":[],"product_cat":[187],"product_tag":[194,193],"class_list":{"0":"post-12983","1":"product","2":"type-product","3":"status-publish","4":"has-post-thumbnail","6":"product_cat-jacquard-fr","7":"product_tag-gamme-areca-fr","8":"product_tag-jacquard-fr","10":"first","11":"instock","12":"shipping-taxable","13":"purchasable","14":"product-type-simple"},"yoast_head":"<!-- This site is optimized with the Yoast SEO plugin v27.3 - https:\/\/yoast.com\/product\/yoast-seo-wordpress\/ -->\n<title>Jacquard EDEA<\/title>\n<meta name=\"description\" content=\"Notre tissu jacquard EDEA, ultra tendance, est parfait pour une ambiance contemporaine, aux allures artistiques incomparables.\" \/>\n<meta name=\"robots\" content=\"index, follow, max-snippet:-1, max-image-preview:large, max-video-preview:-1\" \/>\n<link rel=\"canonical\" href=\"https:\/\/stivel.net\/fr\/product\/jacquard-edea\/\" \/>\n<meta property=\"og:locale\" content=\"fr_FR\" \/>\n<meta property=\"og:type\" content=\"article\" \/>\n<meta property=\"og:title\" content=\"Jacquard EDEA\" \/>\n<meta property=\"og:description\" content=\"Notre tissu jacquard EDEA, ultra tendance, est parfait pour une ambiance contemporaine, aux allures artistiques incomparables.\" \/>\n<meta property=\"og:url\" content=\"https:\/\/stivel.net\/fr\/product\/jacquard-edea\/\" \/>\n<meta property=\"og:site_name\" content=\"Stivel\" \/>\n<meta property=\"article:publisher\" content=\"https:\/\/www.facebook.com\/profile.php?id=100063564997749\" \/>\n<meta property=\"article:modified_time\" content=\"2023-12-09T16:28:00+00:00\" \/>\n<meta property=\"og:image\" content=\"https:\/\/stivel.net\/wp-content\/uploads\/2023\/09\/rideaux-edea.webp\" \/>\n\t<meta property=\"og:image:width\" content=\"1200\" \/>\n\t<meta property=\"og:image:height\" content=\"1200\" \/>\n\t<meta property=\"og:image:type\" content=\"image\/webp\" \/>\n<script type=\"application\/ld+json\" class=\"yoast-schema-graph\">{\"@context\":\"https:\\\/\\\/schema.org\",\"@graph\":[{\"@type\":\"WebPage\",\"@id\":\"https:\\\/\\\/stivel.net\\\/fr\\\/product\\\/jacquard-edea\\\/\",\"url\":\"https:\\\/\\\/stivel.net\\\/fr\\\/product\\\/jacquard-edea\\\/\",\"name\":\"Jacquard EDEA\",\"isPartOf\":{\"@id\":\"https:\\\/\\\/stivel.net\\\/fr\\\/#website\"},\"primaryImageOfPage\":{\"@id\":\"https:\\\/\\\/stivel.net\\\/fr\\\/product\\\/jacquard-edea\\\/#primaryimage\"},\"image\":{\"@id\":\"https:\\\/\\\/stivel.net\\\/fr\\\/product\\\/jacquard-edea\\\/#primaryimage\"},\"thumbnailUrl\":\"https:\\\/\\\/stivel.net\\\/wp-content\\\/uploads\\\/2023\\\/09\\\/rideaux-edea.webp\",\"datePublished\":\"2023-09-29T14:25:22+00:00\",\"dateModified\":\"2023-12-09T16:28:00+00:00\",\"description\":\"Notre tissu jacquard EDEA, ultra tendance, est parfait pour une ambiance contemporaine, aux allures artistiques incomparables.\",\"breadcrumb\":{\"@id\":\"https:\\\/\\\/stivel.net\\\/fr\\\/product\\\/jacquard-edea\\\/#breadcrumb\"},\"inLanguage\":\"fr-FR\",\"potentialAction\":[{\"@type\":\"ReadAction\",\"target\":[\"https:\\\/\\\/stivel.net\\\/fr\\\/product\\\/jacquard-edea\\\/\"]}]},{\"@type\":\"ImageObject\",\"inLanguage\":\"fr-FR\",\"@id\":\"https:\\\/\\\/stivel.net\\\/fr\\\/product\\\/jacquard-edea\\\/#primaryimage\",\"url\":\"https:\\\/\\\/stivel.net\\\/wp-content\\\/uploads\\\/2023\\\/09\\\/rideaux-edea.webp\",\"contentUrl\":\"https:\\\/\\\/stivel.net\\\/wp-content\\\/uploads\\\/2023\\\/09\\\/rideaux-edea.webp\",\"width\":1200,\"height\":1200,\"caption\":\"JACQUARD EDEA\"},{\"@type\":\"BreadcrumbList\",\"@id\":\"https:\\\/\\\/stivel.net\\\/fr\\\/product\\\/jacquard-edea\\\/#breadcrumb\",\"itemListElement\":[{\"@type\":\"ListItem\",\"position\":1,\"name\":\"Home\",\"item\":\"https:\\\/\\\/stivel.net\\\/fr\\\/\"},{\"@type\":\"ListItem\",\"position\":2,\"name\":\"Produits\",\"item\":\"https:\\\/\\\/stivel.net\\\/fr\\\/shop\\\/\"},{\"@type\":\"ListItem\",\"position\":3,\"name\":\"JACQUARD EDEA\"}]},{\"@type\":\"WebSite\",\"@id\":\"https:\\\/\\\/stivel.net\\\/fr\\\/#website\",\"url\":\"https:\\\/\\\/stivel.net\\\/fr\\\/\",\"name\":\"Stivel\",\"description\":\"Interior decoration\",\"publisher\":{\"@id\":\"https:\\\/\\\/stivel.net\\\/fr\\\/#organization\"},\"alternateName\":\"Stivel decoration\",\"potentialAction\":[{\"@type\":\"SearchAction\",\"target\":{\"@type\":\"EntryPoint\",\"urlTemplate\":\"https:\\\/\\\/stivel.net\\\/fr\\\/?s={search_term_string}\"},\"query-input\":{\"@type\":\"PropertyValueSpecification\",\"valueRequired\":true,\"valueName\":\"search_term_string\"}}],\"inLanguage\":\"fr-FR\"},{\"@type\":\"Organization\",\"@id\":\"https:\\\/\\\/stivel.net\\\/fr\\\/#organization\",\"name\":\"STIVEL\",\"url\":\"https:\\\/\\\/stivel.net\\\/fr\\\/\",\"logo\":{\"@type\":\"ImageObject\",\"inLanguage\":\"fr-FR\",\"@id\":\"https:\\\/\\\/stivel.net\\\/fr\\\/#\\\/schema\\\/logo\\\/image\\\/\",\"url\":\"https:\\\/\\\/stivel.net\\\/wp-content\\\/uploads\\\/2023\\\/01\\\/logo-stivel-black.png\",\"contentUrl\":\"https:\\\/\\\/stivel.net\\\/wp-content\\\/uploads\\\/2023\\\/01\\\/logo-stivel-black.png\",\"width\":1932,\"height\":431,\"caption\":\"STIVEL\"},\"image\":{\"@id\":\"https:\\\/\\\/stivel.net\\\/fr\\\/#\\\/schema\\\/logo\\\/image\\\/\"},\"sameAs\":[\"https:\\\/\\\/www.facebook.com\\\/profile.php?id=100063564997749\",\"https:\\\/\\\/www.instagram.com\\\/stiveltunisie\\\/?hl=en\"]}]}<\/script>\n<!-- \/ Yoast SEO plugin. -->","yoast_head_json":{"title":"Jacquard EDEA","description":"Notre tissu jacquard EDEA, ultra tendance, est parfait pour une ambiance contemporaine, aux allures artistiques incomparables.","robots":{"index":"index","follow":"follow","max-snippet":"max-snippet:-1","max-image-preview":"max-image-preview:large","max-video-preview":"max-video-preview:-1"},"canonical":"https:\/\/stivel.net\/fr\/product\/jacquard-edea\/","og_locale":"fr_FR","og_type":"article","og_title":"Jacquard EDEA","og_description":"Notre tissu jacquard EDEA, ultra tendance, est parfait pour une ambiance contemporaine, aux allures artistiques incomparables.","og_url":"https:\/\/stivel.net\/fr\/product\/jacquard-edea\/","og_site_name":"Stivel","article_publisher":"https:\/\/www.facebook.com\/profile.php?id=100063564997749","article_modified_time":"2023-12-09T16:28:00+00:00","og_image":[{"width":1200,"height":1200,"url":"https:\/\/stivel.net\/wp-content\/uploads\/2023\/09\/rideaux-edea.webp","type":"image\/webp"}],"schema":{"@context":"https:\/\/schema.org","@graph":[{"@type":"WebPage","@id":"https:\/\/stivel.net\/fr\/product\/jacquard-edea\/","url":"https:\/\/stivel.net\/fr\/product\/jacquard-edea\/","name":"Jacquard EDEA","isPartOf":{"@id":"https:\/\/stivel.net\/fr\/#website"},"primaryImageOfPage":{"@id":"https:\/\/stivel.net\/fr\/product\/jacquard-edea\/#primaryimage"},"image":{"@id":"https:\/\/stivel.net\/fr\/product\/jacquard-edea\/#primaryimage"},"thumbnailUrl":"https:\/\/stivel.net\/wp-content\/uploads\/2023\/09\/rideaux-edea.webp","datePublished":"2023-09-29T14:25:22+00:00","dateModified":"2023-12-09T16:28:00+00:00","description":"Notre tissu jacquard EDEA, ultra tendance, est parfait pour une ambiance contemporaine, aux allures artistiques incomparables.","breadcrumb":{"@id":"https:\/\/stivel.net\/fr\/product\/jacquard-edea\/#breadcrumb"},"inLanguage":"fr-FR","potentialAction":[{"@type":"ReadAction","target":["https:\/\/stivel.net\/fr\/product\/jacquard-edea\/"]}]},{"@type":"ImageObject","inLanguage":"fr-FR","@id":"https:\/\/stivel.net\/fr\/product\/jacquard-edea\/#primaryimage","url":"https:\/\/stivel.net\/wp-content\/uploads\/2023\/09\/rideaux-edea.webp","contentUrl":"https:\/\/stivel.net\/wp-content\/uploads\/2023\/09\/rideaux-edea.webp","width":1200,"height":1200,"caption":"JACQUARD EDEA"},{"@type":"BreadcrumbList","@id":"https:\/\/stivel.net\/fr\/product\/jacquard-edea\/#breadcrumb","itemListElement":[{"@type":"ListItem","position":1,"name":"Home","item":"https:\/\/stivel.net\/fr\/"},{"@type":"ListItem","position":2,"name":"Produits","item":"https:\/\/stivel.net\/fr\/shop\/"},{"@type":"ListItem","position":3,"name":"JACQUARD EDEA"}]},{"@type":"WebSite","@id":"https:\/\/stivel.net\/fr\/#website","url":"https:\/\/stivel.net\/fr\/","name":"Stivel","description":"Interior decoration","publisher":{"@id":"https:\/\/stivel.net\/fr\/#organization"},"alternateName":"Stivel decoration","potentialAction":[{"@type":"SearchAction","target":{"@type":"EntryPoint","urlTemplate":"https:\/\/stivel.net\/fr\/?s={search_term_string}"},"query-input":{"@type":"PropertyValueSpecification","valueRequired":true,"valueName":"search_term_string"}}],"inLanguage":"fr-FR"},{"@type":"Organization","@id":"https:\/\/stivel.net\/fr\/#organization","name":"STIVEL","url":"https:\/\/stivel.net\/fr\/","logo":{"@type":"ImageObject","inLanguage":"fr-FR","@id":"https:\/\/stivel.net\/fr\/#\/schema\/logo\/image\/","url":"https:\/\/stivel.net\/wp-content\/uploads\/2023\/01\/logo-stivel-black.png","contentUrl":"https:\/\/stivel.net\/wp-content\/uploads\/2023\/01\/logo-stivel-black.png","width":1932,"height":431,"caption":"STIVEL"},"image":{"@id":"https:\/\/stivel.net\/fr\/#\/schema\/logo\/image\/"},"sameAs":["https:\/\/www.facebook.com\/profile.php?id=100063564997749","https:\/\/www.instagram.com\/stiveltunisie\/?hl=en"]}]}},"_links":{"self":[{"href":"https:\/\/stivel.net\/fr\/wp-json\/wp\/v2\/product\/12983","targetHints":{"allow":["GET"]}}],"collection":[{"href":"https:\/\/stivel.net\/fr\/wp-json\/wp\/v2\/product"}],"about":[{"href":"https:\/\/stivel.net\/fr\/wp-json\/wp\/v2\/types\/product"}],"wp:featuredmedia":[{"embeddable":true,"href":"https:\/\/stivel.net\/fr\/wp-json\/wp\/v2\/media\/12985"}],"wp:attachment":[{"href":"https:\/\/stivel.net\/fr\/wp-json\/wp\/v2\/media?parent=12983"}],"wp:term":[{"taxonomy":"product_brand","embeddable":true,"href":"https:\/\/stivel.net\/fr\/wp-json\/wp\/v2\/product_brand?post=12983"},{"taxonomy":"product_cat","embeddable":true,"href":"https:\/\/stivel.net\/fr\/wp-json\/wp\/v2\/product_cat?post=12983"},{"taxonomy":"product_tag","embeddable":true,"href":"https:\/\/stivel.net\/fr\/wp-json\/wp\/v2\/product_tag?post=12983"}],"curies":[{"name":"wp","href":"https:\/\/api.w.org\/{rel}","templated":true}]}}