{"id":12970,"date":"2023-09-29T09:30:21","date_gmt":"2023-09-29T09:30:21","guid":{"rendered":"https:\/\/stivel.net\/?post_type=product&#038;p=12970"},"modified":"2023-12-09T16:32:24","modified_gmt":"2023-12-09T16:32:24","slug":"jacquard-avani2","status":"publish","type":"product","link":"https:\/\/stivel.net\/fr\/product\/jacquard-avani2\/","title":{"rendered":"JACQUARD AVANI2"},"content":{"rendered":"<p>[vc_row][vc_column][vc_column_text]Le tissu Jacquard AVANI2 est r\u00e9alis\u00e9 par nos \u00e9quipes \u00e0 partir de fils de haute qualit\u00e9 pour une r\u00e9sistance parfaitement adapt\u00e9s aux secteurs professionnels. Il est en effet, comme l\u2019ensemble de la gamme des produits STIVEL, ultra r\u00e9sistant \u00e0 l\u2019\u00e9preuve du temps et aux grands passages.<\/p>\n<p>Son motif et sa couleur min\u00e9rale en font \u00e9galement un tissu id\u00e9al pour habiller avec modernit\u00e9 tout meuble int\u00e9rieur\u00a0: canap\u00e9, sofa, fauteuil. Il sait \u00e9galement parfaitement s\u2019adapter aux accessoires tels que des rideaux, des tentures murales, des housses de coussins pour offrir une touche \u00e9l\u00e9gante et chic et rehausser tous les espaces int\u00e9rieurs.<\/p>\n<p>Au-del\u00e0 de la sensation premi\u00e8re de douceur et de confort et de sa grande r\u00e9sistance, la mati\u00e8re du fil r\u00e9agit au tissage en apportant une richesse de contraste et une grande vari\u00e9t\u00e9 de tons monochromes. Le design en relief offre une sensation de douceur et la complexit\u00e9 artistique apporte ind\u00e9niablement une touche de sophistication.<\/p>\n<p>Le savoir-faire STIVEL offre \u00e0 ce tissu jacquard AVANI2 une qualit\u00e9 exceptionnelle. Enti\u00e8rement con\u00e7u et confectionn\u00e9 dans les ateliers de l\u2019entreprise, ce\u00a0 tissu jacquard respecte fondamentalement les valeurs de l\u2019entreprise : l\u2019excellence, le respect des engagements au niveau social et environnemental. <a href=\"https:\/\/stivel.net\/fr\/product-category\/jacquard-fr\/\" target=\"_blank\" rel=\"noopener\">D\u00e9couvrez l&rsquo;ensemble de nos tissus jacquard<\/a>.[\/vc_column_text][\/vc_column][\/vc_row]<\/p>\n","protected":false},"excerpt":{"rendered":"<p>Ajoutez une touche de nature \u00e0 votre d\u00e9coration int\u00e9rieure avec notre tissu jacquard \u00e0 feuilles d&rsquo;ar\u00e9ca &#8211; parfait pour la d\u00e9coration int\u00e9rieure et les accessoires.<\/p>\n<ul>\n<li>Feuilles d&rsquo;ar\u00e9ca<\/li>\n<li>Tissu Jacquard<\/li>\n<li>Inspir\u00e9 de la nature<\/li>\n<\/ul>\n","protected":false},"featured_media":12981,"template":"","meta":[],"product_brand":[],"product_cat":[187],"product_tag":[194,193],"class_list":{"0":"post-12970","1":"product","2":"type-product","3":"status-publish","4":"has-post-thumbnail","6":"product_cat-jacquard-fr","7":"product_tag-gamme-areca-fr","8":"product_tag-jacquard-fr","10":"first","11":"instock","12":"shipping-taxable","13":"purchasable","14":"product-type-simple"},"yoast_head":"<!-- This site is optimized with the Yoast SEO plugin v27.3 - https:\/\/yoast.com\/product\/yoast-seo-wordpress\/ -->\n<title>Jacquard AVANI2<\/title>\n<meta name=\"description\" content=\"Avec son coloris d\u00e9licat et min\u00e9ral, notre tissu jacquard AVANI2 offre une interpr\u00e9tation aussi romantique que contemporaine.\" \/>\n<meta name=\"robots\" content=\"index, follow, max-snippet:-1, max-image-preview:large, max-video-preview:-1\" \/>\n<link rel=\"canonical\" href=\"https:\/\/stivel.net\/fr\/product\/jacquard-avani2\/\" \/>\n<meta property=\"og:locale\" content=\"fr_FR\" \/>\n<meta property=\"og:type\" content=\"article\" \/>\n<meta property=\"og:title\" content=\"Jacquard AVANI2\" \/>\n<meta property=\"og:description\" content=\"Avec son coloris d\u00e9licat et min\u00e9ral, notre tissu jacquard AVANI2 offre une interpr\u00e9tation aussi romantique que contemporaine.\" \/>\n<meta property=\"og:url\" content=\"https:\/\/stivel.net\/fr\/product\/jacquard-avani2\/\" \/>\n<meta property=\"og:site_name\" content=\"Stivel\" \/>\n<meta property=\"article:publisher\" content=\"https:\/\/www.facebook.com\/profile.php?id=100063564997749\" \/>\n<meta property=\"article:modified_time\" content=\"2023-12-09T16:32:24+00:00\" \/>\n<meta property=\"og:image\" content=\"https:\/\/stivel.net\/wp-content\/uploads\/2023\/09\/dsc-0043-4-scaled.webp\" \/>\n\t<meta property=\"og:image:width\" content=\"2560\" \/>\n\t<meta property=\"og:image:height\" content=\"1707\" \/>\n\t<meta property=\"og:image:type\" content=\"image\/webp\" \/>\n<script type=\"application\/ld+json\" class=\"yoast-schema-graph\">{\"@context\":\"https:\\\/\\\/schema.org\",\"@graph\":[{\"@type\":\"WebPage\",\"@id\":\"https:\\\/\\\/stivel.net\\\/fr\\\/product\\\/jacquard-avani2\\\/\",\"url\":\"https:\\\/\\\/stivel.net\\\/fr\\\/product\\\/jacquard-avani2\\\/\",\"name\":\"Jacquard AVANI2\",\"isPartOf\":{\"@id\":\"https:\\\/\\\/stivel.net\\\/fr\\\/#website\"},\"primaryImageOfPage\":{\"@id\":\"https:\\\/\\\/stivel.net\\\/fr\\\/product\\\/jacquard-avani2\\\/#primaryimage\"},\"image\":{\"@id\":\"https:\\\/\\\/stivel.net\\\/fr\\\/product\\\/jacquard-avani2\\\/#primaryimage\"},\"thumbnailUrl\":\"https:\\\/\\\/stivel.net\\\/wp-content\\\/uploads\\\/2023\\\/09\\\/dsc-0043-4-scaled.webp\",\"datePublished\":\"2023-09-29T09:30:21+00:00\",\"dateModified\":\"2023-12-09T16:32:24+00:00\",\"description\":\"Avec son coloris d\u00e9licat et min\u00e9ral, notre tissu jacquard AVANI2 offre une interpr\u00e9tation aussi romantique que contemporaine.\",\"breadcrumb\":{\"@id\":\"https:\\\/\\\/stivel.net\\\/fr\\\/product\\\/jacquard-avani2\\\/#breadcrumb\"},\"inLanguage\":\"fr-FR\",\"potentialAction\":[{\"@type\":\"ReadAction\",\"target\":[\"https:\\\/\\\/stivel.net\\\/fr\\\/product\\\/jacquard-avani2\\\/\"]}]},{\"@type\":\"ImageObject\",\"inLanguage\":\"fr-FR\",\"@id\":\"https:\\\/\\\/stivel.net\\\/fr\\\/product\\\/jacquard-avani2\\\/#primaryimage\",\"url\":\"https:\\\/\\\/stivel.net\\\/wp-content\\\/uploads\\\/2023\\\/09\\\/dsc-0043-4-scaled.webp\",\"contentUrl\":\"https:\\\/\\\/stivel.net\\\/wp-content\\\/uploads\\\/2023\\\/09\\\/dsc-0043-4-scaled.webp\",\"width\":2560,\"height\":1707,\"caption\":\"Jacquard AVANI2\"},{\"@type\":\"BreadcrumbList\",\"@id\":\"https:\\\/\\\/stivel.net\\\/fr\\\/product\\\/jacquard-avani2\\\/#breadcrumb\",\"itemListElement\":[{\"@type\":\"ListItem\",\"position\":1,\"name\":\"Home\",\"item\":\"https:\\\/\\\/stivel.net\\\/fr\\\/\"},{\"@type\":\"ListItem\",\"position\":2,\"name\":\"Produits\",\"item\":\"https:\\\/\\\/stivel.net\\\/fr\\\/shop\\\/\"},{\"@type\":\"ListItem\",\"position\":3,\"name\":\"JACQUARD AVANI2\"}]},{\"@type\":\"WebSite\",\"@id\":\"https:\\\/\\\/stivel.net\\\/fr\\\/#website\",\"url\":\"https:\\\/\\\/stivel.net\\\/fr\\\/\",\"name\":\"Stivel\",\"description\":\"Interior decoration\",\"publisher\":{\"@id\":\"https:\\\/\\\/stivel.net\\\/fr\\\/#organization\"},\"alternateName\":\"Stivel decoration\",\"potentialAction\":[{\"@type\":\"SearchAction\",\"target\":{\"@type\":\"EntryPoint\",\"urlTemplate\":\"https:\\\/\\\/stivel.net\\\/fr\\\/?s={search_term_string}\"},\"query-input\":{\"@type\":\"PropertyValueSpecification\",\"valueRequired\":true,\"valueName\":\"search_term_string\"}}],\"inLanguage\":\"fr-FR\"},{\"@type\":\"Organization\",\"@id\":\"https:\\\/\\\/stivel.net\\\/fr\\\/#organization\",\"name\":\"STIVEL\",\"url\":\"https:\\\/\\\/stivel.net\\\/fr\\\/\",\"logo\":{\"@type\":\"ImageObject\",\"inLanguage\":\"fr-FR\",\"@id\":\"https:\\\/\\\/stivel.net\\\/fr\\\/#\\\/schema\\\/logo\\\/image\\\/\",\"url\":\"https:\\\/\\\/stivel.net\\\/wp-content\\\/uploads\\\/2023\\\/01\\\/logo-stivel-black.png\",\"contentUrl\":\"https:\\\/\\\/stivel.net\\\/wp-content\\\/uploads\\\/2023\\\/01\\\/logo-stivel-black.png\",\"width\":1932,\"height\":431,\"caption\":\"STIVEL\"},\"image\":{\"@id\":\"https:\\\/\\\/stivel.net\\\/fr\\\/#\\\/schema\\\/logo\\\/image\\\/\"},\"sameAs\":[\"https:\\\/\\\/www.facebook.com\\\/profile.php?id=100063564997749\",\"https:\\\/\\\/www.instagram.com\\\/stiveltunisie\\\/?hl=en\"]}]}<\/script>\n<!-- \/ Yoast SEO plugin. -->","yoast_head_json":{"title":"Jacquard AVANI2","description":"Avec son coloris d\u00e9licat et min\u00e9ral, notre tissu jacquard AVANI2 offre une interpr\u00e9tation aussi romantique que contemporaine.","robots":{"index":"index","follow":"follow","max-snippet":"max-snippet:-1","max-image-preview":"max-image-preview:large","max-video-preview":"max-video-preview:-1"},"canonical":"https:\/\/stivel.net\/fr\/product\/jacquard-avani2\/","og_locale":"fr_FR","og_type":"article","og_title":"Jacquard AVANI2","og_description":"Avec son coloris d\u00e9licat et min\u00e9ral, notre tissu jacquard AVANI2 offre une interpr\u00e9tation aussi romantique que contemporaine.","og_url":"https:\/\/stivel.net\/fr\/product\/jacquard-avani2\/","og_site_name":"Stivel","article_publisher":"https:\/\/www.facebook.com\/profile.php?id=100063564997749","article_modified_time":"2023-12-09T16:32:24+00:00","og_image":[{"width":2560,"height":1707,"url":"https:\/\/stivel.net\/wp-content\/uploads\/2023\/09\/dsc-0043-4-scaled.webp","type":"image\/webp"}],"schema":{"@context":"https:\/\/schema.org","@graph":[{"@type":"WebPage","@id":"https:\/\/stivel.net\/fr\/product\/jacquard-avani2\/","url":"https:\/\/stivel.net\/fr\/product\/jacquard-avani2\/","name":"Jacquard AVANI2","isPartOf":{"@id":"https:\/\/stivel.net\/fr\/#website"},"primaryImageOfPage":{"@id":"https:\/\/stivel.net\/fr\/product\/jacquard-avani2\/#primaryimage"},"image":{"@id":"https:\/\/stivel.net\/fr\/product\/jacquard-avani2\/#primaryimage"},"thumbnailUrl":"https:\/\/stivel.net\/wp-content\/uploads\/2023\/09\/dsc-0043-4-scaled.webp","datePublished":"2023-09-29T09:30:21+00:00","dateModified":"2023-12-09T16:32:24+00:00","description":"Avec son coloris d\u00e9licat et min\u00e9ral, notre tissu jacquard AVANI2 offre une interpr\u00e9tation aussi romantique que contemporaine.","breadcrumb":{"@id":"https:\/\/stivel.net\/fr\/product\/jacquard-avani2\/#breadcrumb"},"inLanguage":"fr-FR","potentialAction":[{"@type":"ReadAction","target":["https:\/\/stivel.net\/fr\/product\/jacquard-avani2\/"]}]},{"@type":"ImageObject","inLanguage":"fr-FR","@id":"https:\/\/stivel.net\/fr\/product\/jacquard-avani2\/#primaryimage","url":"https:\/\/stivel.net\/wp-content\/uploads\/2023\/09\/dsc-0043-4-scaled.webp","contentUrl":"https:\/\/stivel.net\/wp-content\/uploads\/2023\/09\/dsc-0043-4-scaled.webp","width":2560,"height":1707,"caption":"Jacquard AVANI2"},{"@type":"BreadcrumbList","@id":"https:\/\/stivel.net\/fr\/product\/jacquard-avani2\/#breadcrumb","itemListElement":[{"@type":"ListItem","position":1,"name":"Home","item":"https:\/\/stivel.net\/fr\/"},{"@type":"ListItem","position":2,"name":"Produits","item":"https:\/\/stivel.net\/fr\/shop\/"},{"@type":"ListItem","position":3,"name":"JACQUARD AVANI2"}]},{"@type":"WebSite","@id":"https:\/\/stivel.net\/fr\/#website","url":"https:\/\/stivel.net\/fr\/","name":"Stivel","description":"Interior decoration","publisher":{"@id":"https:\/\/stivel.net\/fr\/#organization"},"alternateName":"Stivel decoration","potentialAction":[{"@type":"SearchAction","target":{"@type":"EntryPoint","urlTemplate":"https:\/\/stivel.net\/fr\/?s={search_term_string}"},"query-input":{"@type":"PropertyValueSpecification","valueRequired":true,"valueName":"search_term_string"}}],"inLanguage":"fr-FR"},{"@type":"Organization","@id":"https:\/\/stivel.net\/fr\/#organization","name":"STIVEL","url":"https:\/\/stivel.net\/fr\/","logo":{"@type":"ImageObject","inLanguage":"fr-FR","@id":"https:\/\/stivel.net\/fr\/#\/schema\/logo\/image\/","url":"https:\/\/stivel.net\/wp-content\/uploads\/2023\/01\/logo-stivel-black.png","contentUrl":"https:\/\/stivel.net\/wp-content\/uploads\/2023\/01\/logo-stivel-black.png","width":1932,"height":431,"caption":"STIVEL"},"image":{"@id":"https:\/\/stivel.net\/fr\/#\/schema\/logo\/image\/"},"sameAs":["https:\/\/www.facebook.com\/profile.php?id=100063564997749","https:\/\/www.instagram.com\/stiveltunisie\/?hl=en"]}]}},"_links":{"self":[{"href":"https:\/\/stivel.net\/fr\/wp-json\/wp\/v2\/product\/12970","targetHints":{"allow":["GET"]}}],"collection":[{"href":"https:\/\/stivel.net\/fr\/wp-json\/wp\/v2\/product"}],"about":[{"href":"https:\/\/stivel.net\/fr\/wp-json\/wp\/v2\/types\/product"}],"wp:featuredmedia":[{"embeddable":true,"href":"https:\/\/stivel.net\/fr\/wp-json\/wp\/v2\/media\/12981"}],"wp:attachment":[{"href":"https:\/\/stivel.net\/fr\/wp-json\/wp\/v2\/media?parent=12970"}],"wp:term":[{"taxonomy":"product_brand","embeddable":true,"href":"https:\/\/stivel.net\/fr\/wp-json\/wp\/v2\/product_brand?post=12970"},{"taxonomy":"product_cat","embeddable":true,"href":"https:\/\/stivel.net\/fr\/wp-json\/wp\/v2\/product_cat?post=12970"},{"taxonomy":"product_tag","embeddable":true,"href":"https:\/\/stivel.net\/fr\/wp-json\/wp\/v2\/product_tag?post=12970"}],"curies":[{"name":"wp","href":"https:\/\/api.w.org\/{rel}","templated":true}]}}