{"id":12967,"date":"2023-09-29T09:27:15","date_gmt":"2023-09-29T09:27:15","guid":{"rendered":"https:\/\/stivel.net\/?post_type=product&#038;p=12967"},"modified":"2023-12-09T16:35:20","modified_gmt":"2023-12-09T16:35:20","slug":"jacquard-tissia","status":"publish","type":"product","link":"https:\/\/stivel.net\/fr\/product\/jacquard-tissia\/","title":{"rendered":"JACQUARD TISSIA"},"content":{"rendered":"<p>[vc_row][vc_column][vc_column_text]Le tissu jacquard TISSIA propose une interpr\u00e9tation de feuillage tr\u00e8s contemporain. En effet, le design apporte un tr\u00e8s joli volume au tissu lui permettant une parfaite int\u00e9gration dans tous les styles d\u2019ameublement et d\u2019accessoires int\u00e9rieurs.<\/p>\n<p>Le toucher soyeux du tissu procure une douceur et un confort in\u00e9gal\u00e9s, adapt\u00e9s \u00e0 toutes les utilisations imaginables au sein des espaces int\u00e9rieurs.<\/p>\n<p>La palette de couleurs, s\u00e9lectionn\u00e9e avec minutie, offre un contraste subtil qui assure une pr\u00e9sence authentique. Ce tissu incarne une modernit\u00e9 intemporelle, inscrivant son \u00e9l\u00e9gance dans la durabilit\u00e9, gr\u00e2ce \u00e0 une conception pens\u00e9e pour traverser les ann\u00e9es avec style.<\/p>\n<p>Le tissage complexe de ce jacquard t\u00e9moigne de l\u2019excellence des \u00e9quipes STIVEL, dans la conception des dessins comme dans la r\u00e9alisation technique de ce tissu haut de gamme avec l\u2019excellence. Chaque fil m\u00e9ticuleusement entrelac\u00e9 et chaque motif finement \u00e9labor\u00e9 r\u00e9v\u00e8lent une recherche constante de perfection.<\/p>\n<p>Sa fabrication respecte \u00e9galement scrupuleusement les valeurs sociales et environnementales de l\u2019entreprise, faisant un choix privil\u00e9gi\u00e9 des professionnels exigeants. Pour ceux qui aspirent \u00e0 cr\u00e9er des espaces \u00e0 la fois \u00e9l\u00e9gants et durables, le tissu jacquard TISSIA offre une solution in\u00e9gal\u00e9e. D\u00e9couvrez l&rsquo;ensemble de notre gamme de tissus jacquard<\/p>\n<p>Le tissu jacquard TISSIA s&rsquo;impose comme l&rsquo;un des tissus embl\u00e9matiques de STIVEL. Sa fabrication respecte scrupuleusement les valeurs sociales et environnementales de STIVEL. Pour les professionnels exigeants qui cherchent \u00e0 cr\u00e9er des espaces \u00e9l\u00e9gants et durables, dans tout type d\u2019environnement jusqu\u2019au plus exigeant, le tissu jacquard TISSIA offre une solution in\u00e9gal\u00e9e. <a href=\"https:\/\/stivel.net\/fr\/product-category\/jacquard-fr\/\" target=\"_blank\" rel=\"noopener\">D\u00e9couvrez l\u2019ensemble de la gamme des tissus jacquard.<\/a>[\/vc_column_text][\/vc_column][\/vc_row]<\/p>\n","protected":false},"excerpt":{"rendered":"<p>Le tissu jacquard TISSIA apporte un subtil effet de contraste avec un motif qui se d\u00e9cline dans une palettes de nuances douces et lumineuses. Avec son imprim\u00e9 de feuilles \u00e9crues, il se coordonnera \u00e0 tout type de d\u00e9coration int\u00e9rieure.<\/p>\n<ul>\n<li>Tramage feuillage naturel<\/li>\n<li>Tissu Jacquard<\/li>\n<li>D\u00e9coration int\u00e9rieure<\/li>\n<\/ul>\n","protected":false},"featured_media":12969,"template":"","meta":[],"product_brand":[],"product_cat":[187],"product_tag":[194,193],"class_list":{"0":"post-12967","1":"product","2":"type-product","3":"status-publish","4":"has-post-thumbnail","6":"product_cat-jacquard-fr","7":"product_tag-gamme-areca-fr","8":"product_tag-jacquard-fr","10":"first","11":"instock","12":"shipping-taxable","13":"purchasable","14":"product-type-simple"},"yoast_head":"<!-- This site is optimized with the Yoast SEO plugin v27.4 - https:\/\/yoast.com\/product\/yoast-seo-wordpress\/ -->\n<title>Jacquard TISSIA<\/title>\n<meta name=\"description\" content=\"Le tissu jacquard TISSIA apporte un subtil effet de contraste avec un motif qui se d\u00e9cline dans une palettes de nuances douces et lumineuses.\" \/>\n<meta name=\"robots\" content=\"index, follow, max-snippet:-1, max-image-preview:large, max-video-preview:-1\" \/>\n<link rel=\"canonical\" href=\"https:\/\/stivel.net\/fr\/product\/jacquard-tissia\/\" \/>\n<meta property=\"og:locale\" content=\"fr_FR\" \/>\n<meta property=\"og:type\" content=\"article\" \/>\n<meta property=\"og:title\" content=\"Jacquard TISSIA\" \/>\n<meta property=\"og:description\" content=\"Le tissu jacquard TISSIA apporte un subtil effet de contraste avec un motif qui se d\u00e9cline dans une palettes de nuances douces et lumineuses.\" \/>\n<meta property=\"og:url\" content=\"https:\/\/stivel.net\/fr\/product\/jacquard-tissia\/\" \/>\n<meta property=\"og:site_name\" content=\"Stivel\" \/>\n<meta property=\"article:publisher\" content=\"https:\/\/www.facebook.com\/profile.php?id=100063564997749\" \/>\n<meta property=\"article:modified_time\" content=\"2023-12-09T16:35:20+00:00\" \/>\n<meta property=\"og:image\" content=\"https:\/\/stivel.net\/wp-content\/uploads\/2023\/09\/tissia-vvvv.webp\" \/>\n\t<meta property=\"og:image:width\" content=\"1638\" \/>\n\t<meta property=\"og:image:height\" content=\"1905\" \/>\n\t<meta property=\"og:image:type\" content=\"image\/webp\" \/>\n<script type=\"application\/ld+json\" class=\"yoast-schema-graph\">{\"@context\":\"https:\\\/\\\/schema.org\",\"@graph\":[{\"@type\":\"WebPage\",\"@id\":\"https:\\\/\\\/stivel.net\\\/fr\\\/product\\\/jacquard-tissia\\\/\",\"url\":\"https:\\\/\\\/stivel.net\\\/fr\\\/product\\\/jacquard-tissia\\\/\",\"name\":\"Jacquard TISSIA\",\"isPartOf\":{\"@id\":\"https:\\\/\\\/stivel.net\\\/fr\\\/#website\"},\"primaryImageOfPage\":{\"@id\":\"https:\\\/\\\/stivel.net\\\/fr\\\/product\\\/jacquard-tissia\\\/#primaryimage\"},\"image\":{\"@id\":\"https:\\\/\\\/stivel.net\\\/fr\\\/product\\\/jacquard-tissia\\\/#primaryimage\"},\"thumbnailUrl\":\"https:\\\/\\\/stivel.net\\\/wp-content\\\/uploads\\\/2023\\\/09\\\/tissia-vvvv.webp\",\"datePublished\":\"2023-09-29T09:27:15+00:00\",\"dateModified\":\"2023-12-09T16:35:20+00:00\",\"description\":\"Le tissu jacquard TISSIA apporte un subtil effet de contraste avec un motif qui se d\u00e9cline dans une palettes de nuances douces et lumineuses.\",\"breadcrumb\":{\"@id\":\"https:\\\/\\\/stivel.net\\\/fr\\\/product\\\/jacquard-tissia\\\/#breadcrumb\"},\"inLanguage\":\"fr-FR\",\"potentialAction\":[{\"@type\":\"ReadAction\",\"target\":[\"https:\\\/\\\/stivel.net\\\/fr\\\/product\\\/jacquard-tissia\\\/\"]}]},{\"@type\":\"ImageObject\",\"inLanguage\":\"fr-FR\",\"@id\":\"https:\\\/\\\/stivel.net\\\/fr\\\/product\\\/jacquard-tissia\\\/#primaryimage\",\"url\":\"https:\\\/\\\/stivel.net\\\/wp-content\\\/uploads\\\/2023\\\/09\\\/tissia-vvvv.webp\",\"contentUrl\":\"https:\\\/\\\/stivel.net\\\/wp-content\\\/uploads\\\/2023\\\/09\\\/tissia-vvvv.webp\",\"width\":1638,\"height\":1905,\"caption\":\"Jacquard TISSIA\"},{\"@type\":\"BreadcrumbList\",\"@id\":\"https:\\\/\\\/stivel.net\\\/fr\\\/product\\\/jacquard-tissia\\\/#breadcrumb\",\"itemListElement\":[{\"@type\":\"ListItem\",\"position\":1,\"name\":\"Home\",\"item\":\"https:\\\/\\\/stivel.net\\\/fr\\\/\"},{\"@type\":\"ListItem\",\"position\":2,\"name\":\"Produits\",\"item\":\"https:\\\/\\\/stivel.net\\\/fr\\\/shop\\\/\"},{\"@type\":\"ListItem\",\"position\":3,\"name\":\"JACQUARD TISSIA\"}]},{\"@type\":\"WebSite\",\"@id\":\"https:\\\/\\\/stivel.net\\\/fr\\\/#website\",\"url\":\"https:\\\/\\\/stivel.net\\\/fr\\\/\",\"name\":\"Stivel\",\"description\":\"Interior decoration\",\"publisher\":{\"@id\":\"https:\\\/\\\/stivel.net\\\/fr\\\/#organization\"},\"alternateName\":\"Stivel decoration\",\"potentialAction\":[{\"@type\":\"SearchAction\",\"target\":{\"@type\":\"EntryPoint\",\"urlTemplate\":\"https:\\\/\\\/stivel.net\\\/fr\\\/?s={search_term_string}\"},\"query-input\":{\"@type\":\"PropertyValueSpecification\",\"valueRequired\":true,\"valueName\":\"search_term_string\"}}],\"inLanguage\":\"fr-FR\"},{\"@type\":\"Organization\",\"@id\":\"https:\\\/\\\/stivel.net\\\/fr\\\/#organization\",\"name\":\"STIVEL\",\"url\":\"https:\\\/\\\/stivel.net\\\/fr\\\/\",\"logo\":{\"@type\":\"ImageObject\",\"inLanguage\":\"fr-FR\",\"@id\":\"https:\\\/\\\/stivel.net\\\/fr\\\/#\\\/schema\\\/logo\\\/image\\\/\",\"url\":\"https:\\\/\\\/stivel.net\\\/wp-content\\\/uploads\\\/2023\\\/01\\\/logo-stivel-black.png\",\"contentUrl\":\"https:\\\/\\\/stivel.net\\\/wp-content\\\/uploads\\\/2023\\\/01\\\/logo-stivel-black.png\",\"width\":1932,\"height\":431,\"caption\":\"STIVEL\"},\"image\":{\"@id\":\"https:\\\/\\\/stivel.net\\\/fr\\\/#\\\/schema\\\/logo\\\/image\\\/\"},\"sameAs\":[\"https:\\\/\\\/www.facebook.com\\\/profile.php?id=100063564997749\",\"https:\\\/\\\/www.instagram.com\\\/stiveltunisie\\\/?hl=en\"]}]}<\/script>\n<!-- \/ Yoast SEO plugin. -->","yoast_head_json":{"title":"Jacquard TISSIA","description":"Le tissu jacquard TISSIA apporte un subtil effet de contraste avec un motif qui se d\u00e9cline dans une palettes de nuances douces et lumineuses.","robots":{"index":"index","follow":"follow","max-snippet":"max-snippet:-1","max-image-preview":"max-image-preview:large","max-video-preview":"max-video-preview:-1"},"canonical":"https:\/\/stivel.net\/fr\/product\/jacquard-tissia\/","og_locale":"fr_FR","og_type":"article","og_title":"Jacquard TISSIA","og_description":"Le tissu jacquard TISSIA apporte un subtil effet de contraste avec un motif qui se d\u00e9cline dans une palettes de nuances douces et lumineuses.","og_url":"https:\/\/stivel.net\/fr\/product\/jacquard-tissia\/","og_site_name":"Stivel","article_publisher":"https:\/\/www.facebook.com\/profile.php?id=100063564997749","article_modified_time":"2023-12-09T16:35:20+00:00","og_image":[{"width":1638,"height":1905,"url":"https:\/\/stivel.net\/wp-content\/uploads\/2023\/09\/tissia-vvvv.webp","type":"image\/webp"}],"schema":{"@context":"https:\/\/schema.org","@graph":[{"@type":"WebPage","@id":"https:\/\/stivel.net\/fr\/product\/jacquard-tissia\/","url":"https:\/\/stivel.net\/fr\/product\/jacquard-tissia\/","name":"Jacquard TISSIA","isPartOf":{"@id":"https:\/\/stivel.net\/fr\/#website"},"primaryImageOfPage":{"@id":"https:\/\/stivel.net\/fr\/product\/jacquard-tissia\/#primaryimage"},"image":{"@id":"https:\/\/stivel.net\/fr\/product\/jacquard-tissia\/#primaryimage"},"thumbnailUrl":"https:\/\/stivel.net\/wp-content\/uploads\/2023\/09\/tissia-vvvv.webp","datePublished":"2023-09-29T09:27:15+00:00","dateModified":"2023-12-09T16:35:20+00:00","description":"Le tissu jacquard TISSIA apporte un subtil effet de contraste avec un motif qui se d\u00e9cline dans une palettes de nuances douces et lumineuses.","breadcrumb":{"@id":"https:\/\/stivel.net\/fr\/product\/jacquard-tissia\/#breadcrumb"},"inLanguage":"fr-FR","potentialAction":[{"@type":"ReadAction","target":["https:\/\/stivel.net\/fr\/product\/jacquard-tissia\/"]}]},{"@type":"ImageObject","inLanguage":"fr-FR","@id":"https:\/\/stivel.net\/fr\/product\/jacquard-tissia\/#primaryimage","url":"https:\/\/stivel.net\/wp-content\/uploads\/2023\/09\/tissia-vvvv.webp","contentUrl":"https:\/\/stivel.net\/wp-content\/uploads\/2023\/09\/tissia-vvvv.webp","width":1638,"height":1905,"caption":"Jacquard TISSIA"},{"@type":"BreadcrumbList","@id":"https:\/\/stivel.net\/fr\/product\/jacquard-tissia\/#breadcrumb","itemListElement":[{"@type":"ListItem","position":1,"name":"Home","item":"https:\/\/stivel.net\/fr\/"},{"@type":"ListItem","position":2,"name":"Produits","item":"https:\/\/stivel.net\/fr\/shop\/"},{"@type":"ListItem","position":3,"name":"JACQUARD TISSIA"}]},{"@type":"WebSite","@id":"https:\/\/stivel.net\/fr\/#website","url":"https:\/\/stivel.net\/fr\/","name":"Stivel","description":"Interior decoration","publisher":{"@id":"https:\/\/stivel.net\/fr\/#organization"},"alternateName":"Stivel decoration","potentialAction":[{"@type":"SearchAction","target":{"@type":"EntryPoint","urlTemplate":"https:\/\/stivel.net\/fr\/?s={search_term_string}"},"query-input":{"@type":"PropertyValueSpecification","valueRequired":true,"valueName":"search_term_string"}}],"inLanguage":"fr-FR"},{"@type":"Organization","@id":"https:\/\/stivel.net\/fr\/#organization","name":"STIVEL","url":"https:\/\/stivel.net\/fr\/","logo":{"@type":"ImageObject","inLanguage":"fr-FR","@id":"https:\/\/stivel.net\/fr\/#\/schema\/logo\/image\/","url":"https:\/\/stivel.net\/wp-content\/uploads\/2023\/01\/logo-stivel-black.png","contentUrl":"https:\/\/stivel.net\/wp-content\/uploads\/2023\/01\/logo-stivel-black.png","width":1932,"height":431,"caption":"STIVEL"},"image":{"@id":"https:\/\/stivel.net\/fr\/#\/schema\/logo\/image\/"},"sameAs":["https:\/\/www.facebook.com\/profile.php?id=100063564997749","https:\/\/www.instagram.com\/stiveltunisie\/?hl=en"]}]}},"_links":{"self":[{"href":"https:\/\/stivel.net\/fr\/wp-json\/wp\/v2\/product\/12967","targetHints":{"allow":["GET"]}}],"collection":[{"href":"https:\/\/stivel.net\/fr\/wp-json\/wp\/v2\/product"}],"about":[{"href":"https:\/\/stivel.net\/fr\/wp-json\/wp\/v2\/types\/product"}],"wp:featuredmedia":[{"embeddable":true,"href":"https:\/\/stivel.net\/fr\/wp-json\/wp\/v2\/media\/12969"}],"wp:attachment":[{"href":"https:\/\/stivel.net\/fr\/wp-json\/wp\/v2\/media?parent=12967"}],"wp:term":[{"taxonomy":"product_brand","embeddable":true,"href":"https:\/\/stivel.net\/fr\/wp-json\/wp\/v2\/product_brand?post=12967"},{"taxonomy":"product_cat","embeddable":true,"href":"https:\/\/stivel.net\/fr\/wp-json\/wp\/v2\/product_cat?post=12967"},{"taxonomy":"product_tag","embeddable":true,"href":"https:\/\/stivel.net\/fr\/wp-json\/wp\/v2\/product_tag?post=12967"}],"curies":[{"name":"wp","href":"https:\/\/api.w.org\/{rel}","templated":true}]}}