{"id":12961,"date":"2023-09-29T09:17:49","date_gmt":"2023-09-29T09:17:49","guid":{"rendered":"https:\/\/stivel.net\/?post_type=product&#038;p=12961"},"modified":"2023-12-09T16:57:57","modified_gmt":"2023-12-09T16:57:57","slug":"tapis-oslo","status":"publish","type":"product","link":"https:\/\/stivel.net\/fr\/product\/tapis-oslo\/","title":{"rendered":"TAPIS OSLO"},"content":{"rendered":"<p>[vc_row][vc_column][vc_column_text]Le tapis OSLO offre un design g\u00e9om\u00e9trique minimaliste et \u00e9pur\u00e9e. En observant de plus pr\u00e8s, le jeu subtil de formes g\u00e9om\u00e9triques agenc\u00e9es avec une pr\u00e9cision artistique, laissant facilement place \u00e0 l&rsquo;imagination.<\/p>\n<p>Le tissage et l\u2019effacement r\u00e9fl\u00e9chi de certaines sections de motif contribuent \u00e0 l\u2019aspect haut de gamme et r\u00e9solument moderne de ce tapis ultra tendance.<\/p>\n<p>La palette de couleurs chaudes, soigneusement s\u00e9lectionn\u00e9e, offre un contraste saisissant, permettant \u00e0 ce tapis de trouver sa place dans diff\u00e9rents espaces. Que ce soit dans un salon pour \u00e9voquer une atmosph\u00e8re moderne, dans une chambre en tant que descente de lit dynamique, dans une alc\u00f4ve pour cr\u00e9er une ambiance moderne, ou m\u00eame dans un couloir pour apporter une touche d&rsquo;\u00e9l\u00e9gance.<\/p>\n<p>La qualit\u00e9 exceptionnelle du tissage et la s\u00e9lection minutieuse des fils r\u00e9pondent aux normes \u00e9lev\u00e9es exig\u00e9es par les professionnels. Sa durabilit\u00e9 est renforc\u00e9e par sa facilit\u00e9 d&rsquo;entretien, garantissant une pr\u00e9servation de son \u00e9clat et de sa splendeur au fil du temps.<\/p>\n<p>Comme l\u2019ensemble des produits de l\u2019entreprise STIVEL, le tapis OSLO a \u00e9t\u00e9 con\u00e7u et fabriqu\u00e9 au sein des ateliers o\u00f9 les valeurs sociales et environnementales et l\u2019excellence qualit\u00e9 s\u2019associent pour livrer des produits de choix, reconnus \u00e0 l\u2019international.<a href=\"https:\/\/stivel.net\/fr\/product-category\/les-tapis\/\" target=\"_blank\" rel=\"noopener\"> D\u00e9couvrez l\u2019ensemble de la gamme des tapis<\/a>.[\/vc_column_text][\/vc_column][\/vc_row]<\/p>\n","protected":false},"excerpt":{"rendered":"<p>Le tapis OSLO propose un design scandinave invitant imm\u00e9diatement au confort et au bien-\u00eatre inspir\u00e9 des pays du Nord. Ses formes g\u00e9om\u00e9triques cr\u00e9ent un tapis graphique qui permet de multiples inspirations pour tout style d\u2019univers.<\/p>\n<ul>\n<li>Design graphique<\/li>\n<li>Texture douce<\/li>\n<li>Adapt\u00e9 \u00e0 tout univers<\/li>\n<\/ul>\n","protected":false},"featured_media":12965,"template":"","meta":[],"product_brand":[],"product_cat":[188],"product_tag":[191],"class_list":{"0":"post-12961","1":"product","2":"type-product","3":"status-publish","4":"has-post-thumbnail","6":"product_cat-les-tapis","7":"product_tag-tapis","9":"first","10":"instock","11":"shipping-taxable","12":"purchasable","13":"product-type-simple"},"yoast_head":"<!-- This site is optimized with the Yoast SEO plugin v27.3 - https:\/\/yoast.com\/product\/yoast-seo-wordpress\/ -->\n<title>Tapis Oslo<\/title>\n<meta name=\"description\" content=\"Le tapis OSLO propose un design scandinave invitant imm\u00e9diatement au confort et au bien-\u00eatre inspir\u00e9 des pays du Nord, pour tout style de d\u00e9coration.\" \/>\n<meta name=\"robots\" content=\"index, follow, max-snippet:-1, max-image-preview:large, max-video-preview:-1\" \/>\n<link rel=\"canonical\" href=\"https:\/\/stivel.net\/fr\/product\/tapis-oslo\/\" \/>\n<meta property=\"og:locale\" content=\"fr_FR\" \/>\n<meta property=\"og:type\" content=\"article\" \/>\n<meta property=\"og:title\" content=\"Tapis Oslo\" \/>\n<meta property=\"og:description\" content=\"Le tapis OSLO propose un design scandinave invitant imm\u00e9diatement au confort et au bien-\u00eatre inspir\u00e9 des pays du Nord, pour tout style de d\u00e9coration.\" \/>\n<meta property=\"og:url\" content=\"https:\/\/stivel.net\/fr\/product\/tapis-oslo\/\" \/>\n<meta property=\"og:site_name\" content=\"Stivel\" \/>\n<meta property=\"article:publisher\" content=\"https:\/\/www.facebook.com\/profile.php?id=100063564997749\" \/>\n<meta property=\"article:modified_time\" content=\"2023-12-09T16:57:57+00:00\" \/>\n<meta property=\"og:image\" content=\"https:\/\/stivel.net\/wp-content\/uploads\/2023\/09\/oslo-mars-tn-2.webp\" \/>\n\t<meta property=\"og:image:width\" content=\"1707\" \/>\n\t<meta property=\"og:image:height\" content=\"2194\" \/>\n\t<meta property=\"og:image:type\" content=\"image\/webp\" \/>\n<script type=\"application\/ld+json\" class=\"yoast-schema-graph\">{\"@context\":\"https:\\\/\\\/schema.org\",\"@graph\":[{\"@type\":\"WebPage\",\"@id\":\"https:\\\/\\\/stivel.net\\\/fr\\\/product\\\/tapis-oslo\\\/\",\"url\":\"https:\\\/\\\/stivel.net\\\/fr\\\/product\\\/tapis-oslo\\\/\",\"name\":\"Tapis Oslo\",\"isPartOf\":{\"@id\":\"https:\\\/\\\/stivel.net\\\/fr\\\/#website\"},\"primaryImageOfPage\":{\"@id\":\"https:\\\/\\\/stivel.net\\\/fr\\\/product\\\/tapis-oslo\\\/#primaryimage\"},\"image\":{\"@id\":\"https:\\\/\\\/stivel.net\\\/fr\\\/product\\\/tapis-oslo\\\/#primaryimage\"},\"thumbnailUrl\":\"https:\\\/\\\/stivel.net\\\/wp-content\\\/uploads\\\/2023\\\/09\\\/oslo-mars-tn-2.webp\",\"datePublished\":\"2023-09-29T09:17:49+00:00\",\"dateModified\":\"2023-12-09T16:57:57+00:00\",\"description\":\"Le tapis OSLO propose un design scandinave invitant imm\u00e9diatement au confort et au bien-\u00eatre inspir\u00e9 des pays du Nord, pour tout style de d\u00e9coration.\",\"breadcrumb\":{\"@id\":\"https:\\\/\\\/stivel.net\\\/fr\\\/product\\\/tapis-oslo\\\/#breadcrumb\"},\"inLanguage\":\"fr-FR\",\"potentialAction\":[{\"@type\":\"ReadAction\",\"target\":[\"https:\\\/\\\/stivel.net\\\/fr\\\/product\\\/tapis-oslo\\\/\"]}]},{\"@type\":\"ImageObject\",\"inLanguage\":\"fr-FR\",\"@id\":\"https:\\\/\\\/stivel.net\\\/fr\\\/product\\\/tapis-oslo\\\/#primaryimage\",\"url\":\"https:\\\/\\\/stivel.net\\\/wp-content\\\/uploads\\\/2023\\\/09\\\/oslo-mars-tn-2.webp\",\"contentUrl\":\"https:\\\/\\\/stivel.net\\\/wp-content\\\/uploads\\\/2023\\\/09\\\/oslo-mars-tn-2.webp\",\"width\":1707,\"height\":2194,\"caption\":\"Tapis OSLO\"},{\"@type\":\"BreadcrumbList\",\"@id\":\"https:\\\/\\\/stivel.net\\\/fr\\\/product\\\/tapis-oslo\\\/#breadcrumb\",\"itemListElement\":[{\"@type\":\"ListItem\",\"position\":1,\"name\":\"Home\",\"item\":\"https:\\\/\\\/stivel.net\\\/fr\\\/\"},{\"@type\":\"ListItem\",\"position\":2,\"name\":\"Produits\",\"item\":\"https:\\\/\\\/stivel.net\\\/fr\\\/shop\\\/\"},{\"@type\":\"ListItem\",\"position\":3,\"name\":\"TAPIS OSLO\"}]},{\"@type\":\"WebSite\",\"@id\":\"https:\\\/\\\/stivel.net\\\/fr\\\/#website\",\"url\":\"https:\\\/\\\/stivel.net\\\/fr\\\/\",\"name\":\"Stivel\",\"description\":\"Interior decoration\",\"publisher\":{\"@id\":\"https:\\\/\\\/stivel.net\\\/fr\\\/#organization\"},\"alternateName\":\"Stivel decoration\",\"potentialAction\":[{\"@type\":\"SearchAction\",\"target\":{\"@type\":\"EntryPoint\",\"urlTemplate\":\"https:\\\/\\\/stivel.net\\\/fr\\\/?s={search_term_string}\"},\"query-input\":{\"@type\":\"PropertyValueSpecification\",\"valueRequired\":true,\"valueName\":\"search_term_string\"}}],\"inLanguage\":\"fr-FR\"},{\"@type\":\"Organization\",\"@id\":\"https:\\\/\\\/stivel.net\\\/fr\\\/#organization\",\"name\":\"STIVEL\",\"url\":\"https:\\\/\\\/stivel.net\\\/fr\\\/\",\"logo\":{\"@type\":\"ImageObject\",\"inLanguage\":\"fr-FR\",\"@id\":\"https:\\\/\\\/stivel.net\\\/fr\\\/#\\\/schema\\\/logo\\\/image\\\/\",\"url\":\"https:\\\/\\\/stivel.net\\\/wp-content\\\/uploads\\\/2023\\\/01\\\/logo-stivel-black.png\",\"contentUrl\":\"https:\\\/\\\/stivel.net\\\/wp-content\\\/uploads\\\/2023\\\/01\\\/logo-stivel-black.png\",\"width\":1932,\"height\":431,\"caption\":\"STIVEL\"},\"image\":{\"@id\":\"https:\\\/\\\/stivel.net\\\/fr\\\/#\\\/schema\\\/logo\\\/image\\\/\"},\"sameAs\":[\"https:\\\/\\\/www.facebook.com\\\/profile.php?id=100063564997749\",\"https:\\\/\\\/www.instagram.com\\\/stiveltunisie\\\/?hl=en\"]}]}<\/script>\n<!-- \/ Yoast SEO plugin. -->","yoast_head_json":{"title":"Tapis Oslo","description":"Le tapis OSLO propose un design scandinave invitant imm\u00e9diatement au confort et au bien-\u00eatre inspir\u00e9 des pays du Nord, pour tout style de d\u00e9coration.","robots":{"index":"index","follow":"follow","max-snippet":"max-snippet:-1","max-image-preview":"max-image-preview:large","max-video-preview":"max-video-preview:-1"},"canonical":"https:\/\/stivel.net\/fr\/product\/tapis-oslo\/","og_locale":"fr_FR","og_type":"article","og_title":"Tapis Oslo","og_description":"Le tapis OSLO propose un design scandinave invitant imm\u00e9diatement au confort et au bien-\u00eatre inspir\u00e9 des pays du Nord, pour tout style de d\u00e9coration.","og_url":"https:\/\/stivel.net\/fr\/product\/tapis-oslo\/","og_site_name":"Stivel","article_publisher":"https:\/\/www.facebook.com\/profile.php?id=100063564997749","article_modified_time":"2023-12-09T16:57:57+00:00","og_image":[{"width":1707,"height":2194,"url":"https:\/\/stivel.net\/wp-content\/uploads\/2023\/09\/oslo-mars-tn-2.webp","type":"image\/webp"}],"schema":{"@context":"https:\/\/schema.org","@graph":[{"@type":"WebPage","@id":"https:\/\/stivel.net\/fr\/product\/tapis-oslo\/","url":"https:\/\/stivel.net\/fr\/product\/tapis-oslo\/","name":"Tapis Oslo","isPartOf":{"@id":"https:\/\/stivel.net\/fr\/#website"},"primaryImageOfPage":{"@id":"https:\/\/stivel.net\/fr\/product\/tapis-oslo\/#primaryimage"},"image":{"@id":"https:\/\/stivel.net\/fr\/product\/tapis-oslo\/#primaryimage"},"thumbnailUrl":"https:\/\/stivel.net\/wp-content\/uploads\/2023\/09\/oslo-mars-tn-2.webp","datePublished":"2023-09-29T09:17:49+00:00","dateModified":"2023-12-09T16:57:57+00:00","description":"Le tapis OSLO propose un design scandinave invitant imm\u00e9diatement au confort et au bien-\u00eatre inspir\u00e9 des pays du Nord, pour tout style de d\u00e9coration.","breadcrumb":{"@id":"https:\/\/stivel.net\/fr\/product\/tapis-oslo\/#breadcrumb"},"inLanguage":"fr-FR","potentialAction":[{"@type":"ReadAction","target":["https:\/\/stivel.net\/fr\/product\/tapis-oslo\/"]}]},{"@type":"ImageObject","inLanguage":"fr-FR","@id":"https:\/\/stivel.net\/fr\/product\/tapis-oslo\/#primaryimage","url":"https:\/\/stivel.net\/wp-content\/uploads\/2023\/09\/oslo-mars-tn-2.webp","contentUrl":"https:\/\/stivel.net\/wp-content\/uploads\/2023\/09\/oslo-mars-tn-2.webp","width":1707,"height":2194,"caption":"Tapis OSLO"},{"@type":"BreadcrumbList","@id":"https:\/\/stivel.net\/fr\/product\/tapis-oslo\/#breadcrumb","itemListElement":[{"@type":"ListItem","position":1,"name":"Home","item":"https:\/\/stivel.net\/fr\/"},{"@type":"ListItem","position":2,"name":"Produits","item":"https:\/\/stivel.net\/fr\/shop\/"},{"@type":"ListItem","position":3,"name":"TAPIS OSLO"}]},{"@type":"WebSite","@id":"https:\/\/stivel.net\/fr\/#website","url":"https:\/\/stivel.net\/fr\/","name":"Stivel","description":"Interior decoration","publisher":{"@id":"https:\/\/stivel.net\/fr\/#organization"},"alternateName":"Stivel decoration","potentialAction":[{"@type":"SearchAction","target":{"@type":"EntryPoint","urlTemplate":"https:\/\/stivel.net\/fr\/?s={search_term_string}"},"query-input":{"@type":"PropertyValueSpecification","valueRequired":true,"valueName":"search_term_string"}}],"inLanguage":"fr-FR"},{"@type":"Organization","@id":"https:\/\/stivel.net\/fr\/#organization","name":"STIVEL","url":"https:\/\/stivel.net\/fr\/","logo":{"@type":"ImageObject","inLanguage":"fr-FR","@id":"https:\/\/stivel.net\/fr\/#\/schema\/logo\/image\/","url":"https:\/\/stivel.net\/wp-content\/uploads\/2023\/01\/logo-stivel-black.png","contentUrl":"https:\/\/stivel.net\/wp-content\/uploads\/2023\/01\/logo-stivel-black.png","width":1932,"height":431,"caption":"STIVEL"},"image":{"@id":"https:\/\/stivel.net\/fr\/#\/schema\/logo\/image\/"},"sameAs":["https:\/\/www.facebook.com\/profile.php?id=100063564997749","https:\/\/www.instagram.com\/stiveltunisie\/?hl=en"]}]}},"_links":{"self":[{"href":"https:\/\/stivel.net\/fr\/wp-json\/wp\/v2\/product\/12961","targetHints":{"allow":["GET"]}}],"collection":[{"href":"https:\/\/stivel.net\/fr\/wp-json\/wp\/v2\/product"}],"about":[{"href":"https:\/\/stivel.net\/fr\/wp-json\/wp\/v2\/types\/product"}],"wp:featuredmedia":[{"embeddable":true,"href":"https:\/\/stivel.net\/fr\/wp-json\/wp\/v2\/media\/12965"}],"wp:attachment":[{"href":"https:\/\/stivel.net\/fr\/wp-json\/wp\/v2\/media?parent=12961"}],"wp:term":[{"taxonomy":"product_brand","embeddable":true,"href":"https:\/\/stivel.net\/fr\/wp-json\/wp\/v2\/product_brand?post=12961"},{"taxonomy":"product_cat","embeddable":true,"href":"https:\/\/stivel.net\/fr\/wp-json\/wp\/v2\/product_cat?post=12961"},{"taxonomy":"product_tag","embeddable":true,"href":"https:\/\/stivel.net\/fr\/wp-json\/wp\/v2\/product_tag?post=12961"}],"curies":[{"name":"wp","href":"https:\/\/api.w.org\/{rel}","templated":true}]}}