{"id":12948,"date":"2023-09-29T08:54:05","date_gmt":"2023-09-29T08:54:05","guid":{"rendered":"https:\/\/stivel.net\/?post_type=product&#038;p=12948"},"modified":"2023-11-27T11:27:57","modified_gmt":"2023-11-27T11:27:57","slug":"velours-italien-lupine","status":"publish","type":"product","link":"https:\/\/stivel.net\/fr\/product\/velours-italien-lupine\/","title":{"rendered":"VELOURS ITALIEN LUPINE"},"content":{"rendered":"<p>[vc_row][vc_column][vc_column_text] Le velours italien LUPINE dessine des diagonales parfaitement cisel\u00e9es au reflet soyeux et offre un volume imm\u00e9diat dans tous les espaces d\u00e9di\u00e9s.<\/p>\n<p>Avec un bel \u00e9quilibre de couleurs lumineuses, ce velours \u00e9veille l\u2019imagination de tout cr\u00e9atif pour aborder une d\u00e9coration contemporaine. En effet, l\u2019effet 3D de ses motifs apporte une profondeur visuelle \u00e0 chaque projet. Les jeux de lumi\u00e8re et d&rsquo;ombre cr\u00e9ent des nuances uniques, ajoutant une dimension artistique \u00e0 toute r\u00e9alisation.<\/p>\n<p>La texture luxueuse de ce velours italien s\u2019appr\u00e9cie en premi\u00e8re intention par le regard et s\u2019explore ensuite par le toucher velout\u00e9 exceptionnel de sa texture offrant une signature tactile \u00e0 tout projet.<\/p>\n<p>Le velours italien LUPINE est destin\u00e9 \u00e0 une grande vari\u00e9t\u00e9 d\u2019applications, du mobilier de bureau aux rev\u00eatements muraux, en passant par les rideaux, les coussins, ou encore les tapis. Les fils habilement twist\u00e9s offrent une qualit\u00e9 et une durabilit\u00e9 exceptionnelle, id\u00e9ale pour les environnements professionnels exigeants.<\/p>\n<p>Comme toute la gamme de tissus de STIVEL, le velours italien LUPINE est r\u00e9alis\u00e9 en accord avec les politiques durables de l\u2019entreprise, en termes de d\u2019inclusion et de de diminution de l\u2019empreinte environnementale. <a href=\"https:\/\/stivel.net\/fr\/product-category\/velours-italien\/\" target=\"_blank\" rel=\"noopener\">D\u00e9couvrez l&rsquo;ensemble de nos velours italien<\/a>.[\/vc_column_text][\/vc_column][\/vc_row]<\/p>\n","protected":false},"excerpt":{"rendered":"<p>Notre velours italien LUPINE s\u2019approprie d\u2019un graphisme contemporain jouant habilement avec un effet 3D.\u00a0 Les motifs et les couleurs dynamiques de ce velours de luxe octroient toutes les inspirations possibles en termes de d\u00e9coration.<\/p>\n<ul>\n<li>Tissu luxueux<\/li>\n<li>Design graphique contemporain<\/li>\n<li>D\u00e9coration int\u00e9rieure<\/li>\n<\/ul>\n","protected":false},"featured_media":12989,"template":"","meta":[],"product_brand":[],"product_cat":[186],"product_tag":[190],"class_list":{"0":"post-12948","1":"product","2":"type-product","3":"status-publish","4":"has-post-thumbnail","6":"product_cat-velours-italien","7":"product_tag-velours-italien","9":"first","10":"instock","11":"shipping-taxable","12":"purchasable","13":"product-type-simple"},"yoast_head":"<!-- This site is optimized with the Yoast SEO plugin v27.3 - https:\/\/yoast.com\/product\/yoast-seo-wordpress\/ -->\n<title>VELOURS ITALIEN LUPINE - Stivel<\/title>\n<meta name=\"description\" content=\"Le velours italien LUPINE offre des motifs et couleurs dynamiques, un graphisme contemporain \u00e0 l&#039;effet 3D pour les inspirations en mati\u00e8re de d\u00e9coration.\" \/>\n<meta name=\"robots\" content=\"index, follow, max-snippet:-1, max-image-preview:large, max-video-preview:-1\" \/>\n<link rel=\"canonical\" href=\"https:\/\/stivel.net\/fr\/product\/velours-italien-lupine\/\" \/>\n<meta property=\"og:locale\" content=\"fr_FR\" \/>\n<meta property=\"og:type\" content=\"article\" \/>\n<meta property=\"og:title\" content=\"VELOURS ITALIEN LUPINE - Stivel\" \/>\n<meta property=\"og:description\" content=\"Le velours italien LUPINE offre des motifs et couleurs dynamiques, un graphisme contemporain \u00e0 l&#039;effet 3D pour les inspirations en mati\u00e8re de d\u00e9coration.\" \/>\n<meta property=\"og:url\" content=\"https:\/\/stivel.net\/fr\/product\/velours-italien-lupine\/\" \/>\n<meta property=\"og:site_name\" content=\"Stivel\" \/>\n<meta property=\"article:publisher\" content=\"https:\/\/www.facebook.com\/profile.php?id=100063564997749\" \/>\n<meta property=\"article:modified_time\" content=\"2023-11-27T11:27:57+00:00\" \/>\n<meta property=\"og:image\" content=\"https:\/\/stivel.net\/wp-content\/uploads\/2023\/09\/ROSE-WENDY-2-scaled.webp\" \/>\n\t<meta property=\"og:image:width\" content=\"2560\" \/>\n\t<meta property=\"og:image:height\" content=\"1707\" \/>\n\t<meta property=\"og:image:type\" content=\"image\/webp\" \/>\n<script type=\"application\/ld+json\" class=\"yoast-schema-graph\">{\"@context\":\"https:\\\/\\\/schema.org\",\"@graph\":[{\"@type\":\"WebPage\",\"@id\":\"https:\\\/\\\/stivel.net\\\/fr\\\/product\\\/velours-italien-lupine\\\/\",\"url\":\"https:\\\/\\\/stivel.net\\\/fr\\\/product\\\/velours-italien-lupine\\\/\",\"name\":\"VELOURS ITALIEN LUPINE - Stivel\",\"isPartOf\":{\"@id\":\"https:\\\/\\\/stivel.net\\\/fr\\\/#website\"},\"primaryImageOfPage\":{\"@id\":\"https:\\\/\\\/stivel.net\\\/fr\\\/product\\\/velours-italien-lupine\\\/#primaryimage\"},\"image\":{\"@id\":\"https:\\\/\\\/stivel.net\\\/fr\\\/product\\\/velours-italien-lupine\\\/#primaryimage\"},\"thumbnailUrl\":\"https:\\\/\\\/stivel.net\\\/wp-content\\\/uploads\\\/2023\\\/09\\\/ROSE-WENDY-2-scaled.webp\",\"datePublished\":\"2023-09-29T08:54:05+00:00\",\"dateModified\":\"2023-11-27T11:27:57+00:00\",\"description\":\"Le velours italien LUPINE offre des motifs et couleurs dynamiques, un graphisme contemporain \u00e0 l'effet 3D pour les inspirations en mati\u00e8re de d\u00e9coration.\",\"breadcrumb\":{\"@id\":\"https:\\\/\\\/stivel.net\\\/fr\\\/product\\\/velours-italien-lupine\\\/#breadcrumb\"},\"inLanguage\":\"fr-FR\",\"potentialAction\":[{\"@type\":\"ReadAction\",\"target\":[\"https:\\\/\\\/stivel.net\\\/fr\\\/product\\\/velours-italien-lupine\\\/\"]}]},{\"@type\":\"ImageObject\",\"inLanguage\":\"fr-FR\",\"@id\":\"https:\\\/\\\/stivel.net\\\/fr\\\/product\\\/velours-italien-lupine\\\/#primaryimage\",\"url\":\"https:\\\/\\\/stivel.net\\\/wp-content\\\/uploads\\\/2023\\\/09\\\/ROSE-WENDY-2-scaled.webp\",\"contentUrl\":\"https:\\\/\\\/stivel.net\\\/wp-content\\\/uploads\\\/2023\\\/09\\\/ROSE-WENDY-2-scaled.webp\",\"width\":2560,\"height\":1707,\"caption\":\"Italian Velvet Lupine\"},{\"@type\":\"BreadcrumbList\",\"@id\":\"https:\\\/\\\/stivel.net\\\/fr\\\/product\\\/velours-italien-lupine\\\/#breadcrumb\",\"itemListElement\":[{\"@type\":\"ListItem\",\"position\":1,\"name\":\"Home\",\"item\":\"https:\\\/\\\/stivel.net\\\/fr\\\/\"},{\"@type\":\"ListItem\",\"position\":2,\"name\":\"Produits\",\"item\":\"https:\\\/\\\/stivel.net\\\/fr\\\/shop\\\/\"},{\"@type\":\"ListItem\",\"position\":3,\"name\":\"VELOURS ITALIEN LUPINE\"}]},{\"@type\":\"WebSite\",\"@id\":\"https:\\\/\\\/stivel.net\\\/fr\\\/#website\",\"url\":\"https:\\\/\\\/stivel.net\\\/fr\\\/\",\"name\":\"Stivel\",\"description\":\"Interior decoration\",\"publisher\":{\"@id\":\"https:\\\/\\\/stivel.net\\\/fr\\\/#organization\"},\"alternateName\":\"Stivel decoration\",\"potentialAction\":[{\"@type\":\"SearchAction\",\"target\":{\"@type\":\"EntryPoint\",\"urlTemplate\":\"https:\\\/\\\/stivel.net\\\/fr\\\/?s={search_term_string}\"},\"query-input\":{\"@type\":\"PropertyValueSpecification\",\"valueRequired\":true,\"valueName\":\"search_term_string\"}}],\"inLanguage\":\"fr-FR\"},{\"@type\":\"Organization\",\"@id\":\"https:\\\/\\\/stivel.net\\\/fr\\\/#organization\",\"name\":\"STIVEL\",\"url\":\"https:\\\/\\\/stivel.net\\\/fr\\\/\",\"logo\":{\"@type\":\"ImageObject\",\"inLanguage\":\"fr-FR\",\"@id\":\"https:\\\/\\\/stivel.net\\\/fr\\\/#\\\/schema\\\/logo\\\/image\\\/\",\"url\":\"https:\\\/\\\/stivel.net\\\/wp-content\\\/uploads\\\/2023\\\/01\\\/logo-stivel-black.png\",\"contentUrl\":\"https:\\\/\\\/stivel.net\\\/wp-content\\\/uploads\\\/2023\\\/01\\\/logo-stivel-black.png\",\"width\":1932,\"height\":431,\"caption\":\"STIVEL\"},\"image\":{\"@id\":\"https:\\\/\\\/stivel.net\\\/fr\\\/#\\\/schema\\\/logo\\\/image\\\/\"},\"sameAs\":[\"https:\\\/\\\/www.facebook.com\\\/profile.php?id=100063564997749\",\"https:\\\/\\\/www.instagram.com\\\/stiveltunisie\\\/?hl=en\"]}]}<\/script>\n<!-- \/ Yoast SEO plugin. -->","yoast_head_json":{"title":"VELOURS ITALIEN LUPINE - Stivel","description":"Le velours italien LUPINE offre des motifs et couleurs dynamiques, un graphisme contemporain \u00e0 l'effet 3D pour les inspirations en mati\u00e8re de d\u00e9coration.","robots":{"index":"index","follow":"follow","max-snippet":"max-snippet:-1","max-image-preview":"max-image-preview:large","max-video-preview":"max-video-preview:-1"},"canonical":"https:\/\/stivel.net\/fr\/product\/velours-italien-lupine\/","og_locale":"fr_FR","og_type":"article","og_title":"VELOURS ITALIEN LUPINE - Stivel","og_description":"Le velours italien LUPINE offre des motifs et couleurs dynamiques, un graphisme contemporain \u00e0 l'effet 3D pour les inspirations en mati\u00e8re de d\u00e9coration.","og_url":"https:\/\/stivel.net\/fr\/product\/velours-italien-lupine\/","og_site_name":"Stivel","article_publisher":"https:\/\/www.facebook.com\/profile.php?id=100063564997749","article_modified_time":"2023-11-27T11:27:57+00:00","og_image":[{"width":2560,"height":1707,"url":"https:\/\/stivel.net\/wp-content\/uploads\/2023\/09\/ROSE-WENDY-2-scaled.webp","type":"image\/webp"}],"schema":{"@context":"https:\/\/schema.org","@graph":[{"@type":"WebPage","@id":"https:\/\/stivel.net\/fr\/product\/velours-italien-lupine\/","url":"https:\/\/stivel.net\/fr\/product\/velours-italien-lupine\/","name":"VELOURS ITALIEN LUPINE - Stivel","isPartOf":{"@id":"https:\/\/stivel.net\/fr\/#website"},"primaryImageOfPage":{"@id":"https:\/\/stivel.net\/fr\/product\/velours-italien-lupine\/#primaryimage"},"image":{"@id":"https:\/\/stivel.net\/fr\/product\/velours-italien-lupine\/#primaryimage"},"thumbnailUrl":"https:\/\/stivel.net\/wp-content\/uploads\/2023\/09\/ROSE-WENDY-2-scaled.webp","datePublished":"2023-09-29T08:54:05+00:00","dateModified":"2023-11-27T11:27:57+00:00","description":"Le velours italien LUPINE offre des motifs et couleurs dynamiques, un graphisme contemporain \u00e0 l'effet 3D pour les inspirations en mati\u00e8re de d\u00e9coration.","breadcrumb":{"@id":"https:\/\/stivel.net\/fr\/product\/velours-italien-lupine\/#breadcrumb"},"inLanguage":"fr-FR","potentialAction":[{"@type":"ReadAction","target":["https:\/\/stivel.net\/fr\/product\/velours-italien-lupine\/"]}]},{"@type":"ImageObject","inLanguage":"fr-FR","@id":"https:\/\/stivel.net\/fr\/product\/velours-italien-lupine\/#primaryimage","url":"https:\/\/stivel.net\/wp-content\/uploads\/2023\/09\/ROSE-WENDY-2-scaled.webp","contentUrl":"https:\/\/stivel.net\/wp-content\/uploads\/2023\/09\/ROSE-WENDY-2-scaled.webp","width":2560,"height":1707,"caption":"Italian Velvet Lupine"},{"@type":"BreadcrumbList","@id":"https:\/\/stivel.net\/fr\/product\/velours-italien-lupine\/#breadcrumb","itemListElement":[{"@type":"ListItem","position":1,"name":"Home","item":"https:\/\/stivel.net\/fr\/"},{"@type":"ListItem","position":2,"name":"Produits","item":"https:\/\/stivel.net\/fr\/shop\/"},{"@type":"ListItem","position":3,"name":"VELOURS ITALIEN LUPINE"}]},{"@type":"WebSite","@id":"https:\/\/stivel.net\/fr\/#website","url":"https:\/\/stivel.net\/fr\/","name":"Stivel","description":"Interior decoration","publisher":{"@id":"https:\/\/stivel.net\/fr\/#organization"},"alternateName":"Stivel decoration","potentialAction":[{"@type":"SearchAction","target":{"@type":"EntryPoint","urlTemplate":"https:\/\/stivel.net\/fr\/?s={search_term_string}"},"query-input":{"@type":"PropertyValueSpecification","valueRequired":true,"valueName":"search_term_string"}}],"inLanguage":"fr-FR"},{"@type":"Organization","@id":"https:\/\/stivel.net\/fr\/#organization","name":"STIVEL","url":"https:\/\/stivel.net\/fr\/","logo":{"@type":"ImageObject","inLanguage":"fr-FR","@id":"https:\/\/stivel.net\/fr\/#\/schema\/logo\/image\/","url":"https:\/\/stivel.net\/wp-content\/uploads\/2023\/01\/logo-stivel-black.png","contentUrl":"https:\/\/stivel.net\/wp-content\/uploads\/2023\/01\/logo-stivel-black.png","width":1932,"height":431,"caption":"STIVEL"},"image":{"@id":"https:\/\/stivel.net\/fr\/#\/schema\/logo\/image\/"},"sameAs":["https:\/\/www.facebook.com\/profile.php?id=100063564997749","https:\/\/www.instagram.com\/stiveltunisie\/?hl=en"]}]}},"_links":{"self":[{"href":"https:\/\/stivel.net\/fr\/wp-json\/wp\/v2\/product\/12948","targetHints":{"allow":["GET"]}}],"collection":[{"href":"https:\/\/stivel.net\/fr\/wp-json\/wp\/v2\/product"}],"about":[{"href":"https:\/\/stivel.net\/fr\/wp-json\/wp\/v2\/types\/product"}],"wp:featuredmedia":[{"embeddable":true,"href":"https:\/\/stivel.net\/fr\/wp-json\/wp\/v2\/media\/12989"}],"wp:attachment":[{"href":"https:\/\/stivel.net\/fr\/wp-json\/wp\/v2\/media?parent=12948"}],"wp:term":[{"taxonomy":"product_brand","embeddable":true,"href":"https:\/\/stivel.net\/fr\/wp-json\/wp\/v2\/product_brand?post=12948"},{"taxonomy":"product_cat","embeddable":true,"href":"https:\/\/stivel.net\/fr\/wp-json\/wp\/v2\/product_cat?post=12948"},{"taxonomy":"product_tag","embeddable":true,"href":"https:\/\/stivel.net\/fr\/wp-json\/wp\/v2\/product_tag?post=12948"}],"curies":[{"name":"wp","href":"https:\/\/api.w.org\/{rel}","templated":true}]}}