{"id":12944,"date":"2023-09-29T08:51:11","date_gmt":"2023-09-29T08:51:11","guid":{"rendered":"https:\/\/stivel.net\/?post_type=product&#038;p=12944"},"modified":"2023-11-27T11:29:25","modified_gmt":"2023-11-27T11:29:25","slug":"velours-italien-prisma","status":"publish","type":"product","link":"https:\/\/stivel.net\/fr\/product\/velours-italien-prisma\/","title":{"rendered":"VELOURS ITALIEN PRISMA"},"content":{"rendered":"<p>[vc_row][vc_column][vc_column_text]Le velours italien PRISMA s\u2019adapte avec \u00e9l\u00e9gance et modernit\u00e9 \u00e0 tout espace int\u00e9rieur, qu\u2019il soit professionnel ou r\u00e9sidentiel. Le contraste apport\u00e9 gr\u00e2ce aux effets de l\u2019armure de tissage, offre une \u00e9l\u00e9gance pure pour toute confection envisag\u00e9e\u00a0: rideaux, tentures, accessoires de d\u00e9coration.<\/p>\n<p>Que ce soit pour un style contemporain, minimaliste, voire vintage, ce velours italien noir et blanc graphique se pr\u00eate avec succ\u00e8s \u00e0 toutes les inspirations stylistiques. Il offre en effet plusieurs possibilit\u00e9s de r\u00e9alisation : en accessoires de d\u00e9coration, coussins, rideaux ou en rev\u00eatements de meubles, fauteuils, chaises. Ce velours italien s\u2019invite ainsi volontiers dans tout type d\u2019int\u00e9rieur, classique, moderne ou vintage et r\u00e9pond avec \u00e9l\u00e9gance et qualit\u00e9 aux design envisag\u00e9s.<\/p>\n<p>Utilis\u00e9 pour des si\u00e8ges de salle de r\u00e9union, le velours italien PRISMA \u00e9voquera un style dynamique et urbain. Confectionn\u00e9 \u00e0 partir de fibres de polyester ou d&rsquo;autres mati\u00e8res synth\u00e9tiques, il r\u00e9sistera efficacement \u00e0 l&rsquo;usure et au grand passage, garantissant ainsi une long\u00e9vit\u00e9 accrue.<\/p>\n<p>Comme pour l\u2019ensemble des produits r\u00e9alis\u00e9s par STIVEL, ce tissu aux qualit\u00e9s incomparables porte les engagements durables de l\u2019entreprise STIVEL au niveau social et environnemental. <a href=\"https:\/\/stivel.net\/fr\/product-category\/velours-italien\/\" target=\"_blank\" rel=\"noopener\">D\u00e9couvrez l&rsquo;ensemble de nos velours italien<\/a>.[\/vc_column_text][\/vc_column][\/vc_row]<\/p>\n","protected":false},"excerpt":{"rendered":"<p>Les formes g\u00e9om\u00e9triques de notre velours italien PRISMA propose un bel \u00e9quilibre visuel et ajoute une dimension artistique \u00e0 tout projet de d\u00e9coration int\u00e9rieure.<\/p>\n<p>Par ces motifs particuli\u00e8rement r\u00e9ussis, ce velours italien offre une pr\u00e9sence visuelle forte et exprime une personnalit\u00e9 affirm\u00e9e.<\/p>\n<ul>\n<li>Tissu luxueux<\/li>\n<li>Design g\u00e9om\u00e9trique<\/li>\n<li>D\u00e9coration int\u00e9rieure<\/li>\n<\/ul>\n","protected":false},"featured_media":12946,"template":"","meta":[],"product_brand":[],"product_cat":[186],"product_tag":[190],"class_list":{"0":"post-12944","1":"product","2":"type-product","3":"status-publish","4":"has-post-thumbnail","6":"product_cat-velours-italien","7":"product_tag-velours-italien","9":"first","10":"instock","11":"shipping-taxable","12":"purchasable","13":"product-type-simple"},"yoast_head":"<!-- This site is optimized with the Yoast SEO plugin v27.4 - https:\/\/yoast.com\/product\/yoast-seo-wordpress\/ -->\n<title>VELOURS ITALIEN PRISMA - Stivel<\/title>\n<meta name=\"description\" content=\"Le velours italien PRISMA propose un bel \u00e9quilibre visuel et ajoute une dimension artistique \u00e0 tout projet de d\u00e9coration int\u00e9rieure\" \/>\n<meta name=\"robots\" content=\"index, follow, max-snippet:-1, max-image-preview:large, max-video-preview:-1\" \/>\n<link rel=\"canonical\" href=\"https:\/\/stivel.net\/fr\/product\/velours-italien-prisma\/\" \/>\n<meta property=\"og:locale\" content=\"fr_FR\" \/>\n<meta property=\"og:type\" content=\"article\" \/>\n<meta property=\"og:title\" content=\"VELOURS ITALIEN PRISMA - Stivel\" \/>\n<meta property=\"og:description\" content=\"Le velours italien PRISMA propose un bel \u00e9quilibre visuel et ajoute une dimension artistique \u00e0 tout projet de d\u00e9coration int\u00e9rieure\" \/>\n<meta property=\"og:url\" content=\"https:\/\/stivel.net\/fr\/product\/velours-italien-prisma\/\" \/>\n<meta property=\"og:site_name\" content=\"Stivel\" \/>\n<meta property=\"article:publisher\" content=\"https:\/\/www.facebook.com\/profile.php?id=100063564997749\" \/>\n<meta property=\"article:modified_time\" content=\"2023-11-27T11:29:25+00:00\" \/>\n<meta property=\"og:image\" content=\"https:\/\/stivel.net\/wp-content\/uploads\/2023\/09\/prisma-scaled.webp\" \/>\n\t<meta property=\"og:image:width\" content=\"2560\" \/>\n\t<meta property=\"og:image:height\" content=\"1911\" \/>\n\t<meta property=\"og:image:type\" content=\"image\/webp\" \/>\n<script type=\"application\/ld+json\" class=\"yoast-schema-graph\">{\"@context\":\"https:\\\/\\\/schema.org\",\"@graph\":[{\"@type\":\"WebPage\",\"@id\":\"https:\\\/\\\/stivel.net\\\/fr\\\/product\\\/velours-italien-prisma\\\/\",\"url\":\"https:\\\/\\\/stivel.net\\\/fr\\\/product\\\/velours-italien-prisma\\\/\",\"name\":\"VELOURS ITALIEN PRISMA - Stivel\",\"isPartOf\":{\"@id\":\"https:\\\/\\\/stivel.net\\\/fr\\\/#website\"},\"primaryImageOfPage\":{\"@id\":\"https:\\\/\\\/stivel.net\\\/fr\\\/product\\\/velours-italien-prisma\\\/#primaryimage\"},\"image\":{\"@id\":\"https:\\\/\\\/stivel.net\\\/fr\\\/product\\\/velours-italien-prisma\\\/#primaryimage\"},\"thumbnailUrl\":\"https:\\\/\\\/stivel.net\\\/wp-content\\\/uploads\\\/2023\\\/09\\\/prisma-scaled.webp\",\"datePublished\":\"2023-09-29T08:51:11+00:00\",\"dateModified\":\"2023-11-27T11:29:25+00:00\",\"description\":\"Le velours italien PRISMA propose un bel \u00e9quilibre visuel et ajoute une dimension artistique \u00e0 tout projet de d\u00e9coration int\u00e9rieure\",\"breadcrumb\":{\"@id\":\"https:\\\/\\\/stivel.net\\\/fr\\\/product\\\/velours-italien-prisma\\\/#breadcrumb\"},\"inLanguage\":\"fr-FR\",\"potentialAction\":[{\"@type\":\"ReadAction\",\"target\":[\"https:\\\/\\\/stivel.net\\\/fr\\\/product\\\/velours-italien-prisma\\\/\"]}]},{\"@type\":\"ImageObject\",\"inLanguage\":\"fr-FR\",\"@id\":\"https:\\\/\\\/stivel.net\\\/fr\\\/product\\\/velours-italien-prisma\\\/#primaryimage\",\"url\":\"https:\\\/\\\/stivel.net\\\/wp-content\\\/uploads\\\/2023\\\/09\\\/prisma-scaled.webp\",\"contentUrl\":\"https:\\\/\\\/stivel.net\\\/wp-content\\\/uploads\\\/2023\\\/09\\\/prisma-scaled.webp\",\"width\":2560,\"height\":1911,\"caption\":\"VELOURS ITALIEN PRISMA\"},{\"@type\":\"BreadcrumbList\",\"@id\":\"https:\\\/\\\/stivel.net\\\/fr\\\/product\\\/velours-italien-prisma\\\/#breadcrumb\",\"itemListElement\":[{\"@type\":\"ListItem\",\"position\":1,\"name\":\"Home\",\"item\":\"https:\\\/\\\/stivel.net\\\/fr\\\/\"},{\"@type\":\"ListItem\",\"position\":2,\"name\":\"Produits\",\"item\":\"https:\\\/\\\/stivel.net\\\/fr\\\/shop\\\/\"},{\"@type\":\"ListItem\",\"position\":3,\"name\":\"VELOURS ITALIEN PRISMA\"}]},{\"@type\":\"WebSite\",\"@id\":\"https:\\\/\\\/stivel.net\\\/fr\\\/#website\",\"url\":\"https:\\\/\\\/stivel.net\\\/fr\\\/\",\"name\":\"Stivel\",\"description\":\"Interior decoration\",\"publisher\":{\"@id\":\"https:\\\/\\\/stivel.net\\\/fr\\\/#organization\"},\"alternateName\":\"Stivel decoration\",\"potentialAction\":[{\"@type\":\"SearchAction\",\"target\":{\"@type\":\"EntryPoint\",\"urlTemplate\":\"https:\\\/\\\/stivel.net\\\/fr\\\/?s={search_term_string}\"},\"query-input\":{\"@type\":\"PropertyValueSpecification\",\"valueRequired\":true,\"valueName\":\"search_term_string\"}}],\"inLanguage\":\"fr-FR\"},{\"@type\":\"Organization\",\"@id\":\"https:\\\/\\\/stivel.net\\\/fr\\\/#organization\",\"name\":\"STIVEL\",\"url\":\"https:\\\/\\\/stivel.net\\\/fr\\\/\",\"logo\":{\"@type\":\"ImageObject\",\"inLanguage\":\"fr-FR\",\"@id\":\"https:\\\/\\\/stivel.net\\\/fr\\\/#\\\/schema\\\/logo\\\/image\\\/\",\"url\":\"https:\\\/\\\/stivel.net\\\/wp-content\\\/uploads\\\/2023\\\/01\\\/logo-stivel-black.png\",\"contentUrl\":\"https:\\\/\\\/stivel.net\\\/wp-content\\\/uploads\\\/2023\\\/01\\\/logo-stivel-black.png\",\"width\":1932,\"height\":431,\"caption\":\"STIVEL\"},\"image\":{\"@id\":\"https:\\\/\\\/stivel.net\\\/fr\\\/#\\\/schema\\\/logo\\\/image\\\/\"},\"sameAs\":[\"https:\\\/\\\/www.facebook.com\\\/profile.php?id=100063564997749\",\"https:\\\/\\\/www.instagram.com\\\/stiveltunisie\\\/?hl=en\"]}]}<\/script>\n<!-- \/ Yoast SEO plugin. -->","yoast_head_json":{"title":"VELOURS ITALIEN PRISMA - Stivel","description":"Le velours italien PRISMA propose un bel \u00e9quilibre visuel et ajoute une dimension artistique \u00e0 tout projet de d\u00e9coration int\u00e9rieure","robots":{"index":"index","follow":"follow","max-snippet":"max-snippet:-1","max-image-preview":"max-image-preview:large","max-video-preview":"max-video-preview:-1"},"canonical":"https:\/\/stivel.net\/fr\/product\/velours-italien-prisma\/","og_locale":"fr_FR","og_type":"article","og_title":"VELOURS ITALIEN PRISMA - Stivel","og_description":"Le velours italien PRISMA propose un bel \u00e9quilibre visuel et ajoute une dimension artistique \u00e0 tout projet de d\u00e9coration int\u00e9rieure","og_url":"https:\/\/stivel.net\/fr\/product\/velours-italien-prisma\/","og_site_name":"Stivel","article_publisher":"https:\/\/www.facebook.com\/profile.php?id=100063564997749","article_modified_time":"2023-11-27T11:29:25+00:00","og_image":[{"width":2560,"height":1911,"url":"https:\/\/stivel.net\/wp-content\/uploads\/2023\/09\/prisma-scaled.webp","type":"image\/webp"}],"schema":{"@context":"https:\/\/schema.org","@graph":[{"@type":"WebPage","@id":"https:\/\/stivel.net\/fr\/product\/velours-italien-prisma\/","url":"https:\/\/stivel.net\/fr\/product\/velours-italien-prisma\/","name":"VELOURS ITALIEN PRISMA - Stivel","isPartOf":{"@id":"https:\/\/stivel.net\/fr\/#website"},"primaryImageOfPage":{"@id":"https:\/\/stivel.net\/fr\/product\/velours-italien-prisma\/#primaryimage"},"image":{"@id":"https:\/\/stivel.net\/fr\/product\/velours-italien-prisma\/#primaryimage"},"thumbnailUrl":"https:\/\/stivel.net\/wp-content\/uploads\/2023\/09\/prisma-scaled.webp","datePublished":"2023-09-29T08:51:11+00:00","dateModified":"2023-11-27T11:29:25+00:00","description":"Le velours italien PRISMA propose un bel \u00e9quilibre visuel et ajoute une dimension artistique \u00e0 tout projet de d\u00e9coration int\u00e9rieure","breadcrumb":{"@id":"https:\/\/stivel.net\/fr\/product\/velours-italien-prisma\/#breadcrumb"},"inLanguage":"fr-FR","potentialAction":[{"@type":"ReadAction","target":["https:\/\/stivel.net\/fr\/product\/velours-italien-prisma\/"]}]},{"@type":"ImageObject","inLanguage":"fr-FR","@id":"https:\/\/stivel.net\/fr\/product\/velours-italien-prisma\/#primaryimage","url":"https:\/\/stivel.net\/wp-content\/uploads\/2023\/09\/prisma-scaled.webp","contentUrl":"https:\/\/stivel.net\/wp-content\/uploads\/2023\/09\/prisma-scaled.webp","width":2560,"height":1911,"caption":"VELOURS ITALIEN PRISMA"},{"@type":"BreadcrumbList","@id":"https:\/\/stivel.net\/fr\/product\/velours-italien-prisma\/#breadcrumb","itemListElement":[{"@type":"ListItem","position":1,"name":"Home","item":"https:\/\/stivel.net\/fr\/"},{"@type":"ListItem","position":2,"name":"Produits","item":"https:\/\/stivel.net\/fr\/shop\/"},{"@type":"ListItem","position":3,"name":"VELOURS ITALIEN PRISMA"}]},{"@type":"WebSite","@id":"https:\/\/stivel.net\/fr\/#website","url":"https:\/\/stivel.net\/fr\/","name":"Stivel","description":"Interior decoration","publisher":{"@id":"https:\/\/stivel.net\/fr\/#organization"},"alternateName":"Stivel decoration","potentialAction":[{"@type":"SearchAction","target":{"@type":"EntryPoint","urlTemplate":"https:\/\/stivel.net\/fr\/?s={search_term_string}"},"query-input":{"@type":"PropertyValueSpecification","valueRequired":true,"valueName":"search_term_string"}}],"inLanguage":"fr-FR"},{"@type":"Organization","@id":"https:\/\/stivel.net\/fr\/#organization","name":"STIVEL","url":"https:\/\/stivel.net\/fr\/","logo":{"@type":"ImageObject","inLanguage":"fr-FR","@id":"https:\/\/stivel.net\/fr\/#\/schema\/logo\/image\/","url":"https:\/\/stivel.net\/wp-content\/uploads\/2023\/01\/logo-stivel-black.png","contentUrl":"https:\/\/stivel.net\/wp-content\/uploads\/2023\/01\/logo-stivel-black.png","width":1932,"height":431,"caption":"STIVEL"},"image":{"@id":"https:\/\/stivel.net\/fr\/#\/schema\/logo\/image\/"},"sameAs":["https:\/\/www.facebook.com\/profile.php?id=100063564997749","https:\/\/www.instagram.com\/stiveltunisie\/?hl=en"]}]}},"_links":{"self":[{"href":"https:\/\/stivel.net\/fr\/wp-json\/wp\/v2\/product\/12944","targetHints":{"allow":["GET"]}}],"collection":[{"href":"https:\/\/stivel.net\/fr\/wp-json\/wp\/v2\/product"}],"about":[{"href":"https:\/\/stivel.net\/fr\/wp-json\/wp\/v2\/types\/product"}],"wp:featuredmedia":[{"embeddable":true,"href":"https:\/\/stivel.net\/fr\/wp-json\/wp\/v2\/media\/12946"}],"wp:attachment":[{"href":"https:\/\/stivel.net\/fr\/wp-json\/wp\/v2\/media?parent=12944"}],"wp:term":[{"taxonomy":"product_brand","embeddable":true,"href":"https:\/\/stivel.net\/fr\/wp-json\/wp\/v2\/product_brand?post=12944"},{"taxonomy":"product_cat","embeddable":true,"href":"https:\/\/stivel.net\/fr\/wp-json\/wp\/v2\/product_cat?post=12944"},{"taxonomy":"product_tag","embeddable":true,"href":"https:\/\/stivel.net\/fr\/wp-json\/wp\/v2\/product_tag?post=12944"}],"curies":[{"name":"wp","href":"https:\/\/api.w.org\/{rel}","templated":true}]}}