{"id":12935,"date":"2023-09-29T08:40:46","date_gmt":"2023-09-29T08:40:46","guid":{"rendered":"https:\/\/stivel.net\/?post_type=product&#038;p=12935"},"modified":"2023-11-27T10:58:14","modified_gmt":"2023-11-27T10:58:14","slug":"velours-italien-el-kaysar1","status":"publish","type":"product","link":"https:\/\/stivel.net\/fr\/product\/velours-italien-el-kaysar1\/","title":{"rendered":"VELOURS ITALIEN EL KAYSAR1"},"content":{"rendered":"<p>[vc_row][vc_column][vc_column_text] Notre velours italien EL KAYSAR1 s\u2019invite de fa\u00e7on \u00e9l\u00e9gante et intemporelle dans tout espace souhait\u00e9 : un salon, des chambres, des bureaux. Avec ses formes g\u00e9om\u00e9triques et floraux rouge, ce tissu apporte une touche de luxe et de sophistication.<\/p>\n<p>Utilis\u00e9 pour des rideaux, des coussins, des couvre-lits, notre velours italien rouge cr\u00e9era une ambiance glamour et romance recherch\u00e9e pour les chambres ou les espaces communs d\u2019h\u00f4tels. Il sera \u00e9galement parfait pour un bureau professionnel avec des fauteuils habilement recouverts de ce tissu au toucher velout\u00e9 et soyeux : une belle invitation au confort. L&rsquo;excellence du tissage complexe de ce tissu haut de gamme offrira \u00e9galement une durabilit\u00e9 exceptionnelle.<\/p>\n<p>Exclusivement r\u00e9alis\u00e9s avec des fils rigoureusement s\u00e9lectionn\u00e9s pour leur qualit\u00e9 et solidit\u00e9, notre tissu velours italien EL KAYSAR1 est le choix judicieux d\u2019un design universel et ind\u00e9modable.<\/p>\n<p>STIVEL est engag\u00e9 depuis de nombreuses ann\u00e9es dans une politique durable en termes social et environnemental et propose ainsi des produits uniques, \u00e9thiques. <a href=\"https:\/\/stivel.net\/fr\/product-category\/velours-italien\/\" target=\"_blank\" rel=\"noopener\">D\u00e9couvrez l&rsquo;ensemble de nos velours italien.<\/a>[\/vc_column_text][\/vc_column][\/vc_row]<\/p>\n","protected":false},"excerpt":{"rendered":"<p>La minutie des d\u00e9tails reproduits sur notre velours italien EL KAYSAR1 sublime imm\u00e9diatement tous les int\u00e9rieurs, toutes les pi\u00e8ces d\u2019ameublement. Les ornements graphiques, dor\u00e9s, m\u00ealent subtilement les formes g\u00e9om\u00e9triques et floraux rouge pour apporter la touche de sophistication \u00e0 tout projet de design haut de gamme.<\/p>\n<ul>\n<li>Tissu luxueux<\/li>\n<li>Design traditionnel aux formes g\u00e9om\u00e9triques et floraux rouge<\/li>\n<li>D\u00e9coration int\u00e9rieure<\/li>\n<\/ul>\n","protected":false},"featured_media":12942,"template":"","meta":[],"product_brand":[],"product_cat":[186],"product_tag":[190],"class_list":{"0":"post-12935","1":"product","2":"type-product","3":"status-publish","4":"has-post-thumbnail","6":"product_cat-velours-italien","7":"product_tag-velours-italien","9":"first","10":"instock","11":"shipping-taxable","12":"purchasable","13":"product-type-simple"},"yoast_head":"<!-- This site is optimized with the Yoast SEO plugin v27.3 - https:\/\/yoast.com\/product\/yoast-seo-wordpress\/ -->\n<title>VELOURS ITALIEN EL KAYSAR1 -<\/title>\n<meta name=\"description\" content=\"Le velours italien EL KAYSAR1 m\u00eale subtilement les formes g\u00e9om\u00e9triques et floraux rouge et apporte la touche de sophistication \u00e0 tout projet haut de gamme.\" \/>\n<meta name=\"robots\" content=\"index, follow, max-snippet:-1, max-image-preview:large, max-video-preview:-1\" \/>\n<link rel=\"canonical\" href=\"https:\/\/stivel.net\/fr\/product\/velours-italien-el-kaysar1\/\" \/>\n<meta property=\"og:locale\" content=\"fr_FR\" \/>\n<meta property=\"og:type\" content=\"article\" \/>\n<meta property=\"og:title\" content=\"VELOURS ITALIEN EL KAYSAR1 -\" \/>\n<meta property=\"og:description\" content=\"Le velours italien EL KAYSAR1 m\u00eale subtilement les formes g\u00e9om\u00e9triques et floraux rouge et apporte la touche de sophistication \u00e0 tout projet haut de gamme.\" \/>\n<meta property=\"og:url\" content=\"https:\/\/stivel.net\/fr\/product\/velours-italien-el-kaysar1\/\" \/>\n<meta property=\"og:site_name\" content=\"Stivel\" \/>\n<meta property=\"article:publisher\" content=\"https:\/\/www.facebook.com\/profile.php?id=100063564997749\" \/>\n<meta property=\"article:modified_time\" content=\"2023-11-27T10:58:14+00:00\" \/>\n<meta property=\"og:image\" content=\"https:\/\/stivel.net\/wp-content\/uploads\/2023\/09\/dsc-0008-scaled.webp\" \/>\n\t<meta property=\"og:image:width\" content=\"2560\" \/>\n\t<meta property=\"og:image:height\" content=\"1707\" \/>\n\t<meta property=\"og:image:type\" content=\"image\/webp\" \/>\n<script type=\"application\/ld+json\" class=\"yoast-schema-graph\">{\"@context\":\"https:\\\/\\\/schema.org\",\"@graph\":[{\"@type\":\"WebPage\",\"@id\":\"https:\\\/\\\/stivel.net\\\/fr\\\/product\\\/velours-italien-el-kaysar1\\\/\",\"url\":\"https:\\\/\\\/stivel.net\\\/fr\\\/product\\\/velours-italien-el-kaysar1\\\/\",\"name\":\"VELOURS ITALIEN EL KAYSAR1 -\",\"isPartOf\":{\"@id\":\"https:\\\/\\\/stivel.net\\\/fr\\\/#website\"},\"primaryImageOfPage\":{\"@id\":\"https:\\\/\\\/stivel.net\\\/fr\\\/product\\\/velours-italien-el-kaysar1\\\/#primaryimage\"},\"image\":{\"@id\":\"https:\\\/\\\/stivel.net\\\/fr\\\/product\\\/velours-italien-el-kaysar1\\\/#primaryimage\"},\"thumbnailUrl\":\"https:\\\/\\\/stivel.net\\\/wp-content\\\/uploads\\\/2023\\\/09\\\/dsc-0008-scaled.webp\",\"datePublished\":\"2023-09-29T08:40:46+00:00\",\"dateModified\":\"2023-11-27T10:58:14+00:00\",\"description\":\"Le velours italien EL KAYSAR1 m\u00eale subtilement les formes g\u00e9om\u00e9triques et floraux rouge et apporte la touche de sophistication \u00e0 tout projet haut de gamme.\",\"breadcrumb\":{\"@id\":\"https:\\\/\\\/stivel.net\\\/fr\\\/product\\\/velours-italien-el-kaysar1\\\/#breadcrumb\"},\"inLanguage\":\"fr-FR\",\"potentialAction\":[{\"@type\":\"ReadAction\",\"target\":[\"https:\\\/\\\/stivel.net\\\/fr\\\/product\\\/velours-italien-el-kaysar1\\\/\"]}]},{\"@type\":\"ImageObject\",\"inLanguage\":\"fr-FR\",\"@id\":\"https:\\\/\\\/stivel.net\\\/fr\\\/product\\\/velours-italien-el-kaysar1\\\/#primaryimage\",\"url\":\"https:\\\/\\\/stivel.net\\\/wp-content\\\/uploads\\\/2023\\\/09\\\/dsc-0008-scaled.webp\",\"contentUrl\":\"https:\\\/\\\/stivel.net\\\/wp-content\\\/uploads\\\/2023\\\/09\\\/dsc-0008-scaled.webp\",\"width\":2560,\"height\":1707,\"caption\":\"Italian Velvet EL KAYSAR1\"},{\"@type\":\"BreadcrumbList\",\"@id\":\"https:\\\/\\\/stivel.net\\\/fr\\\/product\\\/velours-italien-el-kaysar1\\\/#breadcrumb\",\"itemListElement\":[{\"@type\":\"ListItem\",\"position\":1,\"name\":\"Home\",\"item\":\"https:\\\/\\\/stivel.net\\\/fr\\\/\"},{\"@type\":\"ListItem\",\"position\":2,\"name\":\"Produits\",\"item\":\"https:\\\/\\\/stivel.net\\\/fr\\\/shop\\\/\"},{\"@type\":\"ListItem\",\"position\":3,\"name\":\"VELOURS ITALIEN EL KAYSAR1\"}]},{\"@type\":\"WebSite\",\"@id\":\"https:\\\/\\\/stivel.net\\\/fr\\\/#website\",\"url\":\"https:\\\/\\\/stivel.net\\\/fr\\\/\",\"name\":\"Stivel\",\"description\":\"Interior decoration\",\"publisher\":{\"@id\":\"https:\\\/\\\/stivel.net\\\/fr\\\/#organization\"},\"alternateName\":\"Stivel decoration\",\"potentialAction\":[{\"@type\":\"SearchAction\",\"target\":{\"@type\":\"EntryPoint\",\"urlTemplate\":\"https:\\\/\\\/stivel.net\\\/fr\\\/?s={search_term_string}\"},\"query-input\":{\"@type\":\"PropertyValueSpecification\",\"valueRequired\":true,\"valueName\":\"search_term_string\"}}],\"inLanguage\":\"fr-FR\"},{\"@type\":\"Organization\",\"@id\":\"https:\\\/\\\/stivel.net\\\/fr\\\/#organization\",\"name\":\"STIVEL\",\"url\":\"https:\\\/\\\/stivel.net\\\/fr\\\/\",\"logo\":{\"@type\":\"ImageObject\",\"inLanguage\":\"fr-FR\",\"@id\":\"https:\\\/\\\/stivel.net\\\/fr\\\/#\\\/schema\\\/logo\\\/image\\\/\",\"url\":\"https:\\\/\\\/stivel.net\\\/wp-content\\\/uploads\\\/2023\\\/01\\\/logo-stivel-black.png\",\"contentUrl\":\"https:\\\/\\\/stivel.net\\\/wp-content\\\/uploads\\\/2023\\\/01\\\/logo-stivel-black.png\",\"width\":1932,\"height\":431,\"caption\":\"STIVEL\"},\"image\":{\"@id\":\"https:\\\/\\\/stivel.net\\\/fr\\\/#\\\/schema\\\/logo\\\/image\\\/\"},\"sameAs\":[\"https:\\\/\\\/www.facebook.com\\\/profile.php?id=100063564997749\",\"https:\\\/\\\/www.instagram.com\\\/stiveltunisie\\\/?hl=en\"]}]}<\/script>\n<!-- \/ Yoast SEO plugin. -->","yoast_head_json":{"title":"VELOURS ITALIEN EL KAYSAR1 -","description":"Le velours italien EL KAYSAR1 m\u00eale subtilement les formes g\u00e9om\u00e9triques et floraux rouge et apporte la touche de sophistication \u00e0 tout projet haut de gamme.","robots":{"index":"index","follow":"follow","max-snippet":"max-snippet:-1","max-image-preview":"max-image-preview:large","max-video-preview":"max-video-preview:-1"},"canonical":"https:\/\/stivel.net\/fr\/product\/velours-italien-el-kaysar1\/","og_locale":"fr_FR","og_type":"article","og_title":"VELOURS ITALIEN EL KAYSAR1 -","og_description":"Le velours italien EL KAYSAR1 m\u00eale subtilement les formes g\u00e9om\u00e9triques et floraux rouge et apporte la touche de sophistication \u00e0 tout projet haut de gamme.","og_url":"https:\/\/stivel.net\/fr\/product\/velours-italien-el-kaysar1\/","og_site_name":"Stivel","article_publisher":"https:\/\/www.facebook.com\/profile.php?id=100063564997749","article_modified_time":"2023-11-27T10:58:14+00:00","og_image":[{"width":2560,"height":1707,"url":"https:\/\/stivel.net\/wp-content\/uploads\/2023\/09\/dsc-0008-scaled.webp","type":"image\/webp"}],"schema":{"@context":"https:\/\/schema.org","@graph":[{"@type":"WebPage","@id":"https:\/\/stivel.net\/fr\/product\/velours-italien-el-kaysar1\/","url":"https:\/\/stivel.net\/fr\/product\/velours-italien-el-kaysar1\/","name":"VELOURS ITALIEN EL KAYSAR1 -","isPartOf":{"@id":"https:\/\/stivel.net\/fr\/#website"},"primaryImageOfPage":{"@id":"https:\/\/stivel.net\/fr\/product\/velours-italien-el-kaysar1\/#primaryimage"},"image":{"@id":"https:\/\/stivel.net\/fr\/product\/velours-italien-el-kaysar1\/#primaryimage"},"thumbnailUrl":"https:\/\/stivel.net\/wp-content\/uploads\/2023\/09\/dsc-0008-scaled.webp","datePublished":"2023-09-29T08:40:46+00:00","dateModified":"2023-11-27T10:58:14+00:00","description":"Le velours italien EL KAYSAR1 m\u00eale subtilement les formes g\u00e9om\u00e9triques et floraux rouge et apporte la touche de sophistication \u00e0 tout projet haut de gamme.","breadcrumb":{"@id":"https:\/\/stivel.net\/fr\/product\/velours-italien-el-kaysar1\/#breadcrumb"},"inLanguage":"fr-FR","potentialAction":[{"@type":"ReadAction","target":["https:\/\/stivel.net\/fr\/product\/velours-italien-el-kaysar1\/"]}]},{"@type":"ImageObject","inLanguage":"fr-FR","@id":"https:\/\/stivel.net\/fr\/product\/velours-italien-el-kaysar1\/#primaryimage","url":"https:\/\/stivel.net\/wp-content\/uploads\/2023\/09\/dsc-0008-scaled.webp","contentUrl":"https:\/\/stivel.net\/wp-content\/uploads\/2023\/09\/dsc-0008-scaled.webp","width":2560,"height":1707,"caption":"Italian Velvet EL KAYSAR1"},{"@type":"BreadcrumbList","@id":"https:\/\/stivel.net\/fr\/product\/velours-italien-el-kaysar1\/#breadcrumb","itemListElement":[{"@type":"ListItem","position":1,"name":"Home","item":"https:\/\/stivel.net\/fr\/"},{"@type":"ListItem","position":2,"name":"Produits","item":"https:\/\/stivel.net\/fr\/shop\/"},{"@type":"ListItem","position":3,"name":"VELOURS ITALIEN EL KAYSAR1"}]},{"@type":"WebSite","@id":"https:\/\/stivel.net\/fr\/#website","url":"https:\/\/stivel.net\/fr\/","name":"Stivel","description":"Interior decoration","publisher":{"@id":"https:\/\/stivel.net\/fr\/#organization"},"alternateName":"Stivel decoration","potentialAction":[{"@type":"SearchAction","target":{"@type":"EntryPoint","urlTemplate":"https:\/\/stivel.net\/fr\/?s={search_term_string}"},"query-input":{"@type":"PropertyValueSpecification","valueRequired":true,"valueName":"search_term_string"}}],"inLanguage":"fr-FR"},{"@type":"Organization","@id":"https:\/\/stivel.net\/fr\/#organization","name":"STIVEL","url":"https:\/\/stivel.net\/fr\/","logo":{"@type":"ImageObject","inLanguage":"fr-FR","@id":"https:\/\/stivel.net\/fr\/#\/schema\/logo\/image\/","url":"https:\/\/stivel.net\/wp-content\/uploads\/2023\/01\/logo-stivel-black.png","contentUrl":"https:\/\/stivel.net\/wp-content\/uploads\/2023\/01\/logo-stivel-black.png","width":1932,"height":431,"caption":"STIVEL"},"image":{"@id":"https:\/\/stivel.net\/fr\/#\/schema\/logo\/image\/"},"sameAs":["https:\/\/www.facebook.com\/profile.php?id=100063564997749","https:\/\/www.instagram.com\/stiveltunisie\/?hl=en"]}]}},"_links":{"self":[{"href":"https:\/\/stivel.net\/fr\/wp-json\/wp\/v2\/product\/12935","targetHints":{"allow":["GET"]}}],"collection":[{"href":"https:\/\/stivel.net\/fr\/wp-json\/wp\/v2\/product"}],"about":[{"href":"https:\/\/stivel.net\/fr\/wp-json\/wp\/v2\/types\/product"}],"wp:featuredmedia":[{"embeddable":true,"href":"https:\/\/stivel.net\/fr\/wp-json\/wp\/v2\/media\/12942"}],"wp:attachment":[{"href":"https:\/\/stivel.net\/fr\/wp-json\/wp\/v2\/media?parent=12935"}],"wp:term":[{"taxonomy":"product_brand","embeddable":true,"href":"https:\/\/stivel.net\/fr\/wp-json\/wp\/v2\/product_brand?post=12935"},{"taxonomy":"product_cat","embeddable":true,"href":"https:\/\/stivel.net\/fr\/wp-json\/wp\/v2\/product_cat?post=12935"},{"taxonomy":"product_tag","embeddable":true,"href":"https:\/\/stivel.net\/fr\/wp-json\/wp\/v2\/product_tag?post=12935"}],"curies":[{"name":"wp","href":"https:\/\/api.w.org\/{rel}","templated":true}]}}