{"id":12932,"date":"2023-09-29T08:35:04","date_gmt":"2023-09-29T08:35:04","guid":{"rendered":"https:\/\/stivel.net\/?post_type=product&#038;p=12932"},"modified":"2023-11-27T11:30:48","modified_gmt":"2023-11-27T11:30:48","slug":"velours-italien-josia1","status":"publish","type":"product","link":"https:\/\/stivel.net\/fr\/product\/velours-italien-josia1\/","title":{"rendered":"VELOURS ITALIEN JOSIA1"},"content":{"rendered":"<p>[vc_row][vc_column][vc_column_text]Notre velours italien JOSIA1 apporte une jolie touche contemporaine quel que soit le projet qui lui sera d\u00e9di\u00e9. L&rsquo;harmonie subtile des formes et des couleurs \u00e9voque une v\u00e9ritable \u0153uvre d&rsquo;art textile : son caract\u00e8re r\u00e9solument moderne, sans aucun compromis sur la qualit\u00e9 et le confort, apporte \u00e9l\u00e9gance et esth\u00e9tisme.<\/p>\n<p>Le graphisme \u00e9tudi\u00e9 de ce velours exceptionnel permet des effets mats et brillants, par les jeux de la lumi\u00e8re naturelle. Avec la richesse de ses motifs, le tissu JOSIA1 est un choix d\u2019exception pour un espace accueillant et tendance. Que ce soit pour habiller des canap\u00e9s, confectionner des rideaux ou cr\u00e9er des coussins d\u00e9coratifs, ce tissu s&rsquo;adapte \u00e0 divers \u00e9l\u00e9ments de d\u00e9coration.<\/p>\n<p>Le style urbain de ce velours polyvalent r\u00e9pond ainsi aux attentes les plus exigeantes en mati\u00e8re d&rsquo;esth\u00e9tique et de qualit\u00e9\u00a0: il pr\u00e9sente une r\u00e9sistance aux rigueurs du quotidien tout en conservant \u00e9l\u00e9gance et \u00e9clat.<br \/>\nCe velours italien, s&rsquo;int\u00e8gre harmonieusement dans divers espaces, que ce soit un loft urbain, un bureau moderne ou une r\u00e9sidence sophistiqu\u00e9e.<\/p>\n<p>Le velours italien JOSIA 1 est bien plus qu&rsquo;un simple tissu ; il devient une expression de l&rsquo;\u00e9l\u00e9gance et du design.<br \/>\nComme pour l\u2019ensemble des produits r\u00e9alis\u00e9s par STIVEL, le velours italien JOSIA1 porte l\u2019engagement de STIVEL dans une politique durable en termes social et environnemental. <a href=\"https:\/\/stivel.net\/fr\/product-category\/velours-italien\/\" target=\"_blank\" rel=\"noopener\">D\u00e9couvrez l&rsquo;ensemble de nos velours italien<\/a>(.[\/vc_column_text][\/vc_column][\/vc_row]<\/p>\n","protected":false},"excerpt":{"rendered":"<p>Le design contemporain de notre velours italien JOSIA1 permet une diversit\u00e9 d\u2019interpr\u00e9tation dans l\u2019habillement des int\u00e9rieurs modernes.<\/p>\n<p>Le tissu pr\u00e9sente des motifs au volume remarquable, lui conf\u00e9rant un caract\u00e8re graphique, color\u00e9 et \u00e9clatant. Il est id\u00e9al dans tous les espaces de la maison ou dans l\u2019univers professionnel.<\/p>\n<ul>\n<li>Tissu luxueux<\/li>\n<li>Design g\u00e9om\u00e9trique<\/li>\n<li>D\u00e9coration int\u00e9rieure<\/li>\n<\/ul>\n","protected":false},"featured_media":12938,"template":"","meta":[],"product_brand":[],"product_cat":[186],"product_tag":[190],"class_list":{"0":"post-12932","1":"product","2":"type-product","3":"status-publish","4":"has-post-thumbnail","6":"product_cat-velours-italien","7":"product_tag-velours-italien","9":"first","10":"instock","11":"shipping-taxable","12":"purchasable","13":"product-type-simple"},"yoast_head":"<!-- This site is optimized with the Yoast SEO plugin v27.3 - https:\/\/yoast.com\/product\/yoast-seo-wordpress\/ -->\n<title>VELOURS ITALIEN JOSIA1 - Stivel<\/title>\n<meta name=\"description\" content=\"Le velours italien JOSIA1 offre un caract\u00e8re graphique, color\u00e9 et \u00e9clatant. Il est id\u00e9al dans tous les espaces de d\u00e9coration\" \/>\n<meta name=\"robots\" content=\"index, follow, max-snippet:-1, max-image-preview:large, max-video-preview:-1\" \/>\n<link rel=\"canonical\" href=\"https:\/\/stivel.net\/fr\/product\/velours-italien-josia1\/\" \/>\n<meta property=\"og:locale\" content=\"fr_FR\" \/>\n<meta property=\"og:type\" content=\"article\" \/>\n<meta property=\"og:title\" content=\"VELOURS ITALIEN JOSIA1 - Stivel\" \/>\n<meta property=\"og:description\" content=\"Le velours italien JOSIA1 offre un caract\u00e8re graphique, color\u00e9 et \u00e9clatant. Il est id\u00e9al dans tous les espaces de d\u00e9coration\" \/>\n<meta property=\"og:url\" content=\"https:\/\/stivel.net\/fr\/product\/velours-italien-josia1\/\" \/>\n<meta property=\"og:site_name\" content=\"Stivel\" \/>\n<meta property=\"article:publisher\" content=\"https:\/\/www.facebook.com\/profile.php?id=100063564997749\" \/>\n<meta property=\"article:modified_time\" content=\"2023-11-27T11:30:48+00:00\" \/>\n<meta property=\"og:image\" content=\"https:\/\/stivel.net\/wp-content\/uploads\/2023\/09\/dsc-0377-scaled.webp\" \/>\n\t<meta property=\"og:image:width\" content=\"2560\" \/>\n\t<meta property=\"og:image:height\" content=\"1622\" \/>\n\t<meta property=\"og:image:type\" content=\"image\/webp\" \/>\n<script type=\"application\/ld+json\" class=\"yoast-schema-graph\">{\"@context\":\"https:\\\/\\\/schema.org\",\"@graph\":[{\"@type\":\"WebPage\",\"@id\":\"https:\\\/\\\/stivel.net\\\/fr\\\/product\\\/velours-italien-josia1\\\/\",\"url\":\"https:\\\/\\\/stivel.net\\\/fr\\\/product\\\/velours-italien-josia1\\\/\",\"name\":\"VELOURS ITALIEN JOSIA1 - Stivel\",\"isPartOf\":{\"@id\":\"https:\\\/\\\/stivel.net\\\/fr\\\/#website\"},\"primaryImageOfPage\":{\"@id\":\"https:\\\/\\\/stivel.net\\\/fr\\\/product\\\/velours-italien-josia1\\\/#primaryimage\"},\"image\":{\"@id\":\"https:\\\/\\\/stivel.net\\\/fr\\\/product\\\/velours-italien-josia1\\\/#primaryimage\"},\"thumbnailUrl\":\"https:\\\/\\\/stivel.net\\\/wp-content\\\/uploads\\\/2023\\\/09\\\/dsc-0377-scaled.webp\",\"datePublished\":\"2023-09-29T08:35:04+00:00\",\"dateModified\":\"2023-11-27T11:30:48+00:00\",\"description\":\"Le velours italien JOSIA1 offre un caract\u00e8re graphique, color\u00e9 et \u00e9clatant. Il est id\u00e9al dans tous les espaces de d\u00e9coration\",\"breadcrumb\":{\"@id\":\"https:\\\/\\\/stivel.net\\\/fr\\\/product\\\/velours-italien-josia1\\\/#breadcrumb\"},\"inLanguage\":\"fr-FR\",\"potentialAction\":[{\"@type\":\"ReadAction\",\"target\":[\"https:\\\/\\\/stivel.net\\\/fr\\\/product\\\/velours-italien-josia1\\\/\"]}]},{\"@type\":\"ImageObject\",\"inLanguage\":\"fr-FR\",\"@id\":\"https:\\\/\\\/stivel.net\\\/fr\\\/product\\\/velours-italien-josia1\\\/#primaryimage\",\"url\":\"https:\\\/\\\/stivel.net\\\/wp-content\\\/uploads\\\/2023\\\/09\\\/dsc-0377-scaled.webp\",\"contentUrl\":\"https:\\\/\\\/stivel.net\\\/wp-content\\\/uploads\\\/2023\\\/09\\\/dsc-0377-scaled.webp\",\"width\":2560,\"height\":1622,\"caption\":\"Italian Velvet JOSIA1\"},{\"@type\":\"BreadcrumbList\",\"@id\":\"https:\\\/\\\/stivel.net\\\/fr\\\/product\\\/velours-italien-josia1\\\/#breadcrumb\",\"itemListElement\":[{\"@type\":\"ListItem\",\"position\":1,\"name\":\"Home\",\"item\":\"https:\\\/\\\/stivel.net\\\/fr\\\/\"},{\"@type\":\"ListItem\",\"position\":2,\"name\":\"Produits\",\"item\":\"https:\\\/\\\/stivel.net\\\/fr\\\/shop\\\/\"},{\"@type\":\"ListItem\",\"position\":3,\"name\":\"VELOURS ITALIEN JOSIA1\"}]},{\"@type\":\"WebSite\",\"@id\":\"https:\\\/\\\/stivel.net\\\/fr\\\/#website\",\"url\":\"https:\\\/\\\/stivel.net\\\/fr\\\/\",\"name\":\"Stivel\",\"description\":\"Interior decoration\",\"publisher\":{\"@id\":\"https:\\\/\\\/stivel.net\\\/fr\\\/#organization\"},\"alternateName\":\"Stivel decoration\",\"potentialAction\":[{\"@type\":\"SearchAction\",\"target\":{\"@type\":\"EntryPoint\",\"urlTemplate\":\"https:\\\/\\\/stivel.net\\\/fr\\\/?s={search_term_string}\"},\"query-input\":{\"@type\":\"PropertyValueSpecification\",\"valueRequired\":true,\"valueName\":\"search_term_string\"}}],\"inLanguage\":\"fr-FR\"},{\"@type\":\"Organization\",\"@id\":\"https:\\\/\\\/stivel.net\\\/fr\\\/#organization\",\"name\":\"STIVEL\",\"url\":\"https:\\\/\\\/stivel.net\\\/fr\\\/\",\"logo\":{\"@type\":\"ImageObject\",\"inLanguage\":\"fr-FR\",\"@id\":\"https:\\\/\\\/stivel.net\\\/fr\\\/#\\\/schema\\\/logo\\\/image\\\/\",\"url\":\"https:\\\/\\\/stivel.net\\\/wp-content\\\/uploads\\\/2023\\\/01\\\/logo-stivel-black.png\",\"contentUrl\":\"https:\\\/\\\/stivel.net\\\/wp-content\\\/uploads\\\/2023\\\/01\\\/logo-stivel-black.png\",\"width\":1932,\"height\":431,\"caption\":\"STIVEL\"},\"image\":{\"@id\":\"https:\\\/\\\/stivel.net\\\/fr\\\/#\\\/schema\\\/logo\\\/image\\\/\"},\"sameAs\":[\"https:\\\/\\\/www.facebook.com\\\/profile.php?id=100063564997749\",\"https:\\\/\\\/www.instagram.com\\\/stiveltunisie\\\/?hl=en\"]}]}<\/script>\n<!-- \/ Yoast SEO plugin. -->","yoast_head_json":{"title":"VELOURS ITALIEN JOSIA1 - Stivel","description":"Le velours italien JOSIA1 offre un caract\u00e8re graphique, color\u00e9 et \u00e9clatant. Il est id\u00e9al dans tous les espaces de d\u00e9coration","robots":{"index":"index","follow":"follow","max-snippet":"max-snippet:-1","max-image-preview":"max-image-preview:large","max-video-preview":"max-video-preview:-1"},"canonical":"https:\/\/stivel.net\/fr\/product\/velours-italien-josia1\/","og_locale":"fr_FR","og_type":"article","og_title":"VELOURS ITALIEN JOSIA1 - Stivel","og_description":"Le velours italien JOSIA1 offre un caract\u00e8re graphique, color\u00e9 et \u00e9clatant. Il est id\u00e9al dans tous les espaces de d\u00e9coration","og_url":"https:\/\/stivel.net\/fr\/product\/velours-italien-josia1\/","og_site_name":"Stivel","article_publisher":"https:\/\/www.facebook.com\/profile.php?id=100063564997749","article_modified_time":"2023-11-27T11:30:48+00:00","og_image":[{"width":2560,"height":1622,"url":"https:\/\/stivel.net\/wp-content\/uploads\/2023\/09\/dsc-0377-scaled.webp","type":"image\/webp"}],"schema":{"@context":"https:\/\/schema.org","@graph":[{"@type":"WebPage","@id":"https:\/\/stivel.net\/fr\/product\/velours-italien-josia1\/","url":"https:\/\/stivel.net\/fr\/product\/velours-italien-josia1\/","name":"VELOURS ITALIEN JOSIA1 - Stivel","isPartOf":{"@id":"https:\/\/stivel.net\/fr\/#website"},"primaryImageOfPage":{"@id":"https:\/\/stivel.net\/fr\/product\/velours-italien-josia1\/#primaryimage"},"image":{"@id":"https:\/\/stivel.net\/fr\/product\/velours-italien-josia1\/#primaryimage"},"thumbnailUrl":"https:\/\/stivel.net\/wp-content\/uploads\/2023\/09\/dsc-0377-scaled.webp","datePublished":"2023-09-29T08:35:04+00:00","dateModified":"2023-11-27T11:30:48+00:00","description":"Le velours italien JOSIA1 offre un caract\u00e8re graphique, color\u00e9 et \u00e9clatant. Il est id\u00e9al dans tous les espaces de d\u00e9coration","breadcrumb":{"@id":"https:\/\/stivel.net\/fr\/product\/velours-italien-josia1\/#breadcrumb"},"inLanguage":"fr-FR","potentialAction":[{"@type":"ReadAction","target":["https:\/\/stivel.net\/fr\/product\/velours-italien-josia1\/"]}]},{"@type":"ImageObject","inLanguage":"fr-FR","@id":"https:\/\/stivel.net\/fr\/product\/velours-italien-josia1\/#primaryimage","url":"https:\/\/stivel.net\/wp-content\/uploads\/2023\/09\/dsc-0377-scaled.webp","contentUrl":"https:\/\/stivel.net\/wp-content\/uploads\/2023\/09\/dsc-0377-scaled.webp","width":2560,"height":1622,"caption":"Italian Velvet JOSIA1"},{"@type":"BreadcrumbList","@id":"https:\/\/stivel.net\/fr\/product\/velours-italien-josia1\/#breadcrumb","itemListElement":[{"@type":"ListItem","position":1,"name":"Home","item":"https:\/\/stivel.net\/fr\/"},{"@type":"ListItem","position":2,"name":"Produits","item":"https:\/\/stivel.net\/fr\/shop\/"},{"@type":"ListItem","position":3,"name":"VELOURS ITALIEN JOSIA1"}]},{"@type":"WebSite","@id":"https:\/\/stivel.net\/fr\/#website","url":"https:\/\/stivel.net\/fr\/","name":"Stivel","description":"Interior decoration","publisher":{"@id":"https:\/\/stivel.net\/fr\/#organization"},"alternateName":"Stivel decoration","potentialAction":[{"@type":"SearchAction","target":{"@type":"EntryPoint","urlTemplate":"https:\/\/stivel.net\/fr\/?s={search_term_string}"},"query-input":{"@type":"PropertyValueSpecification","valueRequired":true,"valueName":"search_term_string"}}],"inLanguage":"fr-FR"},{"@type":"Organization","@id":"https:\/\/stivel.net\/fr\/#organization","name":"STIVEL","url":"https:\/\/stivel.net\/fr\/","logo":{"@type":"ImageObject","inLanguage":"fr-FR","@id":"https:\/\/stivel.net\/fr\/#\/schema\/logo\/image\/","url":"https:\/\/stivel.net\/wp-content\/uploads\/2023\/01\/logo-stivel-black.png","contentUrl":"https:\/\/stivel.net\/wp-content\/uploads\/2023\/01\/logo-stivel-black.png","width":1932,"height":431,"caption":"STIVEL"},"image":{"@id":"https:\/\/stivel.net\/fr\/#\/schema\/logo\/image\/"},"sameAs":["https:\/\/www.facebook.com\/profile.php?id=100063564997749","https:\/\/www.instagram.com\/stiveltunisie\/?hl=en"]}]}},"_links":{"self":[{"href":"https:\/\/stivel.net\/fr\/wp-json\/wp\/v2\/product\/12932","targetHints":{"allow":["GET"]}}],"collection":[{"href":"https:\/\/stivel.net\/fr\/wp-json\/wp\/v2\/product"}],"about":[{"href":"https:\/\/stivel.net\/fr\/wp-json\/wp\/v2\/types\/product"}],"wp:featuredmedia":[{"embeddable":true,"href":"https:\/\/stivel.net\/fr\/wp-json\/wp\/v2\/media\/12938"}],"wp:attachment":[{"href":"https:\/\/stivel.net\/fr\/wp-json\/wp\/v2\/media?parent=12932"}],"wp:term":[{"taxonomy":"product_brand","embeddable":true,"href":"https:\/\/stivel.net\/fr\/wp-json\/wp\/v2\/product_brand?post=12932"},{"taxonomy":"product_cat","embeddable":true,"href":"https:\/\/stivel.net\/fr\/wp-json\/wp\/v2\/product_cat?post=12932"},{"taxonomy":"product_tag","embeddable":true,"href":"https:\/\/stivel.net\/fr\/wp-json\/wp\/v2\/product_tag?post=12932"}],"curies":[{"name":"wp","href":"https:\/\/api.w.org\/{rel}","templated":true}]}}