{"id":12920,"date":"2023-09-28T15:38:07","date_gmt":"2023-09-28T15:38:07","guid":{"rendered":"https:\/\/stivel.net\/?post_type=product&#038;p=12920"},"modified":"2024-02-06T15:47:46","modified_gmt":"2024-02-06T15:47:46","slug":"velours-de-genes-misto","status":"publish","type":"product","link":"https:\/\/stivel.net\/fr\/product\/velours-de-genes-misto\/","title":{"rendered":"VELOURS DE G\u00caNES MISTO"},"content":{"rendered":"<p>[vc_row][vc_column][vc_column_text] Le velours de G\u00eanes MISTO t\u00e9moigne de tout le savoir-faire unique des \u00e9quipes Stivel. De la conception \u00e0 la r\u00e9alisation, toutes les \u00e9tapes de conception de ce velours offrent une qualit\u00e9 et un th\u00e8me universel facilement adaptable \u00e0 tous les univers et tous les projets de d\u00e9coration int\u00e9rieure.<\/p>\n<p>Les arabesques d\u00e9licatement r\u00e9alis\u00e9es offrent un contraste ton sur ton qui apporte une touche de sophistication et une signature haut de gamme.<\/p>\n<p>Ce velours est ainsi parfait pour recouvrir canap\u00e9, fauteuils, chaises. Il est \u00e9galement id\u00e9al pour les rideaux et tentures\u00a0: \u00e0 la belle fluidit\u00e9 \u00e0 la mati\u00e8re s\u2019ajoute une tenue de qualit\u00e9 pour une utilisation durable.<\/p>\n<p>Les couleurs des fils utilis\u00e9s, l\u2019ivoire et le s\u00e9same, s\u2019harmonisent avec toutes les ambiances souhait\u00e9es, qu\u2019elles soient contemporaines, classiques ou m\u00eame vintage. Ce velours de haute qualit\u00e9 est \u00e9galement destin\u00e9 \u00e0 rehausser tous les accessoires de d\u00e9coration\u00a0pour une touche ultra chic : coussins, plaids, couvre-lits.<\/p>\n<p>Le velours de G\u00eanes MISTO a \u00e9t\u00e9 enti\u00e8rement dessin\u00e9 par nos \u00e9quipes de CAO, form\u00e9es aux beaux-arts, puis produit par nos techniciens sp\u00e9cialis\u00e9s dans notre atelier de production qui respecte scrupuleusement nos engagements au niveau social et environnemental. <a href=\"https:\/\/stivel.net\/fr\/product-category\/velours-de-genes\/\" target=\"_blank\" rel=\"noopener\">D\u00e9couvrez l&rsquo;ensemble de nos velours de G\u00eanes<\/a>.[\/vc_column_text][\/vc_column][\/vc_row]<\/p>\n","protected":false},"excerpt":{"rendered":"<p>Le velours de G\u00eanes MISTO propose un motif compos\u00e9 d\u2019arabesques d\u00e9licatement r\u00e9alis\u00e9es, ton sur ton pour un r\u00e9sultat superbe qui r\u00e9pond aux nombreuses possibilit\u00e9s de d\u00e9coration int\u00e9rieure.<\/p>\n<ul>\n<li>Tissu luxueux<\/li>\n<li>Design floral<\/li>\n<li>D\u00e9coration int\u00e9rieure<\/li>\n<\/ul>\n","protected":false},"featured_media":13197,"template":"","meta":[],"product_brand":[],"product_cat":[189],"product_tag":[192],"class_list":{"0":"post-12920","1":"product","2":"type-product","3":"status-publish","4":"has-post-thumbnail","6":"product_cat-velours-de-genes","7":"product_tag-velours-de-gene","9":"first","10":"instock","11":"shipping-taxable","12":"purchasable","13":"product-type-simple"},"yoast_head":"<!-- This site is optimized with the Yoast SEO plugin v27.4 - https:\/\/yoast.com\/product\/yoast-seo-wordpress\/ -->\n<title>Velours de G\u00eanes Misto<\/title>\n<meta name=\"description\" content=\"Le velours de G\u00eanes MISTO propose un motif compos\u00e9 d\u2019arabesque ton sur ton qui r\u00e9pond aux nombreuses possibilit\u00e9s de d\u00e9coration int\u00e9rieure.\" \/>\n<meta name=\"robots\" content=\"index, follow, max-snippet:-1, max-image-preview:large, max-video-preview:-1\" \/>\n<link rel=\"canonical\" href=\"https:\/\/stivel.net\/fr\/product\/velours-de-genes-misto\/\" \/>\n<meta property=\"og:locale\" content=\"fr_FR\" \/>\n<meta property=\"og:type\" content=\"article\" \/>\n<meta property=\"og:title\" content=\"Velours de G\u00eanes Misto\" \/>\n<meta property=\"og:description\" content=\"Le velours de G\u00eanes MISTO propose un motif compos\u00e9 d\u2019arabesque ton sur ton qui r\u00e9pond aux nombreuses possibilit\u00e9s de d\u00e9coration int\u00e9rieure.\" \/>\n<meta property=\"og:url\" content=\"https:\/\/stivel.net\/fr\/product\/velours-de-genes-misto\/\" \/>\n<meta property=\"og:site_name\" content=\"Stivel\" \/>\n<meta property=\"article:publisher\" content=\"https:\/\/www.facebook.com\/profile.php?id=100063564997749\" \/>\n<meta property=\"article:modified_time\" content=\"2024-02-06T15:47:46+00:00\" \/>\n<meta property=\"og:image\" content=\"https:\/\/stivel.net\/wp-content\/uploads\/2023\/09\/VELOURS-DE-GENES-MISTO-scaled.webp\" \/>\n\t<meta property=\"og:image:width\" content=\"2560\" \/>\n\t<meta property=\"og:image:height\" content=\"1744\" \/>\n\t<meta property=\"og:image:type\" content=\"image\/webp\" \/>\n<script type=\"application\/ld+json\" class=\"yoast-schema-graph\">{\"@context\":\"https:\\\/\\\/schema.org\",\"@graph\":[{\"@type\":\"WebPage\",\"@id\":\"https:\\\/\\\/stivel.net\\\/fr\\\/product\\\/velours-de-genes-misto\\\/\",\"url\":\"https:\\\/\\\/stivel.net\\\/fr\\\/product\\\/velours-de-genes-misto\\\/\",\"name\":\"Velours de G\u00eanes Misto\",\"isPartOf\":{\"@id\":\"https:\\\/\\\/stivel.net\\\/fr\\\/#website\"},\"primaryImageOfPage\":{\"@id\":\"https:\\\/\\\/stivel.net\\\/fr\\\/product\\\/velours-de-genes-misto\\\/#primaryimage\"},\"image\":{\"@id\":\"https:\\\/\\\/stivel.net\\\/fr\\\/product\\\/velours-de-genes-misto\\\/#primaryimage\"},\"thumbnailUrl\":\"https:\\\/\\\/stivel.net\\\/wp-content\\\/uploads\\\/2023\\\/09\\\/VELOURS-DE-GENES-MISTO-scaled.webp\",\"datePublished\":\"2023-09-28T15:38:07+00:00\",\"dateModified\":\"2024-02-06T15:47:46+00:00\",\"description\":\"Le velours de G\u00eanes MISTO propose un motif compos\u00e9 d\u2019arabesque ton sur ton qui r\u00e9pond aux nombreuses possibilit\u00e9s de d\u00e9coration int\u00e9rieure.\",\"breadcrumb\":{\"@id\":\"https:\\\/\\\/stivel.net\\\/fr\\\/product\\\/velours-de-genes-misto\\\/#breadcrumb\"},\"inLanguage\":\"fr-FR\",\"potentialAction\":[{\"@type\":\"ReadAction\",\"target\":[\"https:\\\/\\\/stivel.net\\\/fr\\\/product\\\/velours-de-genes-misto\\\/\"]}]},{\"@type\":\"ImageObject\",\"inLanguage\":\"fr-FR\",\"@id\":\"https:\\\/\\\/stivel.net\\\/fr\\\/product\\\/velours-de-genes-misto\\\/#primaryimage\",\"url\":\"https:\\\/\\\/stivel.net\\\/wp-content\\\/uploads\\\/2023\\\/09\\\/VELOURS-DE-GENES-MISTO-scaled.webp\",\"contentUrl\":\"https:\\\/\\\/stivel.net\\\/wp-content\\\/uploads\\\/2023\\\/09\\\/VELOURS-DE-GENES-MISTO-scaled.webp\",\"width\":2560,\"height\":1744},{\"@type\":\"BreadcrumbList\",\"@id\":\"https:\\\/\\\/stivel.net\\\/fr\\\/product\\\/velours-de-genes-misto\\\/#breadcrumb\",\"itemListElement\":[{\"@type\":\"ListItem\",\"position\":1,\"name\":\"Home\",\"item\":\"https:\\\/\\\/stivel.net\\\/fr\\\/\"},{\"@type\":\"ListItem\",\"position\":2,\"name\":\"Produits\",\"item\":\"https:\\\/\\\/stivel.net\\\/fr\\\/shop\\\/\"},{\"@type\":\"ListItem\",\"position\":3,\"name\":\"VELOURS DE G\u00caNES MISTO\"}]},{\"@type\":\"WebSite\",\"@id\":\"https:\\\/\\\/stivel.net\\\/fr\\\/#website\",\"url\":\"https:\\\/\\\/stivel.net\\\/fr\\\/\",\"name\":\"Stivel\",\"description\":\"Interior decoration\",\"publisher\":{\"@id\":\"https:\\\/\\\/stivel.net\\\/fr\\\/#organization\"},\"alternateName\":\"Stivel decoration\",\"potentialAction\":[{\"@type\":\"SearchAction\",\"target\":{\"@type\":\"EntryPoint\",\"urlTemplate\":\"https:\\\/\\\/stivel.net\\\/fr\\\/?s={search_term_string}\"},\"query-input\":{\"@type\":\"PropertyValueSpecification\",\"valueRequired\":true,\"valueName\":\"search_term_string\"}}],\"inLanguage\":\"fr-FR\"},{\"@type\":\"Organization\",\"@id\":\"https:\\\/\\\/stivel.net\\\/fr\\\/#organization\",\"name\":\"STIVEL\",\"url\":\"https:\\\/\\\/stivel.net\\\/fr\\\/\",\"logo\":{\"@type\":\"ImageObject\",\"inLanguage\":\"fr-FR\",\"@id\":\"https:\\\/\\\/stivel.net\\\/fr\\\/#\\\/schema\\\/logo\\\/image\\\/\",\"url\":\"https:\\\/\\\/stivel.net\\\/wp-content\\\/uploads\\\/2023\\\/01\\\/logo-stivel-black.png\",\"contentUrl\":\"https:\\\/\\\/stivel.net\\\/wp-content\\\/uploads\\\/2023\\\/01\\\/logo-stivel-black.png\",\"width\":1932,\"height\":431,\"caption\":\"STIVEL\"},\"image\":{\"@id\":\"https:\\\/\\\/stivel.net\\\/fr\\\/#\\\/schema\\\/logo\\\/image\\\/\"},\"sameAs\":[\"https:\\\/\\\/www.facebook.com\\\/profile.php?id=100063564997749\",\"https:\\\/\\\/www.instagram.com\\\/stiveltunisie\\\/?hl=en\"]}]}<\/script>\n<!-- \/ Yoast SEO plugin. -->","yoast_head_json":{"title":"Velours de G\u00eanes Misto","description":"Le velours de G\u00eanes MISTO propose un motif compos\u00e9 d\u2019arabesque ton sur ton qui r\u00e9pond aux nombreuses possibilit\u00e9s de d\u00e9coration int\u00e9rieure.","robots":{"index":"index","follow":"follow","max-snippet":"max-snippet:-1","max-image-preview":"max-image-preview:large","max-video-preview":"max-video-preview:-1"},"canonical":"https:\/\/stivel.net\/fr\/product\/velours-de-genes-misto\/","og_locale":"fr_FR","og_type":"article","og_title":"Velours de G\u00eanes Misto","og_description":"Le velours de G\u00eanes MISTO propose un motif compos\u00e9 d\u2019arabesque ton sur ton qui r\u00e9pond aux nombreuses possibilit\u00e9s de d\u00e9coration int\u00e9rieure.","og_url":"https:\/\/stivel.net\/fr\/product\/velours-de-genes-misto\/","og_site_name":"Stivel","article_publisher":"https:\/\/www.facebook.com\/profile.php?id=100063564997749","article_modified_time":"2024-02-06T15:47:46+00:00","og_image":[{"width":2560,"height":1744,"url":"https:\/\/stivel.net\/wp-content\/uploads\/2023\/09\/VELOURS-DE-GENES-MISTO-scaled.webp","type":"image\/webp"}],"schema":{"@context":"https:\/\/schema.org","@graph":[{"@type":"WebPage","@id":"https:\/\/stivel.net\/fr\/product\/velours-de-genes-misto\/","url":"https:\/\/stivel.net\/fr\/product\/velours-de-genes-misto\/","name":"Velours de G\u00eanes Misto","isPartOf":{"@id":"https:\/\/stivel.net\/fr\/#website"},"primaryImageOfPage":{"@id":"https:\/\/stivel.net\/fr\/product\/velours-de-genes-misto\/#primaryimage"},"image":{"@id":"https:\/\/stivel.net\/fr\/product\/velours-de-genes-misto\/#primaryimage"},"thumbnailUrl":"https:\/\/stivel.net\/wp-content\/uploads\/2023\/09\/VELOURS-DE-GENES-MISTO-scaled.webp","datePublished":"2023-09-28T15:38:07+00:00","dateModified":"2024-02-06T15:47:46+00:00","description":"Le velours de G\u00eanes MISTO propose un motif compos\u00e9 d\u2019arabesque ton sur ton qui r\u00e9pond aux nombreuses possibilit\u00e9s de d\u00e9coration int\u00e9rieure.","breadcrumb":{"@id":"https:\/\/stivel.net\/fr\/product\/velours-de-genes-misto\/#breadcrumb"},"inLanguage":"fr-FR","potentialAction":[{"@type":"ReadAction","target":["https:\/\/stivel.net\/fr\/product\/velours-de-genes-misto\/"]}]},{"@type":"ImageObject","inLanguage":"fr-FR","@id":"https:\/\/stivel.net\/fr\/product\/velours-de-genes-misto\/#primaryimage","url":"https:\/\/stivel.net\/wp-content\/uploads\/2023\/09\/VELOURS-DE-GENES-MISTO-scaled.webp","contentUrl":"https:\/\/stivel.net\/wp-content\/uploads\/2023\/09\/VELOURS-DE-GENES-MISTO-scaled.webp","width":2560,"height":1744},{"@type":"BreadcrumbList","@id":"https:\/\/stivel.net\/fr\/product\/velours-de-genes-misto\/#breadcrumb","itemListElement":[{"@type":"ListItem","position":1,"name":"Home","item":"https:\/\/stivel.net\/fr\/"},{"@type":"ListItem","position":2,"name":"Produits","item":"https:\/\/stivel.net\/fr\/shop\/"},{"@type":"ListItem","position":3,"name":"VELOURS DE G\u00caNES MISTO"}]},{"@type":"WebSite","@id":"https:\/\/stivel.net\/fr\/#website","url":"https:\/\/stivel.net\/fr\/","name":"Stivel","description":"Interior decoration","publisher":{"@id":"https:\/\/stivel.net\/fr\/#organization"},"alternateName":"Stivel decoration","potentialAction":[{"@type":"SearchAction","target":{"@type":"EntryPoint","urlTemplate":"https:\/\/stivel.net\/fr\/?s={search_term_string}"},"query-input":{"@type":"PropertyValueSpecification","valueRequired":true,"valueName":"search_term_string"}}],"inLanguage":"fr-FR"},{"@type":"Organization","@id":"https:\/\/stivel.net\/fr\/#organization","name":"STIVEL","url":"https:\/\/stivel.net\/fr\/","logo":{"@type":"ImageObject","inLanguage":"fr-FR","@id":"https:\/\/stivel.net\/fr\/#\/schema\/logo\/image\/","url":"https:\/\/stivel.net\/wp-content\/uploads\/2023\/01\/logo-stivel-black.png","contentUrl":"https:\/\/stivel.net\/wp-content\/uploads\/2023\/01\/logo-stivel-black.png","width":1932,"height":431,"caption":"STIVEL"},"image":{"@id":"https:\/\/stivel.net\/fr\/#\/schema\/logo\/image\/"},"sameAs":["https:\/\/www.facebook.com\/profile.php?id=100063564997749","https:\/\/www.instagram.com\/stiveltunisie\/?hl=en"]}]}},"_links":{"self":[{"href":"https:\/\/stivel.net\/fr\/wp-json\/wp\/v2\/product\/12920","targetHints":{"allow":["GET"]}}],"collection":[{"href":"https:\/\/stivel.net\/fr\/wp-json\/wp\/v2\/product"}],"about":[{"href":"https:\/\/stivel.net\/fr\/wp-json\/wp\/v2\/types\/product"}],"wp:featuredmedia":[{"embeddable":true,"href":"https:\/\/stivel.net\/fr\/wp-json\/wp\/v2\/media\/13197"}],"wp:attachment":[{"href":"https:\/\/stivel.net\/fr\/wp-json\/wp\/v2\/media?parent=12920"}],"wp:term":[{"taxonomy":"product_brand","embeddable":true,"href":"https:\/\/stivel.net\/fr\/wp-json\/wp\/v2\/product_brand?post=12920"},{"taxonomy":"product_cat","embeddable":true,"href":"https:\/\/stivel.net\/fr\/wp-json\/wp\/v2\/product_cat?post=12920"},{"taxonomy":"product_tag","embeddable":true,"href":"https:\/\/stivel.net\/fr\/wp-json\/wp\/v2\/product_tag?post=12920"}],"curies":[{"name":"wp","href":"https:\/\/api.w.org\/{rel}","templated":true}]}}