{"id":12912,"date":"2023-09-28T15:26:49","date_gmt":"2023-09-28T15:26:49","guid":{"rendered":"https:\/\/stivel.net\/?post_type=product&#038;p=12912"},"modified":"2024-02-06T15:52:05","modified_gmt":"2024-02-06T15:52:05","slug":"velours-de-genes-nereide","status":"publish","type":"product","link":"https:\/\/stivel.net\/fr\/product\/velours-de-genes-nereide\/","title":{"rendered":"VELOURS DE G\u00caNES NEREIDE"},"content":{"rendered":"<p>[vc_row][vc_column][vc_column_text]Le velours de G\u00eanes NEREIDE offre un dessin g\u00e9om\u00e9trique. R\u00e9alis\u00e9 par les \u00e9quipes de CAO, le dessin ultra pr\u00e9cis est n\u00e9cessaire pour r\u00e9v\u00e9ler le contraste recherch\u00e9 et offrir l\u2019esth\u00e9tisme distinctive.<\/p>\n<p>Ce tissu est parfait pour offrir des solutions d\u2019ameublement chic et haut de gamme. La qualit\u00e9 exceptionnelle des fils utilis\u00e9es et l\u2019ultra pr\u00e9cision de sa conception garantissent une durabilit\u00e9 remarquable, assurant une r\u00e9sistance exceptionnelle au passage du temps et aux proc\u00e9dures de nettoyage.<\/p>\n<p>Id\u00e9al pour les sofas, canap\u00e9s et fauteuils, le velours de G\u00eanes NEREIDE s&rsquo;int\u00e8gre parfaitement dans un univers contemporain. Son allure \u00e9pur\u00e9e, chic et haut de gamme en fait un choix privil\u00e9gi\u00e9 pour ceux qui recherchent l&rsquo;excellence dans leur espace de vie.<\/p>\n<p>En plus d&rsquo;\u00eatre une option exceptionnelle pour le salon, ce velours trouve sa place dans la chambre \u00e0 coucher. Des rideaux somptueux aux couvre-lits luxueux, en passant par les plaids et les coussins, il cr\u00e9e une atmosph\u00e8re de confort et de s\u00e9r\u00e9nit\u00e9, transformant la chambre en un v\u00e9ritable sanctuaire de bien-\u00eatre.<\/p>\n<p>Sous l&rsquo;\u0153il attentif de nos techniciens sp\u00e9cialis\u00e9s, chaque \u00e9tape de r\u00e9alisation du velours de G\u00eanes NEREIDE respecte nos engagements en termes d\u2019excellence, d\u2019inclusion sociale et de r\u00e9duction d\u2019impact environnemental. <a href=\"https:\/\/stivel.net\/fr\/product-category\/velours-de-genes\/\" target=\"_blank\" rel=\"noopener\">D\u00e9couvrez l&rsquo;ensemble de nos velours de G\u00eanes.<\/a>.[\/vc_column_text][\/vc_column][\/vc_row]<\/p>\n","protected":false},"excerpt":{"rendered":"<p>Les formes g\u00e9om\u00e9triques ton sur ton du velours de G\u00eanes NEREIDE propose un motif \u00e9l\u00e9gant, avec un beau contraste, facilement adaptable \u00e0 tout projet de d\u00e9coration int\u00e9rieure.<\/p>\n<ul>\n<li>Tissu luxueux<\/li>\n<li>Design g\u00e9om\u00e9trique<\/li>\n<li>D\u00e9coration int\u00e9rieure<\/li>\n<\/ul>\n","protected":false},"featured_media":13199,"template":"","meta":[],"product_brand":[],"product_cat":[189],"product_tag":[192],"class_list":{"0":"post-12912","1":"product","2":"type-product","3":"status-publish","4":"has-post-thumbnail","6":"product_cat-velours-de-genes","7":"product_tag-velours-de-gene","9":"first","10":"instock","11":"shipping-taxable","12":"purchasable","13":"product-type-simple"},"yoast_head":"<!-- This site is optimized with the Yoast SEO plugin v27.3 - https:\/\/yoast.com\/product\/yoast-seo-wordpress\/ -->\n<title>Velours De G\u00eanes Bleu Floral, Parfait pour votre d\u00e9coration - Stivel<\/title>\n<meta name=\"description\" content=\"Le velours de G\u00eanes NEREIDE propose des jolies formes g\u00e9om\u00e9triques ton sur ton facilement adaptable \u00e0 tout projet de d\u00e9coration int\u00e9rieure.\" \/>\n<meta name=\"robots\" content=\"index, follow, max-snippet:-1, max-image-preview:large, max-video-preview:-1\" \/>\n<link rel=\"canonical\" href=\"https:\/\/stivel.net\/fr\/product\/velours-de-genes-nereide\/\" \/>\n<meta property=\"og:locale\" content=\"fr_FR\" \/>\n<meta property=\"og:type\" content=\"article\" \/>\n<meta property=\"og:title\" content=\"Velours De G\u00eanes Bleu Floral, Parfait pour votre d\u00e9coration - Stivel\" \/>\n<meta property=\"og:description\" content=\"Le velours de G\u00eanes NEREIDE propose des jolies formes g\u00e9om\u00e9triques ton sur ton facilement adaptable \u00e0 tout projet de d\u00e9coration int\u00e9rieure.\" \/>\n<meta property=\"og:url\" content=\"https:\/\/stivel.net\/fr\/product\/velours-de-genes-nereide\/\" \/>\n<meta property=\"og:site_name\" content=\"Stivel\" \/>\n<meta property=\"article:publisher\" content=\"https:\/\/www.facebook.com\/profile.php?id=100063564997749\" \/>\n<meta property=\"article:modified_time\" content=\"2024-02-06T15:52:05+00:00\" \/>\n<meta property=\"og:image\" content=\"https:\/\/stivel.net\/wp-content\/uploads\/2023\/09\/VELOURS-DE-GENES-NEREIDE-scaled.webp\" \/>\n\t<meta property=\"og:image:width\" content=\"2560\" \/>\n\t<meta property=\"og:image:height\" content=\"1879\" \/>\n\t<meta property=\"og:image:type\" content=\"image\/webp\" \/>\n<script type=\"application\/ld+json\" class=\"yoast-schema-graph\">{\"@context\":\"https:\\\/\\\/schema.org\",\"@graph\":[{\"@type\":\"WebPage\",\"@id\":\"https:\\\/\\\/stivel.net\\\/fr\\\/product\\\/velours-de-genes-nereide\\\/\",\"url\":\"https:\\\/\\\/stivel.net\\\/fr\\\/product\\\/velours-de-genes-nereide\\\/\",\"name\":\"Velours De G\u00eanes Bleu Floral, Parfait pour votre d\u00e9coration - Stivel\",\"isPartOf\":{\"@id\":\"https:\\\/\\\/stivel.net\\\/fr\\\/#website\"},\"primaryImageOfPage\":{\"@id\":\"https:\\\/\\\/stivel.net\\\/fr\\\/product\\\/velours-de-genes-nereide\\\/#primaryimage\"},\"image\":{\"@id\":\"https:\\\/\\\/stivel.net\\\/fr\\\/product\\\/velours-de-genes-nereide\\\/#primaryimage\"},\"thumbnailUrl\":\"https:\\\/\\\/stivel.net\\\/wp-content\\\/uploads\\\/2023\\\/09\\\/VELOURS-DE-GENES-NEREIDE-scaled.webp\",\"datePublished\":\"2023-09-28T15:26:49+00:00\",\"dateModified\":\"2024-02-06T15:52:05+00:00\",\"description\":\"Le velours de G\u00eanes NEREIDE propose des jolies formes g\u00e9om\u00e9triques ton sur ton facilement adaptable \u00e0 tout projet de d\u00e9coration int\u00e9rieure.\",\"breadcrumb\":{\"@id\":\"https:\\\/\\\/stivel.net\\\/fr\\\/product\\\/velours-de-genes-nereide\\\/#breadcrumb\"},\"inLanguage\":\"fr-FR\",\"potentialAction\":[{\"@type\":\"ReadAction\",\"target\":[\"https:\\\/\\\/stivel.net\\\/fr\\\/product\\\/velours-de-genes-nereide\\\/\"]}]},{\"@type\":\"ImageObject\",\"inLanguage\":\"fr-FR\",\"@id\":\"https:\\\/\\\/stivel.net\\\/fr\\\/product\\\/velours-de-genes-nereide\\\/#primaryimage\",\"url\":\"https:\\\/\\\/stivel.net\\\/wp-content\\\/uploads\\\/2023\\\/09\\\/VELOURS-DE-GENES-NEREIDE-scaled.webp\",\"contentUrl\":\"https:\\\/\\\/stivel.net\\\/wp-content\\\/uploads\\\/2023\\\/09\\\/VELOURS-DE-GENES-NEREIDE-scaled.webp\",\"width\":2560,\"height\":1879},{\"@type\":\"BreadcrumbList\",\"@id\":\"https:\\\/\\\/stivel.net\\\/fr\\\/product\\\/velours-de-genes-nereide\\\/#breadcrumb\",\"itemListElement\":[{\"@type\":\"ListItem\",\"position\":1,\"name\":\"Home\",\"item\":\"https:\\\/\\\/stivel.net\\\/fr\\\/\"},{\"@type\":\"ListItem\",\"position\":2,\"name\":\"Produits\",\"item\":\"https:\\\/\\\/stivel.net\\\/fr\\\/shop\\\/\"},{\"@type\":\"ListItem\",\"position\":3,\"name\":\"VELOURS DE G\u00caNES NEREIDE\"}]},{\"@type\":\"WebSite\",\"@id\":\"https:\\\/\\\/stivel.net\\\/fr\\\/#website\",\"url\":\"https:\\\/\\\/stivel.net\\\/fr\\\/\",\"name\":\"Stivel\",\"description\":\"Interior decoration\",\"publisher\":{\"@id\":\"https:\\\/\\\/stivel.net\\\/fr\\\/#organization\"},\"alternateName\":\"Stivel decoration\",\"potentialAction\":[{\"@type\":\"SearchAction\",\"target\":{\"@type\":\"EntryPoint\",\"urlTemplate\":\"https:\\\/\\\/stivel.net\\\/fr\\\/?s={search_term_string}\"},\"query-input\":{\"@type\":\"PropertyValueSpecification\",\"valueRequired\":true,\"valueName\":\"search_term_string\"}}],\"inLanguage\":\"fr-FR\"},{\"@type\":\"Organization\",\"@id\":\"https:\\\/\\\/stivel.net\\\/fr\\\/#organization\",\"name\":\"STIVEL\",\"url\":\"https:\\\/\\\/stivel.net\\\/fr\\\/\",\"logo\":{\"@type\":\"ImageObject\",\"inLanguage\":\"fr-FR\",\"@id\":\"https:\\\/\\\/stivel.net\\\/fr\\\/#\\\/schema\\\/logo\\\/image\\\/\",\"url\":\"https:\\\/\\\/stivel.net\\\/wp-content\\\/uploads\\\/2023\\\/01\\\/logo-stivel-black.png\",\"contentUrl\":\"https:\\\/\\\/stivel.net\\\/wp-content\\\/uploads\\\/2023\\\/01\\\/logo-stivel-black.png\",\"width\":1932,\"height\":431,\"caption\":\"STIVEL\"},\"image\":{\"@id\":\"https:\\\/\\\/stivel.net\\\/fr\\\/#\\\/schema\\\/logo\\\/image\\\/\"},\"sameAs\":[\"https:\\\/\\\/www.facebook.com\\\/profile.php?id=100063564997749\",\"https:\\\/\\\/www.instagram.com\\\/stiveltunisie\\\/?hl=en\"]}]}<\/script>\n<!-- \/ Yoast SEO plugin. -->","yoast_head_json":{"title":"Velours De G\u00eanes Bleu Floral, Parfait pour votre d\u00e9coration - Stivel","description":"Le velours de G\u00eanes NEREIDE propose des jolies formes g\u00e9om\u00e9triques ton sur ton facilement adaptable \u00e0 tout projet de d\u00e9coration int\u00e9rieure.","robots":{"index":"index","follow":"follow","max-snippet":"max-snippet:-1","max-image-preview":"max-image-preview:large","max-video-preview":"max-video-preview:-1"},"canonical":"https:\/\/stivel.net\/fr\/product\/velours-de-genes-nereide\/","og_locale":"fr_FR","og_type":"article","og_title":"Velours De G\u00eanes Bleu Floral, Parfait pour votre d\u00e9coration - Stivel","og_description":"Le velours de G\u00eanes NEREIDE propose des jolies formes g\u00e9om\u00e9triques ton sur ton facilement adaptable \u00e0 tout projet de d\u00e9coration int\u00e9rieure.","og_url":"https:\/\/stivel.net\/fr\/product\/velours-de-genes-nereide\/","og_site_name":"Stivel","article_publisher":"https:\/\/www.facebook.com\/profile.php?id=100063564997749","article_modified_time":"2024-02-06T15:52:05+00:00","og_image":[{"width":2560,"height":1879,"url":"https:\/\/stivel.net\/wp-content\/uploads\/2023\/09\/VELOURS-DE-GENES-NEREIDE-scaled.webp","type":"image\/webp"}],"schema":{"@context":"https:\/\/schema.org","@graph":[{"@type":"WebPage","@id":"https:\/\/stivel.net\/fr\/product\/velours-de-genes-nereide\/","url":"https:\/\/stivel.net\/fr\/product\/velours-de-genes-nereide\/","name":"Velours De G\u00eanes Bleu Floral, Parfait pour votre d\u00e9coration - Stivel","isPartOf":{"@id":"https:\/\/stivel.net\/fr\/#website"},"primaryImageOfPage":{"@id":"https:\/\/stivel.net\/fr\/product\/velours-de-genes-nereide\/#primaryimage"},"image":{"@id":"https:\/\/stivel.net\/fr\/product\/velours-de-genes-nereide\/#primaryimage"},"thumbnailUrl":"https:\/\/stivel.net\/wp-content\/uploads\/2023\/09\/VELOURS-DE-GENES-NEREIDE-scaled.webp","datePublished":"2023-09-28T15:26:49+00:00","dateModified":"2024-02-06T15:52:05+00:00","description":"Le velours de G\u00eanes NEREIDE propose des jolies formes g\u00e9om\u00e9triques ton sur ton facilement adaptable \u00e0 tout projet de d\u00e9coration int\u00e9rieure.","breadcrumb":{"@id":"https:\/\/stivel.net\/fr\/product\/velours-de-genes-nereide\/#breadcrumb"},"inLanguage":"fr-FR","potentialAction":[{"@type":"ReadAction","target":["https:\/\/stivel.net\/fr\/product\/velours-de-genes-nereide\/"]}]},{"@type":"ImageObject","inLanguage":"fr-FR","@id":"https:\/\/stivel.net\/fr\/product\/velours-de-genes-nereide\/#primaryimage","url":"https:\/\/stivel.net\/wp-content\/uploads\/2023\/09\/VELOURS-DE-GENES-NEREIDE-scaled.webp","contentUrl":"https:\/\/stivel.net\/wp-content\/uploads\/2023\/09\/VELOURS-DE-GENES-NEREIDE-scaled.webp","width":2560,"height":1879},{"@type":"BreadcrumbList","@id":"https:\/\/stivel.net\/fr\/product\/velours-de-genes-nereide\/#breadcrumb","itemListElement":[{"@type":"ListItem","position":1,"name":"Home","item":"https:\/\/stivel.net\/fr\/"},{"@type":"ListItem","position":2,"name":"Produits","item":"https:\/\/stivel.net\/fr\/shop\/"},{"@type":"ListItem","position":3,"name":"VELOURS DE G\u00caNES NEREIDE"}]},{"@type":"WebSite","@id":"https:\/\/stivel.net\/fr\/#website","url":"https:\/\/stivel.net\/fr\/","name":"Stivel","description":"Interior decoration","publisher":{"@id":"https:\/\/stivel.net\/fr\/#organization"},"alternateName":"Stivel decoration","potentialAction":[{"@type":"SearchAction","target":{"@type":"EntryPoint","urlTemplate":"https:\/\/stivel.net\/fr\/?s={search_term_string}"},"query-input":{"@type":"PropertyValueSpecification","valueRequired":true,"valueName":"search_term_string"}}],"inLanguage":"fr-FR"},{"@type":"Organization","@id":"https:\/\/stivel.net\/fr\/#organization","name":"STIVEL","url":"https:\/\/stivel.net\/fr\/","logo":{"@type":"ImageObject","inLanguage":"fr-FR","@id":"https:\/\/stivel.net\/fr\/#\/schema\/logo\/image\/","url":"https:\/\/stivel.net\/wp-content\/uploads\/2023\/01\/logo-stivel-black.png","contentUrl":"https:\/\/stivel.net\/wp-content\/uploads\/2023\/01\/logo-stivel-black.png","width":1932,"height":431,"caption":"STIVEL"},"image":{"@id":"https:\/\/stivel.net\/fr\/#\/schema\/logo\/image\/"},"sameAs":["https:\/\/www.facebook.com\/profile.php?id=100063564997749","https:\/\/www.instagram.com\/stiveltunisie\/?hl=en"]}]}},"_links":{"self":[{"href":"https:\/\/stivel.net\/fr\/wp-json\/wp\/v2\/product\/12912","targetHints":{"allow":["GET"]}}],"collection":[{"href":"https:\/\/stivel.net\/fr\/wp-json\/wp\/v2\/product"}],"about":[{"href":"https:\/\/stivel.net\/fr\/wp-json\/wp\/v2\/types\/product"}],"wp:featuredmedia":[{"embeddable":true,"href":"https:\/\/stivel.net\/fr\/wp-json\/wp\/v2\/media\/13199"}],"wp:attachment":[{"href":"https:\/\/stivel.net\/fr\/wp-json\/wp\/v2\/media?parent=12912"}],"wp:term":[{"taxonomy":"product_brand","embeddable":true,"href":"https:\/\/stivel.net\/fr\/wp-json\/wp\/v2\/product_brand?post=12912"},{"taxonomy":"product_cat","embeddable":true,"href":"https:\/\/stivel.net\/fr\/wp-json\/wp\/v2\/product_cat?post=12912"},{"taxonomy":"product_tag","embeddable":true,"href":"https:\/\/stivel.net\/fr\/wp-json\/wp\/v2\/product_tag?post=12912"}],"curies":[{"name":"wp","href":"https:\/\/api.w.org\/{rel}","templated":true}]}}