{"id":12897,"date":"2023-09-28T15:07:04","date_gmt":"2023-09-28T15:07:04","guid":{"rendered":"https:\/\/stivel.net\/?post_type=product&#038;p=12897"},"modified":"2023-12-09T16:44:06","modified_gmt":"2023-12-09T16:44:06","slug":"tapis-mesk","status":"publish","type":"product","link":"https:\/\/stivel.net\/fr\/product\/tapis-mesk\/","title":{"rendered":"TAPIS MESK"},"content":{"rendered":"<p>[vc_row][vc_column][vc_column_text]Le tapis MESK est indiscutablement le tapis qui r\u00e9v\u00e8le tout le savoir-faire de l\u2019entreprise STIVEL. Les fils ont \u00e9t\u00e9 soigneusement s\u00e9lectionn\u00e9s afin d\u2019offrir \u00e0 cettte pi\u00e8ce de choix une long\u00e9vit\u00e9 des couleurs et une durabilit\u00e9 exceptionnelle.<\/p>\n<p>Son design a \u00e9t\u00e9 m\u00e9ticuleusement dessin\u00e9 par nos \u00e9quipes CAO pour \u00eatre ensuite fid\u00e8lement reproduit en tout point au sein de nos ateliers. Le tissage et les motifs dans ce design permettent d\u2019allier un esth\u00e9tisme vintage qui s\u2019harmonisera dans tous les espaces jusqu\u2019au plus contemporain.<\/p>\n<p>Les fils s\u00e9lectionn\u00e9s pour la r\u00e9alisation de ce tissu offrent au tapis MESK une sensation de confort imm\u00e9diat. Les d\u00e9tails riches des motifs et le relief du tissage complexe et parfaitement ex\u00e9cut\u00e9 apportent une dimension luxueuse et raffin\u00e9e.<\/p>\n<p>Chaque tapis \u00e9labor\u00e9 est soumis \u00e0 des contr\u00f4les qualit\u00e9 rigoureux tout au long du processus de fabrication garantissant un fini impeccable. L\u2019exp\u00e9dition est assur\u00e9 par un emballage robuste, conforme aux r\u00e8glementations, pour assurer l\u2019isolation et la protection du tapis<\/p>\n<p>Chaque tapis STIVEL est con\u00e7u et fabriqu\u00e9 dans nos ateliers, dot\u00e9s des technologies les plus avanc\u00e9es. Les \u00e9quipes STIVEL int\u00e8grent pleinement des valeurs sociales et environnementales dans leur travail. Ainsi, chaque pi\u00e8ce refl\u00e8te les engagements envers la responsabilit\u00e9 \u00e9cologique et sociale. <a href=\"https:\/\/stivel.net\/fr\/product-category\/les-tapis\/\" target=\"_blank\" rel=\"noopener\">D\u00e9couvrez l\u2019ensemble de la gamme des tapis.<\/a>[\/vc_column_text][\/vc_column][\/vc_row]<\/p>\n","protected":false},"excerpt":{"rendered":"<p>Le tapis MESK r\u00e9v\u00e8le un magnifique motif floral pourvu d\u2019une jolie rosace au centre. La richesse de ses dessins et leur parfaite ex\u00e9cution offre une sym\u00e9trie parfaite et un design vintage abouti.<\/p>\n<ul>\n<li>Design floral et vintage<\/li>\n<li>Texture douce<\/li>\n<li>Adapt\u00e9 \u00e0 tout univers<\/li>\n<\/ul>\n","protected":false},"featured_media":12903,"template":"","meta":[],"product_brand":[],"product_cat":[188],"product_tag":[191],"class_list":{"0":"post-12897","1":"product","2":"type-product","3":"status-publish","4":"has-post-thumbnail","6":"product_cat-les-tapis","7":"product_tag-tapis","9":"first","10":"instock","11":"shipping-taxable","12":"purchasable","13":"product-type-simple"},"yoast_head":"<!-- This site is optimized with the Yoast SEO plugin v27.4 - https:\/\/yoast.com\/product\/yoast-seo-wordpress\/ -->\n<title>Tapis MESK<\/title>\n<meta name=\"description\" content=\"Le tapis MESK r\u00e9v\u00e8le un magnifique motif floral. La richesse de ses dessins et leur parfaite ex\u00e9cution offre une sym\u00e9trie parfaite et un design vintage abouti.\" \/>\n<meta name=\"robots\" content=\"index, follow, max-snippet:-1, max-image-preview:large, max-video-preview:-1\" \/>\n<link rel=\"canonical\" href=\"https:\/\/stivel.net\/fr\/product\/tapis-mesk\/\" \/>\n<meta property=\"og:locale\" content=\"fr_FR\" \/>\n<meta property=\"og:type\" content=\"article\" \/>\n<meta property=\"og:title\" content=\"Tapis MESK\" \/>\n<meta property=\"og:description\" content=\"Le tapis MESK r\u00e9v\u00e8le un magnifique motif floral. La richesse de ses dessins et leur parfaite ex\u00e9cution offre une sym\u00e9trie parfaite et un design vintage abouti.\" \/>\n<meta property=\"og:url\" content=\"https:\/\/stivel.net\/fr\/product\/tapis-mesk\/\" \/>\n<meta property=\"og:site_name\" content=\"Stivel\" \/>\n<meta property=\"article:publisher\" content=\"https:\/\/www.facebook.com\/profile.php?id=100063564997749\" \/>\n<meta property=\"article:modified_time\" content=\"2023-12-09T16:44:06+00:00\" \/>\n<meta property=\"og:image\" content=\"https:\/\/stivel.net\/wp-content\/uploads\/2023\/09\/mesk-2.webp\" \/>\n\t<meta property=\"og:image:width\" content=\"1034\" \/>\n\t<meta property=\"og:image:height\" content=\"1080\" \/>\n\t<meta property=\"og:image:type\" content=\"image\/webp\" \/>\n<script type=\"application\/ld+json\" class=\"yoast-schema-graph\">{\"@context\":\"https:\\\/\\\/schema.org\",\"@graph\":[{\"@type\":\"WebPage\",\"@id\":\"https:\\\/\\\/stivel.net\\\/fr\\\/product\\\/tapis-mesk\\\/\",\"url\":\"https:\\\/\\\/stivel.net\\\/fr\\\/product\\\/tapis-mesk\\\/\",\"name\":\"Tapis MESK\",\"isPartOf\":{\"@id\":\"https:\\\/\\\/stivel.net\\\/fr\\\/#website\"},\"primaryImageOfPage\":{\"@id\":\"https:\\\/\\\/stivel.net\\\/fr\\\/product\\\/tapis-mesk\\\/#primaryimage\"},\"image\":{\"@id\":\"https:\\\/\\\/stivel.net\\\/fr\\\/product\\\/tapis-mesk\\\/#primaryimage\"},\"thumbnailUrl\":\"https:\\\/\\\/stivel.net\\\/wp-content\\\/uploads\\\/2023\\\/09\\\/mesk-2.webp\",\"datePublished\":\"2023-09-28T15:07:04+00:00\",\"dateModified\":\"2023-12-09T16:44:06+00:00\",\"description\":\"Le tapis MESK r\u00e9v\u00e8le un magnifique motif floral. La richesse de ses dessins et leur parfaite ex\u00e9cution offre une sym\u00e9trie parfaite et un design vintage abouti.\",\"breadcrumb\":{\"@id\":\"https:\\\/\\\/stivel.net\\\/fr\\\/product\\\/tapis-mesk\\\/#breadcrumb\"},\"inLanguage\":\"fr-FR\",\"potentialAction\":[{\"@type\":\"ReadAction\",\"target\":[\"https:\\\/\\\/stivel.net\\\/fr\\\/product\\\/tapis-mesk\\\/\"]}]},{\"@type\":\"ImageObject\",\"inLanguage\":\"fr-FR\",\"@id\":\"https:\\\/\\\/stivel.net\\\/fr\\\/product\\\/tapis-mesk\\\/#primaryimage\",\"url\":\"https:\\\/\\\/stivel.net\\\/wp-content\\\/uploads\\\/2023\\\/09\\\/mesk-2.webp\",\"contentUrl\":\"https:\\\/\\\/stivel.net\\\/wp-content\\\/uploads\\\/2023\\\/09\\\/mesk-2.webp\",\"width\":1034,\"height\":1080,\"caption\":\"Tapis MESK\"},{\"@type\":\"BreadcrumbList\",\"@id\":\"https:\\\/\\\/stivel.net\\\/fr\\\/product\\\/tapis-mesk\\\/#breadcrumb\",\"itemListElement\":[{\"@type\":\"ListItem\",\"position\":1,\"name\":\"Home\",\"item\":\"https:\\\/\\\/stivel.net\\\/fr\\\/\"},{\"@type\":\"ListItem\",\"position\":2,\"name\":\"Produits\",\"item\":\"https:\\\/\\\/stivel.net\\\/fr\\\/shop\\\/\"},{\"@type\":\"ListItem\",\"position\":3,\"name\":\"TAPIS MESK\"}]},{\"@type\":\"WebSite\",\"@id\":\"https:\\\/\\\/stivel.net\\\/fr\\\/#website\",\"url\":\"https:\\\/\\\/stivel.net\\\/fr\\\/\",\"name\":\"Stivel\",\"description\":\"Interior decoration\",\"publisher\":{\"@id\":\"https:\\\/\\\/stivel.net\\\/fr\\\/#organization\"},\"alternateName\":\"Stivel decoration\",\"potentialAction\":[{\"@type\":\"SearchAction\",\"target\":{\"@type\":\"EntryPoint\",\"urlTemplate\":\"https:\\\/\\\/stivel.net\\\/fr\\\/?s={search_term_string}\"},\"query-input\":{\"@type\":\"PropertyValueSpecification\",\"valueRequired\":true,\"valueName\":\"search_term_string\"}}],\"inLanguage\":\"fr-FR\"},{\"@type\":\"Organization\",\"@id\":\"https:\\\/\\\/stivel.net\\\/fr\\\/#organization\",\"name\":\"STIVEL\",\"url\":\"https:\\\/\\\/stivel.net\\\/fr\\\/\",\"logo\":{\"@type\":\"ImageObject\",\"inLanguage\":\"fr-FR\",\"@id\":\"https:\\\/\\\/stivel.net\\\/fr\\\/#\\\/schema\\\/logo\\\/image\\\/\",\"url\":\"https:\\\/\\\/stivel.net\\\/wp-content\\\/uploads\\\/2023\\\/01\\\/logo-stivel-black.png\",\"contentUrl\":\"https:\\\/\\\/stivel.net\\\/wp-content\\\/uploads\\\/2023\\\/01\\\/logo-stivel-black.png\",\"width\":1932,\"height\":431,\"caption\":\"STIVEL\"},\"image\":{\"@id\":\"https:\\\/\\\/stivel.net\\\/fr\\\/#\\\/schema\\\/logo\\\/image\\\/\"},\"sameAs\":[\"https:\\\/\\\/www.facebook.com\\\/profile.php?id=100063564997749\",\"https:\\\/\\\/www.instagram.com\\\/stiveltunisie\\\/?hl=en\"]}]}<\/script>\n<!-- \/ Yoast SEO plugin. -->","yoast_head_json":{"title":"Tapis MESK","description":"Le tapis MESK r\u00e9v\u00e8le un magnifique motif floral. La richesse de ses dessins et leur parfaite ex\u00e9cution offre une sym\u00e9trie parfaite et un design vintage abouti.","robots":{"index":"index","follow":"follow","max-snippet":"max-snippet:-1","max-image-preview":"max-image-preview:large","max-video-preview":"max-video-preview:-1"},"canonical":"https:\/\/stivel.net\/fr\/product\/tapis-mesk\/","og_locale":"fr_FR","og_type":"article","og_title":"Tapis MESK","og_description":"Le tapis MESK r\u00e9v\u00e8le un magnifique motif floral. La richesse de ses dessins et leur parfaite ex\u00e9cution offre une sym\u00e9trie parfaite et un design vintage abouti.","og_url":"https:\/\/stivel.net\/fr\/product\/tapis-mesk\/","og_site_name":"Stivel","article_publisher":"https:\/\/www.facebook.com\/profile.php?id=100063564997749","article_modified_time":"2023-12-09T16:44:06+00:00","og_image":[{"width":1034,"height":1080,"url":"https:\/\/stivel.net\/wp-content\/uploads\/2023\/09\/mesk-2.webp","type":"image\/webp"}],"schema":{"@context":"https:\/\/schema.org","@graph":[{"@type":"WebPage","@id":"https:\/\/stivel.net\/fr\/product\/tapis-mesk\/","url":"https:\/\/stivel.net\/fr\/product\/tapis-mesk\/","name":"Tapis MESK","isPartOf":{"@id":"https:\/\/stivel.net\/fr\/#website"},"primaryImageOfPage":{"@id":"https:\/\/stivel.net\/fr\/product\/tapis-mesk\/#primaryimage"},"image":{"@id":"https:\/\/stivel.net\/fr\/product\/tapis-mesk\/#primaryimage"},"thumbnailUrl":"https:\/\/stivel.net\/wp-content\/uploads\/2023\/09\/mesk-2.webp","datePublished":"2023-09-28T15:07:04+00:00","dateModified":"2023-12-09T16:44:06+00:00","description":"Le tapis MESK r\u00e9v\u00e8le un magnifique motif floral. La richesse de ses dessins et leur parfaite ex\u00e9cution offre une sym\u00e9trie parfaite et un design vintage abouti.","breadcrumb":{"@id":"https:\/\/stivel.net\/fr\/product\/tapis-mesk\/#breadcrumb"},"inLanguage":"fr-FR","potentialAction":[{"@type":"ReadAction","target":["https:\/\/stivel.net\/fr\/product\/tapis-mesk\/"]}]},{"@type":"ImageObject","inLanguage":"fr-FR","@id":"https:\/\/stivel.net\/fr\/product\/tapis-mesk\/#primaryimage","url":"https:\/\/stivel.net\/wp-content\/uploads\/2023\/09\/mesk-2.webp","contentUrl":"https:\/\/stivel.net\/wp-content\/uploads\/2023\/09\/mesk-2.webp","width":1034,"height":1080,"caption":"Tapis MESK"},{"@type":"BreadcrumbList","@id":"https:\/\/stivel.net\/fr\/product\/tapis-mesk\/#breadcrumb","itemListElement":[{"@type":"ListItem","position":1,"name":"Home","item":"https:\/\/stivel.net\/fr\/"},{"@type":"ListItem","position":2,"name":"Produits","item":"https:\/\/stivel.net\/fr\/shop\/"},{"@type":"ListItem","position":3,"name":"TAPIS MESK"}]},{"@type":"WebSite","@id":"https:\/\/stivel.net\/fr\/#website","url":"https:\/\/stivel.net\/fr\/","name":"Stivel","description":"Interior decoration","publisher":{"@id":"https:\/\/stivel.net\/fr\/#organization"},"alternateName":"Stivel decoration","potentialAction":[{"@type":"SearchAction","target":{"@type":"EntryPoint","urlTemplate":"https:\/\/stivel.net\/fr\/?s={search_term_string}"},"query-input":{"@type":"PropertyValueSpecification","valueRequired":true,"valueName":"search_term_string"}}],"inLanguage":"fr-FR"},{"@type":"Organization","@id":"https:\/\/stivel.net\/fr\/#organization","name":"STIVEL","url":"https:\/\/stivel.net\/fr\/","logo":{"@type":"ImageObject","inLanguage":"fr-FR","@id":"https:\/\/stivel.net\/fr\/#\/schema\/logo\/image\/","url":"https:\/\/stivel.net\/wp-content\/uploads\/2023\/01\/logo-stivel-black.png","contentUrl":"https:\/\/stivel.net\/wp-content\/uploads\/2023\/01\/logo-stivel-black.png","width":1932,"height":431,"caption":"STIVEL"},"image":{"@id":"https:\/\/stivel.net\/fr\/#\/schema\/logo\/image\/"},"sameAs":["https:\/\/www.facebook.com\/profile.php?id=100063564997749","https:\/\/www.instagram.com\/stiveltunisie\/?hl=en"]}]}},"_links":{"self":[{"href":"https:\/\/stivel.net\/fr\/wp-json\/wp\/v2\/product\/12897","targetHints":{"allow":["GET"]}}],"collection":[{"href":"https:\/\/stivel.net\/fr\/wp-json\/wp\/v2\/product"}],"about":[{"href":"https:\/\/stivel.net\/fr\/wp-json\/wp\/v2\/types\/product"}],"wp:featuredmedia":[{"embeddable":true,"href":"https:\/\/stivel.net\/fr\/wp-json\/wp\/v2\/media\/12903"}],"wp:attachment":[{"href":"https:\/\/stivel.net\/fr\/wp-json\/wp\/v2\/media?parent=12897"}],"wp:term":[{"taxonomy":"product_brand","embeddable":true,"href":"https:\/\/stivel.net\/fr\/wp-json\/wp\/v2\/product_brand?post=12897"},{"taxonomy":"product_cat","embeddable":true,"href":"https:\/\/stivel.net\/fr\/wp-json\/wp\/v2\/product_cat?post=12897"},{"taxonomy":"product_tag","embeddable":true,"href":"https:\/\/stivel.net\/fr\/wp-json\/wp\/v2\/product_tag?post=12897"}],"curies":[{"name":"wp","href":"https:\/\/api.w.org\/{rel}","templated":true}]}}