{"id":12860,"date":"2023-09-26T15:21:54","date_gmt":"2023-09-26T15:21:54","guid":{"rendered":"https:\/\/stivel.net\/?post_type=product&#038;p=12860"},"modified":"2023-12-09T16:48:41","modified_gmt":"2023-12-09T16:48:41","slug":"tapis-rimini","status":"publish","type":"product","link":"https:\/\/stivel.net\/fr\/product\/tapis-rimini\/","title":{"rendered":"TAPIS RIMINI"},"content":{"rendered":"<p>[vc_row][vc_column][vc_column_text]Le tapis RIMINI offre un design de prime abord \u00e9pur\u00e9 mais les subtilit\u00e9s du dessin imagin\u00e9 par les \u00e9quipes CAO, associ\u00e9es au jeu du tissage produisent un accord parfait.<\/p>\n<p>La palette de couleurs permet un joli contraste, et r\u00e9v\u00e8le toute la richesse de cette composition inspir\u00e9e des \u0153uvres d\u2019art modernes.<\/p>\n<p>Le tapis RIMINI prend facilement sa place dans un salon aux accents ultra modernes. Sa polyvalence lui permet \u00e9galement de s&rsquo;int\u00e9grer harmonieusement dans une ambiance plus classique, o\u00f9 il rehausse avec \u00e9l\u00e9gance chaque meuble et \u00e9l\u00e9ment de d\u00e9coration de la pi\u00e8ce. Il insuffle de l&rsquo;ampleur, de la vie et une personnalit\u00e9 distincte \u00e0 tous les espaces int\u00e9rieurs.<\/p>\n<p>Le tissage sophistiqu\u00e9e n\u00e9cessite un savoir-faire hors pair, d\u00e9tenu par les \u00e9quipes STIVEL depuis pr\u00e8s de 30 ans dont l&rsquo;excellence et l\u2019esth\u00e9tisme animent leur travail au quotidien.<\/p>\n<p>Les fils s\u00e9lectionn\u00e9s r\u00e9pondent aux normes de qualit\u00e9 les plus \u00e9lev\u00e9es garantissant au tapis RIMINI une durabilit\u00e9 exceptionnelle, en termes de couleurs et de solidit\u00e9, m\u00eame pour les plus grands passages.<\/p>\n<p>Enti\u00e8rement con\u00e7u et fabriqu\u00e9 dans les ateliers de STIVEL, le tapis RIMINI incarne les engagements de l\u2019entreprise envers des pratiques sociales et environnementales responsables. <a href=\"https:\/\/stivel.net\/fr\/product-category\/les-tapis\/\" target=\"_blank\" rel=\"noopener\">D\u00e9couvrez l\u2019ensemble de la gamme des tapis.<\/a>[\/vc_column_text][\/vc_column][\/vc_row]<\/p>\n","protected":false},"excerpt":{"rendered":"<p>Le tapis RIMINI \u00e9voque un design abstrait, propice \u00e0 l\u2019imagination. Son jeu de tissage et sa palette de couleurs en font une cr\u00e9ation artistique qui prend place dans diff\u00e9rents styles d\u2019univers.<\/p>\n<ul>\n<li>Design contemporain<\/li>\n<li>Texture douce<\/li>\n<li>Adapt\u00e9 \u00e0 tout univers<\/li>\n<\/ul>\n","protected":false},"featured_media":12991,"template":"","meta":[],"product_brand":[],"product_cat":[188],"product_tag":[191],"class_list":{"0":"post-12860","1":"product","2":"type-product","3":"status-publish","4":"has-post-thumbnail","6":"product_cat-les-tapis","7":"product_tag-tapis","9":"first","10":"instock","11":"shipping-taxable","12":"purchasable","13":"product-type-simple"},"yoast_head":"<!-- This site is optimized with the Yoast SEO plugin v27.4 - https:\/\/yoast.com\/product\/yoast-seo-wordpress\/ -->\n<title>Tapis RIMINI<\/title>\n<meta name=\"description\" content=\"Le tapis RIMINI \u00e9voque un design abstrait, propice \u00e0 l\u2019imagination, avec un jeu de tissage et une palette de couleurs qui en font une cr\u00e9ation artistique.\" \/>\n<meta name=\"robots\" content=\"index, follow, max-snippet:-1, max-image-preview:large, max-video-preview:-1\" \/>\n<link rel=\"canonical\" href=\"https:\/\/stivel.net\/fr\/product\/tapis-rimini\/\" \/>\n<meta property=\"og:locale\" content=\"fr_FR\" \/>\n<meta property=\"og:type\" content=\"article\" \/>\n<meta property=\"og:title\" content=\"Tapis RIMINI\" \/>\n<meta property=\"og:description\" content=\"Le tapis RIMINI \u00e9voque un design abstrait, propice \u00e0 l\u2019imagination, avec un jeu de tissage et une palette de couleurs qui en font une cr\u00e9ation artistique.\" \/>\n<meta property=\"og:url\" content=\"https:\/\/stivel.net\/fr\/product\/tapis-rimini\/\" \/>\n<meta property=\"og:site_name\" content=\"Stivel\" \/>\n<meta property=\"article:publisher\" content=\"https:\/\/www.facebook.com\/profile.php?id=100063564997749\" \/>\n<meta property=\"article:modified_time\" content=\"2023-12-09T16:48:41+00:00\" \/>\n<meta property=\"og:image\" content=\"https:\/\/stivel.net\/wp-content\/uploads\/2023\/09\/rimini.webp\" \/>\n\t<meta property=\"og:image:width\" content=\"1240\" \/>\n\t<meta property=\"og:image:height\" content=\"1013\" \/>\n\t<meta property=\"og:image:type\" content=\"image\/webp\" \/>\n<script type=\"application\/ld+json\" class=\"yoast-schema-graph\">{\"@context\":\"https:\\\/\\\/schema.org\",\"@graph\":[{\"@type\":\"WebPage\",\"@id\":\"https:\\\/\\\/stivel.net\\\/fr\\\/product\\\/tapis-rimini\\\/\",\"url\":\"https:\\\/\\\/stivel.net\\\/fr\\\/product\\\/tapis-rimini\\\/\",\"name\":\"Tapis RIMINI\",\"isPartOf\":{\"@id\":\"https:\\\/\\\/stivel.net\\\/fr\\\/#website\"},\"primaryImageOfPage\":{\"@id\":\"https:\\\/\\\/stivel.net\\\/fr\\\/product\\\/tapis-rimini\\\/#primaryimage\"},\"image\":{\"@id\":\"https:\\\/\\\/stivel.net\\\/fr\\\/product\\\/tapis-rimini\\\/#primaryimage\"},\"thumbnailUrl\":\"https:\\\/\\\/stivel.net\\\/wp-content\\\/uploads\\\/2023\\\/09\\\/rimini.webp\",\"datePublished\":\"2023-09-26T15:21:54+00:00\",\"dateModified\":\"2023-12-09T16:48:41+00:00\",\"description\":\"Le tapis RIMINI \u00e9voque un design abstrait, propice \u00e0 l\u2019imagination, avec un jeu de tissage et une palette de couleurs qui en font une cr\u00e9ation artistique.\",\"breadcrumb\":{\"@id\":\"https:\\\/\\\/stivel.net\\\/fr\\\/product\\\/tapis-rimini\\\/#breadcrumb\"},\"inLanguage\":\"fr-FR\",\"potentialAction\":[{\"@type\":\"ReadAction\",\"target\":[\"https:\\\/\\\/stivel.net\\\/fr\\\/product\\\/tapis-rimini\\\/\"]}]},{\"@type\":\"ImageObject\",\"inLanguage\":\"fr-FR\",\"@id\":\"https:\\\/\\\/stivel.net\\\/fr\\\/product\\\/tapis-rimini\\\/#primaryimage\",\"url\":\"https:\\\/\\\/stivel.net\\\/wp-content\\\/uploads\\\/2023\\\/09\\\/rimini.webp\",\"contentUrl\":\"https:\\\/\\\/stivel.net\\\/wp-content\\\/uploads\\\/2023\\\/09\\\/rimini.webp\",\"width\":1240,\"height\":1013,\"caption\":\"Tapis RIMINI\"},{\"@type\":\"BreadcrumbList\",\"@id\":\"https:\\\/\\\/stivel.net\\\/fr\\\/product\\\/tapis-rimini\\\/#breadcrumb\",\"itemListElement\":[{\"@type\":\"ListItem\",\"position\":1,\"name\":\"Home\",\"item\":\"https:\\\/\\\/stivel.net\\\/fr\\\/\"},{\"@type\":\"ListItem\",\"position\":2,\"name\":\"Produits\",\"item\":\"https:\\\/\\\/stivel.net\\\/fr\\\/shop\\\/\"},{\"@type\":\"ListItem\",\"position\":3,\"name\":\"TAPIS RIMINI\"}]},{\"@type\":\"WebSite\",\"@id\":\"https:\\\/\\\/stivel.net\\\/fr\\\/#website\",\"url\":\"https:\\\/\\\/stivel.net\\\/fr\\\/\",\"name\":\"Stivel\",\"description\":\"Interior decoration\",\"publisher\":{\"@id\":\"https:\\\/\\\/stivel.net\\\/fr\\\/#organization\"},\"alternateName\":\"Stivel decoration\",\"potentialAction\":[{\"@type\":\"SearchAction\",\"target\":{\"@type\":\"EntryPoint\",\"urlTemplate\":\"https:\\\/\\\/stivel.net\\\/fr\\\/?s={search_term_string}\"},\"query-input\":{\"@type\":\"PropertyValueSpecification\",\"valueRequired\":true,\"valueName\":\"search_term_string\"}}],\"inLanguage\":\"fr-FR\"},{\"@type\":\"Organization\",\"@id\":\"https:\\\/\\\/stivel.net\\\/fr\\\/#organization\",\"name\":\"STIVEL\",\"url\":\"https:\\\/\\\/stivel.net\\\/fr\\\/\",\"logo\":{\"@type\":\"ImageObject\",\"inLanguage\":\"fr-FR\",\"@id\":\"https:\\\/\\\/stivel.net\\\/fr\\\/#\\\/schema\\\/logo\\\/image\\\/\",\"url\":\"https:\\\/\\\/stivel.net\\\/wp-content\\\/uploads\\\/2023\\\/01\\\/logo-stivel-black.png\",\"contentUrl\":\"https:\\\/\\\/stivel.net\\\/wp-content\\\/uploads\\\/2023\\\/01\\\/logo-stivel-black.png\",\"width\":1932,\"height\":431,\"caption\":\"STIVEL\"},\"image\":{\"@id\":\"https:\\\/\\\/stivel.net\\\/fr\\\/#\\\/schema\\\/logo\\\/image\\\/\"},\"sameAs\":[\"https:\\\/\\\/www.facebook.com\\\/profile.php?id=100063564997749\",\"https:\\\/\\\/www.instagram.com\\\/stiveltunisie\\\/?hl=en\"]}]}<\/script>\n<!-- \/ Yoast SEO plugin. -->","yoast_head_json":{"title":"Tapis RIMINI","description":"Le tapis RIMINI \u00e9voque un design abstrait, propice \u00e0 l\u2019imagination, avec un jeu de tissage et une palette de couleurs qui en font une cr\u00e9ation artistique.","robots":{"index":"index","follow":"follow","max-snippet":"max-snippet:-1","max-image-preview":"max-image-preview:large","max-video-preview":"max-video-preview:-1"},"canonical":"https:\/\/stivel.net\/fr\/product\/tapis-rimini\/","og_locale":"fr_FR","og_type":"article","og_title":"Tapis RIMINI","og_description":"Le tapis RIMINI \u00e9voque un design abstrait, propice \u00e0 l\u2019imagination, avec un jeu de tissage et une palette de couleurs qui en font une cr\u00e9ation artistique.","og_url":"https:\/\/stivel.net\/fr\/product\/tapis-rimini\/","og_site_name":"Stivel","article_publisher":"https:\/\/www.facebook.com\/profile.php?id=100063564997749","article_modified_time":"2023-12-09T16:48:41+00:00","og_image":[{"width":1240,"height":1013,"url":"https:\/\/stivel.net\/wp-content\/uploads\/2023\/09\/rimini.webp","type":"image\/webp"}],"schema":{"@context":"https:\/\/schema.org","@graph":[{"@type":"WebPage","@id":"https:\/\/stivel.net\/fr\/product\/tapis-rimini\/","url":"https:\/\/stivel.net\/fr\/product\/tapis-rimini\/","name":"Tapis RIMINI","isPartOf":{"@id":"https:\/\/stivel.net\/fr\/#website"},"primaryImageOfPage":{"@id":"https:\/\/stivel.net\/fr\/product\/tapis-rimini\/#primaryimage"},"image":{"@id":"https:\/\/stivel.net\/fr\/product\/tapis-rimini\/#primaryimage"},"thumbnailUrl":"https:\/\/stivel.net\/wp-content\/uploads\/2023\/09\/rimini.webp","datePublished":"2023-09-26T15:21:54+00:00","dateModified":"2023-12-09T16:48:41+00:00","description":"Le tapis RIMINI \u00e9voque un design abstrait, propice \u00e0 l\u2019imagination, avec un jeu de tissage et une palette de couleurs qui en font une cr\u00e9ation artistique.","breadcrumb":{"@id":"https:\/\/stivel.net\/fr\/product\/tapis-rimini\/#breadcrumb"},"inLanguage":"fr-FR","potentialAction":[{"@type":"ReadAction","target":["https:\/\/stivel.net\/fr\/product\/tapis-rimini\/"]}]},{"@type":"ImageObject","inLanguage":"fr-FR","@id":"https:\/\/stivel.net\/fr\/product\/tapis-rimini\/#primaryimage","url":"https:\/\/stivel.net\/wp-content\/uploads\/2023\/09\/rimini.webp","contentUrl":"https:\/\/stivel.net\/wp-content\/uploads\/2023\/09\/rimini.webp","width":1240,"height":1013,"caption":"Tapis RIMINI"},{"@type":"BreadcrumbList","@id":"https:\/\/stivel.net\/fr\/product\/tapis-rimini\/#breadcrumb","itemListElement":[{"@type":"ListItem","position":1,"name":"Home","item":"https:\/\/stivel.net\/fr\/"},{"@type":"ListItem","position":2,"name":"Produits","item":"https:\/\/stivel.net\/fr\/shop\/"},{"@type":"ListItem","position":3,"name":"TAPIS RIMINI"}]},{"@type":"WebSite","@id":"https:\/\/stivel.net\/fr\/#website","url":"https:\/\/stivel.net\/fr\/","name":"Stivel","description":"Interior decoration","publisher":{"@id":"https:\/\/stivel.net\/fr\/#organization"},"alternateName":"Stivel decoration","potentialAction":[{"@type":"SearchAction","target":{"@type":"EntryPoint","urlTemplate":"https:\/\/stivel.net\/fr\/?s={search_term_string}"},"query-input":{"@type":"PropertyValueSpecification","valueRequired":true,"valueName":"search_term_string"}}],"inLanguage":"fr-FR"},{"@type":"Organization","@id":"https:\/\/stivel.net\/fr\/#organization","name":"STIVEL","url":"https:\/\/stivel.net\/fr\/","logo":{"@type":"ImageObject","inLanguage":"fr-FR","@id":"https:\/\/stivel.net\/fr\/#\/schema\/logo\/image\/","url":"https:\/\/stivel.net\/wp-content\/uploads\/2023\/01\/logo-stivel-black.png","contentUrl":"https:\/\/stivel.net\/wp-content\/uploads\/2023\/01\/logo-stivel-black.png","width":1932,"height":431,"caption":"STIVEL"},"image":{"@id":"https:\/\/stivel.net\/fr\/#\/schema\/logo\/image\/"},"sameAs":["https:\/\/www.facebook.com\/profile.php?id=100063564997749","https:\/\/www.instagram.com\/stiveltunisie\/?hl=en"]}]}},"_links":{"self":[{"href":"https:\/\/stivel.net\/fr\/wp-json\/wp\/v2\/product\/12860","targetHints":{"allow":["GET"]}}],"collection":[{"href":"https:\/\/stivel.net\/fr\/wp-json\/wp\/v2\/product"}],"about":[{"href":"https:\/\/stivel.net\/fr\/wp-json\/wp\/v2\/types\/product"}],"wp:featuredmedia":[{"embeddable":true,"href":"https:\/\/stivel.net\/fr\/wp-json\/wp\/v2\/media\/12991"}],"wp:attachment":[{"href":"https:\/\/stivel.net\/fr\/wp-json\/wp\/v2\/media?parent=12860"}],"wp:term":[{"taxonomy":"product_brand","embeddable":true,"href":"https:\/\/stivel.net\/fr\/wp-json\/wp\/v2\/product_brand?post=12860"},{"taxonomy":"product_cat","embeddable":true,"href":"https:\/\/stivel.net\/fr\/wp-json\/wp\/v2\/product_cat?post=12860"},{"taxonomy":"product_tag","embeddable":true,"href":"https:\/\/stivel.net\/fr\/wp-json\/wp\/v2\/product_tag?post=12860"}],"curies":[{"name":"wp","href":"https:\/\/api.w.org\/{rel}","templated":true}]}}