{"id":12839,"date":"2023-09-26T10:18:47","date_gmt":"2023-09-26T10:18:47","guid":{"rendered":"https:\/\/stivel.net\/?post_type=product&#038;p=12839"},"modified":"2023-12-09T16:53:27","modified_gmt":"2023-12-09T16:53:27","slug":"jacquard-morin115","status":"publish","type":"product","link":"https:\/\/stivel.net\/fr\/product\/jacquard-morin115\/","title":{"rendered":"JACQUARD MORIN115"},"content":{"rendered":"<p>[vc_row][vc_column][vc_column_text]<span style=\"font-size: 10.5pt;font-family: Poppins;color: #666666;background: white\">Notre tissu jacquard MORIN115 est une v\u00e9ritable signature couture, \u00e9l\u00e9gante et authentique. Con\u00e7u sp\u00e9cialement pour les professionnels du monde du textile, ce tissu incarne le mariage parfait entre savoir-faire traditionnel et innovation contemporaine.<\/span><\/p>\n<p style=\"margin: 15.0pt 0cm 15.0pt 0cm\"><span style=\"font-size: 10.5pt;font-family: Poppins;color: #666666;background: white\">Du point de vue des teintes, le tissu jacquard MORIN115 d\u00e9voile une palette sublime de trois couleurs chaudes : l&rsquo;\u00e9b\u00e8ne profond, le marron raffin\u00e9 et l&rsquo;\u00e9cru d\u00e9licat. L&rsquo;entrelacement artistique de ses feuilles cr\u00e9e une marqueterie visuelle, r\u00e9v\u00e9lant les subtilit\u00e9s d&rsquo;un tissage impeccable. Ce tissu v\u00e9g\u00e9tal interpr\u00e8te avec brio une repr\u00e9sentation douce de fleurs et feuillages.<\/span><\/p>\n<p style=\"margin: 15.0pt 0cm 15.0pt 0cm\"><span style=\"font-size: 10.5pt;font-family: Poppins;color: #666666;background: white\">Son design d\u00e9licat se caract\u00e9rise par un jeu subtil de formes vides et de pleins l\u00e9gers, offrant une vision \u00e9l\u00e9gante de la trame de fond du tissu. La r\u00e9alisation de tissu d\u2019exception n\u00e9cessite une pr\u00e9cision exceptionnelle de la part de nos \u00e9quipes d&rsquo;ateliers qui excellent dans leurs capacit\u00e9s \u00e0 reproduire avec exactitude le dessin \u00e9labor\u00e9 par nos \u00e9quipes de conception assist\u00e9e par ordinateur (CAO).<\/span><\/p>\n<p style=\"margin: 0cm 0cm 15.0pt 0cm\"><span style=\"font-size: 10.5pt;font-family: Poppins;color: #666666;background: white\">Le tissu jacquard MORIN115 se positionne comme un choix incontournable pour une vari\u00e9t\u00e9 de projets de d\u00e9coration. Il habille avec \u00e9l\u00e9gance meubles, fauteuils, canap\u00e9s et poufs, tout en sublimant les espaces tels que les chambres et les salons avec des rideaux, des coussins et des plaids. Il cr\u00e9e une atmosph\u00e8re enveloppante et r\u00e9confortante, \u00e9levant instantan\u00e9ment l&rsquo;ambiance de tout int\u00e9rieur.<\/span><\/p>\n<p style=\"margin: 0cm 0cm 15.0pt 0cm\"><span style=\"font-size: 10.5pt;font-family: Poppins;color: #666666;background: white\">Dot\u00e9 d&rsquo;un toucher exceptionnellement qualitatif, ce tissu a un tomb\u00e9 ultra qualitatif, et une r\u00e9sistance remarquable pour r\u00e9pondre aux environnements les plus exigeants. <\/span>Enti\u00e8rement con\u00e7u et confectionn\u00e9 dans nos ateliers, le tissu jacquard MORIN 115 incarne notre engagement envers l&rsquo;excellence et le respect des normes sociales et environnementales. <a href=\"https:\/\/stivel.net\/fr\/product-category\/jacquard-fr\/\" target=\"_blank\" rel=\"noopener\">D\u00e9couvrez tout la gamme de nos tissus jacquard.<\/a>[\/vc_column_text][\/vc_column][\/vc_row]<\/p>\n","protected":false},"excerpt":{"rendered":"<p>Notre tissu jacquard MORIN115 s\u2019entend comme un nom de code qui \u00e9voque un secret de fabrication pour allier tradition et exception. Ce tissu offre un champ des possibles des plus vastes en termes de d\u00e9coration int\u00e9rieure.<\/p>\n<ul>\n<li>Graphisme floral<\/li>\n<li>Tissu Jacquard<\/li>\n<li>D\u00e9coration int\u00e9rieure<\/li>\n<\/ul>\n","protected":false},"featured_media":12842,"template":"","meta":[],"product_brand":[],"product_cat":[187],"product_tag":[194,193],"class_list":{"0":"post-12839","1":"product","2":"type-product","3":"status-publish","4":"has-post-thumbnail","6":"product_cat-jacquard-fr","7":"product_tag-gamme-areca-fr","8":"product_tag-jacquard-fr","10":"first","11":"instock","12":"shipping-taxable","13":"purchasable","14":"product-type-simple"},"yoast_head":"<!-- This site is optimized with the Yoast SEO plugin v27.4 - https:\/\/yoast.com\/product\/yoast-seo-wordpress\/ -->\n<title>Jacquard MORIN115<\/title>\n<meta name=\"description\" content=\"Notre tissu jacquard MORIN115 allie tradition et exception et offre un vaste champ des possibles en termes de d\u00e9coration int\u00e9rieure. \u00a0\" \/>\n<meta name=\"robots\" content=\"index, follow, max-snippet:-1, max-image-preview:large, max-video-preview:-1\" \/>\n<link rel=\"canonical\" href=\"https:\/\/stivel.net\/fr\/product\/jacquard-morin115\/\" \/>\n<meta property=\"og:locale\" content=\"fr_FR\" \/>\n<meta property=\"og:type\" content=\"article\" \/>\n<meta property=\"og:title\" content=\"Jacquard MORIN115\" \/>\n<meta property=\"og:description\" content=\"Notre tissu jacquard MORIN115 allie tradition et exception et offre un vaste champ des possibles en termes de d\u00e9coration int\u00e9rieure. \u00a0\" \/>\n<meta property=\"og:url\" content=\"https:\/\/stivel.net\/fr\/product\/jacquard-morin115\/\" \/>\n<meta property=\"og:site_name\" content=\"Stivel\" \/>\n<meta property=\"article:publisher\" content=\"https:\/\/www.facebook.com\/profile.php?id=100063564997749\" \/>\n<meta property=\"article:modified_time\" content=\"2023-12-09T16:53:27+00:00\" \/>\n<meta property=\"og:image\" content=\"https:\/\/stivel.net\/wp-content\/uploads\/2023\/09\/dsc-0137-scaled.webp\" \/>\n\t<meta property=\"og:image:width\" content=\"2560\" \/>\n\t<meta property=\"og:image:height\" content=\"1707\" \/>\n\t<meta property=\"og:image:type\" content=\"image\/webp\" \/>\n<script type=\"application\/ld+json\" class=\"yoast-schema-graph\">{\"@context\":\"https:\\\/\\\/schema.org\",\"@graph\":[{\"@type\":\"WebPage\",\"@id\":\"https:\\\/\\\/stivel.net\\\/fr\\\/product\\\/jacquard-morin115\\\/\",\"url\":\"https:\\\/\\\/stivel.net\\\/fr\\\/product\\\/jacquard-morin115\\\/\",\"name\":\"Jacquard MORIN115\",\"isPartOf\":{\"@id\":\"https:\\\/\\\/stivel.net\\\/fr\\\/#website\"},\"primaryImageOfPage\":{\"@id\":\"https:\\\/\\\/stivel.net\\\/fr\\\/product\\\/jacquard-morin115\\\/#primaryimage\"},\"image\":{\"@id\":\"https:\\\/\\\/stivel.net\\\/fr\\\/product\\\/jacquard-morin115\\\/#primaryimage\"},\"thumbnailUrl\":\"https:\\\/\\\/stivel.net\\\/wp-content\\\/uploads\\\/2023\\\/09\\\/dsc-0137-scaled.webp\",\"datePublished\":\"2023-09-26T10:18:47+00:00\",\"dateModified\":\"2023-12-09T16:53:27+00:00\",\"description\":\"Notre tissu jacquard MORIN115 allie tradition et exception et offre un vaste champ des possibles en termes de d\u00e9coration int\u00e9rieure. \u00a0\",\"breadcrumb\":{\"@id\":\"https:\\\/\\\/stivel.net\\\/fr\\\/product\\\/jacquard-morin115\\\/#breadcrumb\"},\"inLanguage\":\"fr-FR\",\"potentialAction\":[{\"@type\":\"ReadAction\",\"target\":[\"https:\\\/\\\/stivel.net\\\/fr\\\/product\\\/jacquard-morin115\\\/\"]}]},{\"@type\":\"ImageObject\",\"inLanguage\":\"fr-FR\",\"@id\":\"https:\\\/\\\/stivel.net\\\/fr\\\/product\\\/jacquard-morin115\\\/#primaryimage\",\"url\":\"https:\\\/\\\/stivel.net\\\/wp-content\\\/uploads\\\/2023\\\/09\\\/dsc-0137-scaled.webp\",\"contentUrl\":\"https:\\\/\\\/stivel.net\\\/wp-content\\\/uploads\\\/2023\\\/09\\\/dsc-0137-scaled.webp\",\"width\":2560,\"height\":1707,\"caption\":\"Jacquard MORIN115\"},{\"@type\":\"BreadcrumbList\",\"@id\":\"https:\\\/\\\/stivel.net\\\/fr\\\/product\\\/jacquard-morin115\\\/#breadcrumb\",\"itemListElement\":[{\"@type\":\"ListItem\",\"position\":1,\"name\":\"Home\",\"item\":\"https:\\\/\\\/stivel.net\\\/fr\\\/\"},{\"@type\":\"ListItem\",\"position\":2,\"name\":\"Produits\",\"item\":\"https:\\\/\\\/stivel.net\\\/fr\\\/shop\\\/\"},{\"@type\":\"ListItem\",\"position\":3,\"name\":\"JACQUARD MORIN115\"}]},{\"@type\":\"WebSite\",\"@id\":\"https:\\\/\\\/stivel.net\\\/fr\\\/#website\",\"url\":\"https:\\\/\\\/stivel.net\\\/fr\\\/\",\"name\":\"Stivel\",\"description\":\"Interior decoration\",\"publisher\":{\"@id\":\"https:\\\/\\\/stivel.net\\\/fr\\\/#organization\"},\"alternateName\":\"Stivel decoration\",\"potentialAction\":[{\"@type\":\"SearchAction\",\"target\":{\"@type\":\"EntryPoint\",\"urlTemplate\":\"https:\\\/\\\/stivel.net\\\/fr\\\/?s={search_term_string}\"},\"query-input\":{\"@type\":\"PropertyValueSpecification\",\"valueRequired\":true,\"valueName\":\"search_term_string\"}}],\"inLanguage\":\"fr-FR\"},{\"@type\":\"Organization\",\"@id\":\"https:\\\/\\\/stivel.net\\\/fr\\\/#organization\",\"name\":\"STIVEL\",\"url\":\"https:\\\/\\\/stivel.net\\\/fr\\\/\",\"logo\":{\"@type\":\"ImageObject\",\"inLanguage\":\"fr-FR\",\"@id\":\"https:\\\/\\\/stivel.net\\\/fr\\\/#\\\/schema\\\/logo\\\/image\\\/\",\"url\":\"https:\\\/\\\/stivel.net\\\/wp-content\\\/uploads\\\/2023\\\/01\\\/logo-stivel-black.png\",\"contentUrl\":\"https:\\\/\\\/stivel.net\\\/wp-content\\\/uploads\\\/2023\\\/01\\\/logo-stivel-black.png\",\"width\":1932,\"height\":431,\"caption\":\"STIVEL\"},\"image\":{\"@id\":\"https:\\\/\\\/stivel.net\\\/fr\\\/#\\\/schema\\\/logo\\\/image\\\/\"},\"sameAs\":[\"https:\\\/\\\/www.facebook.com\\\/profile.php?id=100063564997749\",\"https:\\\/\\\/www.instagram.com\\\/stiveltunisie\\\/?hl=en\"]}]}<\/script>\n<!-- \/ Yoast SEO plugin. -->","yoast_head_json":{"title":"Jacquard MORIN115","description":"Notre tissu jacquard MORIN115 allie tradition et exception et offre un vaste champ des possibles en termes de d\u00e9coration int\u00e9rieure. \u00a0","robots":{"index":"index","follow":"follow","max-snippet":"max-snippet:-1","max-image-preview":"max-image-preview:large","max-video-preview":"max-video-preview:-1"},"canonical":"https:\/\/stivel.net\/fr\/product\/jacquard-morin115\/","og_locale":"fr_FR","og_type":"article","og_title":"Jacquard MORIN115","og_description":"Notre tissu jacquard MORIN115 allie tradition et exception et offre un vaste champ des possibles en termes de d\u00e9coration int\u00e9rieure. \u00a0","og_url":"https:\/\/stivel.net\/fr\/product\/jacquard-morin115\/","og_site_name":"Stivel","article_publisher":"https:\/\/www.facebook.com\/profile.php?id=100063564997749","article_modified_time":"2023-12-09T16:53:27+00:00","og_image":[{"width":2560,"height":1707,"url":"https:\/\/stivel.net\/wp-content\/uploads\/2023\/09\/dsc-0137-scaled.webp","type":"image\/webp"}],"schema":{"@context":"https:\/\/schema.org","@graph":[{"@type":"WebPage","@id":"https:\/\/stivel.net\/fr\/product\/jacquard-morin115\/","url":"https:\/\/stivel.net\/fr\/product\/jacquard-morin115\/","name":"Jacquard MORIN115","isPartOf":{"@id":"https:\/\/stivel.net\/fr\/#website"},"primaryImageOfPage":{"@id":"https:\/\/stivel.net\/fr\/product\/jacquard-morin115\/#primaryimage"},"image":{"@id":"https:\/\/stivel.net\/fr\/product\/jacquard-morin115\/#primaryimage"},"thumbnailUrl":"https:\/\/stivel.net\/wp-content\/uploads\/2023\/09\/dsc-0137-scaled.webp","datePublished":"2023-09-26T10:18:47+00:00","dateModified":"2023-12-09T16:53:27+00:00","description":"Notre tissu jacquard MORIN115 allie tradition et exception et offre un vaste champ des possibles en termes de d\u00e9coration int\u00e9rieure. \u00a0","breadcrumb":{"@id":"https:\/\/stivel.net\/fr\/product\/jacquard-morin115\/#breadcrumb"},"inLanguage":"fr-FR","potentialAction":[{"@type":"ReadAction","target":["https:\/\/stivel.net\/fr\/product\/jacquard-morin115\/"]}]},{"@type":"ImageObject","inLanguage":"fr-FR","@id":"https:\/\/stivel.net\/fr\/product\/jacquard-morin115\/#primaryimage","url":"https:\/\/stivel.net\/wp-content\/uploads\/2023\/09\/dsc-0137-scaled.webp","contentUrl":"https:\/\/stivel.net\/wp-content\/uploads\/2023\/09\/dsc-0137-scaled.webp","width":2560,"height":1707,"caption":"Jacquard MORIN115"},{"@type":"BreadcrumbList","@id":"https:\/\/stivel.net\/fr\/product\/jacquard-morin115\/#breadcrumb","itemListElement":[{"@type":"ListItem","position":1,"name":"Home","item":"https:\/\/stivel.net\/fr\/"},{"@type":"ListItem","position":2,"name":"Produits","item":"https:\/\/stivel.net\/fr\/shop\/"},{"@type":"ListItem","position":3,"name":"JACQUARD MORIN115"}]},{"@type":"WebSite","@id":"https:\/\/stivel.net\/fr\/#website","url":"https:\/\/stivel.net\/fr\/","name":"Stivel","description":"Interior decoration","publisher":{"@id":"https:\/\/stivel.net\/fr\/#organization"},"alternateName":"Stivel decoration","potentialAction":[{"@type":"SearchAction","target":{"@type":"EntryPoint","urlTemplate":"https:\/\/stivel.net\/fr\/?s={search_term_string}"},"query-input":{"@type":"PropertyValueSpecification","valueRequired":true,"valueName":"search_term_string"}}],"inLanguage":"fr-FR"},{"@type":"Organization","@id":"https:\/\/stivel.net\/fr\/#organization","name":"STIVEL","url":"https:\/\/stivel.net\/fr\/","logo":{"@type":"ImageObject","inLanguage":"fr-FR","@id":"https:\/\/stivel.net\/fr\/#\/schema\/logo\/image\/","url":"https:\/\/stivel.net\/wp-content\/uploads\/2023\/01\/logo-stivel-black.png","contentUrl":"https:\/\/stivel.net\/wp-content\/uploads\/2023\/01\/logo-stivel-black.png","width":1932,"height":431,"caption":"STIVEL"},"image":{"@id":"https:\/\/stivel.net\/fr\/#\/schema\/logo\/image\/"},"sameAs":["https:\/\/www.facebook.com\/profile.php?id=100063564997749","https:\/\/www.instagram.com\/stiveltunisie\/?hl=en"]}]}},"_links":{"self":[{"href":"https:\/\/stivel.net\/fr\/wp-json\/wp\/v2\/product\/12839","targetHints":{"allow":["GET"]}}],"collection":[{"href":"https:\/\/stivel.net\/fr\/wp-json\/wp\/v2\/product"}],"about":[{"href":"https:\/\/stivel.net\/fr\/wp-json\/wp\/v2\/types\/product"}],"wp:featuredmedia":[{"embeddable":true,"href":"https:\/\/stivel.net\/fr\/wp-json\/wp\/v2\/media\/12842"}],"wp:attachment":[{"href":"https:\/\/stivel.net\/fr\/wp-json\/wp\/v2\/media?parent=12839"}],"wp:term":[{"taxonomy":"product_brand","embeddable":true,"href":"https:\/\/stivel.net\/fr\/wp-json\/wp\/v2\/product_brand?post=12839"},{"taxonomy":"product_cat","embeddable":true,"href":"https:\/\/stivel.net\/fr\/wp-json\/wp\/v2\/product_cat?post=12839"},{"taxonomy":"product_tag","embeddable":true,"href":"https:\/\/stivel.net\/fr\/wp-json\/wp\/v2\/product_tag?post=12839"}],"curies":[{"name":"wp","href":"https:\/\/api.w.org\/{rel}","templated":true}]}}