{"id":12414,"date":"2023-01-30T11:25:59","date_gmt":"2023-01-30T11:25:59","guid":{"rendered":"https:\/\/stivel.net\/product\/velours-de-gene-bleu-floral\/"},"modified":"2023-11-29T16:57:56","modified_gmt":"2023-11-29T16:57:56","slug":"velours-de-genes-bleu-floral","status":"publish","type":"product","link":"https:\/\/stivel.net\/fr\/product\/velours-de-genes-bleu-floral\/","title":{"rendered":"VELOURS DE G\u00caNES BLEU FLORAL"},"content":{"rendered":"<p>[vc_row][vc_column][vc_column_text] Le velours de G\u00eanes BLEU FLORAL la particularit\u00e9 de pouvoir exprimer les plus beaux design. Ici, les d\u00e9tails d\u00e9licats des fleurs et la profondeur de champ offrent un joli th\u00e8me v\u00e9g\u00e9tal, id\u00e9al pour une ambiance classique ou contemporaine.<\/p>\n<p>C\u2019est avec pr\u00e9cision et style que les fleurs et arabesques ont \u00e9t\u00e9 tout d\u2019abord con\u00e7us puis sp\u00e9cifiquement produits sur nos m\u00e9tier \u00e0 tisser de haute technologie. Le r\u00e9sultat est splendide, avec un contraste parfait entre l\u2019arri\u00e8re-plan \u00e9pur\u00e9 et les d\u00e9tails des fleurs et feuillages. C\u2019est le proc\u00e9d\u00e9 authentique et le savoir-faire unique de Stivel dans l\u2019\u00e9laboration de ce velours qui fait de ce tissu un produit de choix.<\/p>\n<p>Ce velours est parfait pour recouvrir si\u00e8ges et canap\u00e9s tout en proposant confort et sophistication. La qualit\u00e9 et la fluidit\u00e9 de ce tissu permet de supporter un usage intensif et s\u2019adapte \u00e0 tous les types de projets d&rsquo;ameublement.<\/p>\n<p>Le velours de G\u00eanes BLEU FLORAL apporte \u00e9galement une \u00e9l\u00e9gance pour les double-rideaux et tentures, quel que soit l\u2019espace auquel ils sont destin\u00e9s.<\/p>\n<p>Ce velours de G\u00eanes est con\u00e7u et produit dans les ateliers de l\u2019entreprise o\u00f9 l\u2019excellence et les engagements au niveau social et environnemental rythment le quotidien des \u00e9quipes. <a href=\"https:\/\/stivel.net\/fr\/product-category\/velours-de-genes\/\" target=\"_blank\" rel=\"noopener\">D\u00e9couvrez l&rsquo;ensemble de nos velours de G\u00eanes<\/a>.[\/vc_column_text][\/vc_column][\/vc_row]<\/p>\n","protected":false},"excerpt":{"rendered":"<p>Notre Velours De G\u00eanes Bleu Floral est tr\u00e8s certainement l\u2019expression de ce velours distinctif, \u00e0 la texture c\u00f4tel\u00e9e qui offre au tissu une polyvalence pour tout projet de d\u00e9coration.<\/p>\n<ul>\n<li>Tissu luxueux<\/li>\n<li>Design floral<\/li>\n<li>D\u00e9coration int\u00e9rieure<\/li>\n<\/ul>\n","protected":false},"featured_media":11938,"template":"","meta":[],"product_brand":[],"product_cat":[189],"product_tag":[192],"class_list":{"0":"post-12414","1":"product","2":"type-product","3":"status-publish","4":"has-post-thumbnail","6":"product_cat-velours-de-genes","7":"product_tag-velours-de-gene","9":"first","10":"instock","11":"shipping-taxable","12":"purchasable","13":"product-type-simple"},"yoast_head":"<!-- This site is optimized with the Yoast SEO plugin v27.4 - https:\/\/yoast.com\/product\/yoast-seo-wordpress\/ -->\n<title>Velours De G\u00eanes Bleu Floral, Parfait pour votre d\u00e9coration - Stivel<\/title>\n<meta name=\"description\" content=\"Le Velours De G\u00eanes Bleu Floral exprime la qualit\u00e9 de ce tissu \u00e0 la texture c\u00f4tel\u00e9e, id\u00e9al pour cr\u00e9er des riches d\u00e9tails, avec une belle polyvalence.\" \/>\n<meta name=\"robots\" content=\"index, follow, max-snippet:-1, max-image-preview:large, max-video-preview:-1\" \/>\n<link rel=\"canonical\" href=\"https:\/\/stivel.net\/fr\/product\/velours-de-genes-bleu-floral\/\" \/>\n<meta property=\"og:locale\" content=\"fr_FR\" \/>\n<meta property=\"og:type\" content=\"article\" \/>\n<meta property=\"og:title\" content=\"Velours De G\u00eanes Bleu Floral, Parfait pour votre d\u00e9coration - Stivel\" \/>\n<meta property=\"og:description\" content=\"Le Velours De G\u00eanes Bleu Floral exprime la qualit\u00e9 de ce tissu \u00e0 la texture c\u00f4tel\u00e9e, id\u00e9al pour cr\u00e9er des riches d\u00e9tails, avec une belle polyvalence.\" \/>\n<meta property=\"og:url\" content=\"https:\/\/stivel.net\/fr\/product\/velours-de-genes-bleu-floral\/\" \/>\n<meta property=\"og:site_name\" content=\"Stivel\" \/>\n<meta property=\"article:publisher\" content=\"https:\/\/www.facebook.com\/profile.php?id=100063564997749\" \/>\n<meta property=\"article:modified_time\" content=\"2023-11-29T16:57:56+00:00\" \/>\n<meta property=\"og:image\" content=\"https:\/\/stivel.net\/wp-content\/uploads\/2023\/01\/DSC_0328-scaled.webp\" \/>\n\t<meta property=\"og:image:width\" content=\"2560\" \/>\n\t<meta property=\"og:image:height\" content=\"2433\" \/>\n\t<meta property=\"og:image:type\" content=\"image\/webp\" \/>\n<script type=\"application\/ld+json\" class=\"yoast-schema-graph\">{\"@context\":\"https:\\\/\\\/schema.org\",\"@graph\":[{\"@type\":\"WebPage\",\"@id\":\"https:\\\/\\\/stivel.net\\\/fr\\\/product\\\/velours-de-genes-bleu-floral\\\/\",\"url\":\"https:\\\/\\\/stivel.net\\\/fr\\\/product\\\/velours-de-genes-bleu-floral\\\/\",\"name\":\"Velours De G\u00eanes Bleu Floral, Parfait pour votre d\u00e9coration - Stivel\",\"isPartOf\":{\"@id\":\"https:\\\/\\\/stivel.net\\\/fr\\\/#website\"},\"primaryImageOfPage\":{\"@id\":\"https:\\\/\\\/stivel.net\\\/fr\\\/product\\\/velours-de-genes-bleu-floral\\\/#primaryimage\"},\"image\":{\"@id\":\"https:\\\/\\\/stivel.net\\\/fr\\\/product\\\/velours-de-genes-bleu-floral\\\/#primaryimage\"},\"thumbnailUrl\":\"https:\\\/\\\/stivel.net\\\/wp-content\\\/uploads\\\/2023\\\/01\\\/DSC_0328-scaled.webp\",\"datePublished\":\"2023-01-30T11:25:59+00:00\",\"dateModified\":\"2023-11-29T16:57:56+00:00\",\"description\":\"Le Velours De G\u00eanes Bleu Floral exprime la qualit\u00e9 de ce tissu \u00e0 la texture c\u00f4tel\u00e9e, id\u00e9al pour cr\u00e9er des riches d\u00e9tails, avec une belle polyvalence.\",\"breadcrumb\":{\"@id\":\"https:\\\/\\\/stivel.net\\\/fr\\\/product\\\/velours-de-genes-bleu-floral\\\/#breadcrumb\"},\"inLanguage\":\"fr-FR\",\"potentialAction\":[{\"@type\":\"ReadAction\",\"target\":[\"https:\\\/\\\/stivel.net\\\/fr\\\/product\\\/velours-de-genes-bleu-floral\\\/\"]}]},{\"@type\":\"ImageObject\",\"inLanguage\":\"fr-FR\",\"@id\":\"https:\\\/\\\/stivel.net\\\/fr\\\/product\\\/velours-de-genes-bleu-floral\\\/#primaryimage\",\"url\":\"https:\\\/\\\/stivel.net\\\/wp-content\\\/uploads\\\/2023\\\/01\\\/DSC_0328-scaled.webp\",\"contentUrl\":\"https:\\\/\\\/stivel.net\\\/wp-content\\\/uploads\\\/2023\\\/01\\\/DSC_0328-scaled.webp\",\"width\":2560,\"height\":2433,\"caption\":\"Velours De G\u00eanes Bleu Floral\"},{\"@type\":\"BreadcrumbList\",\"@id\":\"https:\\\/\\\/stivel.net\\\/fr\\\/product\\\/velours-de-genes-bleu-floral\\\/#breadcrumb\",\"itemListElement\":[{\"@type\":\"ListItem\",\"position\":1,\"name\":\"Home\",\"item\":\"https:\\\/\\\/stivel.net\\\/fr\\\/\"},{\"@type\":\"ListItem\",\"position\":2,\"name\":\"Produits\",\"item\":\"https:\\\/\\\/stivel.net\\\/fr\\\/shop\\\/\"},{\"@type\":\"ListItem\",\"position\":3,\"name\":\"VELOURS DE G\u00caNES BLEU FLORAL\"}]},{\"@type\":\"WebSite\",\"@id\":\"https:\\\/\\\/stivel.net\\\/fr\\\/#website\",\"url\":\"https:\\\/\\\/stivel.net\\\/fr\\\/\",\"name\":\"Stivel\",\"description\":\"Interior decoration\",\"publisher\":{\"@id\":\"https:\\\/\\\/stivel.net\\\/fr\\\/#organization\"},\"alternateName\":\"Stivel decoration\",\"potentialAction\":[{\"@type\":\"SearchAction\",\"target\":{\"@type\":\"EntryPoint\",\"urlTemplate\":\"https:\\\/\\\/stivel.net\\\/fr\\\/?s={search_term_string}\"},\"query-input\":{\"@type\":\"PropertyValueSpecification\",\"valueRequired\":true,\"valueName\":\"search_term_string\"}}],\"inLanguage\":\"fr-FR\"},{\"@type\":\"Organization\",\"@id\":\"https:\\\/\\\/stivel.net\\\/fr\\\/#organization\",\"name\":\"STIVEL\",\"url\":\"https:\\\/\\\/stivel.net\\\/fr\\\/\",\"logo\":{\"@type\":\"ImageObject\",\"inLanguage\":\"fr-FR\",\"@id\":\"https:\\\/\\\/stivel.net\\\/fr\\\/#\\\/schema\\\/logo\\\/image\\\/\",\"url\":\"https:\\\/\\\/stivel.net\\\/wp-content\\\/uploads\\\/2023\\\/01\\\/logo-stivel-black.png\",\"contentUrl\":\"https:\\\/\\\/stivel.net\\\/wp-content\\\/uploads\\\/2023\\\/01\\\/logo-stivel-black.png\",\"width\":1932,\"height\":431,\"caption\":\"STIVEL\"},\"image\":{\"@id\":\"https:\\\/\\\/stivel.net\\\/fr\\\/#\\\/schema\\\/logo\\\/image\\\/\"},\"sameAs\":[\"https:\\\/\\\/www.facebook.com\\\/profile.php?id=100063564997749\",\"https:\\\/\\\/www.instagram.com\\\/stiveltunisie\\\/?hl=en\"]}]}<\/script>\n<!-- \/ Yoast SEO plugin. -->","yoast_head_json":{"title":"Velours De G\u00eanes Bleu Floral, Parfait pour votre d\u00e9coration - Stivel","description":"Le Velours De G\u00eanes Bleu Floral exprime la qualit\u00e9 de ce tissu \u00e0 la texture c\u00f4tel\u00e9e, id\u00e9al pour cr\u00e9er des riches d\u00e9tails, avec une belle polyvalence.","robots":{"index":"index","follow":"follow","max-snippet":"max-snippet:-1","max-image-preview":"max-image-preview:large","max-video-preview":"max-video-preview:-1"},"canonical":"https:\/\/stivel.net\/fr\/product\/velours-de-genes-bleu-floral\/","og_locale":"fr_FR","og_type":"article","og_title":"Velours De G\u00eanes Bleu Floral, Parfait pour votre d\u00e9coration - Stivel","og_description":"Le Velours De G\u00eanes Bleu Floral exprime la qualit\u00e9 de ce tissu \u00e0 la texture c\u00f4tel\u00e9e, id\u00e9al pour cr\u00e9er des riches d\u00e9tails, avec une belle polyvalence.","og_url":"https:\/\/stivel.net\/fr\/product\/velours-de-genes-bleu-floral\/","og_site_name":"Stivel","article_publisher":"https:\/\/www.facebook.com\/profile.php?id=100063564997749","article_modified_time":"2023-11-29T16:57:56+00:00","og_image":[{"width":2560,"height":2433,"url":"https:\/\/stivel.net\/wp-content\/uploads\/2023\/01\/DSC_0328-scaled.webp","type":"image\/webp"}],"schema":{"@context":"https:\/\/schema.org","@graph":[{"@type":"WebPage","@id":"https:\/\/stivel.net\/fr\/product\/velours-de-genes-bleu-floral\/","url":"https:\/\/stivel.net\/fr\/product\/velours-de-genes-bleu-floral\/","name":"Velours De G\u00eanes Bleu Floral, Parfait pour votre d\u00e9coration - Stivel","isPartOf":{"@id":"https:\/\/stivel.net\/fr\/#website"},"primaryImageOfPage":{"@id":"https:\/\/stivel.net\/fr\/product\/velours-de-genes-bleu-floral\/#primaryimage"},"image":{"@id":"https:\/\/stivel.net\/fr\/product\/velours-de-genes-bleu-floral\/#primaryimage"},"thumbnailUrl":"https:\/\/stivel.net\/wp-content\/uploads\/2023\/01\/DSC_0328-scaled.webp","datePublished":"2023-01-30T11:25:59+00:00","dateModified":"2023-11-29T16:57:56+00:00","description":"Le Velours De G\u00eanes Bleu Floral exprime la qualit\u00e9 de ce tissu \u00e0 la texture c\u00f4tel\u00e9e, id\u00e9al pour cr\u00e9er des riches d\u00e9tails, avec une belle polyvalence.","breadcrumb":{"@id":"https:\/\/stivel.net\/fr\/product\/velours-de-genes-bleu-floral\/#breadcrumb"},"inLanguage":"fr-FR","potentialAction":[{"@type":"ReadAction","target":["https:\/\/stivel.net\/fr\/product\/velours-de-genes-bleu-floral\/"]}]},{"@type":"ImageObject","inLanguage":"fr-FR","@id":"https:\/\/stivel.net\/fr\/product\/velours-de-genes-bleu-floral\/#primaryimage","url":"https:\/\/stivel.net\/wp-content\/uploads\/2023\/01\/DSC_0328-scaled.webp","contentUrl":"https:\/\/stivel.net\/wp-content\/uploads\/2023\/01\/DSC_0328-scaled.webp","width":2560,"height":2433,"caption":"Velours De G\u00eanes Bleu Floral"},{"@type":"BreadcrumbList","@id":"https:\/\/stivel.net\/fr\/product\/velours-de-genes-bleu-floral\/#breadcrumb","itemListElement":[{"@type":"ListItem","position":1,"name":"Home","item":"https:\/\/stivel.net\/fr\/"},{"@type":"ListItem","position":2,"name":"Produits","item":"https:\/\/stivel.net\/fr\/shop\/"},{"@type":"ListItem","position":3,"name":"VELOURS DE G\u00caNES BLEU FLORAL"}]},{"@type":"WebSite","@id":"https:\/\/stivel.net\/fr\/#website","url":"https:\/\/stivel.net\/fr\/","name":"Stivel","description":"Interior decoration","publisher":{"@id":"https:\/\/stivel.net\/fr\/#organization"},"alternateName":"Stivel decoration","potentialAction":[{"@type":"SearchAction","target":{"@type":"EntryPoint","urlTemplate":"https:\/\/stivel.net\/fr\/?s={search_term_string}"},"query-input":{"@type":"PropertyValueSpecification","valueRequired":true,"valueName":"search_term_string"}}],"inLanguage":"fr-FR"},{"@type":"Organization","@id":"https:\/\/stivel.net\/fr\/#organization","name":"STIVEL","url":"https:\/\/stivel.net\/fr\/","logo":{"@type":"ImageObject","inLanguage":"fr-FR","@id":"https:\/\/stivel.net\/fr\/#\/schema\/logo\/image\/","url":"https:\/\/stivel.net\/wp-content\/uploads\/2023\/01\/logo-stivel-black.png","contentUrl":"https:\/\/stivel.net\/wp-content\/uploads\/2023\/01\/logo-stivel-black.png","width":1932,"height":431,"caption":"STIVEL"},"image":{"@id":"https:\/\/stivel.net\/fr\/#\/schema\/logo\/image\/"},"sameAs":["https:\/\/www.facebook.com\/profile.php?id=100063564997749","https:\/\/www.instagram.com\/stiveltunisie\/?hl=en"]}]}},"_links":{"self":[{"href":"https:\/\/stivel.net\/fr\/wp-json\/wp\/v2\/product\/12414","targetHints":{"allow":["GET"]}}],"collection":[{"href":"https:\/\/stivel.net\/fr\/wp-json\/wp\/v2\/product"}],"about":[{"href":"https:\/\/stivel.net\/fr\/wp-json\/wp\/v2\/types\/product"}],"wp:featuredmedia":[{"embeddable":true,"href":"https:\/\/stivel.net\/fr\/wp-json\/wp\/v2\/media\/11938"}],"wp:attachment":[{"href":"https:\/\/stivel.net\/fr\/wp-json\/wp\/v2\/media?parent=12414"}],"wp:term":[{"taxonomy":"product_brand","embeddable":true,"href":"https:\/\/stivel.net\/fr\/wp-json\/wp\/v2\/product_brand?post=12414"},{"taxonomy":"product_cat","embeddable":true,"href":"https:\/\/stivel.net\/fr\/wp-json\/wp\/v2\/product_cat?post=12414"},{"taxonomy":"product_tag","embeddable":true,"href":"https:\/\/stivel.net\/fr\/wp-json\/wp\/v2\/product_tag?post=12414"}],"curies":[{"name":"wp","href":"https:\/\/api.w.org\/{rel}","templated":true}]}}