{"id":12187,"date":"2022-11-28T10:20:44","date_gmt":"2022-11-28T10:20:44","guid":{"rendered":"https:\/\/stivel.net\/a-propos-de-nous\/"},"modified":"2024-01-07T15:03:20","modified_gmt":"2024-01-07T15:03:20","slug":"a-propos-de-nous","status":"publish","type":"page","link":"https:\/\/stivel.net\/fr\/a-propos-de-nous\/","title":{"rendered":"A propos de nous"},"content":{"rendered":"<p>[vc_row gap=\u00a0\u00bb25&Prime; row_content_width=\u00a0\u00bbgrid\u00a0\u00bb css=\u00a0\u00bb.vc_custom_1676305315143{padding-top: 90px !important;padding-bottom: 42px !important;}\u00a0\u00bb][vc_column offset=\u00a0\u00bbvc_col-lg-6 vc_col-md-12&Prime;]<div class=\"edgtf-section-title-holder edgtf-st-standard edgtf-st-title-left edgtf-st-normal-space \" >\n\t<div class=\"edgtf-st-inner\">\n\t\t\t\t\t<h2 class=\"edgtf-st-title\" >\n\t\t\t\tTISSUS D\u2019AMEUBLEMENT DE LUXE ACCESSIBLE\t\t\t<\/h2>\n\t\t\t\t\t<\/div>\n<\/div>\n<p>STIVEL a \u00e9t\u00e9 cr\u00e9\u00e9e en 1978 par Monsieur Abdelaziz DAHMANI, actuel Pr\u00e9sident-Directeur G\u00e9n\u00e9ral.<br \/>\nSp\u00e9cialis\u00e9s dans la fabrication de tissus d&rsquo;ameublement de <strong>luxe accessible<\/strong>, nous sommes les pionniers de ce positionnement cl\u00e9 aupr\u00e8s des professionnels : \u00e9diteurs, architectes, d\u00e9corateurs, designers, fabricants de meubles et responsables d&rsquo;h\u00f4tels. Pourquoi ? Parce que nous leur permettons de <strong>b\u00e9n\u00e9ficier de produits de qualit\u00e9, cr\u00e9atifs, design \u00e0 des prix \u00e9tudi\u00e9s. <\/strong><\/p>\n<p>Nous ma\u00eetrisons parfaitement <strong>le tissage du velours et du jacquard<\/strong>. Cette expertise est de loin notre signature qui nous permet aujourd\u2019hui de proposer des produits innovants, r\u00e9sistants et durables, particuli\u00e8rement adapt\u00e9e aux environnements et usages professionnels.<br \/>\n<strong>Nos tissus sont fabriqu\u00e9s \u00e0 l&rsquo;aide de technologies num\u00e9riques de pointe, par nos 120 salari\u00e9s<\/strong> dont le savoir-faire et la recherche constante de l\u2019excellence sont les \u00e9l\u00e9ments cl\u00e9 de l&rsquo;\u00e9quation pour satisfaire tous nos clients.<\/p>\n<p>Notre gamme de produits offre une vari\u00e9t\u00e9 de motifs, de couleurs et de textures pour satisfaire toutes les exigences et styles recherch\u00e9s. <strong>Nous concevons et produisons \u00e9galement nos tissus en \u00e9troite collaboration avec nos clients pour des r\u00e9alisations hautement personnalis\u00e9es.<\/strong><br \/>\nLa ma\u00eetrise totale de la cha\u00eene de valeur permet de leur apporter une vraie flexibilit\u00e9 et r\u00e9activit\u00e9. Associ\u00e9 \u00e0 <strong>notre politique RSE d\u2019inclusion et de diminution de notre impact environnemental,<\/strong> STIVEL constitue aujourd\u2019hui le partenaire id\u00e9al pour la conception et la production des tissus d&rsquo;ameublement de luxe accessibles et personnalisables.<\/p>\n<p>Nous travaillons depuis plus de 25 ans avec des marques renomm\u00e9e internationale, telles que Pierre Frey, ErreErre, Loris Zanca, Sheraton et Radisson qui chaque jour apportent leur confiance \u00e0 l\u2019ensemble de notre \u00e9quipe.<\/p>\n<p>Et si nous travaillions ensemble\u00a0?<\/p>\n<ul>\n<li><a href=\"https:\/\/www.calameo.com\/read\/007498283c6b63a0238f9\" target=\"_blank\" rel=\"noopener\">T\u00e9l\u00e9chargez notre brochure pour en savoir plus<\/a>.<\/li>\n<li><a href=\"https:\/\/stivel.net\/fr\/contact\/\" target=\"_blank\" rel=\"noopener\">Contactez-nous pour un devis gratuit sans engagement.<\/a>[\/vc_column][vc_column offset=\u00a0\u00bbvc_col-lg-6 vc_col-md-12&Prime;]<div class=\"edgtf-section-title-holder edgtf-st-standard edgtf-st-title-left edgtf-st-normal-space \" >\n\t<div class=\"edgtf-st-inner\">\n\t\t\t\t\t<h2 class=\"edgtf-st-title\" >\n\t\t\t\tNos comp\u00e9tences cl\u00e9s\t\t\t<\/h2>\n\t\t\t\t\t<\/div>\n<\/div><div class=\"edgtf-progress-bar\">\n\t<h6 class=\"edgtf-pb-title-holder\" >\n\t\t<span class=\"edgtf-pb-title\">Personnalisation<\/span>\n\t\t<span class=\"edgtf-pb-percent\" data-position=\"100\">0<\/span>\n\t<\/h6>\n\t<div class=\"edgtf-pb-content-holder\" >\n\t\t<div data-percentage=100 class=\"edgtf-pb-content\" ><\/div>\n\t<\/div>\n<\/div>[vc_empty_space height=\u00a0\u00bb21px\u00a0\u00bb]<div class=\"edgtf-progress-bar\">\n\t<h6 class=\"edgtf-pb-title-holder\" >\n\t\t<span class=\"edgtf-pb-title\">Cr\u00e9ativit\u00e9<\/span>\n\t\t<span class=\"edgtf-pb-percent\" data-position=\"99\">0<\/span>\n\t<\/h6>\n\t<div class=\"edgtf-pb-content-holder\" >\n\t\t<div data-percentage=99 class=\"edgtf-pb-content\" ><\/div>\n\t<\/div>\n<\/div>[vc_empty_space height=\u00a0\u00bb21px\u00a0\u00bb]<div class=\"edgtf-progress-bar\">\n\t<h6 class=\"edgtf-pb-title-holder\" >\n\t\t<span class=\"edgtf-pb-title\">Respect des d\u00e9lais<\/span>\n\t\t<span class=\"edgtf-pb-percent\" data-position=\"98\">0<\/span>\n\t<\/h6>\n\t<div class=\"edgtf-pb-content-holder\" >\n\t\t<div data-percentage=98 class=\"edgtf-pb-content\" ><\/div>\n\t<\/div>\n<\/div>[vc_empty_space height=\u00a0\u00bb21px\u00a0\u00bb]<div class=\"edgtf-progress-bar\">\n\t<h6 class=\"edgtf-pb-title-holder\" >\n\t\t<span class=\"edgtf-pb-title\">Qualit\u00e9<\/span>\n\t\t<span class=\"edgtf-pb-percent\" data-position=\"97\">0<\/span>\n\t<\/h6>\n\t<div class=\"edgtf-pb-content-holder\" >\n\t\t<div data-percentage=97 class=\"edgtf-pb-content\" ><\/div>\n\t<\/div>\n<\/div>[vc_empty_space height=\u00a0\u00bb21px\u00a0\u00bb]<div class=\"edgtf-progress-bar\">\n\t<h6 class=\"edgtf-pb-title-holder\" >\n\t\t<span class=\"edgtf-pb-title\">Prix comp\u00e9titifs<\/span>\n\t\t<span class=\"edgtf-pb-percent\" data-position=\"95\">0<\/span>\n\t<\/h6>\n\t<div class=\"edgtf-pb-content-holder\" >\n\t\t<div data-percentage=95 class=\"edgtf-pb-content\" ><\/div>\n\t<\/div>\n<\/div>[\/vc_column][\/vc_row][vc_row][vc_column width=\u00a0\u00bb1\/4&Prime;][\/vc_column][vc_column width=\u00a0\u00bb1\/2&Prime;]<div class=\"edgtf-video-button-holder\">\n\t<div class=\"edgtf-video-button-image\">\n\t\t<img loading=\"lazy\" decoding=\"async\" width=\"1197\" height=\"668\" src=\"https:\/\/stivel.net\/wp-content\/uploads\/2022\/11\/Capture-decran-2022-11-29-110533.png\" class=\"attachment-full size-full\" alt=\"About Stivel\" srcset=\"https:\/\/stivel.net\/wp-content\/uploads\/2022\/11\/Capture-decran-2022-11-29-110533.png 1197w, https:\/\/stivel.net\/wp-content\/uploads\/2022\/11\/Capture-decran-2022-11-29-110533-600x335.png 600w, https:\/\/stivel.net\/wp-content\/uploads\/2022\/11\/Capture-decran-2022-11-29-110533-300x167.png 300w, https:\/\/stivel.net\/wp-content\/uploads\/2022\/11\/Capture-decran-2022-11-29-110533-1024x571.png 1024w, https:\/\/stivel.net\/wp-content\/uploads\/2022\/11\/Capture-decran-2022-11-29-110533-768x429.png 768w\" sizes=\"auto, (max-width: 1197px) 100vw, 1197px\" \/>\t<\/div>\n\t\t\t<a class=\"edgtf-video-button-play-image edgtf-vb-has-hover-image\" href=\"https:\/\/youtu.be\/BY4i2FC8isY\" target=\"_self\" data-rel=\"prettyPhoto[video_button_pretty_photo_904]\">\n\t\t\t<span class=\"edgtf-video-button-play-inner\">\n\t\t\t\t<img loading=\"lazy\" decoding=\"async\" width=\"40\" height=\"29\" src=\"https:\/\/stivel.net\/wp-content\/uploads\/2017\/03\/video-button.png\" class=\"attachment-full size-full\" alt=\"m\" \/>\t\t\t\t\t\t\t\t\t<img loading=\"lazy\" decoding=\"async\" width=\"40\" height=\"29\" src=\"https:\/\/stivel.net\/wp-content\/uploads\/2017\/03\/video-button-h.png\" class=\"attachment-full size-full\" alt=\"m\" \/>\t\t\t\t\t\t\t<\/span>\n\t\t<\/a>\n\t<\/div>[vc_empty_space height=\u00a0\u00bb80px\u00a0\u00bb][\/vc_column][vc_column width=\u00a0\u00bb1\/4&Prime;][\/vc_column][\/vc_row]<\/li>\n<\/ul>\n","protected":false},"excerpt":{"rendered":"<p>[vc_row gap=\u00a0\u00bb25&Prime; row_content_width=\u00a0\u00bbgrid\u00a0\u00bb css=\u00a0\u00bb.vc_custom_1676305315143{padding-top: 90px !important;padding-bottom: 42px !important;}\u00a0\u00bb][vc_column offset=\u00a0\u00bbvc_col-lg-6 vc_col-md-12&Prime;] STIVEL a \u00e9t\u00e9 cr\u00e9\u00e9e en 1978 par Monsieur Abdelaziz DAHMANI, actuel Pr\u00e9sident-Directeur G\u00e9n\u00e9ral. Sp\u00e9cialis\u00e9s dans la fabrication de tissus d&rsquo;ameublement de luxe accessible, nous sommes les pionniers de ce positionnement [&hellip;]<\/p>\n","protected":false},"author":1,"featured_media":0,"parent":0,"menu_order":0,"comment_status":"closed","ping_status":"closed","template":"full-width.php","meta":{"footnotes":""},"class_list":["post-12187","page","type-page","status-publish","hentry"],"yoast_head":"<!-- This site is optimized with the Yoast SEO plugin v27.3 - https:\/\/yoast.com\/product\/yoast-seo-wordpress\/ -->\n<title>A-propos de nous<\/title>\n<meta name=\"description\" content=\"Conception et fabrication de tissus d&#039;ameublement de luxe accessible pour les professionnels, \u00e9diteurs, architectes, d\u00e9corateurs, fabricants de meubles et responsables d&#039;h\u00f4tels\" \/>\n<meta name=\"robots\" content=\"index, follow, max-snippet:-1, max-image-preview:large, max-video-preview:-1\" \/>\n<link rel=\"canonical\" href=\"https:\/\/stivel.net\/fr\/a-propos-de-nous\/\" \/>\n<meta property=\"og:locale\" content=\"fr_FR\" \/>\n<meta property=\"og:type\" content=\"article\" \/>\n<meta property=\"og:title\" content=\"A-propos de nous\" \/>\n<meta property=\"og:description\" content=\"Conception et fabrication de tissus d&#039;ameublement de luxe accessible pour les professionnels, \u00e9diteurs, architectes, d\u00e9corateurs, fabricants de meubles et responsables d&#039;h\u00f4tels\" \/>\n<meta property=\"og:url\" content=\"https:\/\/stivel.net\/fr\/a-propos-de-nous\/\" \/>\n<meta property=\"og:site_name\" content=\"Stivel\" \/>\n<meta property=\"article:publisher\" content=\"https:\/\/www.facebook.com\/profile.php?id=100063564997749\" \/>\n<meta property=\"article:modified_time\" content=\"2024-01-07T15:03:20+00:00\" \/>\n<script type=\"application\/ld+json\" class=\"yoast-schema-graph\">{\"@context\":\"https:\\\/\\\/schema.org\",\"@graph\":[{\"@type\":\"WebPage\",\"@id\":\"https:\\\/\\\/stivel.net\\\/fr\\\/a-propos-de-nous\\\/\",\"url\":\"https:\\\/\\\/stivel.net\\\/fr\\\/a-propos-de-nous\\\/\",\"name\":\"A-propos de nous\",\"isPartOf\":{\"@id\":\"https:\\\/\\\/stivel.net\\\/fr\\\/#website\"},\"datePublished\":\"2022-11-28T10:20:44+00:00\",\"dateModified\":\"2024-01-07T15:03:20+00:00\",\"description\":\"Conception et fabrication de tissus d'ameublement de luxe accessible pour les professionnels, \u00e9diteurs, architectes, d\u00e9corateurs, fabricants de meubles et responsables d'h\u00f4tels\",\"breadcrumb\":{\"@id\":\"https:\\\/\\\/stivel.net\\\/fr\\\/a-propos-de-nous\\\/#breadcrumb\"},\"inLanguage\":\"fr-FR\",\"potentialAction\":[{\"@type\":\"ReadAction\",\"target\":[\"https:\\\/\\\/stivel.net\\\/fr\\\/a-propos-de-nous\\\/\"]}]},{\"@type\":\"BreadcrumbList\",\"@id\":\"https:\\\/\\\/stivel.net\\\/fr\\\/a-propos-de-nous\\\/#breadcrumb\",\"itemListElement\":[{\"@type\":\"ListItem\",\"position\":1,\"name\":\"Home\",\"item\":\"https:\\\/\\\/stivel.net\\\/fr\\\/\"},{\"@type\":\"ListItem\",\"position\":2,\"name\":\"A propos de nous\"}]},{\"@type\":\"WebSite\",\"@id\":\"https:\\\/\\\/stivel.net\\\/fr\\\/#website\",\"url\":\"https:\\\/\\\/stivel.net\\\/fr\\\/\",\"name\":\"Stivel\",\"description\":\"Interior decoration\",\"publisher\":{\"@id\":\"https:\\\/\\\/stivel.net\\\/fr\\\/#organization\"},\"alternateName\":\"Stivel decoration\",\"potentialAction\":[{\"@type\":\"SearchAction\",\"target\":{\"@type\":\"EntryPoint\",\"urlTemplate\":\"https:\\\/\\\/stivel.net\\\/fr\\\/?s={search_term_string}\"},\"query-input\":{\"@type\":\"PropertyValueSpecification\",\"valueRequired\":true,\"valueName\":\"search_term_string\"}}],\"inLanguage\":\"fr-FR\"},{\"@type\":\"Organization\",\"@id\":\"https:\\\/\\\/stivel.net\\\/fr\\\/#organization\",\"name\":\"STIVEL\",\"url\":\"https:\\\/\\\/stivel.net\\\/fr\\\/\",\"logo\":{\"@type\":\"ImageObject\",\"inLanguage\":\"fr-FR\",\"@id\":\"https:\\\/\\\/stivel.net\\\/fr\\\/#\\\/schema\\\/logo\\\/image\\\/\",\"url\":\"https:\\\/\\\/stivel.net\\\/wp-content\\\/uploads\\\/2023\\\/01\\\/logo-stivel-black.png\",\"contentUrl\":\"https:\\\/\\\/stivel.net\\\/wp-content\\\/uploads\\\/2023\\\/01\\\/logo-stivel-black.png\",\"width\":1932,\"height\":431,\"caption\":\"STIVEL\"},\"image\":{\"@id\":\"https:\\\/\\\/stivel.net\\\/fr\\\/#\\\/schema\\\/logo\\\/image\\\/\"},\"sameAs\":[\"https:\\\/\\\/www.facebook.com\\\/profile.php?id=100063564997749\",\"https:\\\/\\\/www.instagram.com\\\/stiveltunisie\\\/?hl=en\"]}]}<\/script>\n<!-- \/ Yoast SEO plugin. -->","yoast_head_json":{"title":"A-propos de nous","description":"Conception et fabrication de tissus d'ameublement de luxe accessible pour les professionnels, \u00e9diteurs, architectes, d\u00e9corateurs, fabricants de meubles et responsables d'h\u00f4tels","robots":{"index":"index","follow":"follow","max-snippet":"max-snippet:-1","max-image-preview":"max-image-preview:large","max-video-preview":"max-video-preview:-1"},"canonical":"https:\/\/stivel.net\/fr\/a-propos-de-nous\/","og_locale":"fr_FR","og_type":"article","og_title":"A-propos de nous","og_description":"Conception et fabrication de tissus d'ameublement de luxe accessible pour les professionnels, \u00e9diteurs, architectes, d\u00e9corateurs, fabricants de meubles et responsables d'h\u00f4tels","og_url":"https:\/\/stivel.net\/fr\/a-propos-de-nous\/","og_site_name":"Stivel","article_publisher":"https:\/\/www.facebook.com\/profile.php?id=100063564997749","article_modified_time":"2024-01-07T15:03:20+00:00","schema":{"@context":"https:\/\/schema.org","@graph":[{"@type":"WebPage","@id":"https:\/\/stivel.net\/fr\/a-propos-de-nous\/","url":"https:\/\/stivel.net\/fr\/a-propos-de-nous\/","name":"A-propos de nous","isPartOf":{"@id":"https:\/\/stivel.net\/fr\/#website"},"datePublished":"2022-11-28T10:20:44+00:00","dateModified":"2024-01-07T15:03:20+00:00","description":"Conception et fabrication de tissus d'ameublement de luxe accessible pour les professionnels, \u00e9diteurs, architectes, d\u00e9corateurs, fabricants de meubles et responsables d'h\u00f4tels","breadcrumb":{"@id":"https:\/\/stivel.net\/fr\/a-propos-de-nous\/#breadcrumb"},"inLanguage":"fr-FR","potentialAction":[{"@type":"ReadAction","target":["https:\/\/stivel.net\/fr\/a-propos-de-nous\/"]}]},{"@type":"BreadcrumbList","@id":"https:\/\/stivel.net\/fr\/a-propos-de-nous\/#breadcrumb","itemListElement":[{"@type":"ListItem","position":1,"name":"Home","item":"https:\/\/stivel.net\/fr\/"},{"@type":"ListItem","position":2,"name":"A propos de nous"}]},{"@type":"WebSite","@id":"https:\/\/stivel.net\/fr\/#website","url":"https:\/\/stivel.net\/fr\/","name":"Stivel","description":"Interior decoration","publisher":{"@id":"https:\/\/stivel.net\/fr\/#organization"},"alternateName":"Stivel decoration","potentialAction":[{"@type":"SearchAction","target":{"@type":"EntryPoint","urlTemplate":"https:\/\/stivel.net\/fr\/?s={search_term_string}"},"query-input":{"@type":"PropertyValueSpecification","valueRequired":true,"valueName":"search_term_string"}}],"inLanguage":"fr-FR"},{"@type":"Organization","@id":"https:\/\/stivel.net\/fr\/#organization","name":"STIVEL","url":"https:\/\/stivel.net\/fr\/","logo":{"@type":"ImageObject","inLanguage":"fr-FR","@id":"https:\/\/stivel.net\/fr\/#\/schema\/logo\/image\/","url":"https:\/\/stivel.net\/wp-content\/uploads\/2023\/01\/logo-stivel-black.png","contentUrl":"https:\/\/stivel.net\/wp-content\/uploads\/2023\/01\/logo-stivel-black.png","width":1932,"height":431,"caption":"STIVEL"},"image":{"@id":"https:\/\/stivel.net\/fr\/#\/schema\/logo\/image\/"},"sameAs":["https:\/\/www.facebook.com\/profile.php?id=100063564997749","https:\/\/www.instagram.com\/stiveltunisie\/?hl=en"]}]}},"_links":{"self":[{"href":"https:\/\/stivel.net\/fr\/wp-json\/wp\/v2\/pages\/12187","targetHints":{"allow":["GET"]}}],"collection":[{"href":"https:\/\/stivel.net\/fr\/wp-json\/wp\/v2\/pages"}],"about":[{"href":"https:\/\/stivel.net\/fr\/wp-json\/wp\/v2\/types\/page"}],"author":[{"embeddable":true,"href":"https:\/\/stivel.net\/fr\/wp-json\/wp\/v2\/users\/1"}],"replies":[{"embeddable":true,"href":"https:\/\/stivel.net\/fr\/wp-json\/wp\/v2\/comments?post=12187"}],"version-history":[{"count":38,"href":"https:\/\/stivel.net\/fr\/wp-json\/wp\/v2\/pages\/12187\/revisions"}],"predecessor-version":[{"id":13187,"href":"https:\/\/stivel.net\/fr\/wp-json\/wp\/v2\/pages\/12187\/revisions\/13187"}],"wp:attachment":[{"href":"https:\/\/stivel.net\/fr\/wp-json\/wp\/v2\/media?parent=12187"}],"curies":[{"name":"wp","href":"https:\/\/api.w.org\/{rel}","templated":true}]}}