{"id":12083,"date":"2023-01-30T14:19:24","date_gmt":"2023-01-30T14:19:24","guid":{"rendered":"https:\/\/stivel.net\/evenements-et-salons-professionnels\/"},"modified":"2023-12-09T17:01:56","modified_gmt":"2023-12-09T17:01:56","slug":"evenements-et-salons-professionnels","status":"publish","type":"page","link":"https:\/\/stivel.net\/fr\/evenements-et-salons-professionnels\/","title":{"rendered":"\u00c9v\u00e9nements et salons professionnels."},"content":{"rendered":"<p>[vc_row row_content_width=\u00a0\u00bbgrid\u00a0\u00bb css=\u00a0\u00bb.vc_custom_1678281402604{padding-top: 82px !important;}\u00a0\u00bb][vc_column][vc_column_text css=\u00a0\u00bb.vc_custom_1678281176527{padding-top: 10px !important;}\u00a0\u00bb]<\/p>\n<h4 style=\"text-align: center\">C\u00e9l\u00e9brer l&rsquo;art de la D\u00e9coration d&rsquo;int\u00e9rieur.<\/h4>\n<p>[\/vc_column_text][vc_column_text]Stivel participe r\u00e9guli\u00e8rement \u00e0 des \u00e9v\u00e9nements et salons professionnels pour pr\u00e9senter sa derni\u00e8re collection de tissus et de tapis pour la d\u00e9coration int\u00e9rieure. Ces \u00e9v\u00e9nements offrent l&rsquo;opportunit\u00e9 aux designers, architectes et d\u00e9corateurs d&rsquo;int\u00e9rieur de d\u00e9couvrir les produits d&rsquo;exception de Stivel et d&rsquo;explorer les possibilit\u00e9s infinies qu&rsquo;ils offrent pour cr\u00e9er des int\u00e9rieurs uniques et \u00e9poustouflants. Lors de ces \u00e9v\u00e9nements, Stivel engage \u00e9galement des discussions avec les clients et les professionnels de l&rsquo;industrie pour comprendre leurs besoins et pr\u00e9f\u00e9rences, ainsi que pour \u00e9changer des id\u00e9es et des points de vue sur les derni\u00e8res tendances en mati\u00e8re de d\u00e9coration d&rsquo;int\u00e9rieur.[\/vc_column_text][\/vc_column][\/vc_row][vc_row gap=\u00a0\u00bb25&Prime; row_content_width=\u00a0\u00bbgrid\u00a0\u00bb css=\u00a0\u00bb.vc_custom_1675088440299{padding-top: 82px !important;padding-bottom: 82px !important;}\u00a0\u00bb][vc_column offset=\u00a0\u00bbvc_col-lg-6 vc_col-md-12&Prime;]<div class=\"edgtf-single-image-holder   \">\n    <div class=\"edgtf-si-inner\">\n                                    <img loading=\"lazy\" decoding=\"async\" width=\"2048\" height=\"1476\" src=\"https:\/\/stivel.net\/wp-content\/uploads\/2023\/01\/STAND-2022-UNTERTEX.webp\" class=\"attachment-full size-full\" alt=\"Interior Decoration Events\" srcset=\"https:\/\/stivel.net\/wp-content\/uploads\/2023\/01\/STAND-2022-UNTERTEX.webp 2048w, https:\/\/stivel.net\/wp-content\/uploads\/2023\/01\/STAND-2022-UNTERTEX-300x216.webp 300w, https:\/\/stivel.net\/wp-content\/uploads\/2023\/01\/STAND-2022-UNTERTEX-1024x738.webp 1024w, https:\/\/stivel.net\/wp-content\/uploads\/2023\/01\/STAND-2022-UNTERTEX-768x554.webp 768w, https:\/\/stivel.net\/wp-content\/uploads\/2023\/01\/STAND-2022-UNTERTEX-1536x1107.webp 1536w, https:\/\/stivel.net\/wp-content\/uploads\/2023\/01\/STAND-2022-UNTERTEX-1320x951.webp 1320w, https:\/\/stivel.net\/wp-content\/uploads\/2023\/01\/STAND-2022-UNTERTEX-600x432.webp 600w\" sizes=\"auto, (max-width: 2048px) 100vw, 2048px\" \/>                                <\/div>\n<\/div>[vc_column_text css=\u00a0\u00bb.vc_custom_1696348079459{padding-top: 10px !important;}\u00a0\u00bb]<\/p>\n<h4>FOIRE INTERTEX<\/h4>\n<p>[\/vc_column_text][vc_empty_space height=\u00a0\u00bb8px\u00a0\u00bb][vc_column_text]<\/p>\n<p id=\"tw-target-text\" class=\"tw-data-text tw-text-large tw-ta\" dir=\"ltr\" data-placeholder=\"Traduction\"><span class=\"Y2IQFc\" lang=\"en\">Participation de STIVEL au Grand Ev\u00e8nement Textile, Inauguration de la deuxi\u00e8me \u00e9dition du salon international INTERTEX TUNISIA 2022.<\/span><\/p>\n<p>.[\/vc_column_text][vc_empty_space height=\u00a0\u00bb20px\u00a0\u00bb]<a itemprop=\"url\" href=\"#\" target=\"_self\" style=\"font-weight: 500\" class=\"edgtf-btn edgtf-btn-medium edgtf-btn-simple edgtf-btn-has-animation\"  >\n    <span class=\"edgtf-btn-text\">Read more<\/span>\n    <\/a>[\/vc_column][vc_column offset=\u00a0\u00bbvc_col-lg-6 vc_col-md-12&Prime;]<div class=\"edgtf-single-image-holder   \">\n    <div class=\"edgtf-si-inner\">\n                                    <img loading=\"lazy\" decoding=\"async\" width=\"2048\" height=\"1476\" src=\"https:\/\/stivel.net\/wp-content\/uploads\/2023\/01\/DSC_0128.webp\" class=\"attachment-full size-full\" alt=\"\" srcset=\"https:\/\/stivel.net\/wp-content\/uploads\/2023\/01\/DSC_0128.webp 2048w, https:\/\/stivel.net\/wp-content\/uploads\/2023\/01\/DSC_0128-300x216.webp 300w, https:\/\/stivel.net\/wp-content\/uploads\/2023\/01\/DSC_0128-1024x738.webp 1024w, https:\/\/stivel.net\/wp-content\/uploads\/2023\/01\/DSC_0128-768x554.webp 768w, https:\/\/stivel.net\/wp-content\/uploads\/2023\/01\/DSC_0128-1536x1107.webp 1536w, https:\/\/stivel.net\/wp-content\/uploads\/2023\/01\/DSC_0128-1320x951.webp 1320w, https:\/\/stivel.net\/wp-content\/uploads\/2023\/01\/DSC_0128-600x432.webp 600w\" sizes=\"auto, (max-width: 2048px) 100vw, 2048px\" \/>                                <\/div>\n<\/div>[vc_column_text css=\u00a0\u00bb.vc_custom_1695893619205{padding-top: 10px !important;}\u00a0\u00bb]<\/p>\n<h4>BUILD IN AFRICA<\/h4>\n<p>[\/vc_column_text][vc_empty_space height=\u00a0\u00bb8px\u00a0\u00bb][vc_column_text]BUILD IN AFRICA \ud83c\uddf9\ud83c\uddf3 l&rsquo;\u00e9v\u00e9nement professionnel international organis\u00e9 par le conseil tunisien des architectes.[\/vc_column_text][vc_empty_space height=\u00a0\u00bb20px\u00a0\u00bb]<a itemprop=\"url\" href=\"#\" target=\"_self\" style=\"font-weight: 500\" class=\"edgtf-btn edgtf-btn-medium edgtf-btn-simple edgtf-btn-has-animation\"  >\n    <span class=\"edgtf-btn-text\">Read more<\/span>\n    <\/a>[\/vc_column][\/vc_row][vc_row gap=\u00a0\u00bb25&Prime; row_content_width=\u00a0\u00bbgrid\u00a0\u00bb css=\u00a0\u00bb.vc_custom_1675088431655{padding-bottom: 82px !important;}\u00a0\u00bb][vc_column offset=\u00a0\u00bbvc_col-lg-6 vc_col-md-12&Prime;]<div class=\"edgtf-single-image-holder   \">\n    <div class=\"edgtf-si-inner\">\n                                    <img loading=\"lazy\" decoding=\"async\" width=\"1536\" height=\"1107\" src=\"https:\/\/stivel.net\/wp-content\/uploads\/2023\/10\/INTERTEX-2023.jpg\" class=\"attachment-full size-full\" alt=\"\" srcset=\"https:\/\/stivel.net\/wp-content\/uploads\/2023\/10\/INTERTEX-2023.jpg 1536w, https:\/\/stivel.net\/wp-content\/uploads\/2023\/10\/INTERTEX-2023-300x216.jpg 300w, https:\/\/stivel.net\/wp-content\/uploads\/2023\/10\/INTERTEX-2023-1024x738.jpg 1024w, https:\/\/stivel.net\/wp-content\/uploads\/2023\/10\/INTERTEX-2023-768x554.jpg 768w, https:\/\/stivel.net\/wp-content\/uploads\/2023\/10\/INTERTEX-2023-600x432.jpg 600w\" sizes=\"auto, (max-width: 1536px) 100vw, 1536px\" \/>                                <\/div>\n<\/div>[vc_column_text css=\u00a0\u00bb.vc_custom_1696347914636{padding-top: 10px !important;}\u00a0\u00bb]<\/p>\n<h4>INTERTEX TUNISIA SOUSSE<\/h4>\n<p>[\/vc_column_text][vc_empty_space height=\u00a0\u00bb8px\u00a0\u00bb][vc_column_text]<span style=\"font-size: 10.5pt;font-family: Poppins;color: #666666\">En collaboration avec B-Group, STIVEL a particip\u00e9 \u00e0 la 5\u00e8me \u00c9dition du Salon International du Textile, INTERTEX TUNISIA SOUSSE, du 19 au 21 octobre 2023. Cet \u00e9v\u00e9nement majeur repr\u00e9sentant l\u2019industrie textile au niveau mondial a rassembl\u00e9 plus de 150 exposants de plus 15 pays producteurs. L\u2019occasion pour les \u00e9quipes STIVEL de pr\u00e9senter les derni\u00e8res tendances et cr\u00e9ations textiles et de nouer de beaux partenariats. Le rendez-vous pour 2024 est d\u00e9j\u00e0 pris !<\/span>.[\/vc_column_text][vc_empty_space height=\u00a0\u00bb20px\u00a0\u00bb]<a itemprop=\"url\" href=\"#\" target=\"_self\" style=\"font-weight: 500\" class=\"edgtf-btn edgtf-btn-medium edgtf-btn-simple edgtf-btn-has-animation\"  >\n    <span class=\"edgtf-btn-text\">Read more<\/span>\n    <\/a>[\/vc_column][vc_column offset=\u00a0\u00bbvc_col-lg-6 vc_col-md-12&Prime;]<div class=\"edgtf-single-image-holder   \">\n    <div class=\"edgtf-si-inner\">\n                                    <img loading=\"lazy\" decoding=\"async\" width=\"2048\" height=\"1476\" src=\"https:\/\/stivel.net\/wp-content\/uploads\/2023\/06\/votre-presence-nous-a-honores.png\" class=\"attachment-full size-full\" alt=\"\" srcset=\"https:\/\/stivel.net\/wp-content\/uploads\/2023\/06\/votre-presence-nous-a-honores.png 2048w, https:\/\/stivel.net\/wp-content\/uploads\/2023\/06\/votre-presence-nous-a-honores-300x216.png 300w, https:\/\/stivel.net\/wp-content\/uploads\/2023\/06\/votre-presence-nous-a-honores-1024x738.png 1024w, https:\/\/stivel.net\/wp-content\/uploads\/2023\/06\/votre-presence-nous-a-honores-768x554.png 768w, https:\/\/stivel.net\/wp-content\/uploads\/2023\/06\/votre-presence-nous-a-honores-1536x1107.png 1536w, https:\/\/stivel.net\/wp-content\/uploads\/2023\/06\/votre-presence-nous-a-honores-1320x951.png 1320w, https:\/\/stivel.net\/wp-content\/uploads\/2023\/06\/votre-presence-nous-a-honores-600x432.png 600w\" sizes=\"auto, (max-width: 2048px) 100vw, 2048px\" \/>                                <\/div>\n<\/div>[vc_column_text css=\u00a0\u00bb.vc_custom_1695895472037{padding-top: 10px !important;}\u00a0\u00bb]<\/p>\n<h4><strong>Remerciements<\/strong><\/h4>\n<p>[\/vc_column_text][vc_empty_space height=\u00a0\u00bb8px\u00a0\u00bb][vc_column_text]<\/p>\n<p id=\"tw-target-text\" class=\"tw-data-text tw-text-large tw-ta\" dir=\"ltr\" data-placeholder=\"Traduction\"><span class=\"Y2IQFc\" lang=\"en\">Un remerciement sp\u00e9cial au CTAI et \u00e0 tous nos visiteurs, c\u2019\u00e9tait un salon bien r\u00e9ussi par votre pr\u00e9sence et votre implication. Des exposants et des visiteurs professionnels de qualit\u00e9 Build in Africa .<\/span><\/p>\n<p>[\/vc_column_text][vc_empty_space height=\u00a0\u00bb20px\u00a0\u00bb]<a itemprop=\"url\" href=\"#\" target=\"_self\" style=\"font-weight: 500\" class=\"edgtf-btn edgtf-btn-medium edgtf-btn-simple edgtf-btn-has-animation\"  >\n    <span class=\"edgtf-btn-text\">Read more<\/span>\n    <\/a>[\/vc_column][\/vc_row]<\/p>\n","protected":false},"excerpt":{"rendered":"<p>[vc_row row_content_width=\u00a0\u00bbgrid\u00a0\u00bb css=\u00a0\u00bb.vc_custom_1678281402604{padding-top: 82px !important;}\u00a0\u00bb][vc_column][vc_column_text css=\u00a0\u00bb.vc_custom_1678281176527{padding-top: 10px !important;}\u00a0\u00bb] C\u00e9l\u00e9brer l&rsquo;art de la D\u00e9coration d&rsquo;int\u00e9rieur. [\/vc_column_text][vc_column_text]Stivel participe r\u00e9guli\u00e8rement \u00e0 des \u00e9v\u00e9nements et salons professionnels pour pr\u00e9senter sa derni\u00e8re collection de tissus et de tapis pour la d\u00e9coration int\u00e9rieure. Ces \u00e9v\u00e9nements offrent [&hellip;]<\/p>\n","protected":false},"author":1,"featured_media":0,"parent":0,"menu_order":0,"comment_status":"closed","ping_status":"closed","template":"full-width.php","meta":{"footnotes":""},"class_list":["post-12083","page","type-page","status-publish","hentry"],"yoast_head":"<!-- This site is optimized with the Yoast SEO plugin v27.3 - https:\/\/yoast.com\/product\/yoast-seo-wordpress\/ -->\n<title>Interior Decoration Events Featuring Stivel&#039;s Latest Collections<\/title>\n<meta name=\"description\" content=\"Join us at our events and trade shows celebrating the art of interior decoration and explore our latest collection of fabrics - Stivel\" \/>\n<meta name=\"robots\" content=\"index, follow, max-snippet:-1, max-image-preview:large, max-video-preview:-1\" \/>\n<link rel=\"canonical\" href=\"https:\/\/stivel.net\/fr\/evenements-et-salons-professionnels\/\" \/>\n<meta property=\"og:locale\" content=\"fr_FR\" \/>\n<meta property=\"og:type\" content=\"article\" \/>\n<meta property=\"og:title\" content=\"Interior Decoration Events Featuring Stivel&#039;s Latest Collections\" \/>\n<meta property=\"og:description\" content=\"Join us at our events and trade shows celebrating the art of interior decoration and explore our latest collection of fabrics - Stivel\" \/>\n<meta property=\"og:url\" content=\"https:\/\/stivel.net\/fr\/evenements-et-salons-professionnels\/\" \/>\n<meta property=\"og:site_name\" content=\"Stivel\" \/>\n<meta property=\"article:publisher\" content=\"https:\/\/www.facebook.com\/profile.php?id=100063564997749\" \/>\n<meta property=\"article:modified_time\" content=\"2023-12-09T17:01:56+00:00\" \/>\n<script type=\"application\/ld+json\" class=\"yoast-schema-graph\">{\"@context\":\"https:\\\/\\\/schema.org\",\"@graph\":[{\"@type\":\"WebPage\",\"@id\":\"https:\\\/\\\/stivel.net\\\/fr\\\/evenements-et-salons-professionnels\\\/\",\"url\":\"https:\\\/\\\/stivel.net\\\/fr\\\/evenements-et-salons-professionnels\\\/\",\"name\":\"Interior Decoration Events Featuring Stivel's Latest Collections\",\"isPartOf\":{\"@id\":\"https:\\\/\\\/stivel.net\\\/fr\\\/#website\"},\"datePublished\":\"2023-01-30T14:19:24+00:00\",\"dateModified\":\"2023-12-09T17:01:56+00:00\",\"description\":\"Join us at our events and trade shows celebrating the art of interior decoration and explore our latest collection of fabrics - Stivel\",\"breadcrumb\":{\"@id\":\"https:\\\/\\\/stivel.net\\\/fr\\\/evenements-et-salons-professionnels\\\/#breadcrumb\"},\"inLanguage\":\"fr-FR\",\"potentialAction\":[{\"@type\":\"ReadAction\",\"target\":[\"https:\\\/\\\/stivel.net\\\/fr\\\/evenements-et-salons-professionnels\\\/\"]}]},{\"@type\":\"BreadcrumbList\",\"@id\":\"https:\\\/\\\/stivel.net\\\/fr\\\/evenements-et-salons-professionnels\\\/#breadcrumb\",\"itemListElement\":[{\"@type\":\"ListItem\",\"position\":1,\"name\":\"Home\",\"item\":\"https:\\\/\\\/stivel.net\\\/fr\\\/\"},{\"@type\":\"ListItem\",\"position\":2,\"name\":\"\u00c9v\u00e9nements et salons professionnels.\"}]},{\"@type\":\"WebSite\",\"@id\":\"https:\\\/\\\/stivel.net\\\/fr\\\/#website\",\"url\":\"https:\\\/\\\/stivel.net\\\/fr\\\/\",\"name\":\"Stivel\",\"description\":\"Interior decoration\",\"publisher\":{\"@id\":\"https:\\\/\\\/stivel.net\\\/fr\\\/#organization\"},\"alternateName\":\"Stivel decoration\",\"potentialAction\":[{\"@type\":\"SearchAction\",\"target\":{\"@type\":\"EntryPoint\",\"urlTemplate\":\"https:\\\/\\\/stivel.net\\\/fr\\\/?s={search_term_string}\"},\"query-input\":{\"@type\":\"PropertyValueSpecification\",\"valueRequired\":true,\"valueName\":\"search_term_string\"}}],\"inLanguage\":\"fr-FR\"},{\"@type\":\"Organization\",\"@id\":\"https:\\\/\\\/stivel.net\\\/fr\\\/#organization\",\"name\":\"STIVEL\",\"url\":\"https:\\\/\\\/stivel.net\\\/fr\\\/\",\"logo\":{\"@type\":\"ImageObject\",\"inLanguage\":\"fr-FR\",\"@id\":\"https:\\\/\\\/stivel.net\\\/fr\\\/#\\\/schema\\\/logo\\\/image\\\/\",\"url\":\"https:\\\/\\\/stivel.net\\\/wp-content\\\/uploads\\\/2023\\\/01\\\/logo-stivel-black.png\",\"contentUrl\":\"https:\\\/\\\/stivel.net\\\/wp-content\\\/uploads\\\/2023\\\/01\\\/logo-stivel-black.png\",\"width\":1932,\"height\":431,\"caption\":\"STIVEL\"},\"image\":{\"@id\":\"https:\\\/\\\/stivel.net\\\/fr\\\/#\\\/schema\\\/logo\\\/image\\\/\"},\"sameAs\":[\"https:\\\/\\\/www.facebook.com\\\/profile.php?id=100063564997749\",\"https:\\\/\\\/www.instagram.com\\\/stiveltunisie\\\/?hl=en\"]}]}<\/script>\n<!-- \/ Yoast SEO plugin. -->","yoast_head_json":{"title":"Interior Decoration Events Featuring Stivel's Latest Collections","description":"Join us at our events and trade shows celebrating the art of interior decoration and explore our latest collection of fabrics - Stivel","robots":{"index":"index","follow":"follow","max-snippet":"max-snippet:-1","max-image-preview":"max-image-preview:large","max-video-preview":"max-video-preview:-1"},"canonical":"https:\/\/stivel.net\/fr\/evenements-et-salons-professionnels\/","og_locale":"fr_FR","og_type":"article","og_title":"Interior Decoration Events Featuring Stivel's Latest Collections","og_description":"Join us at our events and trade shows celebrating the art of interior decoration and explore our latest collection of fabrics - Stivel","og_url":"https:\/\/stivel.net\/fr\/evenements-et-salons-professionnels\/","og_site_name":"Stivel","article_publisher":"https:\/\/www.facebook.com\/profile.php?id=100063564997749","article_modified_time":"2023-12-09T17:01:56+00:00","schema":{"@context":"https:\/\/schema.org","@graph":[{"@type":"WebPage","@id":"https:\/\/stivel.net\/fr\/evenements-et-salons-professionnels\/","url":"https:\/\/stivel.net\/fr\/evenements-et-salons-professionnels\/","name":"Interior Decoration Events Featuring Stivel's Latest Collections","isPartOf":{"@id":"https:\/\/stivel.net\/fr\/#website"},"datePublished":"2023-01-30T14:19:24+00:00","dateModified":"2023-12-09T17:01:56+00:00","description":"Join us at our events and trade shows celebrating the art of interior decoration and explore our latest collection of fabrics - Stivel","breadcrumb":{"@id":"https:\/\/stivel.net\/fr\/evenements-et-salons-professionnels\/#breadcrumb"},"inLanguage":"fr-FR","potentialAction":[{"@type":"ReadAction","target":["https:\/\/stivel.net\/fr\/evenements-et-salons-professionnels\/"]}]},{"@type":"BreadcrumbList","@id":"https:\/\/stivel.net\/fr\/evenements-et-salons-professionnels\/#breadcrumb","itemListElement":[{"@type":"ListItem","position":1,"name":"Home","item":"https:\/\/stivel.net\/fr\/"},{"@type":"ListItem","position":2,"name":"\u00c9v\u00e9nements et salons professionnels."}]},{"@type":"WebSite","@id":"https:\/\/stivel.net\/fr\/#website","url":"https:\/\/stivel.net\/fr\/","name":"Stivel","description":"Interior decoration","publisher":{"@id":"https:\/\/stivel.net\/fr\/#organization"},"alternateName":"Stivel decoration","potentialAction":[{"@type":"SearchAction","target":{"@type":"EntryPoint","urlTemplate":"https:\/\/stivel.net\/fr\/?s={search_term_string}"},"query-input":{"@type":"PropertyValueSpecification","valueRequired":true,"valueName":"search_term_string"}}],"inLanguage":"fr-FR"},{"@type":"Organization","@id":"https:\/\/stivel.net\/fr\/#organization","name":"STIVEL","url":"https:\/\/stivel.net\/fr\/","logo":{"@type":"ImageObject","inLanguage":"fr-FR","@id":"https:\/\/stivel.net\/fr\/#\/schema\/logo\/image\/","url":"https:\/\/stivel.net\/wp-content\/uploads\/2023\/01\/logo-stivel-black.png","contentUrl":"https:\/\/stivel.net\/wp-content\/uploads\/2023\/01\/logo-stivel-black.png","width":1932,"height":431,"caption":"STIVEL"},"image":{"@id":"https:\/\/stivel.net\/fr\/#\/schema\/logo\/image\/"},"sameAs":["https:\/\/www.facebook.com\/profile.php?id=100063564997749","https:\/\/www.instagram.com\/stiveltunisie\/?hl=en"]}]}},"_links":{"self":[{"href":"https:\/\/stivel.net\/fr\/wp-json\/wp\/v2\/pages\/12083","targetHints":{"allow":["GET"]}}],"collection":[{"href":"https:\/\/stivel.net\/fr\/wp-json\/wp\/v2\/pages"}],"about":[{"href":"https:\/\/stivel.net\/fr\/wp-json\/wp\/v2\/types\/page"}],"author":[{"embeddable":true,"href":"https:\/\/stivel.net\/fr\/wp-json\/wp\/v2\/users\/1"}],"replies":[{"embeddable":true,"href":"https:\/\/stivel.net\/fr\/wp-json\/wp\/v2\/comments?post=12083"}],"version-history":[{"count":26,"href":"https:\/\/stivel.net\/fr\/wp-json\/wp\/v2\/pages\/12083\/revisions"}],"predecessor-version":[{"id":13120,"href":"https:\/\/stivel.net\/fr\/wp-json\/wp\/v2\/pages\/12083\/revisions\/13120"}],"wp:attachment":[{"href":"https:\/\/stivel.net\/fr\/wp-json\/wp\/v2\/media?parent=12083"}],"curies":[{"name":"wp","href":"https:\/\/api.w.org\/{rel}","templated":true}]}}