{"id":12068,"date":"2022-11-28T12:29:41","date_gmt":"2022-11-28T12:29:41","guid":{"rendered":"https:\/\/stivel.net\/savoir-faire\/"},"modified":"2024-01-07T14:37:39","modified_gmt":"2024-01-07T14:37:39","slug":"savoir-faire","status":"publish","type":"page","link":"https:\/\/stivel.net\/fr\/savoir-faire\/","title":{"rendered":"Savoir-faire"},"content":{"rendered":"<p>[vc_row row_content_width=\u00a0\u00bbgrid\u00a0\u00bb css=\u00a0\u00bb.vc_custom_1491837410841{padding-top: 92px !important;padding-bottom: 67px !important;}\u00a0\u00bb][vc_column]<div class=\"edgtf-section-title-holder edgtf-st-standard edgtf-st-title-left edgtf-st-normal-space \" style=\"padding: 0 5%;text-align: center\">\n\t<div class=\"edgtf-st-inner\">\n\t\t\t\t\t<h1 class=\"edgtf-st-title\" >\n\t\t\t\tLE VELOURS ET LE JACQUARD,<br \/>\nLE SAVOIR-FAIRE STIVEL\t\t\t<\/h1>\n\t\t\t\t\t\t\t<p class=\"edgtf-st-text\" style=\"font-size: 18px;line-height: 30px;margin-top: 19px\">\n\t\t\t\tDepuis 1978, STIVEL propose \u00e0 ses clients, architectes d\u2019int\u00e9rieur, d\u00e9corateurs, professionnels de l\u2019h\u00f4tellerie ou fabricants de meubles, des conceptions personnalisables, aux motifs complexes et infinis, particuli\u00e8rement adapt\u00e9s aux environnements et aux usages professionnels.\t\t\t<\/p>\n\t\t\t<\/div>\n<\/div>[\/vc_column][\/vc_row][vc_row row_content_width=\u00a0\u00bbgrid\u00a0\u00bb][vc_column width=\u00a0\u00bb1\/2&Prime;]<div class=\"edgtf-team-holder edgtf-team-info-below-image edgtf-team-square edgtf-team-align-left\">\n\t<div class=\"edgtf-team-inner\">\n\t\t\t\t\t<div class=\"edgtf-team-image\">\n                <img loading=\"lazy\" decoding=\"async\" width=\"2560\" height=\"1709\" src=\"https:\/\/stivel.net\/wp-content\/uploads\/2023\/01\/COD_0133-scaled.webp\" class=\"attachment-full size-full\" alt=\"Stivel&#039;s know-how\" srcset=\"https:\/\/stivel.net\/wp-content\/uploads\/2023\/01\/COD_0133-scaled.webp 2560w, https:\/\/stivel.net\/wp-content\/uploads\/2023\/01\/COD_0133-300x200.webp 300w, https:\/\/stivel.net\/wp-content\/uploads\/2023\/01\/COD_0133-1024x684.webp 1024w, https:\/\/stivel.net\/wp-content\/uploads\/2023\/01\/COD_0133-768x513.webp 768w, https:\/\/stivel.net\/wp-content\/uploads\/2023\/01\/COD_0133-1536x1025.webp 1536w, https:\/\/stivel.net\/wp-content\/uploads\/2023\/01\/COD_0133-1320x881.webp 1320w, https:\/\/stivel.net\/wp-content\/uploads\/2023\/01\/COD_0133-600x401.webp 600w\" sizes=\"auto, (max-width: 2560px) 100vw, 2560px\" \/>\t\t\t\t<div class=\"edgtf-team-social-wrapper\">\n\t\t\t\t\t<div class=\"edgtf-team-social-outer\">\n\t\t\t\t\t\t<div class=\"edgtf-team-social-inner\">\n\t\t\t\t\t\t\t\t\t\t\t\t\t<\/div>\n\t\t\t\t\t<\/div>\n\t\t\t\t<\/div>\n\t\t\t<\/div>\n\t\t\t\t<div class=\"edgtf-team-info\">\n\t\t\t\t\t\t\t\t<\/div>\n\t<\/div>\n<\/div>[vc_column_text css=\u00a0\u00bb.vc_custom_1675199094005{padding-right: 50px !important;padding-left: 50px !important;}\u00a0\u00bb]<\/p>\n<p>La haute ma\u00eetrise technique <strong>du tissage du velours et du jacquard<\/strong> constitue le savoir-faire unique et historique de STIVEL. Les comp\u00e9tences cl\u00e9s de nos techniciens associ\u00e9es aux derni\u00e8res technologies de pointe place STIVEL parmi les rares entreprises dans le monde \u00e0 proposer une confection haut de gamme de tissus d\u2019ameublement.<\/p>\n<p><strong>Avec une ma\u00eetrise totale de la cha\u00eene de valeur, STIVEL apporte la flexibilit\u00e9 et la r\u00e9activit\u00e9 recherch\u00e9e en termes de personnalisation et de production de s\u00e9ries sur mesure.<\/strong><\/p>\n<p>[\/vc_column_text][vc_empty_space height=\u00a0\u00bb45px\u00a0\u00bb][\/vc_column][vc_column width=\u00a0\u00bb1\/2&Prime;]<div class=\"edgtf-team-holder edgtf-team-info-below-image edgtf-team-square edgtf-team-align-left\">\n\t<div class=\"edgtf-team-inner\">\n\t\t\t\t\t<div class=\"edgtf-team-image\">\n                <img loading=\"lazy\" decoding=\"async\" width=\"2560\" height=\"1709\" src=\"https:\/\/stivel.net\/wp-content\/uploads\/2023\/01\/COD_0127-scaled.webp\" class=\"attachment-full size-full\" alt=\"Stivel&#039;s know-how\" srcset=\"https:\/\/stivel.net\/wp-content\/uploads\/2023\/01\/COD_0127-scaled.webp 2560w, https:\/\/stivel.net\/wp-content\/uploads\/2023\/01\/COD_0127-300x200.webp 300w, https:\/\/stivel.net\/wp-content\/uploads\/2023\/01\/COD_0127-1024x684.webp 1024w, https:\/\/stivel.net\/wp-content\/uploads\/2023\/01\/COD_0127-768x513.webp 768w, https:\/\/stivel.net\/wp-content\/uploads\/2023\/01\/COD_0127-1536x1025.webp 1536w, https:\/\/stivel.net\/wp-content\/uploads\/2023\/01\/COD_0127-1320x881.webp 1320w, https:\/\/stivel.net\/wp-content\/uploads\/2023\/01\/COD_0127-600x401.webp 600w\" sizes=\"auto, (max-width: 2560px) 100vw, 2560px\" \/>\t\t\t\t<div class=\"edgtf-team-social-wrapper\">\n\t\t\t\t\t<div class=\"edgtf-team-social-outer\">\n\t\t\t\t\t\t<div class=\"edgtf-team-social-inner\">\n\t\t\t\t\t\t\t\t\t\t\t\t\t<\/div>\n\t\t\t\t\t<\/div>\n\t\t\t\t<\/div>\n\t\t\t<\/div>\n\t\t\t\t<div class=\"edgtf-team-info\">\n\t\t\t\t\t\t\t\t<\/div>\n\t<\/div>\n<\/div>[vc_column_text css=\u00a0\u00bb.vc_custom_1675199148727{padding-right: 50px !important;padding-left: 50px !important;}\u00a0\u00bb]<\/p>\n<p>Le savoir-faire de l\u2019entreprise repose tout d\u2019abord sur la comp\u00e9tence de l\u2019\u00e9quipe de designers. Tous form\u00e9s aux beaux-arts, <strong>nos 7 designers puisent leur inspiration dans diff\u00e9rents univers\u00a0: d\u00e9coration, mode, architecture et offre un terroir d\u2019innovation en termes de motifs, de textures pour r\u00e9pondre aux besoins de nos clients.<\/strong> Nous concevons ainsi en \u00e9troite collaboration avec chacun de nos clients des mod\u00e8les uniques qui expriment parfaitement la marque. <strong>Cette flexibilit\u00e9 est un des atouts fort de Stivel.<\/strong><\/p>\n<p>[\/vc_column_text][vc_empty_space height=\u00a0\u00bb45px\u00a0\u00bb][\/vc_column][\/vc_row][vc_row row_content_width=\u00a0\u00bbgrid\u00a0\u00bb][vc_column width=\u00a0\u00bb1\/2&Prime;]<div class=\"edgtf-team-holder edgtf-team-info-below-image edgtf-team-square edgtf-team-align-left\">\n\t<div class=\"edgtf-team-inner\">\n\t\t\t\t\t<div class=\"edgtf-team-image\">\n                <img loading=\"lazy\" decoding=\"async\" width=\"2560\" height=\"1709\" src=\"https:\/\/stivel.net\/wp-content\/uploads\/2023\/02\/looms3.webp\" class=\"attachment-full size-full\" alt=\"\" srcset=\"https:\/\/stivel.net\/wp-content\/uploads\/2023\/02\/looms3.webp 2560w, https:\/\/stivel.net\/wp-content\/uploads\/2023\/02\/looms3-300x200.webp 300w, https:\/\/stivel.net\/wp-content\/uploads\/2023\/02\/looms3-1024x684.webp 1024w, https:\/\/stivel.net\/wp-content\/uploads\/2023\/02\/looms3-768x513.webp 768w, https:\/\/stivel.net\/wp-content\/uploads\/2023\/02\/looms3-1536x1025.webp 1536w, https:\/\/stivel.net\/wp-content\/uploads\/2023\/02\/looms3-1320x881.webp 1320w, https:\/\/stivel.net\/wp-content\/uploads\/2023\/02\/looms3-600x401.webp 600w\" sizes=\"auto, (max-width: 2560px) 100vw, 2560px\" \/>\t\t\t\t<div class=\"edgtf-team-social-wrapper\">\n\t\t\t\t\t<div class=\"edgtf-team-social-outer\">\n\t\t\t\t\t\t<div class=\"edgtf-team-social-inner\">\n\t\t\t\t\t\t\t\t\t\t\t\t\t<\/div>\n\t\t\t\t\t<\/div>\n\t\t\t\t<\/div>\n\t\t\t<\/div>\n\t\t\t\t<div class=\"edgtf-team-info\">\n\t\t\t\t\t\t\t\t<\/div>\n\t<\/div>\n<\/div>[vc_column_text css=\u00a0\u00bb.vc_custom_1675200622032{padding-right: 50px !important;padding-left: 50px !important;}\u00a0\u00bb]<\/p>\n<p><strong>Avec un parc de 53 machines \u00e0 tisser de derni\u00e8re g\u00e9n\u00e9ration<\/strong>, les \u00e9quipes de production proposent de multiples possibilit\u00e9s de confection complexes, innovantes <strong>avec la fabrication de laize pouvant aller jusqu\u2019\u00e0 3 m\u00e8tres<\/strong>. Les techniciens b\u00e9n\u00e9ficient d\u2019une ann\u00e9e compl\u00e8te de formation avant d\u2019acc\u00e9der \u00e0 une autonomie compl\u00e8te sur les m\u00e9tier \u00e0 tisser.<\/p>\n<p><strong>L\u2019excellence, la flexibilit\u00e9 et la r\u00e9activit\u00e9<\/strong> sont les ma\u00eetres mots qui accompagnent chaque jour les missions des \u00e9quipes STIVEL pour offrir <strong>des solutions sur mesure, des designs uniques \u00e0 chacun de nos clients.<\/strong><\/p>\n<p style=\"font-size: 1.1em;text-align: center\"><span style=\"font-size: 16px\">[\/vc_column_text][vc_empty_space height=\u00a0\u00bb45px\u00a0\u00bb][\/vc_column][vc_column width=\u00a0\u00bb1\/2&Prime;]<div class=\"edgtf-team-holder edgtf-team-info-below-image edgtf-team-square edgtf-team-align-left\">\n\t<div class=\"edgtf-team-inner\">\n\t\t\t\t\t<div class=\"edgtf-team-image\">\n                <img loading=\"lazy\" decoding=\"async\" width=\"2560\" height=\"1709\" src=\"https:\/\/stivel.net\/wp-content\/uploads\/2023\/01\/0012-scaled.webp\" class=\"attachment-full size-full\" alt=\"Stivel&#039;s know-how\" srcset=\"https:\/\/stivel.net\/wp-content\/uploads\/2023\/01\/0012-scaled.webp 2560w, https:\/\/stivel.net\/wp-content\/uploads\/2023\/01\/0012-300x200.webp 300w, https:\/\/stivel.net\/wp-content\/uploads\/2023\/01\/0012-1024x684.webp 1024w, https:\/\/stivel.net\/wp-content\/uploads\/2023\/01\/0012-768x513.webp 768w, https:\/\/stivel.net\/wp-content\/uploads\/2023\/01\/0012-1536x1025.webp 1536w, https:\/\/stivel.net\/wp-content\/uploads\/2023\/01\/0012-1320x881.webp 1320w, https:\/\/stivel.net\/wp-content\/uploads\/2023\/01\/0012-600x401.webp 600w\" sizes=\"auto, (max-width: 2560px) 100vw, 2560px\" \/>\t\t\t\t<div class=\"edgtf-team-social-wrapper\">\n\t\t\t\t\t<div class=\"edgtf-team-social-outer\">\n\t\t\t\t\t\t<div class=\"edgtf-team-social-inner\">\n\t\t\t\t\t\t\t\t\t\t\t\t\t<\/div>\n\t\t\t\t\t<\/div>\n\t\t\t\t<\/div>\n\t\t\t<\/div>\n\t\t\t\t<div class=\"edgtf-team-info\">\n\t\t\t\t\t\t\t\t<\/div>\n\t<\/div>\n<\/div>[vc_column_text css=\u00a0\u00bb.vc_custom_1675200809514{padding-right: 50px !important;padding-left: 50px !important;}\u00a0\u00bb]<\/span><\/p>\n<p>Nos tissus d&rsquo;ameublement et nos tapis sont synonymes <strong>d&rsquo;excellence<\/strong>. En effet, <strong>la gestion de la qualit\u00e9 est au sein de l\u2019entreprise conforme aux standards internationaux (ISO 9001).<\/strong> De la s\u00e9lection m\u00e9ticuleuse des fils \u00e0 l\u2019exp\u00e9dition finale, chaque produit suit un chemin d\u00e9fini par une qualit\u00e9 intransigeante. Nos articles haut de gamme sont choisis par une client\u00e8le prestigieuse \u00e0 travers le monde, t\u00e9moignant ainsi de leur confiance en nous jour apr\u00e8s jour.<\/p>\n<p>[\/vc_column_text][vc_empty_space height=\u00a0\u00bb45px\u00a0\u00bb][\/vc_column][\/vc_row][vc_row row_content_width=\u00a0\u00bbgrid\u00a0\u00bb][vc_column][vc_column_text][\/vc_column_text][vc_empty_space height=\u00a0\u00bb40px\u00a0\u00bb][\/vc_column][\/vc_row][vc_row row_content_width=\u00a0\u00bbgrid\u00a0\u00bb content_text_aligment=\u00a0\u00bbcenter\u00a0\u00bb][vc_column][vc_column_text]<\/p>\n<h2 dir=\"auto\" style=\"text-align: center;font-size: 2em\" data-pm-slice=\"1 1 []\"><strong>LIB\u00c9REZ <em>VOTRE<\/em> POTENTIEL AVEC <em>NOTRE<\/em> SAVOIR-FAIRE !<\/strong><\/h2>\n<p>[\/vc_column_text][vc_empty_space height=\u00a0\u00bb20px\u00a0\u00bb][vc_column_text]<\/p>\n<p>STIVEL excelle depuis plusieurs d\u00e9cennies <strong>dans le tissage du velours et du jacquard, alliant savoir-faire historique et technologies avanc\u00e9es pour un textile d&rsquo;ameublement haut de gamme et personnalisable<\/strong>. <strong>Avec une \u00e9quipe de designers inspir\u00e9s et form\u00e9s aux beaux-arts, nos produits offrent des motifs et textures innovants r\u00e9pondant aux besoins sp\u00e9cifiques de chacun de nos clients professionnels.<\/strong> L&rsquo;entreprise s&rsquo;appuie sur un \u00e9quipement de pointe et une formation rigoureuse des techniciens pour garantir la flexibilit\u00e9 et la r\u00e9activit\u00e9 conform\u00e9ment aux normes ISO 9001.<\/p>\n<p>Nous accompagnons depuis plusieurs ann\u00e9es avec des clients de renomm\u00e9e internationale pour valoriser leur positionnement haut de gamme\u00a0: <strong>Pr\u00eats \u00e0 devenir notre prochain partenaire d&rsquo;excellence ?<\/strong><\/p>\n<p>[\/vc_column_text][vc_empty_space height=\u00a0\u00bb30px\u00a0\u00bb]<a itemprop=\"url\" href=\"mailto:info@stivel.tn\" target=\"_blank\"  class=\"edgtf-btn edgtf-btn-medium edgtf-btn-solid\"  >\n    <span class=\"edgtf-btn-text\">Prenez contact<\/span>\n    <\/a>[vc_empty_space height=\u00a0\u00bb80px\u00a0\u00bb][\/vc_column][\/vc_row]<\/p>\n","protected":false},"excerpt":{"rendered":"<p>[vc_row row_content_width=\u00a0\u00bbgrid\u00a0\u00bb css=\u00a0\u00bb.vc_custom_1491837410841{padding-top: 92px !important;padding-bottom: 67px !important;}\u00a0\u00bb][vc_column][\/vc_column][\/vc_row][vc_row row_content_width=\u00a0\u00bbgrid\u00a0\u00bb][vc_column width=\u00a0\u00bb1\/2&Prime;][vc_column_text css=\u00a0\u00bb.vc_custom_1675199094005{padding-right: 50px !important;padding-left: 50px !important;}\u00a0\u00bb] La haute ma\u00eetrise technique du tissage du velours et du jacquard constitue le savoir-faire unique et historique de STIVEL. Les comp\u00e9tences cl\u00e9s de nos techniciens associ\u00e9es [&hellip;]<\/p>\n","protected":false},"author":1,"featured_media":0,"parent":0,"menu_order":0,"comment_status":"closed","ping_status":"closed","template":"full-width.php","meta":{"footnotes":""},"class_list":["post-12068","page","type-page","status-publish","hentry"],"yoast_head":"<!-- This site is optimized with the Yoast SEO plugin v27.3 - https:\/\/yoast.com\/product\/yoast-seo-wordpress\/ -->\n<title>Notre savoir-faire - D\u00e9couvrez tous les avantages de travailler avec Stivel<\/title>\n<meta name=\"description\" content=\"Depuis 1978, le savoir-faire de STIVEL est reconnu pour son leadership dans la cr\u00e9ation de tissus et de tapis personnalis\u00e9s. En savoir plus!\" \/>\n<meta name=\"robots\" content=\"index, follow, max-snippet:-1, max-image-preview:large, max-video-preview:-1\" \/>\n<link rel=\"canonical\" href=\"https:\/\/stivel.net\/fr\/savoir-faire\/\" \/>\n<meta property=\"og:locale\" content=\"fr_FR\" \/>\n<meta property=\"og:type\" content=\"article\" \/>\n<meta property=\"og:title\" content=\"Notre savoir-faire - D\u00e9couvrez tous les avantages de travailler avec Stivel\" \/>\n<meta property=\"og:description\" content=\"Depuis 1978, le savoir-faire de STIVEL est reconnu pour son leadership dans la cr\u00e9ation de tissus et de tapis personnalis\u00e9s. En savoir plus!\" \/>\n<meta property=\"og:url\" content=\"https:\/\/stivel.net\/fr\/savoir-faire\/\" \/>\n<meta property=\"og:site_name\" content=\"Stivel\" \/>\n<meta property=\"article:publisher\" content=\"https:\/\/www.facebook.com\/profile.php?id=100063564997749\" \/>\n<meta property=\"article:modified_time\" content=\"2024-01-07T14:37:39+00:00\" \/>\n<script type=\"application\/ld+json\" class=\"yoast-schema-graph\">{\"@context\":\"https:\\\/\\\/schema.org\",\"@graph\":[{\"@type\":\"WebPage\",\"@id\":\"https:\\\/\\\/stivel.net\\\/fr\\\/savoir-faire\\\/\",\"url\":\"https:\\\/\\\/stivel.net\\\/fr\\\/savoir-faire\\\/\",\"name\":\"Notre savoir-faire - D\u00e9couvrez tous les avantages de travailler avec Stivel\",\"isPartOf\":{\"@id\":\"https:\\\/\\\/stivel.net\\\/fr\\\/#website\"},\"datePublished\":\"2022-11-28T12:29:41+00:00\",\"dateModified\":\"2024-01-07T14:37:39+00:00\",\"description\":\"Depuis 1978, le savoir-faire de STIVEL est reconnu pour son leadership dans la cr\u00e9ation de tissus et de tapis personnalis\u00e9s. En savoir plus!\",\"breadcrumb\":{\"@id\":\"https:\\\/\\\/stivel.net\\\/fr\\\/savoir-faire\\\/#breadcrumb\"},\"inLanguage\":\"fr-FR\",\"potentialAction\":[{\"@type\":\"ReadAction\",\"target\":[\"https:\\\/\\\/stivel.net\\\/fr\\\/savoir-faire\\\/\"]}]},{\"@type\":\"BreadcrumbList\",\"@id\":\"https:\\\/\\\/stivel.net\\\/fr\\\/savoir-faire\\\/#breadcrumb\",\"itemListElement\":[{\"@type\":\"ListItem\",\"position\":1,\"name\":\"Home\",\"item\":\"https:\\\/\\\/stivel.net\\\/fr\\\/\"},{\"@type\":\"ListItem\",\"position\":2,\"name\":\"Savoir-faire\"}]},{\"@type\":\"WebSite\",\"@id\":\"https:\\\/\\\/stivel.net\\\/fr\\\/#website\",\"url\":\"https:\\\/\\\/stivel.net\\\/fr\\\/\",\"name\":\"Stivel\",\"description\":\"Interior decoration\",\"publisher\":{\"@id\":\"https:\\\/\\\/stivel.net\\\/fr\\\/#organization\"},\"alternateName\":\"Stivel decoration\",\"potentialAction\":[{\"@type\":\"SearchAction\",\"target\":{\"@type\":\"EntryPoint\",\"urlTemplate\":\"https:\\\/\\\/stivel.net\\\/fr\\\/?s={search_term_string}\"},\"query-input\":{\"@type\":\"PropertyValueSpecification\",\"valueRequired\":true,\"valueName\":\"search_term_string\"}}],\"inLanguage\":\"fr-FR\"},{\"@type\":\"Organization\",\"@id\":\"https:\\\/\\\/stivel.net\\\/fr\\\/#organization\",\"name\":\"STIVEL\",\"url\":\"https:\\\/\\\/stivel.net\\\/fr\\\/\",\"logo\":{\"@type\":\"ImageObject\",\"inLanguage\":\"fr-FR\",\"@id\":\"https:\\\/\\\/stivel.net\\\/fr\\\/#\\\/schema\\\/logo\\\/image\\\/\",\"url\":\"https:\\\/\\\/stivel.net\\\/wp-content\\\/uploads\\\/2023\\\/01\\\/logo-stivel-black.png\",\"contentUrl\":\"https:\\\/\\\/stivel.net\\\/wp-content\\\/uploads\\\/2023\\\/01\\\/logo-stivel-black.png\",\"width\":1932,\"height\":431,\"caption\":\"STIVEL\"},\"image\":{\"@id\":\"https:\\\/\\\/stivel.net\\\/fr\\\/#\\\/schema\\\/logo\\\/image\\\/\"},\"sameAs\":[\"https:\\\/\\\/www.facebook.com\\\/profile.php?id=100063564997749\",\"https:\\\/\\\/www.instagram.com\\\/stiveltunisie\\\/?hl=en\"]}]}<\/script>\n<!-- \/ Yoast SEO plugin. -->","yoast_head_json":{"title":"Notre savoir-faire - D\u00e9couvrez tous les avantages de travailler avec Stivel","description":"Depuis 1978, le savoir-faire de STIVEL est reconnu pour son leadership dans la cr\u00e9ation de tissus et de tapis personnalis\u00e9s. En savoir plus!","robots":{"index":"index","follow":"follow","max-snippet":"max-snippet:-1","max-image-preview":"max-image-preview:large","max-video-preview":"max-video-preview:-1"},"canonical":"https:\/\/stivel.net\/fr\/savoir-faire\/","og_locale":"fr_FR","og_type":"article","og_title":"Notre savoir-faire - D\u00e9couvrez tous les avantages de travailler avec Stivel","og_description":"Depuis 1978, le savoir-faire de STIVEL est reconnu pour son leadership dans la cr\u00e9ation de tissus et de tapis personnalis\u00e9s. En savoir plus!","og_url":"https:\/\/stivel.net\/fr\/savoir-faire\/","og_site_name":"Stivel","article_publisher":"https:\/\/www.facebook.com\/profile.php?id=100063564997749","article_modified_time":"2024-01-07T14:37:39+00:00","schema":{"@context":"https:\/\/schema.org","@graph":[{"@type":"WebPage","@id":"https:\/\/stivel.net\/fr\/savoir-faire\/","url":"https:\/\/stivel.net\/fr\/savoir-faire\/","name":"Notre savoir-faire - D\u00e9couvrez tous les avantages de travailler avec Stivel","isPartOf":{"@id":"https:\/\/stivel.net\/fr\/#website"},"datePublished":"2022-11-28T12:29:41+00:00","dateModified":"2024-01-07T14:37:39+00:00","description":"Depuis 1978, le savoir-faire de STIVEL est reconnu pour son leadership dans la cr\u00e9ation de tissus et de tapis personnalis\u00e9s. En savoir plus!","breadcrumb":{"@id":"https:\/\/stivel.net\/fr\/savoir-faire\/#breadcrumb"},"inLanguage":"fr-FR","potentialAction":[{"@type":"ReadAction","target":["https:\/\/stivel.net\/fr\/savoir-faire\/"]}]},{"@type":"BreadcrumbList","@id":"https:\/\/stivel.net\/fr\/savoir-faire\/#breadcrumb","itemListElement":[{"@type":"ListItem","position":1,"name":"Home","item":"https:\/\/stivel.net\/fr\/"},{"@type":"ListItem","position":2,"name":"Savoir-faire"}]},{"@type":"WebSite","@id":"https:\/\/stivel.net\/fr\/#website","url":"https:\/\/stivel.net\/fr\/","name":"Stivel","description":"Interior decoration","publisher":{"@id":"https:\/\/stivel.net\/fr\/#organization"},"alternateName":"Stivel decoration","potentialAction":[{"@type":"SearchAction","target":{"@type":"EntryPoint","urlTemplate":"https:\/\/stivel.net\/fr\/?s={search_term_string}"},"query-input":{"@type":"PropertyValueSpecification","valueRequired":true,"valueName":"search_term_string"}}],"inLanguage":"fr-FR"},{"@type":"Organization","@id":"https:\/\/stivel.net\/fr\/#organization","name":"STIVEL","url":"https:\/\/stivel.net\/fr\/","logo":{"@type":"ImageObject","inLanguage":"fr-FR","@id":"https:\/\/stivel.net\/fr\/#\/schema\/logo\/image\/","url":"https:\/\/stivel.net\/wp-content\/uploads\/2023\/01\/logo-stivel-black.png","contentUrl":"https:\/\/stivel.net\/wp-content\/uploads\/2023\/01\/logo-stivel-black.png","width":1932,"height":431,"caption":"STIVEL"},"image":{"@id":"https:\/\/stivel.net\/fr\/#\/schema\/logo\/image\/"},"sameAs":["https:\/\/www.facebook.com\/profile.php?id=100063564997749","https:\/\/www.instagram.com\/stiveltunisie\/?hl=en"]}]}},"_links":{"self":[{"href":"https:\/\/stivel.net\/fr\/wp-json\/wp\/v2\/pages\/12068","targetHints":{"allow":["GET"]}}],"collection":[{"href":"https:\/\/stivel.net\/fr\/wp-json\/wp\/v2\/pages"}],"about":[{"href":"https:\/\/stivel.net\/fr\/wp-json\/wp\/v2\/types\/page"}],"author":[{"embeddable":true,"href":"https:\/\/stivel.net\/fr\/wp-json\/wp\/v2\/users\/1"}],"replies":[{"embeddable":true,"href":"https:\/\/stivel.net\/fr\/wp-json\/wp\/v2\/comments?post=12068"}],"version-history":[{"count":19,"href":"https:\/\/stivel.net\/fr\/wp-json\/wp\/v2\/pages\/12068\/revisions"}],"predecessor-version":[{"id":13173,"href":"https:\/\/stivel.net\/fr\/wp-json\/wp\/v2\/pages\/12068\/revisions\/13173"}],"wp:attachment":[{"href":"https:\/\/stivel.net\/fr\/wp-json\/wp\/v2\/media?parent=12068"}],"curies":[{"name":"wp","href":"https:\/\/api.w.org\/{rel}","templated":true}]}}