{"id":12067,"date":"2023-01-30T12:27:23","date_gmt":"2023-01-30T12:27:23","guid":{"rendered":"https:\/\/stivel.net\/la-durabilite-environnementale\/"},"modified":"2024-01-07T11:58:18","modified_gmt":"2024-01-07T11:58:18","slug":"nos-engagements-environnementaux","status":"publish","type":"page","link":"https:\/\/stivel.net\/fr\/nos-engagements-environnementaux\/","title":{"rendered":"Nos engagements durables"},"content":{"rendered":"<p>[vc_row gap=\u00a0\u00bb25&Prime; row_content_width=\u00a0\u00bbgrid\u00a0\u00bb css=\u00a0\u00bb.vc_custom_1679588247977{padding-top: 82px !important;padding-bottom: 50px !important;}\u00a0\u00bb][vc_column offset=\u00a0\u00bbvc_col-lg-6 vc_col-md-12&Prime;][vc_single_image image=\u00a0\u00bb12482&Prime; img_size=\u00a0\u00bbfull\u00a0\u00bb onclick=\u00a0\u00bbcustom_link\u00a0\u00bb][vc_empty_space height=\u00a0\u00bb50px\u00a0\u00bb][\/vc_column][vc_column offset=\u00a0\u00bbvc_col-lg-6 vc_col-md-12&Prime;][vc_column_text]<\/p>\n<h4>LA QUALIT\u00c9 : UN ENGAGEMENT EN FAVEUR DE LA DURABILIT\u00c9<\/h4>\n<p>[\/vc_column_text][vc_empty_space height=\u00a0\u00bb8px\u00a0\u00bb][vc_column_text]<span style=\"font-size: 10.5pt;font-family: Poppins;color: #666666\">La qualit\u00e9 est au c\u0153ur de chaque \u00e9tape de conception des tissus Stivel. Cet engagement s\u2019\u00e9tend aux pratiques de pr\u00e9servation environnementale. Chez Stivel nous comprenons que la durabilit\u00e9 ne consiste pas seulement \u00e0 r\u00e9duire les d\u00e9chets ou \u00e0 utiliser des mat\u00e9riaux \u00e9cologiques ; il s\u2019agit \u00e9galement de cr\u00e9er des produits durables et r\u00e9sistants. En produisant des tissus et des tapis de haute qualit\u00e9 con\u00e7us pour r\u00e9sister \u00e0 l\u2019\u00e9preuve du temps, Stivel r\u00e9duit le besoin de remplacements fr\u00e9quents, ce qui \u00e0 son tour r\u00e9duit les d\u00e9chets et pr\u00e9serve nos ressources naturelles.<br \/>\nE<\/span>n priorisant la qualit\u00e9, Stivel est en mesure de cr\u00e9er des produits \u00e0 la fois beaux et durables.[\/vc_column_text][vc_empty_space height=\u00a0\u00bb17px\u00a0\u00bb][vc_column_text][\/vc_column_text][vc_empty_space height=\u00a0\u00bb40px\u00a0\u00bb]<div class=\"edgtf-clients-wc-holder  edgtf-ch-columns-4 edgtf-ch-no-space edgtf-ch-alignment-left edgtf-cc-hover-switch-images\"><div class=\"edgtf-ch-inner\"><div class=\"edgtf-cc-item edgtf-cc-has-border\">\n\t\t\t\t\t\t<img decoding=\"async\" itemprop=\"image\" class=\"edgtf-cc-image\" src=\"\" alt=\"\" \/>\n\t\t\t\t\t\t\t<img decoding=\"async\" itemprop=\"image\" class=\"edgtf-cc-hover-image\" src=\"\" alt=\"\" \/>\n\t\t\t<\/div><div class=\"edgtf-cc-item edgtf-cc-has-border\">\n\t\t\t\t\t\t<img decoding=\"async\" itemprop=\"image\" class=\"edgtf-cc-image\" src=\"\" alt=\"\" \/>\n\t\t\t\t\t\t\t<img decoding=\"async\" itemprop=\"image\" class=\"edgtf-cc-hover-image\" src=\"\" alt=\"\" \/>\n\t\t\t<\/div><div class=\"edgtf-cc-item \">\n\t\t\t\t\t\t<img decoding=\"async\" itemprop=\"image\" class=\"edgtf-cc-image\" src=\"\" alt=\"\" \/>\n\t\t\t\t\t\t\t<img decoding=\"async\" itemprop=\"image\" class=\"edgtf-cc-hover-image\" src=\"\" alt=\"\" \/>\n\t\t\t<\/div><\/div><\/div>[vc_empty_space height=\u00a0\u00bb50px\u00a0\u00bb][\/vc_column][\/vc_row][vc_row gap=\u00a0\u00bb25&Prime; row_content_width=\u00a0\u00bbgrid\u00a0\u00bb css=\u00a0\u00bb.vc_custom_1675083506277{padding-bottom: 50px !important;}\u00a0\u00bb][vc_column offset=\u00a0\u00bbvc_col-lg-6 vc_col-md-12&Prime;][vc_column_text]<\/p>\n<h4>PR\u00c9SERVER L&rsquo;ENVIRONNEMENT<\/h4>\n<p>[\/vc_column_text][vc_empty_space height=\u00a0\u00bb8px\u00a0\u00bb][vc_column_text]<span style=\"font-size: 10.5pt;font-family: Poppins;color: #666666\">Les pratiques de pr\u00e9servation environnementale sont l\u2019un des piliers de la politique RSE de Stivel. L\u2019entreprise reconna\u00eet l\u2019importance de minimiser son empreinte carbone et de pr\u00e9server l\u2019environnement pour les g\u00e9n\u00e9rations futures. Pour y parvenir, Stivel a mis en place diverses pratiques durables, telles que l\u2019utilisation de sources d\u2019\u00e9nergie renouvelable et la r\u00e9duction des d\u00e9chets.<\/span><\/p>\n<p style=\"background: white;vertical-align: baseline;margin: 7.5pt 0cm 0cm 0cm\">Stivel collabore \u00e9galement avec des fournisseurs qui partagent son engagement en mati\u00e8re de durabilit\u00e9 et travaille \u00e0 minimiser l\u2019impact environnemental de sa cha\u00eene d\u2019approvisionnement. En priorisant la durabilit\u00e9 environnementale, Stivel veille \u00e0 contribuer \u00e0 une plan\u00e8te plus propre et plus saine.[\/vc_column_text][vc_empty_space height=\u00a0\u00bb40px\u00a0\u00bb]<div class=\"edgtf-clients-wc-holder  edgtf-ch-columns-4 edgtf-ch-no-space edgtf-ch-alignment-left edgtf-cc-hover-switch-images\"><div class=\"edgtf-ch-inner\"><div class=\"edgtf-cc-item edgtf-cc-has-border\">\n\t\t\t\t\t\t<img decoding=\"async\" itemprop=\"image\" class=\"edgtf-cc-image\" src=\"\" alt=\"\" \/>\n\t\t\t\t\t\t\t<img decoding=\"async\" itemprop=\"image\" class=\"edgtf-cc-hover-image\" src=\"\" alt=\"\" \/>\n\t\t\t<\/div><div class=\"edgtf-cc-item edgtf-cc-has-border\">\n\t\t\t\t\t\t<img decoding=\"async\" itemprop=\"image\" class=\"edgtf-cc-image\" src=\"\" alt=\"\" \/>\n\t\t\t\t\t\t\t<img decoding=\"async\" itemprop=\"image\" class=\"edgtf-cc-hover-image\" src=\"\" alt=\"\" \/>\n\t\t\t<\/div><div class=\"edgtf-cc-item \">\n\t\t\t\t\t\t<img decoding=\"async\" itemprop=\"image\" class=\"edgtf-cc-image\" src=\"\" alt=\"\" \/>\n\t\t\t\t\t\t\t<img decoding=\"async\" itemprop=\"image\" class=\"edgtf-cc-hover-image\" src=\"\" alt=\"\" \/>\n\t\t\t<\/div><\/div><\/div>[vc_empty_space height=\u00a0\u00bb50px\u00a0\u00bb][\/vc_column][vc_column offset=\u00a0\u00bbvc_col-lg-6 vc_col-md-12&Prime;][vc_single_image image=\u00a0\u00bb11972&Prime; img_size=\u00a0\u00bbfull\u00a0\u00bb onclick=\u00a0\u00bbcustom_link\u00a0\u00bb][vc_empty_space height=\u00a0\u00bb50px\u00a0\u00bb][\/vc_column][\/vc_row][vc_row gap=\u00a0\u00bb25&Prime; row_content_width=\u00a0\u00bbgrid\u00a0\u00bb css=\u00a0\u00bb.vc_custom_1679588273466{padding-bottom: 50px !important;}\u00a0\u00bb][vc_column offset=\u00a0\u00bbvc_col-lg-6 vc_col-md-12&Prime;][vc_single_image image=\u00a0\u00bb11970&Prime; img_size=\u00a0\u00bbfull\u00a0\u00bb onclick=\u00a0\u00bbcustom_link\u00a0\u00bb][vc_empty_space height=\u00a0\u00bb50px\u00a0\u00bb][\/vc_column][vc_column offset=\u00a0\u00bbvc_col-lg-6 vc_col-md-12&Prime;][vc_column_text]<\/p>\n<h4>INCLUSION: NOS ENGAGEMENTS EN FAVEUR DE LA DIVERSIT\u00c9<\/h4>\n<p>[\/vc_column_text][vc_empty_space height=\u00a0\u00bb8px\u00a0\u00bb][vc_column_text]Stivel s&rsquo;engage fortement en faveur de la diversit\u00e9 et de l&rsquo;inclusion. L&rsquo;entreprise sait que les personnes de diff\u00e9rentes ethnies et origines apportent des perspectives et des exp\u00e9riences uniques \u00e0 leur lieu de travail, ce qui peut favoriser l&rsquo;innovation et la cr\u00e9ativit\u00e9.[\/vc_column_text][vc_empty_space height=\u00a0\u00bb17px\u00a0\u00bb][vc_column_text]Stivel offre des opportunit\u00e9s \u00e9gales \u00e0 tous en accueillant les personnes de toutes ethnies, genres et origines au sein de l&rsquo;entreprise. L&rsquo;entreprise valorise la contribution de ses employ\u00e9es femmes et s&rsquo;efforce de fournir un lieu de travail s\u00fbr et inclusif pour tous.[\/vc_column_text][vc_empty_space height=\u00a0\u00bb40px\u00a0\u00bb]<div class=\"edgtf-clients-wc-holder  edgtf-ch-columns-4 edgtf-ch-no-space edgtf-ch-alignment-left edgtf-cc-hover-switch-images\"><div class=\"edgtf-ch-inner\"><div class=\"edgtf-cc-item edgtf-cc-has-border\">\n\t\t\t\t\t\t<img decoding=\"async\" itemprop=\"image\" class=\"edgtf-cc-image\" src=\"\" alt=\"\" \/>\n\t\t\t\t\t\t\t<img decoding=\"async\" itemprop=\"image\" class=\"edgtf-cc-hover-image\" src=\"\" alt=\"\" \/>\n\t\t\t<\/div><div class=\"edgtf-cc-item edgtf-cc-has-border\">\n\t\t\t\t\t\t<img decoding=\"async\" itemprop=\"image\" class=\"edgtf-cc-image\" src=\"\" alt=\"\" \/>\n\t\t\t\t\t\t\t<img decoding=\"async\" itemprop=\"image\" class=\"edgtf-cc-hover-image\" src=\"\" alt=\"\" \/>\n\t\t\t<\/div><div class=\"edgtf-cc-item \">\n\t\t\t\t\t\t<img decoding=\"async\" itemprop=\"image\" class=\"edgtf-cc-image\" src=\"\" alt=\"\" \/>\n\t\t\t\t\t\t\t<img decoding=\"async\" itemprop=\"image\" class=\"edgtf-cc-hover-image\" src=\"\" alt=\"\" \/>\n\t\t\t<\/div><\/div><\/div>[vc_empty_space height=\u00a0\u00bb50px\u00a0\u00bb][\/vc_column][\/vc_row]<\/p>\n","protected":false},"excerpt":{"rendered":"<p>[vc_row gap=\u00a0\u00bb25&Prime; row_content_width=\u00a0\u00bbgrid\u00a0\u00bb css=\u00a0\u00bb.vc_custom_1679588247977{padding-top: 82px !important;padding-bottom: 50px !important;}\u00a0\u00bb][vc_column offset=\u00a0\u00bbvc_col-lg-6 vc_col-md-12&Prime;][vc_single_image image=\u00a0\u00bb12482&Prime; img_size=\u00a0\u00bbfull\u00a0\u00bb onclick=\u00a0\u00bbcustom_link\u00a0\u00bb][vc_empty_space height=\u00a0\u00bb50px\u00a0\u00bb][\/vc_column][vc_column offset=\u00a0\u00bbvc_col-lg-6 vc_col-md-12&Prime;][vc_column_text] LA QUALIT\u00c9 : UN ENGAGEMENT EN FAVEUR DE LA DURABILIT\u00c9 [\/vc_column_text][vc_empty_space height=\u00a0\u00bb8px\u00a0\u00bb][vc_column_text]La qualit\u00e9 est au c\u0153ur de chaque \u00e9tape de conception des tissus Stivel. [&hellip;]<\/p>\n","protected":false},"author":1,"featured_media":0,"parent":0,"menu_order":0,"comment_status":"closed","ping_status":"closed","template":"full-width.php","meta":{"footnotes":""},"class_list":["post-12067","page","type-page","status-publish","hentry"],"yoast_head":"<!-- This site is optimized with the Yoast SEO plugin v27.3 - https:\/\/yoast.com\/product\/yoast-seo-wordpress\/ -->\n<title>Nos engagements durables - Stivel<\/title>\n<meta name=\"description\" content=\"La qualit\u00e9 est primordiale pour notre entreprise, y compris lorsqu&#039;il s&#039;agit de nos engagements environnementaux.\" \/>\n<meta name=\"robots\" content=\"index, follow, max-snippet:-1, max-image-preview:large, max-video-preview:-1\" \/>\n<link rel=\"canonical\" href=\"https:\/\/stivel.net\/fr\/nos-engagements-environnementaux\/\" \/>\n<meta property=\"og:locale\" content=\"fr_FR\" \/>\n<meta property=\"og:type\" content=\"article\" \/>\n<meta property=\"og:title\" content=\"Nos engagements durables - Stivel\" \/>\n<meta property=\"og:description\" content=\"La qualit\u00e9 est primordiale pour notre entreprise, y compris lorsqu&#039;il s&#039;agit de nos engagements environnementaux.\" \/>\n<meta property=\"og:url\" content=\"https:\/\/stivel.net\/fr\/nos-engagements-environnementaux\/\" \/>\n<meta property=\"og:site_name\" content=\"Stivel\" \/>\n<meta property=\"article:publisher\" content=\"https:\/\/www.facebook.com\/profile.php?id=100063564997749\" \/>\n<meta property=\"article:modified_time\" content=\"2024-01-07T11:58:18+00:00\" \/>\n<script type=\"application\/ld+json\" class=\"yoast-schema-graph\">{\"@context\":\"https:\\\/\\\/schema.org\",\"@graph\":[{\"@type\":\"WebPage\",\"@id\":\"https:\\\/\\\/stivel.net\\\/fr\\\/nos-engagements-environnementaux\\\/\",\"url\":\"https:\\\/\\\/stivel.net\\\/fr\\\/nos-engagements-environnementaux\\\/\",\"name\":\"Nos engagements durables - Stivel\",\"isPartOf\":{\"@id\":\"https:\\\/\\\/stivel.net\\\/fr\\\/#website\"},\"datePublished\":\"2023-01-30T12:27:23+00:00\",\"dateModified\":\"2024-01-07T11:58:18+00:00\",\"description\":\"La qualit\u00e9 est primordiale pour notre entreprise, y compris lorsqu'il s'agit de nos engagements environnementaux.\",\"breadcrumb\":{\"@id\":\"https:\\\/\\\/stivel.net\\\/fr\\\/nos-engagements-environnementaux\\\/#breadcrumb\"},\"inLanguage\":\"fr-FR\",\"potentialAction\":[{\"@type\":\"ReadAction\",\"target\":[\"https:\\\/\\\/stivel.net\\\/fr\\\/nos-engagements-environnementaux\\\/\"]}]},{\"@type\":\"BreadcrumbList\",\"@id\":\"https:\\\/\\\/stivel.net\\\/fr\\\/nos-engagements-environnementaux\\\/#breadcrumb\",\"itemListElement\":[{\"@type\":\"ListItem\",\"position\":1,\"name\":\"Home\",\"item\":\"https:\\\/\\\/stivel.net\\\/fr\\\/\"},{\"@type\":\"ListItem\",\"position\":2,\"name\":\"Nos engagements durables\"}]},{\"@type\":\"WebSite\",\"@id\":\"https:\\\/\\\/stivel.net\\\/fr\\\/#website\",\"url\":\"https:\\\/\\\/stivel.net\\\/fr\\\/\",\"name\":\"Stivel\",\"description\":\"Interior decoration\",\"publisher\":{\"@id\":\"https:\\\/\\\/stivel.net\\\/fr\\\/#organization\"},\"alternateName\":\"Stivel decoration\",\"potentialAction\":[{\"@type\":\"SearchAction\",\"target\":{\"@type\":\"EntryPoint\",\"urlTemplate\":\"https:\\\/\\\/stivel.net\\\/fr\\\/?s={search_term_string}\"},\"query-input\":{\"@type\":\"PropertyValueSpecification\",\"valueRequired\":true,\"valueName\":\"search_term_string\"}}],\"inLanguage\":\"fr-FR\"},{\"@type\":\"Organization\",\"@id\":\"https:\\\/\\\/stivel.net\\\/fr\\\/#organization\",\"name\":\"STIVEL\",\"url\":\"https:\\\/\\\/stivel.net\\\/fr\\\/\",\"logo\":{\"@type\":\"ImageObject\",\"inLanguage\":\"fr-FR\",\"@id\":\"https:\\\/\\\/stivel.net\\\/fr\\\/#\\\/schema\\\/logo\\\/image\\\/\",\"url\":\"https:\\\/\\\/stivel.net\\\/wp-content\\\/uploads\\\/2023\\\/01\\\/logo-stivel-black.png\",\"contentUrl\":\"https:\\\/\\\/stivel.net\\\/wp-content\\\/uploads\\\/2023\\\/01\\\/logo-stivel-black.png\",\"width\":1932,\"height\":431,\"caption\":\"STIVEL\"},\"image\":{\"@id\":\"https:\\\/\\\/stivel.net\\\/fr\\\/#\\\/schema\\\/logo\\\/image\\\/\"},\"sameAs\":[\"https:\\\/\\\/www.facebook.com\\\/profile.php?id=100063564997749\",\"https:\\\/\\\/www.instagram.com\\\/stiveltunisie\\\/?hl=en\"]}]}<\/script>\n<!-- \/ Yoast SEO plugin. -->","yoast_head_json":{"title":"Nos engagements durables - Stivel","description":"La qualit\u00e9 est primordiale pour notre entreprise, y compris lorsqu'il s'agit de nos engagements environnementaux.","robots":{"index":"index","follow":"follow","max-snippet":"max-snippet:-1","max-image-preview":"max-image-preview:large","max-video-preview":"max-video-preview:-1"},"canonical":"https:\/\/stivel.net\/fr\/nos-engagements-environnementaux\/","og_locale":"fr_FR","og_type":"article","og_title":"Nos engagements durables - Stivel","og_description":"La qualit\u00e9 est primordiale pour notre entreprise, y compris lorsqu'il s'agit de nos engagements environnementaux.","og_url":"https:\/\/stivel.net\/fr\/nos-engagements-environnementaux\/","og_site_name":"Stivel","article_publisher":"https:\/\/www.facebook.com\/profile.php?id=100063564997749","article_modified_time":"2024-01-07T11:58:18+00:00","schema":{"@context":"https:\/\/schema.org","@graph":[{"@type":"WebPage","@id":"https:\/\/stivel.net\/fr\/nos-engagements-environnementaux\/","url":"https:\/\/stivel.net\/fr\/nos-engagements-environnementaux\/","name":"Nos engagements durables - Stivel","isPartOf":{"@id":"https:\/\/stivel.net\/fr\/#website"},"datePublished":"2023-01-30T12:27:23+00:00","dateModified":"2024-01-07T11:58:18+00:00","description":"La qualit\u00e9 est primordiale pour notre entreprise, y compris lorsqu'il s'agit de nos engagements environnementaux.","breadcrumb":{"@id":"https:\/\/stivel.net\/fr\/nos-engagements-environnementaux\/#breadcrumb"},"inLanguage":"fr-FR","potentialAction":[{"@type":"ReadAction","target":["https:\/\/stivel.net\/fr\/nos-engagements-environnementaux\/"]}]},{"@type":"BreadcrumbList","@id":"https:\/\/stivel.net\/fr\/nos-engagements-environnementaux\/#breadcrumb","itemListElement":[{"@type":"ListItem","position":1,"name":"Home","item":"https:\/\/stivel.net\/fr\/"},{"@type":"ListItem","position":2,"name":"Nos engagements durables"}]},{"@type":"WebSite","@id":"https:\/\/stivel.net\/fr\/#website","url":"https:\/\/stivel.net\/fr\/","name":"Stivel","description":"Interior decoration","publisher":{"@id":"https:\/\/stivel.net\/fr\/#organization"},"alternateName":"Stivel decoration","potentialAction":[{"@type":"SearchAction","target":{"@type":"EntryPoint","urlTemplate":"https:\/\/stivel.net\/fr\/?s={search_term_string}"},"query-input":{"@type":"PropertyValueSpecification","valueRequired":true,"valueName":"search_term_string"}}],"inLanguage":"fr-FR"},{"@type":"Organization","@id":"https:\/\/stivel.net\/fr\/#organization","name":"STIVEL","url":"https:\/\/stivel.net\/fr\/","logo":{"@type":"ImageObject","inLanguage":"fr-FR","@id":"https:\/\/stivel.net\/fr\/#\/schema\/logo\/image\/","url":"https:\/\/stivel.net\/wp-content\/uploads\/2023\/01\/logo-stivel-black.png","contentUrl":"https:\/\/stivel.net\/wp-content\/uploads\/2023\/01\/logo-stivel-black.png","width":1932,"height":431,"caption":"STIVEL"},"image":{"@id":"https:\/\/stivel.net\/fr\/#\/schema\/logo\/image\/"},"sameAs":["https:\/\/www.facebook.com\/profile.php?id=100063564997749","https:\/\/www.instagram.com\/stiveltunisie\/?hl=en"]}]}},"_links":{"self":[{"href":"https:\/\/stivel.net\/fr\/wp-json\/wp\/v2\/pages\/12067","targetHints":{"allow":["GET"]}}],"collection":[{"href":"https:\/\/stivel.net\/fr\/wp-json\/wp\/v2\/pages"}],"about":[{"href":"https:\/\/stivel.net\/fr\/wp-json\/wp\/v2\/types\/page"}],"author":[{"embeddable":true,"href":"https:\/\/stivel.net\/fr\/wp-json\/wp\/v2\/users\/1"}],"replies":[{"embeddable":true,"href":"https:\/\/stivel.net\/fr\/wp-json\/wp\/v2\/comments?post=12067"}],"version-history":[{"count":20,"href":"https:\/\/stivel.net\/fr\/wp-json\/wp\/v2\/pages\/12067\/revisions"}],"predecessor-version":[{"id":13170,"href":"https:\/\/stivel.net\/fr\/wp-json\/wp\/v2\/pages\/12067\/revisions\/13170"}],"wp:attachment":[{"href":"https:\/\/stivel.net\/fr\/wp-json\/wp\/v2\/media?parent=12067"}],"curies":[{"name":"wp","href":"https:\/\/api.w.org\/{rel}","templated":true}]}}